{"id":2390,"date":"2024-08-29T12:38:24","date_gmt":"2024-08-29T04:38:24","guid":{"rendered":"https:\/\/rgbmousepad.com\/?post_type=product&#038;p=2390"},"modified":"2026-05-06T01:08:51","modified_gmt":"2026-05-05T17:08:51","slug":"surface-illuminated-mouse-pad","status":"publish","type":"product","link":"https:\/\/rgbmousepad.com\/tr\/urun\/surface-illuminated-mouse-pad\/","title":{"rendered":"Firelll RGB-03 Chasing Light E-spor Y\u00fczey Ayd\u0131nlatmal\u0131 Mouse Pad \u00dcreticileri"},"content":{"rendered":"<h3>Anahtar Fonksiyonlar A\u00e7\u0131klama<\/h3>\n<p><strong>\u00dcr\u00fcn \u00d6zellikleri<\/strong><\/p>\n<ul>\n<li><strong>\u00dcr\u00fcn Tan\u0131t\u0131m\u0131:<\/strong> Fare altl\u0131\u011f\u0131n\u0131 a\u00e7mak veya kapatmak i\u00e7in d\u00fc\u011fmeye 3 saniye boyunca uzun bas\u0131n. Fare altl\u0131\u011f\u0131 animasyonunu kapatmak i\u00e7in h\u0131zl\u0131ca \u00e7ift t\u0131klay\u0131n.<\/li>\n<li><strong>Tasar\u0131m:<\/strong> G\u00fc\u00e7l\u00fc yap\u0131\u015fma, masa\u00fcst\u00fcne s\u0131k\u0131ca tutturulur. Ok \u015feklindeki kaymaz doku daha iyi kavrama sa\u011flar.<\/li>\n<li><strong>Kal\u0131nla\u015ft\u0131r\u0131lm\u0131\u015f Kaymaz Do\u011fal Kau\u00e7uk:<\/strong> Kaymaz taban, fareyi kullan\u0131rken hareketi \u00f6nlemek i\u00e7in ok \u015feklinde bir dokuya sahiptir.<\/li>\n<li><strong>USB Ba\u011flant\u0131s\u0131:<\/strong> LED ayd\u0131nlatma modlar\u0131 aras\u0131nda ge\u00e7i\u015f yapmak i\u00e7in tek t\u0131klama. Fare altl\u0131\u011f\u0131, g\u00fc\u00e7l\u00fc fare hareketlerinde bile masa\u00fcst\u00fcnde sabit kal\u0131r.<\/li>\n<li><strong>G\u00fc\u00e7 Anahtar\u0131:<\/strong> Tek tu\u015fla a\u00e7ma\/kapama - g\u00f6z dostu tek renk modlar\u0131 da dahil olmak \u00fczere her zaman size uygun bir ayd\u0131nlatma efekti vard\u0131r.<\/li>\n<li><strong>Mod De\u011fi\u015ftirme:<\/strong> Ayd\u0131nlatma modlar\u0131 aras\u0131nda tam renkli nefes modu, tam renkli nefes gradyan modu ve tam renkli fla\u015f ve takip modlar\u0131 bulunur.\n<ol>\n<li><strong>G\u00f6z Dostu Tek Renkli \u00d6zel Mod:<\/strong> Ye\u015fil, mavi, k\u0131rm\u0131z\u0131, sar\u0131, camg\u00f6be\u011fi, mor.<\/li>\n<li><strong>Tam Renkli Solunum Modu<\/strong><\/li>\n<li><strong>Tam Renkli Solunum Gradyan Modu<\/strong><\/li>\n<li><strong>Tam Renkli Strobe Modu<\/strong><\/li>\n<li><strong>Tam Renkli Solunum Strobe Takip Modu<\/strong><\/li>\n<\/ol>\n<\/li>\n<li><strong>G\u00fc\u00e7 Kapatma Belle\u011fi:<\/strong> Her a\u00e7t\u0131\u011f\u0131n\u0131zda yeniden ayarlaman\u0131za gerek kalmadan son kulland\u0131\u011f\u0131n\u0131z ayd\u0131nlatma efektini otomatik olarak hat\u0131rlar.<\/li>\n<li><strong>Polipropilen Re\u00e7ine Teknolojisi:<\/strong> Ultra ince par\u00e7ac\u0131k piksel d\u00fczeyinde s\u00fcrt\u00fcnme tasar\u0131m\u0131, uzun hizmet \u00f6mr\u00fc ile dayan\u0131kl\u0131, deformasyona dayan\u0131kl\u0131, su ge\u00e7irmez, ya\u011f ge\u00e7irmez, UV \u0131\u015f\u0131nlar\u0131na dayan\u0131kl\u0131, toksik olmayan ve kokusuz.<\/li>\n<li><strong>\u00d6zel Patentli Teknoloji:<\/strong> Ses dalgas\u0131 takibi, interaktif bir deneyim i\u00e7in ses alan\u0131n\u0131 takip eder.<\/li>\n<li><strong>M\u00fczikli Reaktif LED Animasyon:<\/strong> M\u00fczik tu\u015fu ve fare t\u0131klamas\u0131 ses efektleri, frekans mod\u00fclasyonlu fla\u015f animasyonlar\u0131n\u0131 tetikler.<\/li>\n<\/ul>\n<h3>\u00dcr\u00fcn \u00d6zellikleri<\/h3>\n<ul>\n<li><strong>\u0130sim:<\/strong> Chasing Light E-spor Mouse Pad<\/li>\n<li><strong>Katlanmam\u0131\u015f Boyutlar:<\/strong> 350mm<em>250mm<\/em>6mm<\/li>\n<li><strong>A\u011f\u0131rl\u0131k:<\/strong> 450g<\/li>\n<li><strong>USB Mod\u00fcl Giri\u015fi:<\/strong> 5V 150mA<\/li>\n<li><strong>Kablo \u00d6zellikleri:<\/strong> 1.8 metre<\/li>\n<li><strong>USB Ba\u011flant\u0131 Noktas\u0131:<\/strong> T\u0130P-C<\/li>\n<li><strong>\u00c7al\u0131\u015fma Ortam\u0131:<\/strong> -10 \u2103 ila 40 \u2103<\/li>\n<\/ul>\n<p>&nbsp;<\/p>\n<div style=\"width: 800px;\" class=\"wp-video\"><video class=\"wp-video-shortcode\" id=\"video-2390-1\" width=\"800\" height=\"450\" preload=\"metadata\" controls=\"controls\"><source type=\"video\/mp4\" src=\"https:\/\/rgbmousepad.com\/wp-content\/uploads\/2024\/08\/\u65b0\u6b3e\u9f20\u6807\u57ab\u6a2a\u5c4f\u82f1\u6587.mp4?_=1\" \/><a href=\"https:\/\/rgbmousepad.com\/wp-content\/uploads\/2024\/08\/\u65b0\u6b3e\u9f20\u6807\u57ab\u6a2a\u5c4f\u82f1\u6587.mp4\">https:\/\/rgbmousepad.com\/wp-content\/uploads\/2024\/08\/\u65b0\u6b3e\u9f20\u6807\u57ab\u6a2a\u5c4f\u82f1\u6587.mp4<\/a><\/video><\/div>\n<p>&nbsp;<\/p>\n<p><img fetchpriority=\"high\" decoding=\"async\" class=\"alignnone size-full wp-image-2394\" src=\"https:\/\/rgbmousepad.com\/wp-content\/uploads\/2024\/08\/A1.jpg\" alt=\"\" width=\"970\" height=\"600\" srcset=\"https:\/\/rgbmousepad.com\/wp-content\/uploads\/2024\/08\/A1.jpg 970w, https:\/\/rgbmousepad.com\/wp-content\/uploads\/2024\/08\/A1-300x186.jpg 300w, https:\/\/rgbmousepad.com\/wp-content\/uploads\/2024\/08\/A1-768x475.jpg 768w, https:\/\/rgbmousepad.com\/wp-content\/uploads\/2024\/08\/A1-18x12.jpg 18w, https:\/\/rgbmousepad.com\/wp-content\/uploads\/2024\/08\/A1-600x371.jpg 600w\" sizes=\"(max-width: 970px) 100vw, 970px\" \/><img decoding=\"async\" class=\"alignnone size-full wp-image-2395\" src=\"https:\/\/rgbmousepad.com\/wp-content\/uploads\/2024\/08\/A2.jpg\" alt=\"\" width=\"970\" height=\"600\" srcset=\"https:\/\/rgbmousepad.com\/wp-content\/uploads\/2024\/08\/A2.jpg 970w, https:\/\/rgbmousepad.com\/wp-content\/uploads\/2024\/08\/A2-300x186.jpg 300w, https:\/\/rgbmousepad.com\/wp-content\/uploads\/2024\/08\/A2-768x475.jpg 768w, https:\/\/rgbmousepad.com\/wp-content\/uploads\/2024\/08\/A2-18x12.jpg 18w, https:\/\/rgbmousepad.com\/wp-content\/uploads\/2024\/08\/A2-600x371.jpg 600w\" sizes=\"(max-width: 970px) 100vw, 970px\" \/> <img decoding=\"async\" class=\"alignnone size-full wp-image-2396\" src=\"https:\/\/rgbmousepad.com\/wp-content\/uploads\/2024\/08\/A2-1.jpg\" alt=\"\" width=\"970\" height=\"600\" srcset=\"https:\/\/rgbmousepad.com\/wp-content\/uploads\/2024\/08\/A2-1.jpg 970w, https:\/\/rgbmousepad.com\/wp-content\/uploads\/2024\/08\/A2-1-300x186.jpg 300w, https:\/\/rgbmousepad.com\/wp-content\/uploads\/2024\/08\/A2-1-768x475.jpg 768w, https:\/\/rgbmousepad.com\/wp-content\/uploads\/2024\/08\/A2-1-18x12.jpg 18w, https:\/\/rgbmousepad.com\/wp-content\/uploads\/2024\/08\/A2-1-600x371.jpg 600w\" sizes=\"(max-width: 970px) 100vw, 970px\" \/> <img loading=\"lazy\" decoding=\"async\" class=\"alignnone size-full wp-image-2397\" src=\"https:\/\/rgbmousepad.com\/wp-content\/uploads\/2024\/08\/A3.jpg\" alt=\"\" width=\"970\" height=\"600\" srcset=\"https:\/\/rgbmousepad.com\/wp-content\/uploads\/2024\/08\/A3.jpg 970w, https:\/\/rgbmousepad.com\/wp-content\/uploads\/2024\/08\/A3-300x186.jpg 300w, https:\/\/rgbmousepad.com\/wp-content\/uploads\/2024\/08\/A3-768x475.jpg 768w, https:\/\/rgbmousepad.com\/wp-content\/uploads\/2024\/08\/A3-18x12.jpg 18w, https:\/\/rgbmousepad.com\/wp-content\/uploads\/2024\/08\/A3-600x371.jpg 600w\" sizes=\"(max-width: 970px) 100vw, 970px\" \/> <img loading=\"lazy\" decoding=\"async\" class=\"alignnone size-full wp-image-2398\" src=\"https:\/\/rgbmousepad.com\/wp-content\/uploads\/2024\/08\/A3-2.jpg\" alt=\"\" width=\"970\" height=\"600\" srcset=\"https:\/\/rgbmousepad.com\/wp-content\/uploads\/2024\/08\/A3-2.jpg 970w, https:\/\/rgbmousepad.com\/wp-content\/uploads\/2024\/08\/A3-2-300x186.jpg 300w, https:\/\/rgbmousepad.com\/wp-content\/uploads\/2024\/08\/A3-2-768x475.jpg 768w, https:\/\/rgbmousepad.com\/wp-content\/uploads\/2024\/08\/A3-2-18x12.jpg 18w, https:\/\/rgbmousepad.com\/wp-content\/uploads\/2024\/08\/A3-2-600x371.jpg 600w\" sizes=\"(max-width: 970px) 100vw, 970px\" \/> <img loading=\"lazy\" decoding=\"async\" class=\"alignnone size-full wp-image-2399\" src=\"https:\/\/rgbmousepad.com\/wp-content\/uploads\/2024\/08\/A\uff0b4.jpg\" alt=\"\" width=\"970\" height=\"600\" srcset=\"https:\/\/rgbmousepad.com\/wp-content\/uploads\/2024\/08\/A\uff0b4.jpg 970w, https:\/\/rgbmousepad.com\/wp-content\/uploads\/2024\/08\/A\uff0b4-300x186.jpg 300w, https:\/\/rgbmousepad.com\/wp-content\/uploads\/2024\/08\/A\uff0b4-768x475.jpg 768w, https:\/\/rgbmousepad.com\/wp-content\/uploads\/2024\/08\/A\uff0b4-18x12.jpg 18w, https:\/\/rgbmousepad.com\/wp-content\/uploads\/2024\/08\/A\uff0b4-600x371.jpg 600w\" sizes=\"(max-width: 970px) 100vw, 970px\" \/><\/p>","protected":false},"excerpt":{"rendered":"<p>Her hareketi ayd\u0131nlatan s\u00fcr\u00fckleyici bir deneyim i\u00e7in hassasiyetin canl\u0131 LED ayd\u0131nlatma ile bulu\u015ftu\u011fu Y\u00fczey Ayd\u0131nlatmal\u0131 Mouse Pad'imiz ile oyununuzu ayd\u0131nlat\u0131n.<\/p>","protected":false},"featured_media":2401,"comment_status":"open","ping_status":"closed","template":"","meta":{"_seopress_robots_primary_cat":"none","_seopress_titles_title":"Firelll RGB-03 Chasing Light E-sports Surface-Illuminated Mouse Pad Manufacturers","_seopress_titles_desc":"Experience unparalleled precision with our Surface-Lit Mouse Pad. Featuring vibrant LED lighting across the fabric surface, it enhances your gameplay with stunning visuals and a seamless, responsive feel.","_seopress_robots_index":""},"product_brand":[],"product_cat":[97],"product_tag":[134,103],"class_list":{"0":"post-2390","1":"product","2":"type-product","3":"status-publish","4":"has-post-thumbnail","6":"product_cat-rgb-mousepad","7":"product_tag-factory","8":"product_tag-gaming","10":"first","11":"instock","12":"shipping-taxable","13":"purchasable","14":"product-type-simple"},"_links":{"self":[{"href":"https:\/\/rgbmousepad.com\/tr\/wp-json\/wp\/v2\/product\/2390","targetHints":{"allow":["GET"]}}],"collection":[{"href":"https:\/\/rgbmousepad.com\/tr\/wp-json\/wp\/v2\/product"}],"about":[{"href":"https:\/\/rgbmousepad.com\/tr\/wp-json\/wp\/v2\/types\/product"}],"replies":[{"embeddable":true,"href":"https:\/\/rgbmousepad.com\/tr\/wp-json\/wp\/v2\/comments?post=2390"}],"wp:featuredmedia":[{"embeddable":true,"href":"https:\/\/rgbmousepad.com\/tr\/wp-json\/wp\/v2\/media\/2401"}],"wp:attachment":[{"href":"https:\/\/rgbmousepad.com\/tr\/wp-json\/wp\/v2\/media?parent=2390"}],"wp:term":[{"taxonomy":"product_brand","embeddable":true,"href":"https:\/\/rgbmousepad.com\/tr\/wp-json\/wp\/v2\/product_brand?post=2390"},{"taxonomy":"product_cat","embeddable":true,"href":"https:\/\/rgbmousepad.com\/tr\/wp-json\/wp\/v2\/product_cat?post=2390"},{"taxonomy":"product_tag","embeddable":true,"href":"https:\/\/rgbmousepad.com\/tr\/wp-json\/wp\/v2\/product_tag?post=2390"}],"curies":[{"name":"wp","href":"https:\/\/api.w.org\/{rel}","templated":true}]}}