{"id":2268,"date":"2024-06-13T12:09:13","date_gmt":"2024-06-13T04:09:13","guid":{"rendered":"https:\/\/rgbmousepad.com\/?post_type=product&#038;p=2268"},"modified":"2024-06-13T12:10:41","modified_gmt":"2024-06-13T04:10:41","slug":"ds20-wireless-charging-desk","status":"publish","type":"product","link":"https:\/\/rgbmousepad.com\/tr\/urun\/ds20-wireless-charging-desk\/","title":{"rendered":"DS20 15W RGB Kablosuz \u015earj Masas\u0131 Mat\u0131 Toplu"},"content":{"rendered":"<h2>Yeni \u00d6zellikler Y\u00fcksek Kaliteli Kablosuz \u015earj Masas\u0131 Mat\u0131 Toplu<\/h2>\n<p>\u00c7o\u011fu ak\u0131ll\u0131 telefon i\u00e7in 15W kablosuz \u015farj sa\u011flayabilir<br \/>\nOyun oynarken veya \u00e7al\u0131\u015f\u0131rken, b\u00fcy\u00fck geni\u015fletilmi\u015f mouse pad klavyenizi, farenizi ve masa\u00fcst\u00fcn\u00fczdeki di\u011fer \u015feyleri kaplamak i\u00e7in daha geni\u015f bir kullan\u0131m alan\u0131 sa\u011flar.<br \/>\nFare altl\u0131klar\u0131m\u0131z ultra p\u00fcr\u00fczs\u00fcz bir y\u00fczey, hassas ve kontrol edilebilir bir y\u00fczey sa\u011flar. Di\u011fer mouse pad'lere k\u0131yasla daha az s\u00fcrt\u00fcnme ile oyun sens\u00f6rleri i\u00e7in en iyi y\u00fczeyi sa\u011flar. Fareniz i\u00e7in h\u0131zl\u0131 ve p\u00fcr\u00fczs\u00fcz bir izleme y\u00fczeyi sa\u011flar. Oyun deneyiminizi bir \u00fcst seviyeye ta\u015f\u0131y\u0131n<br \/>\nStatik ve dinamik ayd\u0131nlatma modlar\u0131 da dahil olmak \u00fczere s\u00fcper parlak \u00f6zel ayd\u0131nlatma modlar\u0131, oyun oynarken veya \u00e7al\u0131\u015f\u0131rken benzersiz bir atmosfer sa\u011flar.<br \/>\nBu mouse pad, masaya s\u0131k\u0131ca oturan ve a\u011f\u0131r bir tutu\u015f sa\u011flayan kaymaz bir tabana sahiptir. Profesyonel kenar diki\u015fi a\u015f\u0131nma ve y\u0131pranmay\u0131 \u00f6nler ve daha uzun kullan\u0131m \u00f6mr\u00fc sa\u011flar. 4 mm kal\u0131nl\u0131\u011f\u0131 \u015feklinin sabit kalmas\u0131n\u0131 sa\u011flar (b\u00f6ylece dalga olu\u015fturmaz)<br \/>\nTeknik \u00d6zellikler<br \/>\nMalzeme: Kau\u00e7uk + kuma\u015f<br \/>\nTip M\/L\/XL\/XXL\/\u00f6zel<br \/>\nGiri\u015f: 5V, 2A\/9V, 1.67A<br \/>\n\u00c7\u0131k\u0131\u015f: 5V, 1.0A (maksimum) \/ 9V, 1.2A (minimum)<br \/>\nBoyut: 600x600MM\/700x700MM<br \/>\n800x30MM\/800x40MM\/900x400MM<br \/>\nPaket i\u00e7eri\u011fi:<br \/>\n1x Kablosuz \u015earjl\u0131 Mouse Pad<br \/>\n1xUSB kablo<\/p>\n<figure id=\"attachment_2275\" aria-describedby=\"caption-attachment-2275\" style=\"width: 800px\" class=\"wp-caption alignnone\"><img fetchpriority=\"high\" decoding=\"async\" class=\"wp-image-2275 size-large\" src=\"https:\/\/rgbmousepad.com\/wp-content\/uploads\/2024\/05\/O1CN013BRDyI2DQgTLAb2GM_2210221638604-0-cib-1024x1024.jpg\" alt=\"wireless charging mouse pad\" width=\"800\" height=\"800\" srcset=\"https:\/\/rgbmousepad.com\/wp-content\/uploads\/2024\/05\/O1CN013BRDyI2DQgTLAb2GM_2210221638604-0-cib-1024x1024.jpg 1024w, https:\/\/rgbmousepad.com\/wp-content\/uploads\/2024\/05\/O1CN013BRDyI2DQgTLAb2GM_2210221638604-0-cib-300x300.jpg 300w, https:\/\/rgbmousepad.com\/wp-content\/uploads\/2024\/05\/O1CN013BRDyI2DQgTLAb2GM_2210221638604-0-cib-150x150.jpg 150w, https:\/\/rgbmousepad.com\/wp-content\/uploads\/2024\/05\/O1CN013BRDyI2DQgTLAb2GM_2210221638604-0-cib-768x768.jpg 768w, https:\/\/rgbmousepad.com\/wp-content\/uploads\/2024\/05\/O1CN013BRDyI2DQgTLAb2GM_2210221638604-0-cib-600x600.jpg 600w, https:\/\/rgbmousepad.com\/wp-content\/uploads\/2024\/05\/O1CN013BRDyI2DQgTLAb2GM_2210221638604-0-cib-100x100.jpg 100w, https:\/\/rgbmousepad.com\/wp-content\/uploads\/2024\/05\/O1CN013BRDyI2DQgTLAb2GM_2210221638604-0-cib.jpg 1500w\" sizes=\"(max-width: 800px) 100vw, 800px\" \/><figcaption id=\"caption-attachment-2275\" class=\"wp-caption-text\">\u00a0<\/figcaption><\/figure>\n<p><img decoding=\"async\" class=\"size-full wp-image-2274\" src=\"https:\/\/rgbmousepad.com\/wp-content\/uploads\/2024\/05\/O1CN01oAkOgh1Jfh3moYomr_2215432781056-0-cib.jpg\" alt=\"wireless charging mouse pad\" width=\"800\" height=\"800\" srcset=\"https:\/\/rgbmousepad.com\/wp-content\/uploads\/2024\/05\/O1CN01oAkOgh1Jfh3moYomr_2215432781056-0-cib.jpg 800w, https:\/\/rgbmousepad.com\/wp-content\/uploads\/2024\/05\/O1CN01oAkOgh1Jfh3moYomr_2215432781056-0-cib-300x300.jpg 300w, https:\/\/rgbmousepad.com\/wp-content\/uploads\/2024\/05\/O1CN01oAkOgh1Jfh3moYomr_2215432781056-0-cib-150x150.jpg 150w, https:\/\/rgbmousepad.com\/wp-content\/uploads\/2024\/05\/O1CN01oAkOgh1Jfh3moYomr_2215432781056-0-cib-768x768.jpg 768w, https:\/\/rgbmousepad.com\/wp-content\/uploads\/2024\/05\/O1CN01oAkOgh1Jfh3moYomr_2215432781056-0-cib-600x600.jpg 600w, https:\/\/rgbmousepad.com\/wp-content\/uploads\/2024\/05\/O1CN01oAkOgh1Jfh3moYomr_2215432781056-0-cib-100x100.jpg 100w\" sizes=\"(max-width: 800px) 100vw, 800px\" \/><\/p>\n<p><img decoding=\"async\" class=\"size-full wp-image-2273\" src=\"https:\/\/rgbmousepad.com\/wp-content\/uploads\/2024\/05\/O1CN01KngMsh2DQgTNcdFd2_2210221638604-0-cib.jpg\" alt=\"wireless charging mouse pad\" width=\"800\" height=\"800\" srcset=\"https:\/\/rgbmousepad.com\/wp-content\/uploads\/2024\/05\/O1CN01KngMsh2DQgTNcdFd2_2210221638604-0-cib.jpg 800w, https:\/\/rgbmousepad.com\/wp-content\/uploads\/2024\/05\/O1CN01KngMsh2DQgTNcdFd2_2210221638604-0-cib-300x300.jpg 300w, https:\/\/rgbmousepad.com\/wp-content\/uploads\/2024\/05\/O1CN01KngMsh2DQgTNcdFd2_2210221638604-0-cib-150x150.jpg 150w, https:\/\/rgbmousepad.com\/wp-content\/uploads\/2024\/05\/O1CN01KngMsh2DQgTNcdFd2_2210221638604-0-cib-768x768.jpg 768w, https:\/\/rgbmousepad.com\/wp-content\/uploads\/2024\/05\/O1CN01KngMsh2DQgTNcdFd2_2210221638604-0-cib-600x600.jpg 600w, https:\/\/rgbmousepad.com\/wp-content\/uploads\/2024\/05\/O1CN01KngMsh2DQgTNcdFd2_2210221638604-0-cib-100x100.jpg 100w\" sizes=\"(max-width: 800px) 100vw, 800px\" \/><\/p>\n<p><img loading=\"lazy\" decoding=\"async\" class=\"size-full wp-image-2272\" src=\"https:\/\/rgbmousepad.com\/wp-content\/uploads\/2024\/05\/O1CN01AardWn2DQgTLiLQ2K_2210221638604-0-cib.jpg\" alt=\"wireless charging mouse pad\" width=\"800\" height=\"800\" srcset=\"https:\/\/rgbmousepad.com\/wp-content\/uploads\/2024\/05\/O1CN01AardWn2DQgTLiLQ2K_2210221638604-0-cib.jpg 800w, https:\/\/rgbmousepad.com\/wp-content\/uploads\/2024\/05\/O1CN01AardWn2DQgTLiLQ2K_2210221638604-0-cib-300x300.jpg 300w, https:\/\/rgbmousepad.com\/wp-content\/uploads\/2024\/05\/O1CN01AardWn2DQgTLiLQ2K_2210221638604-0-cib-150x150.jpg 150w, https:\/\/rgbmousepad.com\/wp-content\/uploads\/2024\/05\/O1CN01AardWn2DQgTLiLQ2K_2210221638604-0-cib-768x768.jpg 768w, https:\/\/rgbmousepad.com\/wp-content\/uploads\/2024\/05\/O1CN01AardWn2DQgTLiLQ2K_2210221638604-0-cib-600x600.jpg 600w, https:\/\/rgbmousepad.com\/wp-content\/uploads\/2024\/05\/O1CN01AardWn2DQgTLiLQ2K_2210221638604-0-cib-100x100.jpg 100w\" sizes=\"(max-width: 800px) 100vw, 800px\" \/><\/p>","protected":false},"excerpt":{"rendered":"<p>15W Kablosuz \u015earj Masas\u0131 Mat\u0131 Tedarik\u00e7iler<\/p>","protected":false},"featured_media":2271,"comment_status":"open","ping_status":"closed","template":"","meta":{"_seopress_robots_primary_cat":"none","_seopress_titles_title":"DS20 15W RGB Wireless Charging Desk Mat Bulk | Suppliers","_seopress_titles_desc":"high quality mouse pad provide 15W wireless charging for most smartphones","_seopress_robots_index":""},"product_brand":[],"product_cat":[98],"product_tag":[104],"class_list":{"0":"post-2268","1":"product","2":"type-product","3":"status-publish","4":"has-post-thumbnail","6":"product_cat-wireless-charging-mousepad","7":"product_tag-wireless-charging","9":"first","10":"instock","11":"shipping-taxable","12":"purchasable","13":"product-type-variable"},"_links":{"self":[{"href":"https:\/\/rgbmousepad.com\/tr\/wp-json\/wp\/v2\/product\/2268","targetHints":{"allow":["GET"]}}],"collection":[{"href":"https:\/\/rgbmousepad.com\/tr\/wp-json\/wp\/v2\/product"}],"about":[{"href":"https:\/\/rgbmousepad.com\/tr\/wp-json\/wp\/v2\/types\/product"}],"replies":[{"embeddable":true,"href":"https:\/\/rgbmousepad.com\/tr\/wp-json\/wp\/v2\/comments?post=2268"}],"wp:featuredmedia":[{"embeddable":true,"href":"https:\/\/rgbmousepad.com\/tr\/wp-json\/wp\/v2\/media\/2271"}],"wp:attachment":[{"href":"https:\/\/rgbmousepad.com\/tr\/wp-json\/wp\/v2\/media?parent=2268"}],"wp:term":[{"taxonomy":"product_brand","embeddable":true,"href":"https:\/\/rgbmousepad.com\/tr\/wp-json\/wp\/v2\/product_brand?post=2268"},{"taxonomy":"product_cat","embeddable":true,"href":"https:\/\/rgbmousepad.com\/tr\/wp-json\/wp\/v2\/product_cat?post=2268"},{"taxonomy":"product_tag","embeddable":true,"href":"https:\/\/rgbmousepad.com\/tr\/wp-json\/wp\/v2\/product_tag?post=2268"}],"curies":[{"name":"wp","href":"https:\/\/api.w.org\/{rel}","templated":true}]}}