{"id":149,"date":"2023-09-14T16:01:15","date_gmt":"2023-09-14T08:01:15","guid":{"rendered":"https:\/\/rgbmousepad.com\/?post_type=product&#038;p=149"},"modified":"2024-05-06T17:14:52","modified_gmt":"2024-05-06T09:14:52","slug":"rgb-mousepads","status":"publish","type":"product","link":"https:\/\/rgbmousepad.com\/tr\/urun\/rgb-mousepads\/","title":{"rendered":"Toplu Ayd\u0131nl\u0131k Oyun RGB Mouse Pad'leri"},"content":{"rendered":"<div class=\"elementor-element elementor-element-1766ea6 elementor-widget elementor-widget-heading\" data-id=\"1766ea6\" data-element_type=\"widget\" data-widget_type=\"heading.default\">\n<div class=\"elementor-widget-container\">\n<div id=\"ali-anchor-AliPostDhMb-80is8\" class=\"mceSectionContainer\" style=\"color: #000000; font-family: Arial; font-size: 12px; font-style: normal; font-weight: 400; padding-top: 8px;\" data-section=\"AliPostDhMb-80is8\" data-section-title=\"Product Description\">\n<div style=\"padding: 10px 0px;\">\n<div style=\"margin: 0px; padding: 0px; border: 0px; font-style: normal; font-weight: 400; font-size: 12px; line-height: inherit; font-family: Arial; vertical-align: baseline; color: #000000;\">\n<table class=\"is-zebra all magic-7\">\n<tbody>\n<tr>\n<td colspan=\"1\" rowspan=\"1\">\n<div class=\"magic-8\">\n<div class=\"magic-9\" data-spm-anchor-id=\"a2700.custom-template.0.i45.5b423333IFnvem\"><b><span class=\"magic-10\">E\u015fya:<\/span><\/b><\/div>\n<\/div>\n<\/td>\n<td colspan=\"1\" rowspan=\"1\">\n<div class=\"magic-11\"><b>RGB Mouse Pad<\/b><\/div>\n<\/td>\n<td colspan=\"1\" rowspan=\"1\">\n<div class=\"magic-12\"><span class=\"magic-13\"><span class=\"magic-14\"><b data-spm-anchor-id=\"a2700.custom-template.0.i215.5b423333IFnvem\">ADEDI:<\/b><\/span><\/span><\/div>\n<\/td>\n<td colspan=\"1\" rowspan=\"1\">\n<div class=\"magic-15\">100 Adet<\/div>\n<\/td>\n<\/tr>\n<tr>\n<td colspan=\"1\" rowspan=\"1\">\n<div class=\"magic-8\">\n<div class=\"magic-9\" data-spm-anchor-id=\"a2700.custom-template.0.i56.5b423333IFnvem\"><b><span class=\"magic-10\">Malzeme:<\/span><\/b><\/div>\n<\/div>\n<\/td>\n<td colspan=\"1\" rowspan=\"1\">\n<div class=\"magic-11\">Do\u011fal Kau\u00e7uk +\u0130pek Kuma\u015f+RGB Ayd\u0131nlatma<\/div>\n<\/td>\n<td colspan=\"1\" rowspan=\"1\">\n<div class=\"magic-12\"><span class=\"magic-16\"><span class=\"magic-14\"><b data-spm-anchor-id=\"a2700.custom-template.0.i213.5b423333IFnvem\">\u00d6rnek :<\/b><\/span><\/span><\/div>\n<\/td>\n<td colspan=\"1\" rowspan=\"1\">\n<div class=\"magic-15\" data-spm-anchor-id=\"a2700.details.0.i82.454d7d05QsR4UP\">Numune \u00fccreti d\u00fc\u015f\u00fclebilir<\/div>\n<\/td>\n<\/tr>\n<tr>\n<td colspan=\"1\" rowspan=\"1\">\n<div class=\"magic-8\"><b data-spm-anchor-id=\"a2700.custom-template.0.i220.5b423333IFnvem\">Bask\u0131<\/b><\/div>\n<\/td>\n<td colspan=\"1\" rowspan=\"1\">\n<div class=\"magic-11\"><b data-spm-anchor-id=\"a2700.custom-template.0.i305.5b423333IFnvem\">CMYK\u00a0<\/b><span data-spm-anchor-id=\"a2700.custom-template.0.i305.5b423333IFnvem\">Bask\u0131<\/span>\/<b data-spm-anchor-id=\"a2700.custom-template.0.i306.5b423333IFnvem\">Dijital<\/b>\u00a0Bask\u0131\/<b>\u0130pek<\/b>\u00a0Bask\u0131<\/div>\n<\/td>\n<td colspan=\"1\" rowspan=\"1\">\n<div class=\"magic-12\"><span class=\"magic-10\"><b data-spm-anchor-id=\"a2700.custom-template.0.i207.5b423333IFnvem\">\u00d6rnekleme zaman\u0131:<\/b><\/span><\/div>\n<\/td>\n<td colspan=\"1\" rowspan=\"1\">\n<div class=\"magic-15\">4-7 G\u00fcn<\/div>\n<\/td>\n<\/tr>\n<tr>\n<td colspan=\"1\" rowspan=\"1\">\n<div class=\"magic-8\">\n<div class=\"magic-9\" data-spm-anchor-id=\"a2700.custom-template.0.i57.5b423333IFnvem\"><b><span class=\"magic-10\">M beden:<\/span><\/b><\/div>\n<\/div>\n<\/td>\n<td colspan=\"1\" rowspan=\"1\">\n<div class=\"magic-11\"><b>350*250 mm\u00a0<\/b><\/div>\n<\/td>\n<td colspan=\"1\" rowspan=\"1\">\n<div class=\"magic-12\"><span class=\"magic-10\"><b data-spm-anchor-id=\"a2700.custom-template.0.i212.5b423333IFnvem\">Teslimat S\u00fcresi:<\/b><\/span><\/div>\n<\/td>\n<td colspan=\"1\" rowspan=\"1\">\n<div class=\"magic-15\">7-28 G\u00fcn \uff08normal\uff09<\/div>\n<\/td>\n<\/tr>\n<tr>\n<td colspan=\"1\" rowspan=\"1\">\n<div class=\"magic-8\">\n<div class=\"magic-9\" data-spm-anchor-id=\"a2700.custom-template.0.i58.5b423333IFnvem\"><b><span class=\"magic-10\">L beden:<\/span><\/b><\/div>\n<\/div>\n<\/td>\n<td colspan=\"1\" rowspan=\"1\">\n<div class=\"magic-11\"><b>800*300 mm<\/b><\/div>\n<\/td>\n<td colspan=\"1\" rowspan=\"1\">\n<div class=\"magic-12\"><b>Men\u015fe Yeri\uff1a<\/b><\/div>\n<\/td>\n<td colspan=\"1\" rowspan=\"1\">\n<div class=\"magic-15\">Dongguan, \u00c7in<\/div>\n<\/td>\n<\/tr>\n<tr>\n<td colspan=\"1\" rowspan=\"1\">\n<div class=\"magic-8\"><b><span class=\"magic-10\">XL beden:<\/span><\/b><\/div>\n<\/td>\n<td colspan=\"1\" rowspan=\"1\">\n<div class=\"magic-11\"><b data-spm-anchor-id=\"a2700.custom-template.0.i29.1bba3333LwM3EE\">900*400 mm<\/b><\/div>\n<\/td>\n<td colspan=\"1\" rowspan=\"1\">\n<div class=\"magic-12\"><span class=\"magic-10\"><span class=\"magic-17\" data-spm-anchor-id=\"a2700.custom-template.0.i152.5b423333IFnvem\"><b data-spm-anchor-id=\"a2700.custom-template.0.i202.5b423333IFnvem\">Sertifika:<\/b><\/span><\/span><\/div>\n<\/td>\n<td colspan=\"1\" rowspan=\"1\">\n<div class=\"magic-15\">Sedex\/Reach\/RoHS\/EN-71\/CE\/PAHs\/FAMA<\/div>\n<\/td>\n<\/tr>\n<tr>\n<td colspan=\"1\" rowspan=\"1\">\n<div class=\"magic-8\"><b><span class=\"magic-10\">Thckness:<\/span><\/b><\/div>\n<\/td>\n<td colspan=\"1\" rowspan=\"1\">\n<div class=\"magic-11\"><b>3mm\/4mm\/5mm\/6mm<\/b><\/div>\n<\/td>\n<td colspan=\"1\" rowspan=\"1\">\n<div class=\"magic-12\"><b class=\"magic-18\" data-spm-anchor-id=\"a2700.custom-template.0.i202.5b423333IFnvem\">Fiyat Vadesi\uff1a<\/b><\/div>\n<\/td>\n<td colspan=\"1\" rowspan=\"1\">\n<div class=\"magic-15\">EXW\/FOB\/CIF\/Fedex\/DHL\/TNT\/UPS<\/div>\n<\/td>\n<\/tr>\n<tr>\n<td colspan=\"1\" rowspan=\"1\">\n<div class=\"magic-8\"><b><span class=\"magic-10\">Marka:<\/span><\/b><\/div>\n<\/td>\n<td colspan=\"1\" rowspan=\"1\">\n<div class=\"magic-11\"><b>Tigerwings veya OEM\/ODM<\/b><\/div>\n<\/td>\n<td colspan=\"1\" rowspan=\"1\">\n<div class=\"magic-12\"><b class=\"magic-19\" data-spm-anchor-id=\"a2700.custom-template.0.i202.5b423333IFnvem\">\u00d6deme S\u00fcresi\uff1a<\/b><\/div>\n<\/td>\n<td colspan=\"1\" rowspan=\"1\">\n<div class=\"magic-15\">T \/ T, Paypal, Western Union, L \/ C<\/div>\n<\/td>\n<\/tr>\n<tr>\n<td colspan=\"1\" rowspan=\"1\">\n<div class=\"magic-8\"><b><span class=\"magic-10\">\u00d6zel:<\/span><\/b><\/div>\n<\/td>\n<td colspan=\"3\" rowspan=\"1\">\n<div class=\"magic-20\" data-spm-anchor-id=\"a2700.details.0.i81.454d7d05QsR4UP\">Bizler\u00a0<b data-spm-anchor-id=\"a2700.custom-template.0.i291.5b423333IFnvem\">Kaynak Fabrika<\/b>, kabul etmek\u00a0<b data-spm-anchor-id=\"a2700.custom-template.0.i290.5b423333IFnvem\">\u00d6zelle\u015ftirilmi\u015f\u00a0<\/b><span data-spm-anchor-id=\"a2700.custom-template.0.i290.5b423333IFnvem\"><b>MALZEME, BOYUT, BASKI, LOGO, KENAR, AMBALAJ<\/b><\/span>vb.<\/div>\n<\/td>\n<\/tr>\n<\/tbody>\n<\/table>\n<p>Yeni \u00d6zel Model Amazon \u00c7ok Satan Patentli \u00dcr\u00fcn<\/p>\n<p>\u00dcr\u00fcn Ad\u0131: RGB Ayd\u0131nlatmal\u0131 Mouse Pad<\/p>\n<p>\u00dcr\u00fcn A\u011f\u0131rl\u0131\u011f\u0131:<\/p>\n<ul>\n<li>900<em>400<\/em>4mm (A\u011f\u0131rl\u0131k 900-950g)<\/li>\n<li>800<em>300<\/em>4mm (A\u011f\u0131rl\u0131k 630-660g)<\/li>\n<li>300<em>250<\/em>4mm (A\u011f\u0131rl\u0131k 300-350g)<\/li>\n<\/ul>\n<p>Karton Boyutu: 48*<em>48*<\/em>35cm, 25 adet, 17KG<\/p>\n<p>7 D\u00fcz Renk, 14 Mod: Mavi, K\u0131rm\u0131z\u0131, Ye\u015fil, Beyaz, Mor, Camg\u00f6be\u011fi, Sar\u0131 Solunum Modu, Ko\u015fan At Modu<\/p>\n<p>Haf\u0131za Fonksiyonu: Kapatma Haf\u0131za Fonksiyonu<\/p>\n<p>\u00dcr\u00fcn Aray\u00fcz\u00fc: C Tipi Aray\u00fcz<\/p>\n<p>G\u00fc\u00e7 Kayna\u011f\u0131: 5V<\/p>\n<p>Paketleme \u0130ngilizce Renkli Kutu<\/p>\n<p>\u00d6zelle\u015ftirilebilir: Logo Tasar\u0131m\u0131, Ka\u011f\u0131t Kutu Ambalaj\u0131, Boyutlar<\/p>\n<p style=\"margin: 0px; padding: 0px; border: 0px; vertical-align: baseline;\"><span style=\"margin: 0px; padding: 0px; border: 0px; font-style: inherit; font-weight: inherit; font-size: 20px; line-height: 30px; vertical-align: baseline;\"><strong>Paket i\u00e7eri\u011fi:<\/strong><\/span><span style=\"margin: 0px; padding: 0px; border: 0px; font-style: inherit; font-weight: inherit; font-size: 16px; line-height: 24px; vertical-align: baseline;\"> 1* RGB mouse pad, 1* C Tipi kablo<\/span><\/p>\n<p style=\"margin: 0px; padding: 0px; border: 0px; vertical-align: baseline;\"><span style=\"margin: 0px; padding: 0px; border: 0px; font-style: inherit; font-weight: inherit; font-size: inherit; line-height: 18px; vertical-align: baseline; color: #ff0000;\"><span style=\"margin: 0px; padding: 0px; border: 0px; font-style: inherit; font-weight: inherit; font-size: 16px; line-height: 24px; vertical-align: baseline;\">Not:<\/span><\/span><\/p>\n<p style=\"margin: 0px; padding: 0px; border: 0px; vertical-align: baseline;\"><span style=\"margin: 0px; padding: 0px; border: 0px; font-style: inherit; font-weight: inherit; font-size: 16px; line-height: 24px; vertical-align: baseline; color: #ff0000;\">a\u00e7mak\/renk de\u011fi\u015ftirmek i\u00e7in bir kez bas\u0131n<\/span><\/p>\n<p style=\"margin: 0px; padding: 0px; border: 0px; vertical-align: baseline;\"><span style=\"margin: 0px; padding: 0px; border: 0px; font-style: inherit; font-weight: inherit; font-size: inherit; line-height: 18px; vertical-align: baseline; color: #ff0000;\"><span style=\"margin: 0px; padding: 0px; border: 0px; font-style: inherit; font-weight: inherit; font-size: 16px; line-height: 24px; vertical-align: baseline;\">parlakl\u0131\u011f\u0131 ayarlamak i\u00e7in iki kez h\u0131zl\u0131ca bas\u0131n<\/span><\/span><\/p>\n<div style=\"margin: 0px; padding: 0px; border: 0px; vertical-align: baseline;\"><span style=\"margin: 0px; padding: 0px; border: 0px; font-style: inherit; font-weight: inherit; font-size: inherit; line-height: 18px; vertical-align: baseline; color: #ff0000;\"><span style=\"margin: 0px; padding: 0px; border: 0px; font-style: inherit; font-weight: inherit; font-size: 16px; line-height: 24px; vertical-align: baseline;\">kapatmak i\u00e7in 3 saniye uzun bas\u0131n<\/span><\/span><\/div>\n<\/div>\n<\/div>\n<\/div>\n<div style=\"color: #000000; font-family: Arial; font-size: 12px; font-style: normal; font-weight: 400;\">\n<p style=\"margin: 0px; padding: 0px;\">\n<\/div>\n<\/div>\n<\/div>","protected":false},"excerpt":{"rendered":"<p>14 I\u015f\u0131k Efekti Ayd\u0131nl\u0131k Oyun XXL RGB Mousepad Fabrika<\/p>","protected":false},"featured_media":951,"comment_status":"open","ping_status":"closed","template":"","meta":{"_seopress_robots_primary_cat":"none","_seopress_titles_title":"","_seopress_titles_desc":"","_seopress_robots_index":""},"product_brand":[],"product_cat":[97],"product_tag":[103,92],"class_list":{"0":"post-149","1":"product","2":"type-product","3":"status-publish","4":"has-post-thumbnail","6":"product_cat-rgb-mousepad","7":"product_tag-gaming","8":"product_tag-rgb","10":"first","11":"instock","12":"shipping-taxable","13":"purchasable","14":"product-type-variable"},"_links":{"self":[{"href":"https:\/\/rgbmousepad.com\/tr\/wp-json\/wp\/v2\/product\/149","targetHints":{"allow":["GET"]}}],"collection":[{"href":"https:\/\/rgbmousepad.com\/tr\/wp-json\/wp\/v2\/product"}],"about":[{"href":"https:\/\/rgbmousepad.com\/tr\/wp-json\/wp\/v2\/types\/product"}],"replies":[{"embeddable":true,"href":"https:\/\/rgbmousepad.com\/tr\/wp-json\/wp\/v2\/comments?post=149"}],"wp:featuredmedia":[{"embeddable":true,"href":"https:\/\/rgbmousepad.com\/tr\/wp-json\/wp\/v2\/media\/951"}],"wp:attachment":[{"href":"https:\/\/rgbmousepad.com\/tr\/wp-json\/wp\/v2\/media?parent=149"}],"wp:term":[{"taxonomy":"product_brand","embeddable":true,"href":"https:\/\/rgbmousepad.com\/tr\/wp-json\/wp\/v2\/product_brand?post=149"},{"taxonomy":"product_cat","embeddable":true,"href":"https:\/\/rgbmousepad.com\/tr\/wp-json\/wp\/v2\/product_cat?post=149"},{"taxonomy":"product_tag","embeddable":true,"href":"https:\/\/rgbmousepad.com\/tr\/wp-json\/wp\/v2\/product_tag?post=149"}],"curies":[{"name":"wp","href":"https:\/\/api.w.org\/{rel}","templated":true}]}}