{"id":1402,"date":"2023-10-25T12:01:40","date_gmt":"2023-10-25T04:01:40","guid":{"rendered":"https:\/\/rgbmousepad.com\/?post_type=product&#038;p=1402"},"modified":"2024-06-15T16:56:01","modified_gmt":"2024-06-15T08:56:01","slug":"custom-gaming-mouse-pads","status":"publish","type":"product","link":"https:\/\/rgbmousepad.com\/tr\/urun\/custom-gaming-mouse-pads\/","title":{"rendered":"\u00d6zel Oyun Mouse pad Kilit kenar\u0131 Tedarik\u00e7i"},"content":{"rendered":"<p><strong data-spm-anchor-id=\"a2g0o.detail.1000023.i0.2dba4611eeJYtX\">\u00d6zellikler:<\/strong><\/p>\n<p>*Dayan\u0131kl\u0131 Diki\u015fli Kenarlar: Bu mouse pad, a\u015f\u0131nmay\u0131 \u00f6nleyebilen hassas kenarlara sahiptir. Deformasyon ve zamk giderme olmadan uzun s\u00fcreli kullan\u0131m sa\u011flar.<\/p>\n<div>*P\u00fcr\u00fczs\u00fcz Y\u00fczey: Doku daha yo\u011fundur. Daha yumu\u015fak fare kontrol\u00fc sa\u011flamak i\u00e7in fare h\u0131zl\u0131 bir \u015fekilde hareket ettirilebilir ve do\u011fru bir \u015fekilde konumland\u0131r\u0131labilir. Diz\u00fcst\u00fc bilgisayar\u0131n\u0131z, bilgisayar\u0131n\u0131z ve PC'niz i\u00e7in m\u00fckemmeldir.<\/div>\n<div>*Kaymaz kau\u00e7uk taban: Yo\u011fun g\u00f6lgelendirme ve kaymaz do\u011fal kau\u00e7uk taban masa\u00fcst\u00fcn\u00fc s\u0131k\u0131ca kavrayabilir. Konforunuz ve fare kontrol\u00fcn\u00fcz i\u00e7in birinci s\u0131n\u0131f yumu\u015fak malzeme.<\/div>\n<div>*Y\u0131kanabilir Tasar\u0131m ve Solmay\u0131 \u00d6nleme: Bu mouse mat, m\u00fckemmel kilitleme-renk etkisine sahiptir. S\u0131v\u0131 lekeleri s\u00fcrekli kullan\u0131m i\u00e7in su ile temizlenebilir. Ve tekrarlanan temizlik ile solmayacakt\u0131r.<\/div>\n<div>*Renk: En renkli bask\u0131lar\u0131 sunmak i\u00e7in \u00e7al\u0131\u015f\u0131yoruz. \u00c7o\u011fu rakibimiz 4 renk kullan\u0131rken biz bask\u0131 i\u00e7in 6 renk kullan\u0131yoruz ve m\u00fcmk\u00fcn olan en geni\u015f renk gam\u0131n\u0131 olu\u015fturmak i\u00e7in CMYK ve neon renklerin tescilli bir kar\u0131\u015f\u0131m\u0131n\u0131 kullan\u0131yoruz.<br \/>\n*Bask\u0131 s\u00fcreci: Mouse pad'imiz, kat\u0131 maddeleri gaza d\u00f6n\u00fc\u015ft\u00fcrme i\u015flemi olan s\u0131cak presleme ve boya s\u00fcblimasyonu yard\u0131m\u0131yla bas\u0131l\u0131r ve \u00fcretilir. Bask\u0131 makinesinin y\u00fcksek s\u0131cakl\u0131\u011f\u0131 m\u00fcrekkebi gaza d\u00f6n\u00fc\u015ft\u00fcr\u00fcr ve mouse pad'in \u00fcst k\u0131sm\u0131n\u0131 olu\u015fturan p\u00fcr\u00fczs\u00fcz polyester malzeme ile ba\u011flan\u0131r, b\u00f6ylece tasar\u0131m\u0131n soyulmas\u0131 veya solmas\u0131 konusunda endi\u015felenmenize gerek kalmaz.<\/div>\n<div>*Geni\u015f Uygulanabilirlik: Her t\u00fcr fare, lazer ve optik i\u00e7in kullan\u0131labilir. G\u00fcnl\u00fck kullan\u0131m i\u00e7in ideal boyut.<\/div>\n<div><strong>\u00d6zellikler:<\/strong><\/div>\n<div>Malzeme : Kau\u00e7uk + kuma\u015f<\/div>\n<div>Sizes : 30x60cm,30x70cm,30x80cm,40x70cm,40x80cm,40x90cm,50x100cm<\/div>\n<div>Kal\u0131nl\u0131k: 2\/3\/4\/5mm<\/div>\n<div>Paket i\u00e7eri\u011fi: 1 x Mouse Pad<\/div>\n<div>Not: Paketi a\u00e7t\u0131\u011f\u0131n\u0131zda bazen hafif bir lastik kokusu olacakt\u0131r, bu normaldir ve birka\u00e7 g\u00fcn i\u00e7inde ge\u00e7ecektir.<\/div>\n<div>Uzun mesafeli ta\u015f\u0131madan sonra, boyut sapmas\u0131 0,5-1,5 cm'dir, bu normal bir fenomendir Anlay\u0131\u015f\u0131n\u0131z i\u00e7in te\u015fekk\u00fcrler.<\/div>","protected":false},"excerpt":{"rendered":"<p>Ki\u015fiselle\u015ftirilmi\u015f Sanat Oyun Mouse Pad Gamer B\u00fcy\u00fck tapis de souris anime Kau\u00e7uk Kilitleme Kenar\u0131 B\u00fcy\u00fck Bilgisayar Mousepad Diz\u00fcst\u00fc Masa Mat<\/p>","protected":false},"featured_media":1405,"comment_status":"open","ping_status":"closed","template":"","meta":{"_seopress_robots_primary_cat":"none","_seopress_titles_title":"","_seopress_titles_desc":"","_seopress_robots_index":""},"product_brand":[],"product_cat":[100],"product_tag":[107,134,103],"class_list":{"0":"post-1402","1":"product","2":"type-product","3":"status-publish","4":"has-post-thumbnail","6":"product_cat-gaming-mousepad","7":"product_tag-anime","8":"product_tag-factory","9":"product_tag-gaming","11":"first","12":"instock","13":"shipping-taxable","14":"purchasable","15":"product-type-variable"},"_links":{"self":[{"href":"https:\/\/rgbmousepad.com\/tr\/wp-json\/wp\/v2\/product\/1402","targetHints":{"allow":["GET"]}}],"collection":[{"href":"https:\/\/rgbmousepad.com\/tr\/wp-json\/wp\/v2\/product"}],"about":[{"href":"https:\/\/rgbmousepad.com\/tr\/wp-json\/wp\/v2\/types\/product"}],"replies":[{"embeddable":true,"href":"https:\/\/rgbmousepad.com\/tr\/wp-json\/wp\/v2\/comments?post=1402"}],"wp:featuredmedia":[{"embeddable":true,"href":"https:\/\/rgbmousepad.com\/tr\/wp-json\/wp\/v2\/media\/1405"}],"wp:attachment":[{"href":"https:\/\/rgbmousepad.com\/tr\/wp-json\/wp\/v2\/media?parent=1402"}],"wp:term":[{"taxonomy":"product_brand","embeddable":true,"href":"https:\/\/rgbmousepad.com\/tr\/wp-json\/wp\/v2\/product_brand?post=1402"},{"taxonomy":"product_cat","embeddable":true,"href":"https:\/\/rgbmousepad.com\/tr\/wp-json\/wp\/v2\/product_cat?post=1402"},{"taxonomy":"product_tag","embeddable":true,"href":"https:\/\/rgbmousepad.com\/tr\/wp-json\/wp\/v2\/product_tag?post=1402"}],"curies":[{"name":"wp","href":"https:\/\/api.w.org\/{rel}","templated":true}]}}