{"id":1384,"date":"2023-10-25T11:36:33","date_gmt":"2023-10-25T03:36:33","guid":{"rendered":"https:\/\/rgbmousepad.com\/?post_type=product&#038;p=1384"},"modified":"2023-10-25T11:36:33","modified_gmt":"2023-10-25T03:36:33","slug":"rgb-mousepad-suppliers","status":"publish","type":"product","link":"https:\/\/rgbmousepad.com\/tr\/urun\/rgb-mousepad-suppliers\/","title":{"rendered":"Geni\u015fletilmi\u015f XXL Oyun RGB Mousepad Tedarik\u00e7isi"},"content":{"rendered":"<table class=\"hight-light-first-column all magic-1\">\n<tbody>\n<tr>\n<td colspan=\"1\" rowspan=\"1\">\n<div class=\"magic-2\">\u00dcr\u00fcn Tipi:<\/div>\n<\/td>\n<td colspan=\"1\" rowspan=\"1\">\n<div class=\"magic-3\">RGB b\u00fcy\u00fck oyun mouse pad'i<\/div>\n<\/td>\n<\/tr>\n<tr>\n<td colspan=\"1\" rowspan=\"1\">\n<div class=\"magic-2\">Malzeme:<\/div>\n<\/td>\n<td colspan=\"1\" rowspan=\"1\">\n<div class=\"magic-3\">Kau\u00e7uk Taban+bez<\/div>\n<\/td>\n<\/tr>\n<tr>\n<td colspan=\"1\" rowspan=\"1\">\n<div class=\"magic-2\">Boyut (standart):<\/div>\n<\/td>\n<td colspan=\"1\" rowspan=\"1\">\n<div class=\"magic-3\">800*300*4mm<\/div>\n<\/td>\n<\/tr>\n<tr>\n<td colspan=\"1\" rowspan=\"1\">\n<div class=\"magic-2\">Paketleme:<\/div>\n<\/td>\n<td colspan=\"1\" rowspan=\"1\">\n<div class=\"magic-3\">Ka\u011f\u0131t kutu, blister, beyaz kutu, renkli kutu veya \u00f6zelle\u015ftirilebilir<\/div>\n<\/td>\n<\/tr>\n<tr>\n<td colspan=\"1\" rowspan=\"1\">\n<div class=\"magic-2\">Miktar:<\/div>\n<\/td>\n<td colspan=\"1\" rowspan=\"1\">\n<div class=\"magic-3\">25 Adet\/CTN<\/div>\n<\/td>\n<\/tr>\n<tr>\n<td colspan=\"1\" rowspan=\"1\">\n<div class=\"magic-2\">Fiyat ko\u015fullar\u0131:<\/div>\n<\/td>\n<td colspan=\"1\" rowspan=\"1\">\n<div class=\"magic-3\">EXW, FOB, CIF, Ekspres<\/div>\n<\/td>\n<\/tr>\n<tr>\n<td colspan=\"1\" rowspan=\"1\">\n<div class=\"magic-2\">\u00d6rnek terimler:<\/div>\n<\/td>\n<td colspan=\"1\" rowspan=\"1\">\n<div class=\"magic-3\">Mevcut \u00f6rnek i\u00e7in \u00fccretsiz, 30USD \/ Tasar\u0131m \u00f6zel \u00f6rnek, nakliye \u00fccreti sizindir<\/div>\n<\/td>\n<\/tr>\n<tr>\n<td colspan=\"1\" rowspan=\"1\">\n<div class=\"magic-2\">Teslimat:<\/div>\n<\/td>\n<td colspan=\"1\" rowspan=\"1\">\n<div class=\"magic-3\">T\u00fcm detaylar\u0131 onaylad\u0131ktan 20 g\u00fcn sonra<\/div>\n<\/td>\n<\/tr>\n<tr>\n<td colspan=\"1\" rowspan=\"1\">\n<div class=\"magic-2\">\u00d6deme:<\/div>\n<\/td>\n<td colspan=\"1\" rowspan=\"1\">\n<div class=\"magic-3\" data-spm-anchor-id=\"a2700.details.0.i50.6f312544kt4mAr\">30% depozito avans, sevkiyat \u00f6ncesi veya B \/ L'ye kar\u015f\u0131 \u00f6denen bakiye<\/div>\n<\/td>\n<\/tr>\n<\/tbody>\n<\/table>\n<p><img fetchpriority=\"high\" decoding=\"async\" class=\"alignnone size-medium wp-image-1391\" src=\"https:\/\/rgbmousepad.com\/wp-content\/uploads\/2023\/10\/6-1-300x300.jpg\" alt=\"\" width=\"300\" height=\"300\" srcset=\"https:\/\/rgbmousepad.com\/wp-content\/uploads\/2023\/10\/6-1-300x300.jpg 300w, https:\/\/rgbmousepad.com\/wp-content\/uploads\/2023\/10\/6-1-150x150.jpg 150w, https:\/\/rgbmousepad.com\/wp-content\/uploads\/2023\/10\/6-1-768x768.jpg 768w, https:\/\/rgbmousepad.com\/wp-content\/uploads\/2023\/10\/6-1-600x600.jpg 600w, https:\/\/rgbmousepad.com\/wp-content\/uploads\/2023\/10\/6-1-100x100.jpg 100w, https:\/\/rgbmousepad.com\/wp-content\/uploads\/2023\/10\/6-1.jpg 1000w\" sizes=\"(max-width: 300px) 100vw, 300px\" \/> <img decoding=\"async\" class=\"alignnone size-medium wp-image-1390\" src=\"https:\/\/rgbmousepad.com\/wp-content\/uploads\/2023\/10\/5-4-300x300.jpg\" alt=\"\" width=\"300\" height=\"300\" srcset=\"https:\/\/rgbmousepad.com\/wp-content\/uploads\/2023\/10\/5-4-300x300.jpg 300w, https:\/\/rgbmousepad.com\/wp-content\/uploads\/2023\/10\/5-4-1024x1024.jpg 1024w, https:\/\/rgbmousepad.com\/wp-content\/uploads\/2023\/10\/5-4-150x150.jpg 150w, https:\/\/rgbmousepad.com\/wp-content\/uploads\/2023\/10\/5-4-768x768.jpg 768w, https:\/\/rgbmousepad.com\/wp-content\/uploads\/2023\/10\/5-4-600x600.jpg 600w, https:\/\/rgbmousepad.com\/wp-content\/uploads\/2023\/10\/5-4-100x100.jpg 100w, https:\/\/rgbmousepad.com\/wp-content\/uploads\/2023\/10\/5-4.jpg 1500w\" sizes=\"(max-width: 300px) 100vw, 300px\" \/> <img decoding=\"async\" class=\"alignnone size-medium wp-image-1296\" src=\"https:\/\/rgbmousepad.com\/wp-content\/uploads\/2023\/10\/10-300x300.jpg\" alt=\"\" width=\"300\" height=\"300\" srcset=\"https:\/\/rgbmousepad.com\/wp-content\/uploads\/2023\/10\/10-300x300.jpg 300w, https:\/\/rgbmousepad.com\/wp-content\/uploads\/2023\/10\/10-1024x1024.jpg 1024w, https:\/\/rgbmousepad.com\/wp-content\/uploads\/2023\/10\/10-150x150.jpg 150w, https:\/\/rgbmousepad.com\/wp-content\/uploads\/2023\/10\/10-768x768.jpg 768w, https:\/\/rgbmousepad.com\/wp-content\/uploads\/2023\/10\/10-600x600.jpg 600w, https:\/\/rgbmousepad.com\/wp-content\/uploads\/2023\/10\/10-100x100.jpg 100w, https:\/\/rgbmousepad.com\/wp-content\/uploads\/2023\/10\/10.jpg 1500w\" sizes=\"(max-width: 300px) 100vw, 300px\" \/> <img loading=\"lazy\" decoding=\"async\" class=\"alignnone size-medium wp-image-1200\" src=\"https:\/\/rgbmousepad.com\/wp-content\/uploads\/2023\/10\/4-300x224.webp\" alt=\"\" width=\"300\" height=\"224\" srcset=\"https:\/\/rgbmousepad.com\/wp-content\/uploads\/2023\/10\/4-300x224.webp 300w, https:\/\/rgbmousepad.com\/wp-content\/uploads\/2023\/10\/4-768x573.webp 768w, https:\/\/rgbmousepad.com\/wp-content\/uploads\/2023\/10\/4-600x448.webp 600w, https:\/\/rgbmousepad.com\/wp-content\/uploads\/2023\/10\/4.webp 800w\" sizes=\"(max-width: 300px) 100vw, 300px\" \/> <img loading=\"lazy\" decoding=\"async\" class=\"alignnone size-medium wp-image-1199\" src=\"https:\/\/rgbmousepad.com\/wp-content\/uploads\/2023\/10\/3-300x261.webp\" alt=\"\" width=\"300\" height=\"261\" srcset=\"https:\/\/rgbmousepad.com\/wp-content\/uploads\/2023\/10\/3-300x261.webp 300w, https:\/\/rgbmousepad.com\/wp-content\/uploads\/2023\/10\/3-768x667.webp 768w, https:\/\/rgbmousepad.com\/wp-content\/uploads\/2023\/10\/3-600x521.webp 600w, https:\/\/rgbmousepad.com\/wp-content\/uploads\/2023\/10\/3.webp 800w\" sizes=\"(max-width: 300px) 100vw, 300px\" \/> <img loading=\"lazy\" decoding=\"async\" class=\"alignnone size-medium wp-image-1091\" src=\"https:\/\/rgbmousepad.com\/wp-content\/uploads\/2023\/10\/mousepad-swich-300x297.jpg\" alt=\"\" width=\"300\" height=\"297\" srcset=\"https:\/\/rgbmousepad.com\/wp-content\/uploads\/2023\/10\/mousepad-swich-300x297.jpg 300w, https:\/\/rgbmousepad.com\/wp-content\/uploads\/2023\/10\/mousepad-swich-150x150.jpg 150w, https:\/\/rgbmousepad.com\/wp-content\/uploads\/2023\/10\/mousepad-swich-768x761.jpg 768w, https:\/\/rgbmousepad.com\/wp-content\/uploads\/2023\/10\/mousepad-swich-600x595.jpg 600w, https:\/\/rgbmousepad.com\/wp-content\/uploads\/2023\/10\/mousepad-swich-100x100.jpg 100w, https:\/\/rgbmousepad.com\/wp-content\/uploads\/2023\/10\/mousepad-swich.jpg 790w\" sizes=\"(max-width: 300px) 100vw, 300px\" \/><\/p>","protected":false},"excerpt":{"rendered":"<p>\u00d6zel Parlayan Led Geni\u015fletilmi\u015f XXL RGB Fare Mat Kaymaz USB Kau\u00e7uk Taban Bilgisayar Klavye Pad Mat LED RGB mouse pad<\/p>","protected":false},"featured_media":1387,"comment_status":"open","ping_status":"closed","template":"","meta":{"_seopress_robots_primary_cat":"","_seopress_titles_title":"","_seopress_titles_desc":"","_seopress_robots_index":""},"product_brand":[],"product_cat":[97],"product_tag":[103,92,133],"class_list":{"0":"post-1384","1":"product","2":"type-product","3":"status-publish","4":"has-post-thumbnail","6":"product_cat-rgb-mousepad","7":"product_tag-gaming","8":"product_tag-rgb","9":"product_tag-supplier","11":"first","12":"instock","13":"shipping-taxable","14":"purchasable","15":"product-type-variable"},"_links":{"self":[{"href":"https:\/\/rgbmousepad.com\/tr\/wp-json\/wp\/v2\/product\/1384","targetHints":{"allow":["GET"]}}],"collection":[{"href":"https:\/\/rgbmousepad.com\/tr\/wp-json\/wp\/v2\/product"}],"about":[{"href":"https:\/\/rgbmousepad.com\/tr\/wp-json\/wp\/v2\/types\/product"}],"replies":[{"embeddable":true,"href":"https:\/\/rgbmousepad.com\/tr\/wp-json\/wp\/v2\/comments?post=1384"}],"wp:featuredmedia":[{"embeddable":true,"href":"https:\/\/rgbmousepad.com\/tr\/wp-json\/wp\/v2\/media\/1387"}],"wp:attachment":[{"href":"https:\/\/rgbmousepad.com\/tr\/wp-json\/wp\/v2\/media?parent=1384"}],"wp:term":[{"taxonomy":"product_brand","embeddable":true,"href":"https:\/\/rgbmousepad.com\/tr\/wp-json\/wp\/v2\/product_brand?post=1384"},{"taxonomy":"product_cat","embeddable":true,"href":"https:\/\/rgbmousepad.com\/tr\/wp-json\/wp\/v2\/product_cat?post=1384"},{"taxonomy":"product_tag","embeddable":true,"href":"https:\/\/rgbmousepad.com\/tr\/wp-json\/wp\/v2\/product_tag?post=1384"}],"curies":[{"name":"wp","href":"https:\/\/api.w.org\/{rel}","templated":true}]}}