{"id":1286,"date":"2023-10-24T11:16:32","date_gmt":"2023-10-24T03:16:32","guid":{"rendered":"https:\/\/rgbmousepad.com\/?post_type=product&#038;p=1286"},"modified":"2024-03-11T11:54:21","modified_gmt":"2024-03-11T03:54:21","slug":"new-luminous-mouse-pads","status":"publish","type":"product","link":"https:\/\/rgbmousepad.com\/tr\/urun\/new-luminous-mouse-pads\/","title":{"rendered":"Ayd\u0131nl\u0131k Mouse Pad \u00d6zelle\u015ftirilebilir Desenler \u00dcretici"},"content":{"rendered":"<div class=\"elementor-element elementor-element-1766ea6 elementor-widget elementor-widget-heading\" data-id=\"1766ea6\" data-element_type=\"widget\" data-widget_type=\"heading.default\">\n<div class=\"elementor-widget-container\">\n<div id=\"ali-anchor-AliPostDhMb-80is8\" class=\"mceSectionContainer\" style=\"color: #000000; font-family: Arial; font-size: 12px; font-style: normal; font-weight: 400; padding-top: 8px;\" data-section=\"AliPostDhMb-80is8\" data-section-title=\"Product Description\">\n<div style=\"padding: 10px 0px;\">\n<div style=\"margin: 0px; padding: 0px; border: 0px; font-style: normal; font-weight: 400; font-size: 12px; line-height: inherit; font-family: Arial; vertical-align: baseline; color: #000000;\">\n<p>Yeni \u00d6zel Model Amazon \u00c7ok Satan Patentli \u00dcr\u00fcn \u00dcr\u00fcn Ad\u0131: RGB Ayd\u0131nlatmal\u0131 Mouse Pad<\/p>\n<p>\u00dcr\u00fcn A\u011f\u0131rl\u0131\u011f\u0131:<\/p>\n<ul>\n<li>900<em>400<\/em>4mm (A\u011f\u0131rl\u0131k 900-950g)<\/li>\n<li>800<em>300<\/em>4mm (A\u011f\u0131rl\u0131k 630-660g)<\/li>\n<li>300<em>250<\/em>4mm (A\u011f\u0131rl\u0131k 300-350g)<\/li>\n<\/ul>\n<p>Karton Boyutu: 48*<em>48*<\/em>35cm, 25 adet, 17KG<\/p>\n<p>7 D\u00fcz Renk, 14 Mod: Mavi, K\u0131rm\u0131z\u0131, Ye\u015fil, Beyaz, Mor, Camg\u00f6be\u011fi, Sar\u0131 Solunum Modu, Ko\u015fan At Modu<\/p>\n<p>Haf\u0131za Fonksiyonu: Kapatma Haf\u0131za Fonksiyonu<\/p>\n<p>\u00dcr\u00fcn Aray\u00fcz\u00fc: C Tipi Aray\u00fcz<\/p>\n<p>G\u00fc\u00e7 Kayna\u011f\u0131: 5V<\/p>\n<p>Paketleme \u0130ngilizce Renkli Kutu<\/p>\n<p>\u00d6zelle\u015ftirilebilir: Logo Tasar\u0131m\u0131, Ka\u011f\u0131t Kutu Ambalaj\u0131, Boyutlar<\/p>\n<p style=\"margin: 0px; padding: 0px; border: 0px; vertical-align: baseline;\"><span style=\"margin: 0px; padding: 0px; border: 0px; font-style: inherit; font-weight: inherit; font-size: 20px; line-height: 30px; vertical-align: baseline;\"><strong>Paket i\u00e7eri\u011fi:<\/strong><\/span><span style=\"margin: 0px; padding: 0px; border: 0px; font-style: inherit; font-weight: inherit; font-size: 16px; line-height: 24px; vertical-align: baseline;\"> 1* RGB mouse pad, 1* C Tipi kablo<\/span><\/p>\n<p style=\"margin: 0px; padding: 0px; border: 0px; vertical-align: baseline;\"><span style=\"margin: 0px; padding: 0px; border: 0px; font-style: inherit; font-weight: inherit; font-size: inherit; line-height: 18px; vertical-align: baseline; color: #ff0000;\"><span style=\"margin: 0px; padding: 0px; border: 0px; font-style: inherit; font-weight: inherit; font-size: 16px; line-height: 24px; vertical-align: baseline;\">Not:<\/span><\/span><\/p>\n<p style=\"margin: 0px; padding: 0px; border: 0px; vertical-align: baseline;\"><span style=\"margin: 0px; padding: 0px; border: 0px; font-style: inherit; font-weight: inherit; font-size: 16px; line-height: 24px; vertical-align: baseline; color: #ff0000;\">a\u00e7mak\/renk de\u011fi\u015ftirmek i\u00e7in bir kez bas\u0131n<\/span><\/p>\n<p style=\"margin: 0px; padding: 0px; border: 0px; vertical-align: baseline;\"><span style=\"margin: 0px; padding: 0px; border: 0px; font-style: inherit; font-weight: inherit; font-size: inherit; line-height: 18px; vertical-align: baseline; color: #ff0000;\"><span style=\"margin: 0px; padding: 0px; border: 0px; font-style: inherit; font-weight: inherit; font-size: 16px; line-height: 24px; vertical-align: baseline;\">parlakl\u0131\u011f\u0131 ayarlamak i\u00e7in iki kez h\u0131zl\u0131ca bas\u0131n<\/span><\/span><\/p>\n<div style=\"margin: 0px; padding: 0px; border: 0px; vertical-align: baseline;\"><span style=\"margin: 0px; padding: 0px; border: 0px; font-style: inherit; font-weight: inherit; font-size: inherit; line-height: 18px; vertical-align: baseline; color: #ff0000;\"><span style=\"margin: 0px; padding: 0px; border: 0px; font-style: inherit; font-weight: inherit; font-size: 16px; line-height: 24px; vertical-align: baseline;\">kapatmak i\u00e7in 3 saniye uzun bas\u0131n<\/span><\/span><\/div>\n<\/div>\n<\/div>\n<\/div>\n<div style=\"color: #000000; font-family: Arial; font-size: 12px; font-style: normal; font-weight: 400;\">\n<p style=\"margin: 0px; padding: 0px;\">\n<\/div>\n<\/div>\n<\/div>","protected":false},"excerpt":{"rendered":"<p>Fabrika en son Amazon pop\u00fcler rgb mousepad<\/p>","protected":false},"featured_media":1289,"comment_status":"open","ping_status":"closed","template":"","meta":{"_seopress_robots_primary_cat":"none","_seopress_titles_title":"","_seopress_titles_desc":"","_seopress_robots_index":""},"product_brand":[],"product_cat":[97],"product_tag":[103,130],"class_list":{"0":"post-1286","1":"product","2":"type-product","3":"status-publish","4":"has-post-thumbnail","6":"product_cat-rgb-mousepad","7":"product_tag-gaming","8":"product_tag-manufacturer","10":"first","11":"instock","12":"shipping-taxable","13":"purchasable","14":"product-type-variable"},"_links":{"self":[{"href":"https:\/\/rgbmousepad.com\/tr\/wp-json\/wp\/v2\/product\/1286","targetHints":{"allow":["GET"]}}],"collection":[{"href":"https:\/\/rgbmousepad.com\/tr\/wp-json\/wp\/v2\/product"}],"about":[{"href":"https:\/\/rgbmousepad.com\/tr\/wp-json\/wp\/v2\/types\/product"}],"replies":[{"embeddable":true,"href":"https:\/\/rgbmousepad.com\/tr\/wp-json\/wp\/v2\/comments?post=1286"}],"wp:featuredmedia":[{"embeddable":true,"href":"https:\/\/rgbmousepad.com\/tr\/wp-json\/wp\/v2\/media\/1289"}],"wp:attachment":[{"href":"https:\/\/rgbmousepad.com\/tr\/wp-json\/wp\/v2\/media?parent=1286"}],"wp:term":[{"taxonomy":"product_brand","embeddable":true,"href":"https:\/\/rgbmousepad.com\/tr\/wp-json\/wp\/v2\/product_brand?post=1286"},{"taxonomy":"product_cat","embeddable":true,"href":"https:\/\/rgbmousepad.com\/tr\/wp-json\/wp\/v2\/product_cat?post=1286"},{"taxonomy":"product_tag","embeddable":true,"href":"https:\/\/rgbmousepad.com\/tr\/wp-json\/wp\/v2\/product_tag?post=1286"}],"curies":[{"name":"wp","href":"https:\/\/api.w.org\/{rel}","templated":true}]}}