{"id":1101,"date":"2023-10-07T10:09:57","date_gmt":"2023-10-07T02:09:57","guid":{"rendered":"https:\/\/rgbmousepad.com\/?page_id=1101"},"modified":"2023-10-07T10:09:58","modified_gmt":"2023-10-07T02:09:58","slug":"sitemap","status":"publish","type":"page","link":"https:\/\/rgbmousepad.com\/tr\/sitemap\/","title":{"rendered":"Site Haritas\u0131"},"content":{"rendered":"<pre class=\"wp-block-code\"><code><\/code><\/pre>\n\n\n<div class=\"wp-block-wpseopress-sitemap\"><div class=\"wrap-html-sitemap sp-html-sitemap\"><div class=\"sp-wrap-cpt\"><h2 class=\"sp-cpt-name\">Sayfalar<\/h2><ul class=\"sp-list-posts sp-cpt-hierarchical\"><li class=\"page_item page-item-1101\"><a href=\"https:\/\/rgbmousepad.com\/tr\/sitemap\/\">Site Haritas\u0131<\/a><\/li><li class=\"page_item page-item-427\"><a href=\"https:\/\/rgbmousepad.com\/tr\/thank-you\/\">Te\u015fekk\u00fcr ederim<\/a><\/li><li class=\"page_item page-item-102 current_page_parent\"><a href=\"https:\/\/rgbmousepad.com\/tr\/blog\/\">BLOG<\/a><\/li><li class=\"page_item page-item-101\"><a href=\"https:\/\/rgbmousepad.com\/tr\/contact\/\">\u0130LET\u0130\u015e\u0130M<\/a><\/li><li class=\"page_item page-item-100\"><a href=\"https:\/\/rgbmousepad.com\/tr\/about\/\">HAKKINDA<\/a><\/li><li class=\"page_item page-item-99\"><a href=\"https:\/\/rgbmousepad.com\/tr\/product\/\">\u00dcR\u00dcN<\/a><\/li><li class=\"page_item page-item-98\"><a href=\"https:\/\/rgbmousepad.com\/tr\/\">ANA SAYFA<\/a><\/li><\/ul><\/div><div class=\"sp-wrap-cpt\"><h2 class=\"sp-cpt-name\">Yaz\u0131lar<\/h2><div class=\"sp-wrap-cats\"><div class=\"sp-wrap-cat\"><h3 class=\"sp-cat-name\"><a href=\"https:\/\/rgbmousepad.com\/tr\/category\/blog\/\">Blog<\/a><\/h3><ul class=\"sp-list-posts\"><li><a href=\"https:\/\/rgbmousepad.com\/tr\/why-premium-brands-choose-poron-material-for-mouse-pads\/\">Why Premium Brands Choose Poron Material for Mouse Pads<\/a> &#8211; 3 Nisan 2026<\/li><li><a href=\"https:\/\/rgbmousepad.com\/tr\/poron-mouse-pad-material\/\">Poron Mouse Pad vs Rubber: Which Is Better for Gaming?<\/a> &#8211; 3 Nisan 2026<\/li><li><a href=\"https:\/\/rgbmousepad.com\/tr\/poron-mouse-pads\/\">Poron Mouse Pads: The OEM Guide to Precision, Durability, and Comfort<\/a> &#8211; 3 Nisan 2026<\/li><li><a href=\"https:\/\/rgbmousepad.com\/tr\/mouse-pad-manufacturers\/\">Top 10 Mouse Pad Manufacturers in the World (2026)<\/a> &#8211; 1 Nisan 2026<\/li><li><a href=\"https:\/\/rgbmousepad.com\/tr\/buying-gaming-mouse-pad-xxxxl\/\">Oyun Mouse Pad XXXXL Testi veya Kar\u015f\u0131la\u015ft\u0131rmas\u0131 i\u00e7in Sat\u0131n Alma Rehberi: Ki\u015fisel Test Kazanan\u0131n\u0131z \u0130\u00e7in Rehberimiz!<\/a> - 20 Haziran 2024<\/li><li><a href=\"https:\/\/rgbmousepad.com\/tr\/what-are-mouse-pads-made-of\/\">Fare Altl\u0131klar\u0131 Nelerden Yap\u0131l\u0131r? Malzemeler ve \u00dcretim Hakk\u0131nda Kapsaml\u0131 Bir K\u0131lavuz<\/a> - 4 Haziran 2024<\/li><li><a href=\"https:\/\/rgbmousepad.com\/tr\/mouse-pad-material\/\">Mouse Pad Malzemesi Kau\u00e7uk - Nedir?<\/a> - 4 Haziran 2024<\/li><li><a href=\"https:\/\/rgbmousepad.com\/tr\/mouse-pad-choose\/\">Hangi Mouse Pad'i Se\u00e7melisiniz?<\/a> - 21 May\u0131s 2024<\/li><li><a href=\"https:\/\/rgbmousepad.com\/tr\/how-to-choose-mouse-pad\/\">\u0130htiya\u00e7lar\u0131n\u0131z i\u00e7in Do\u011fru Mouse Pad Nas\u0131l Se\u00e7ilir<\/a> - 1 Nisan 2024<\/li><li><a href=\"https:\/\/rgbmousepad.com\/tr\/how-to-use-rgb\/\">\u041a\u0430\u043a \u043f\u0440\u0430\u0432\u0438\u043b\u044c\u043d\u043e \u0438\u0441\u043f\u043e\u043b\u044c\u0437\u043e\u0432\u0430\u0442\u044c \u0441\u0432\u0435\u0442\u044f\u0449\u0438\u0439\u0441\u044f \u043a\u043e\u0432\u0440\u0438\u043a \u0434\u043b\u044f \u043c\u044b\u0448\u0438?<\/a> - 11 Mart 2024<\/li><li><a href=\"https:\/\/rgbmousepad.com\/tr\/what-material-is-the-mouse-pad-made-of\/\">Mouse Pad Hangi Malzemeden Yap\u0131lm\u0131\u015ft\u0131r?<\/a> - 24 Ocak 2024<\/li><li><a href=\"https:\/\/rgbmousepad.com\/tr\/waterproof-fabric-of-the-mouse-pad-made\/\">Mouse Pad'in Su Ge\u00e7irmez Kuma\u015f\u0131 Nas\u0131l Yap\u0131lm\u0131\u015ft\u0131r?<\/a> - 16 Ocak 2024<\/li><li><a href=\"https:\/\/rgbmousepad.com\/tr\/the-evolution-of-mouse-pads\/\">Mouse Pad'lerin Evrimi: Tarih Boyunca Bir Yolculuk<\/a> - 14 Aral\u0131k 2023<\/li><li><a href=\"https:\/\/rgbmousepad.com\/tr\/process-of-mouse-pads\/\">Mouse Pad'ler Nas\u0131l \u00dcretilir? Mouse Pad'lerin \u00dcretim S\u00fcrecinin Analizi<\/a> - 31 Ekim 2023<\/li><li><a href=\"https:\/\/rgbmousepad.com\/tr\/best-material-for-mouse-pad\/\">Mouse Pad \u00dcretimi i\u00e7in En \u0130yi Malzemeyi Se\u00e7mek<\/a> - 17 Ekim 2023<\/li><li><a href=\"https:\/\/rgbmousepad.com\/tr\/how-rgb-mouse-pads-work\/\">RGB Mouse Pad'ler Nas\u0131l \u00c7al\u0131\u015f\u0131r: \u00c7al\u0131\u015fma Alan\u0131n\u0131z\u0131 Ayd\u0131nlat\u0131r<\/a> - 16 Ekim 2023<\/li><li><a href=\"https:\/\/rgbmousepad.com\/tr\/use-rgb-mousepad\/\">I\u015f\u0131kl\u0131 mouse pad nas\u0131l do\u011fru kullan\u0131l\u0131r?<\/a> - 6 Ekim 2023<\/li><\/ul><\/div><\/div><\/div><div class=\"sp-wrap-cpt\"><h2 class=\"sp-cpt-name\">\u00dcr\u00fcnler<\/h2><div class=\"sp-archive-link\"><a href=\"https:\/\/rgbmousepad.com\/tr\/product\/\">View all \u00dcr\u00fcnler<\/a><\/div><div class=\"sp-wrap-cats\"><div class=\"sp-wrap-cat\"><h3 class=\"sp-cat-name\"><a href=\"https:\/\/rgbmousepad.com\/tr\/productcategory\/wrist-mousepad\/boob-mouse-pad\/\">g\u00f6\u011f\u00fcs fare altl\u0131\u011f\u0131<\/a><\/h3><ul class=\"sp-list-posts\"><li><a href=\"https:\/\/rgbmousepad.com\/tr\/urun\/wrist-mousepads\/\">Bilek Dayana\u011f\u0131 3D Yumu\u015fak Oyun Mouse Pad'i<\/a> - 6 Ekim 2023<\/li><\/ul><\/div><div class=\"sp-wrap-cat\"><h3 class=\"sp-cat-name\"><a href=\"https:\/\/rgbmousepad.com\/tr\/productcategory\/chair-mats\/\">Sandalye Paspaslar\u0131<\/a><\/h3><ul class=\"sp-list-posts\"><li><a href=\"https:\/\/rgbmousepad.com\/tr\/urun\/chair-mats-factory\/\">Kaymaz Yuvarlak Kau\u00e7uk Oyun Koltu\u011fu Paspaslar\u0131 Fabrikas\u0131<\/a> - 16 May\u0131s 2024<\/li><li><a href=\"https:\/\/rgbmousepad.com\/tr\/urun\/heated-mousepads\/\">Ak\u0131ll\u0131 Is\u0131tmal\u0131 Mouse Pad<\/a> - 6 Ekim 2023<\/li><\/ul><\/div><div class=\"sp-wrap-cat\"><h3 class=\"sp-cat-name\"><a href=\"https:\/\/rgbmousepad.com\/tr\/productcategory\/gaming-mousepad\/\">Oyun Mouse Padleri<\/a><\/h3><ul class=\"sp-list-posts\"><li><a href=\"https:\/\/rgbmousepad.com\/tr\/urun\/desk-mat-manufacturers\/\">Oyun i\u00e7in B\u00fcy\u00fck Mouse Pad XXXXL Masa Paspas\u0131 \u00dcreticileri<\/a> - 28 May\u0131s 2024<\/li><li><a href=\"https:\/\/rgbmousepad.com\/tr\/urun\/xxxxl-gaming-mouse-pad\/\">XXXXL Oyun Mouse Pad Ekstra B\u00fcy\u00fck Mouse Mat Tedarik\u00e7iler<\/a> - 28 May\u0131s 2024<\/li><li><a href=\"https:\/\/rgbmousepad.com\/tr\/urun\/xxxxlmousepads\/\">Toptan XXXXL B\u00fcy\u00fck Oyun Mouse Pad Fabrikas\u0131<\/a> - 20 Mart 2024<\/li><li><a href=\"https:\/\/rgbmousepad.com\/tr\/urun\/roundmousepad\/\">Yuvarlak Sevimli Ki\u015fiselle\u015ftirilmi\u015f Mouse Pad \u00dcreticisi<\/a> - 19 Mart 2024<\/li><li><a href=\"https:\/\/rgbmousepad.com\/tr\/urun\/custom-gaming-mouse-pads\/\">\u00d6zel Oyun Mouse pad Kilit kenar\u0131 Tedarik\u00e7i<\/a> - 25 Ekim 2023<\/li><li><a href=\"https:\/\/rgbmousepad.com\/tr\/urun\/gaming-mousepads\/\">Kilitleme Kenar\u0131 Oyun Mousepad \u00d6zel Desen Tedarik\u00e7isi<\/a> - 6 Ekim 2023<\/li><\/ul><\/div><div class=\"sp-wrap-cat\"><h3 class=\"sp-cat-name\"><a href=\"https:\/\/rgbmousepad.com\/tr\/productcategory\/leather-mousepad\/\">Deri Mouse Pad'ler<\/a><\/h3><ul class=\"sp-list-posts\"><li><a href=\"https:\/\/rgbmousepad.com\/tr\/urun\/leather-mousepads\/\">PU Deri Su Ge\u00e7irmez Mouse Pad \u00dcreticisi<\/a> - 6 Ekim 2023<\/li><\/ul><\/div><div class=\"sp-wrap-cat\"><h3 class=\"sp-cat-name\"><a href=\"https:\/\/rgbmousepad.com\/tr\/productcategory\/wrist-mousepad\/\">Bileklikli Mouse Pad<\/a><\/h3><ul class=\"sp-list-posts\"><li><a href=\"https:\/\/rgbmousepad.com\/tr\/urun\/wrist-mousepads\/\">Bilek Dayana\u011f\u0131 3D Yumu\u015fak Oyun Mouse Pad'i<\/a> - 6 Ekim 2023<\/li><\/ul><\/div><div class=\"sp-wrap-cat\"><h3 class=\"sp-cat-name\"><a href=\"https:\/\/rgbmousepad.com\/tr\/productcategory\/rgb-mousepad\/\">RGB Mouse Pad'ler<\/a><\/h3><ul class=\"sp-list-posts\"><li><a href=\"https:\/\/rgbmousepad.com\/tr\/urun\/surface-illuminated-mouse-pad\/\">Firelll RGB-03 Chasing Light E-spor Y\u00fczey Ayd\u0131nlatmal\u0131 Mouse Pad \u00dcreticileri<\/a> - 29 A\u011fustos 2024<\/li><li><a href=\"https:\/\/rgbmousepad.com\/tr\/urun\/rgb-mousepad-suppliers\/\">Geni\u015fletilmi\u015f XXL Oyun RGB Mousepad Tedarik\u00e7isi<\/a> - 25 Ekim 2023<\/li><li><a href=\"https:\/\/rgbmousepad.com\/tr\/urun\/new-luminous-mouse-pads\/\">Ayd\u0131nl\u0131k Mouse Pad \u00d6zelle\u015ftirilebilir Desenler \u00dcretici<\/a> - 24 Ekim 2023<\/li><li><a href=\"https:\/\/rgbmousepad.com\/tr\/urun\/rgb-mousepads\/\">Toplu Ayd\u0131nl\u0131k Oyun RGB Mouse Pad'leri<\/a> - 14 Eyl\u00fcl 2023<\/li><\/ul><\/div><div class=\"sp-wrap-cat\"><h3 class=\"sp-cat-name\"><a href=\"https:\/\/rgbmousepad.com\/tr\/productcategory\/wireless-charging-mousepad\/\">Kablosuz \u015earjl\u0131 Mouse Pad'ler<\/a><\/h3><ul class=\"sp-list-posts\"><li><a href=\"https:\/\/rgbmousepad.com\/tr\/urun\/ds20-wireless-charging-desk\/\">DS20 15W RGB Kablosuz \u015earj Masas\u0131 Mat\u0131 Toplu<\/a> - 13 Haziran 2024<\/li><li><a href=\"https:\/\/rgbmousepad.com\/tr\/urun\/ds20-rgb-gaming-mousepad-with-wireless-charging-oem\/\">DS20 Kablosuz \u015earjl\u0131 RGB Oyun Mousepad'i OEM<\/a> - 25 May\u0131s 2024<\/li><li><a href=\"https:\/\/rgbmousepad.com\/tr\/urun\/wireless-charging-mouse-pads\/\">10W RGB Kablosuz \u015earjl\u0131 Mouse Pad<\/a> - 6 Ekim 2023<\/li><\/ul><\/div><div class=\"sp-wrap-cat\"><h3 class=\"sp-cat-name\"><a href=\"https:\/\/rgbmousepad.com\/tr\/productcategory\/gaming-mousepad\/xxxxl-mouse-pad\/\">XXXXL Mouse Pad<\/a><\/h3><ul class=\"sp-list-posts\"><li><a href=\"https:\/\/rgbmousepad.com\/tr\/urun\/desk-mat-manufacturers\/\">Oyun i\u00e7in B\u00fcy\u00fck Mouse Pad XXXXL Masa Paspas\u0131 \u00dcreticileri<\/a> - 28 May\u0131s 2024<\/li><li><a href=\"https:\/\/rgbmousepad.com\/tr\/urun\/xxxxl-gaming-mouse-pad\/\">XXXXL Oyun Mouse Pad Ekstra B\u00fcy\u00fck Mouse Mat Tedarik\u00e7iler<\/a> - 28 May\u0131s 2024<\/li><li><a href=\"https:\/\/rgbmousepad.com\/tr\/urun\/xxxxlmousepads\/\">Toptan XXXXL B\u00fcy\u00fck Oyun Mouse Pad Fabrikas\u0131<\/a> - 20 Mart 2024<\/li><\/ul><\/div><\/div><\/div><\/div><\/div>","protected":false},"excerpt":{"rendered":"","protected":false},"author":1,"featured_media":0,"parent":0,"menu_order":0,"comment_status":"closed","ping_status":"closed","template":"","meta":{"_seopress_robots_primary_cat":"","_seopress_titles_title":"","_seopress_titles_desc":"","_seopress_robots_index":"","footnotes":""},"class_list":["post-1101","page","type-page","status-publish","hentry"],"_links":{"self":[{"href":"https:\/\/rgbmousepad.com\/tr\/wp-json\/wp\/v2\/pages\/1101","targetHints":{"allow":["GET"]}}],"collection":[{"href":"https:\/\/rgbmousepad.com\/tr\/wp-json\/wp\/v2\/pages"}],"about":[{"href":"https:\/\/rgbmousepad.com\/tr\/wp-json\/wp\/v2\/types\/page"}],"author":[{"embeddable":true,"href":"https:\/\/rgbmousepad.com\/tr\/wp-json\/wp\/v2\/users\/1"}],"replies":[{"embeddable":true,"href":"https:\/\/rgbmousepad.com\/tr\/wp-json\/wp\/v2\/comments?post=1101"}],"version-history":[{"count":2,"href":"https:\/\/rgbmousepad.com\/tr\/wp-json\/wp\/v2\/pages\/1101\/revisions"}],"predecessor-version":[{"id":1105,"href":"https:\/\/rgbmousepad.com\/tr\/wp-json\/wp\/v2\/pages\/1101\/revisions\/1105"}],"wp:attachment":[{"href":"https:\/\/rgbmousepad.com\/tr\/wp-json\/wp\/v2\/media?parent=1101"}],"curies":[{"name":"wp","href":"https:\/\/api.w.org\/{rel}","templated":true}]}}