{"id":999,"date":"2023-10-06T11:52:02","date_gmt":"2023-10-06T03:52:02","guid":{"rendered":"https:\/\/rgbmousepad.com\/?post_type=product&#038;p=999"},"modified":"2024-05-28T09:38:42","modified_gmt":"2024-05-28T01:38:42","slug":"gaming-mousepads","status":"publish","type":"product","link":"https:\/\/rgbmousepad.com\/pt\/produto\/gaming-mousepads\/","title":{"rendered":"Mousepad para jogos com borda de travamento Fornecedor de padr\u00e3o personalizado"},"content":{"rendered":"<p>Caracter\u00edsticas:<\/p>\n<p>Bordas costuradas dur\u00e1veis: este mouse pad tem bordas delicadas que podem evitar o desgaste. Garante o uso prolongado sem deforma\u00e7\u00e3o e degomagem.<\/p>\n<p>Superf\u00edcie lisa: a textura \u00e9 mais densa. O mouse pode ser movido rapidamente e posicionado com precis\u00e3o para garantir um controle mais suave do mouse. Perfeito para seu laptop, computador e PC.<\/p>\n<p>Base de borracha antideslizante: o sombreamento denso e a base de borracha natural antideslizante podem segurar firmemente a \u00e1rea de trabalho. Material macio de primeira qualidade para seu conforto e controle do mouse.<\/p>\n<p>Design lav\u00e1vel e preven\u00e7\u00e3o contra desbotamento: esse tapete de mouse \u00e9 feito de um material que tem um \u00f3timo efeito de cor de bloqueio. As manchas de l\u00edquidos podem ser limpas com \u00e1gua para uso cont\u00ednuo. E n\u00e3o desbotar\u00e1 com a limpeza repetida.<\/p>\n<p>Cor : N\u00f3s nos esfor\u00e7amos para fornecer as impress\u00f5es mais coloridas. Usamos 6 cores para impress\u00e3o, enquanto a maioria dos concorrentes usa 4 cores, e usamos uma mistura propriet\u00e1ria de CMYK e cores neon para criar a mais ampla gama de cores poss\u00edvel.<br \/>\nProcesso de impress\u00e3o: Nosso mouse pad \u00e9 impresso e produzido com a ajuda de prensagem a quente e sublima\u00e7\u00e3o de tinta, que \u00e9 o processo de convers\u00e3o de s\u00f3lidos em gases. A alta temperatura da prensa de impress\u00e3o transforma a tinta em g\u00e1s e se une ao material de poli\u00e9ster liso que forma a parte superior do mouse pad, de modo que voc\u00ea n\u00e3o precisa se preocupar com a possibilidade de o desenho descascar ou desbotar.<\/p>\n<p>Ampla aplicabilidade: dispon\u00edvel para todos os tipos de mouse, laser e \u00f3ptico. Tamanho ideal para uso di\u00e1rio.<\/p>\n<p>Personalize o mouse pad:<br \/>\n1.100% Nov\u00edssimo<br \/>\n2. Voc\u00ea pode decorar sua \u00e1rea de trabalho com o mouse pad.<br \/>\n3. Impress\u00e3o em cores bonitas no mouse pad<br \/>\n4. Alta qualidade, feito de material de borracha macia e tecido liso<br \/>\n5. Todos os tamanhos (faixa de desvio: 1-3 cm 2. Observe que uma pequena diferen\u00e7a de cor deve ser aceit\u00e1vel devido \u00e0 luz e \u00e0 tela).<br \/>\n6. Podemos personalizar qualquer imagem. Se precisar, entre em contato conosco. Se voc\u00ea comprar mais. Entre em contato com nosso atendimento ao cliente. N\u00f3s lhe daremos o pre\u00e7o de atacado.<\/p>\n<p>Padr\u00e3o personalizado: Certifique-se de que sua foto seja de alta defini\u00e7\u00e3o, de prefer\u00eancia com resolu\u00e7\u00e3o n\u00e3o inferior a 1920*1080. Se sua foto for maior que 5 MB, envie o link da foto para o vendedor ou pe\u00e7a a ele que envie um e-mail<\/p>","protected":false},"excerpt":{"rendered":"<p>Fabricante de tapete de mouse para jogos e tapete de mesa para computador antiderrapante na China<\/p>","protected":false},"featured_media":1000,"comment_status":"open","ping_status":"closed","template":"","meta":{"_seopress_robots_primary_cat":"none","_seopress_titles_title":"","_seopress_titles_desc":"","_seopress_robots_index":""},"product_brand":[],"product_cat":[100],"product_tag":[107,103],"class_list":{"0":"post-999","1":"product","2":"type-product","3":"status-publish","4":"has-post-thumbnail","6":"product_cat-gaming-mousepad","7":"product_tag-anime","8":"product_tag-gaming","10":"first","11":"instock","12":"shipping-taxable","13":"purchasable","14":"product-type-variable"},"_links":{"self":[{"href":"https:\/\/rgbmousepad.com\/pt\/wp-json\/wp\/v2\/product\/999","targetHints":{"allow":["GET"]}}],"collection":[{"href":"https:\/\/rgbmousepad.com\/pt\/wp-json\/wp\/v2\/product"}],"about":[{"href":"https:\/\/rgbmousepad.com\/pt\/wp-json\/wp\/v2\/types\/product"}],"replies":[{"embeddable":true,"href":"https:\/\/rgbmousepad.com\/pt\/wp-json\/wp\/v2\/comments?post=999"}],"wp:featuredmedia":[{"embeddable":true,"href":"https:\/\/rgbmousepad.com\/pt\/wp-json\/wp\/v2\/media\/1000"}],"wp:attachment":[{"href":"https:\/\/rgbmousepad.com\/pt\/wp-json\/wp\/v2\/media?parent=999"}],"wp:term":[{"taxonomy":"product_brand","embeddable":true,"href":"https:\/\/rgbmousepad.com\/pt\/wp-json\/wp\/v2\/product_brand?post=999"},{"taxonomy":"product_cat","embeddable":true,"href":"https:\/\/rgbmousepad.com\/pt\/wp-json\/wp\/v2\/product_cat?post=999"},{"taxonomy":"product_tag","embeddable":true,"href":"https:\/\/rgbmousepad.com\/pt\/wp-json\/wp\/v2\/product_tag?post=999"}],"curies":[{"name":"wp","href":"https:\/\/api.w.org\/{rel}","templated":true}]}}