{"id":2390,"date":"2024-08-29T12:38:24","date_gmt":"2024-08-29T04:38:24","guid":{"rendered":"https:\/\/rgbmousepad.com\/?post_type=product&#038;p=2390"},"modified":"2026-05-06T01:08:51","modified_gmt":"2026-05-05T17:08:51","slug":"surface-illuminated-mouse-pad","status":"publish","type":"product","link":"https:\/\/rgbmousepad.com\/pt\/produto\/surface-illuminated-mouse-pad\/","title":{"rendered":"Fabricantes de mouse pad com ilumina\u00e7\u00e3o de superf\u00edcie para esportes eletr\u00f4nicos Firelll RGB-03 Chasing Light"},"content":{"rendered":"<h3>Explica\u00e7\u00e3o das fun\u00e7\u00f5es-chave<\/h3>\n<p><strong>Recursos do produto<\/strong><\/p>\n<ul>\n<li><strong>Apresenta\u00e7\u00e3o do produto:<\/strong> Pressione longamente o bot\u00e3o por 3 segundos para ligar ou desligar o mouse pad. Clique duas vezes rapidamente para desativar a anima\u00e7\u00e3o do mouse pad.<\/li>\n<li><strong>Design:<\/strong> Forte ader\u00eancia, firmemente fixado \u00e0 mesa. A textura antiderrapante em forma de seta proporciona maior ader\u00eancia.<\/li>\n<li><strong>Borracha natural antiderrapante espessada:<\/strong> A base antiderrapante apresenta textura em forma de seta para evitar movimentos durante o uso do mouse.<\/li>\n<li><strong>Conex\u00e3o USB:<\/strong> Um \u00fanico clique para alternar entre os modos de ilumina\u00e7\u00e3o LED. O mouse pad permanece fixo na \u00e1rea de trabalho mesmo com movimentos vigorosos do mouse.<\/li>\n<li><strong>Interruptor de alimenta\u00e7\u00e3o:<\/strong> Ligar\/desligar com um bot\u00e3o - h\u00e1 sempre um efeito de ilumina\u00e7\u00e3o que combina com voc\u00ea, incluindo modos de cor \u00fanica que agradam aos olhos.<\/li>\n<li><strong>Mudan\u00e7a de modo:<\/strong> Os modos de ilumina\u00e7\u00e3o incluem o modo de respira\u00e7\u00e3o totalmente colorido, o modo de gradiente de respira\u00e7\u00e3o totalmente colorido e os modos estrobosc\u00f3pico e de persegui\u00e7\u00e3o totalmente coloridos.\n<ol>\n<li><strong>Modo personalizado de cor \u00fanica de f\u00e1cil visualiza\u00e7\u00e3o:<\/strong> Verde, azul, vermelho, amarelo, ciano e roxo.<\/li>\n<li><strong>Modo de respira\u00e7\u00e3o em cores<\/strong><\/li>\n<li><strong>Modo de gradiente de respira\u00e7\u00e3o em cores<\/strong><\/li>\n<li><strong>Modo estrobosc\u00f3pico totalmente colorido<\/strong><\/li>\n<li><strong>Modo de persegui\u00e7\u00e3o com estrobosc\u00f3pio de respira\u00e7\u00e3o em cores<\/strong><\/li>\n<\/ol>\n<\/li>\n<li><strong>Mem\u00f3ria de desligamento:<\/strong> Lembra automaticamente o \u00faltimo efeito de ilumina\u00e7\u00e3o usado, sem a necessidade de reajust\u00e1-lo sempre que for ligado.<\/li>\n<li><strong>Tecnologia de resina de polipropileno:<\/strong> Projeto de fric\u00e7\u00e3o em n\u00edvel de pixel com part\u00edculas ultrafinas, dur\u00e1vel com longa vida \u00fatil, resistente \u00e0 deforma\u00e7\u00e3o, \u00e0 prova d'\u00e1gua, \u00e0 prova de \u00f3leo, resistente a raios UV, n\u00e3o t\u00f3xico e inodoro.<\/li>\n<li><strong>Tecnologia patenteada exclusiva:<\/strong> A persegui\u00e7\u00e3o de ondas sonoras segue o campo sonoro para proporcionar uma experi\u00eancia interativa.<\/li>\n<li><strong>Anima\u00e7\u00e3o musical com LEDs reativos:<\/strong> Os efeitos sonoros da tecla de m\u00fasica e do clique do mouse acionam anima\u00e7\u00f5es estrobosc\u00f3picas com modula\u00e7\u00e3o de frequ\u00eancia.<\/li>\n<\/ul>\n<h3>Especifica\u00e7\u00f5es do produto<\/h3>\n<ul>\n<li><strong>Nome:<\/strong> Mouse Pad para esportes eletr\u00f4nicos Chasing Light<\/li>\n<li><strong>Dimens\u00f5es desdobradas:<\/strong> 350 mm<em>250 mm<\/em>6 mm<\/li>\n<li><strong>Peso:<\/strong> 450g<\/li>\n<li><strong>Entrada do m\u00f3dulo USB:<\/strong> 5V 150mA<\/li>\n<li><strong>Especifica\u00e7\u00f5es do cabo:<\/strong> 1,8 metros<\/li>\n<li><strong>Porta USB:<\/strong> TIPO C<\/li>\n<li><strong>Ambiente operacional:<\/strong> -10\u2103 a 40\u2103<\/li>\n<\/ul>\n<p>&nbsp;<\/p>\n<div style=\"width: 800px;\" class=\"wp-video\"><video class=\"wp-video-shortcode\" id=\"video-2390-1\" width=\"800\" height=\"450\" preload=\"metadata\" controls=\"controls\"><source type=\"video\/mp4\" src=\"https:\/\/rgbmousepad.com\/wp-content\/uploads\/2024\/08\/\u65b0\u6b3e\u9f20\u6807\u57ab\u6a2a\u5c4f\u82f1\u6587.mp4?_=1\" \/><a href=\"https:\/\/rgbmousepad.com\/wp-content\/uploads\/2024\/08\/\u65b0\u6b3e\u9f20\u6807\u57ab\u6a2a\u5c4f\u82f1\u6587.mp4\">https:\/\/rgbmousepad.com\/wp-content\/uploads\/2024\/08\/\u65b0\u6b3e\u9f20\u6807\u57ab\u6a2a\u5c4f\u82f1\u6587.mp4<\/a><\/video><\/div>\n<p>&nbsp;<\/p>\n<p><img fetchpriority=\"high\" decoding=\"async\" class=\"alignnone size-full wp-image-2394\" src=\"https:\/\/rgbmousepad.com\/wp-content\/uploads\/2024\/08\/A1.jpg\" alt=\"\" width=\"970\" height=\"600\" srcset=\"https:\/\/rgbmousepad.com\/wp-content\/uploads\/2024\/08\/A1.jpg 970w, https:\/\/rgbmousepad.com\/wp-content\/uploads\/2024\/08\/A1-300x186.jpg 300w, https:\/\/rgbmousepad.com\/wp-content\/uploads\/2024\/08\/A1-768x475.jpg 768w, https:\/\/rgbmousepad.com\/wp-content\/uploads\/2024\/08\/A1-18x12.jpg 18w, https:\/\/rgbmousepad.com\/wp-content\/uploads\/2024\/08\/A1-600x371.jpg 600w\" sizes=\"(max-width: 970px) 100vw, 970px\" \/><img decoding=\"async\" class=\"alignnone size-full wp-image-2395\" src=\"https:\/\/rgbmousepad.com\/wp-content\/uploads\/2024\/08\/A2.jpg\" alt=\"\" width=\"970\" height=\"600\" srcset=\"https:\/\/rgbmousepad.com\/wp-content\/uploads\/2024\/08\/A2.jpg 970w, https:\/\/rgbmousepad.com\/wp-content\/uploads\/2024\/08\/A2-300x186.jpg 300w, https:\/\/rgbmousepad.com\/wp-content\/uploads\/2024\/08\/A2-768x475.jpg 768w, https:\/\/rgbmousepad.com\/wp-content\/uploads\/2024\/08\/A2-18x12.jpg 18w, https:\/\/rgbmousepad.com\/wp-content\/uploads\/2024\/08\/A2-600x371.jpg 600w\" sizes=\"(max-width: 970px) 100vw, 970px\" \/> <img decoding=\"async\" class=\"alignnone size-full wp-image-2396\" src=\"https:\/\/rgbmousepad.com\/wp-content\/uploads\/2024\/08\/A2-1.jpg\" alt=\"\" width=\"970\" height=\"600\" srcset=\"https:\/\/rgbmousepad.com\/wp-content\/uploads\/2024\/08\/A2-1.jpg 970w, https:\/\/rgbmousepad.com\/wp-content\/uploads\/2024\/08\/A2-1-300x186.jpg 300w, https:\/\/rgbmousepad.com\/wp-content\/uploads\/2024\/08\/A2-1-768x475.jpg 768w, https:\/\/rgbmousepad.com\/wp-content\/uploads\/2024\/08\/A2-1-18x12.jpg 18w, https:\/\/rgbmousepad.com\/wp-content\/uploads\/2024\/08\/A2-1-600x371.jpg 600w\" sizes=\"(max-width: 970px) 100vw, 970px\" \/> <img loading=\"lazy\" decoding=\"async\" class=\"alignnone size-full wp-image-2397\" src=\"https:\/\/rgbmousepad.com\/wp-content\/uploads\/2024\/08\/A3.jpg\" alt=\"\" width=\"970\" height=\"600\" srcset=\"https:\/\/rgbmousepad.com\/wp-content\/uploads\/2024\/08\/A3.jpg 970w, https:\/\/rgbmousepad.com\/wp-content\/uploads\/2024\/08\/A3-300x186.jpg 300w, https:\/\/rgbmousepad.com\/wp-content\/uploads\/2024\/08\/A3-768x475.jpg 768w, https:\/\/rgbmousepad.com\/wp-content\/uploads\/2024\/08\/A3-18x12.jpg 18w, https:\/\/rgbmousepad.com\/wp-content\/uploads\/2024\/08\/A3-600x371.jpg 600w\" sizes=\"(max-width: 970px) 100vw, 970px\" \/> <img loading=\"lazy\" decoding=\"async\" class=\"alignnone size-full wp-image-2398\" src=\"https:\/\/rgbmousepad.com\/wp-content\/uploads\/2024\/08\/A3-2.jpg\" alt=\"\" width=\"970\" height=\"600\" srcset=\"https:\/\/rgbmousepad.com\/wp-content\/uploads\/2024\/08\/A3-2.jpg 970w, https:\/\/rgbmousepad.com\/wp-content\/uploads\/2024\/08\/A3-2-300x186.jpg 300w, https:\/\/rgbmousepad.com\/wp-content\/uploads\/2024\/08\/A3-2-768x475.jpg 768w, https:\/\/rgbmousepad.com\/wp-content\/uploads\/2024\/08\/A3-2-18x12.jpg 18w, https:\/\/rgbmousepad.com\/wp-content\/uploads\/2024\/08\/A3-2-600x371.jpg 600w\" sizes=\"(max-width: 970px) 100vw, 970px\" \/> <img loading=\"lazy\" decoding=\"async\" class=\"alignnone size-full wp-image-2399\" src=\"https:\/\/rgbmousepad.com\/wp-content\/uploads\/2024\/08\/A\uff0b4.jpg\" alt=\"\" width=\"970\" height=\"600\" srcset=\"https:\/\/rgbmousepad.com\/wp-content\/uploads\/2024\/08\/A\uff0b4.jpg 970w, https:\/\/rgbmousepad.com\/wp-content\/uploads\/2024\/08\/A\uff0b4-300x186.jpg 300w, https:\/\/rgbmousepad.com\/wp-content\/uploads\/2024\/08\/A\uff0b4-768x475.jpg 768w, https:\/\/rgbmousepad.com\/wp-content\/uploads\/2024\/08\/A\uff0b4-18x12.jpg 18w, https:\/\/rgbmousepad.com\/wp-content\/uploads\/2024\/08\/A\uff0b4-600x371.jpg 600w\" sizes=\"(max-width: 970px) 100vw, 970px\" \/><\/p>","protected":false},"excerpt":{"rendered":"<p>Ilumine sua jogabilidade com o nosso mouse pad Surface-Lit, onde a precis\u00e3o encontra a vibrante ilumina\u00e7\u00e3o LED para uma experi\u00eancia imersiva que ilumina cada movimento.<\/p>","protected":false},"featured_media":2401,"comment_status":"open","ping_status":"closed","template":"","meta":{"_seopress_robots_primary_cat":"none","_seopress_titles_title":"Firelll RGB-03 Chasing Light E-sports Surface-Illuminated Mouse Pad Manufacturers","_seopress_titles_desc":"Experience unparalleled precision with our Surface-Lit Mouse Pad. Featuring vibrant LED lighting across the fabric surface, it enhances your gameplay with stunning visuals and a seamless, responsive feel.","_seopress_robots_index":""},"product_brand":[],"product_cat":[97],"product_tag":[134,103],"class_list":{"0":"post-2390","1":"product","2":"type-product","3":"status-publish","4":"has-post-thumbnail","6":"product_cat-rgb-mousepad","7":"product_tag-factory","8":"product_tag-gaming","10":"first","11":"instock","12":"shipping-taxable","13":"purchasable","14":"product-type-simple"},"_links":{"self":[{"href":"https:\/\/rgbmousepad.com\/pt\/wp-json\/wp\/v2\/product\/2390","targetHints":{"allow":["GET"]}}],"collection":[{"href":"https:\/\/rgbmousepad.com\/pt\/wp-json\/wp\/v2\/product"}],"about":[{"href":"https:\/\/rgbmousepad.com\/pt\/wp-json\/wp\/v2\/types\/product"}],"replies":[{"embeddable":true,"href":"https:\/\/rgbmousepad.com\/pt\/wp-json\/wp\/v2\/comments?post=2390"}],"wp:featuredmedia":[{"embeddable":true,"href":"https:\/\/rgbmousepad.com\/pt\/wp-json\/wp\/v2\/media\/2401"}],"wp:attachment":[{"href":"https:\/\/rgbmousepad.com\/pt\/wp-json\/wp\/v2\/media?parent=2390"}],"wp:term":[{"taxonomy":"product_brand","embeddable":true,"href":"https:\/\/rgbmousepad.com\/pt\/wp-json\/wp\/v2\/product_brand?post=2390"},{"taxonomy":"product_cat","embeddable":true,"href":"https:\/\/rgbmousepad.com\/pt\/wp-json\/wp\/v2\/product_cat?post=2390"},{"taxonomy":"product_tag","embeddable":true,"href":"https:\/\/rgbmousepad.com\/pt\/wp-json\/wp\/v2\/product_tag?post=2390"}],"curies":[{"name":"wp","href":"https:\/\/api.w.org\/{rel}","templated":true}]}}