{"id":2298,"date":"2024-05-28T11:17:16","date_gmt":"2024-05-28T03:17:16","guid":{"rendered":"https:\/\/rgbmousepad.com\/?post_type=product&#038;p=2298"},"modified":"2024-05-28T11:27:05","modified_gmt":"2024-05-28T03:27:05","slug":"desk-mat-manufacturers","status":"publish","type":"product","link":"https:\/\/rgbmousepad.com\/pt\/produto\/desk-mat-manufacturers\/","title":{"rendered":"Mouse Pad grande para jogos Fabricantes de tapetes de mesa XXXXL"},"content":{"rendered":"<p>\u3010Mouse Pad profissional para jogos\u3011Este \u00e9 um mouse pad profissional para jogos de grande porte, nosso mouse pad para jogos pode ajud\u00e1-lo a maximizar a suavidade e a precis\u00e3o do controle do mouse, a superf\u00edcie ultrassuave do mousepad profissional para jogos permite que voc\u00ea mova o mouse sem esfor\u00e7o a qualquer momento para um rastreamento preciso, para que todos os jogadores \u00e1vidos possam ter a melhor experi\u00eancia de jogo, use este mouse pad profissional para jogos de grande porte para trazer o seu n\u00edvel de jogo perfeito\uff01<br \/>\n\u3010Alta estabilidade, durabilidade e conforto\u3011 Este grande mouse pad para jogos tem a mais poderosa estabilidade, durabilidade e conforto! Resolva todos os problemas do mercado de mouse pad com bordas dobradas, material de baixa qualidade, odor e uso desconfort\u00e1vel do mouse pad e assim por diante! Nossos mouse pads para jogos foram testados por in\u00fameras horas e in\u00fameras vezes para oferecer os melhores mouse pads para jogos a todos os jogadores!<br \/>\n\u3010Material da melhor qualidade e melhor desempenho antideslizante\u3011A superf\u00edcie do nosso mouse pad para jogos \u00e9 toda feita de tecido de lycra de alta precis\u00e3o e da melhor qualidade, para garantir que permane\u00e7a plana quando voc\u00ea usar esse mousepad para jogos. A base de borracha antiderrapante na parte inferior do mouse pad grande para jogos mant\u00e9m o mouse pad firmemente no lugar e oferece o melhor desempenho antiderrapante, e esse mouse pad para jogos \u00e9 revestido com um revestimento \u00e0 prova d'\u00e1gua que evita derramamentos ou sujeira, \u00e9 f\u00e1cil de limpar e n\u00e3o tem cheiro. Esse mouse pad grande para jogos lhe proporcionar\u00e1 a melhor estabilidade, durabilidade e conforto.<br \/>\n\u3010Mouse pad para jogos de tamanho XXXL extragrande\u3011 Nosso mouse pad para jogos grande, mais longo e mais largo do que outros mouse pads, oferece muito espa\u00e7o para o mouse e o teclado, proporcionando uma superf\u00edcie maior, lisa e desobstru\u00edda para sess\u00f5es de jogos profissionais, al\u00e9m de proteger a \u00e1rea de trabalho. A espessura extra de 2 mm do mousepad para jogos n\u00e3o s\u00f3 reduz o ru\u00eddo, mas tamb\u00e9m garante uma experi\u00eancia mais confort\u00e1vel para as suas m\u00e3os.<br \/>\n\u3010Mouse pad multifuncional\u3011 O nosso mouse pad grande para jogos n\u00e3o s\u00f3 oferece o melhor desempenho nos jogos, como tamb\u00e9m \u00e9 um assistente multifacetado para o seu escrit\u00f3rio em casa, estudo e trabalho no escrit\u00f3rio. O tamanho ampliado e alongado do mouse pad grande xl proporciona um espa\u00e7o de atividade mais confort\u00e1vel e espa\u00e7oso, al\u00e9m de proteger a sua \u00e1rea de trabalho. O belo padr\u00e3o do mouse pad de mesa tamb\u00e9m pode adicionar uma atmosfera relaxante ao seu escrit\u00f3rio, que \u00e9 um mouse pad multifuncional pr\u00e1tico e bonito.<\/p>\n<p><img fetchpriority=\"high\" decoding=\"async\" class=\"size-full wp-image-2305\" src=\"https:\/\/rgbmousepad.com\/wp-content\/uploads\/2024\/05\/Full-Desk-Mouse-Pad.jpg\" alt=\"Full Desk Mouse Pad\" width=\"1464\" height=\"600\" srcset=\"https:\/\/rgbmousepad.com\/wp-content\/uploads\/2024\/05\/Full-Desk-Mouse-Pad.jpg 1464w, https:\/\/rgbmousepad.com\/wp-content\/uploads\/2024\/05\/Full-Desk-Mouse-Pad-300x123.jpg 300w, https:\/\/rgbmousepad.com\/wp-content\/uploads\/2024\/05\/Full-Desk-Mouse-Pad-1024x420.jpg 1024w, https:\/\/rgbmousepad.com\/wp-content\/uploads\/2024\/05\/Full-Desk-Mouse-Pad-768x315.jpg 768w, https:\/\/rgbmousepad.com\/wp-content\/uploads\/2024\/05\/Full-Desk-Mouse-Pad-600x246.jpg 600w\" sizes=\"(max-width: 1464px) 100vw, 1464px\" \/><\/p>\n<table class=\"apm-fixed-width apm-eventhirdcol-table\" style=\"height: 566px;\" width=\"474\">\n<tbody>\n<tr>\n<th class=\"apm-center\"><img decoding=\"async\" class=\"size-full wp-image-2304\" src=\"https:\/\/rgbmousepad.com\/wp-content\/uploads\/2024\/05\/f0eff780-12f1-4eeb-8c09-f5c1a4c3b575.__CR00300225_PT0_SX300_V1___.jpg\" alt=\"xxxxl mouse pad\" width=\"300\" height=\"225\" \/><\/th>\n<th class=\"apm-center\"><img decoding=\"async\" class=\"size-full wp-image-2302\" src=\"https:\/\/rgbmousepad.com\/wp-content\/uploads\/2024\/05\/e5882a06-82f0-40e7-b46a-b5fd7878b0ed.__CR00300225_PT0_SX300_V1___.jpg\" alt=\"xxxxl mouse pad\" width=\"300\" height=\"225\" \/><\/th>\n<th class=\"apm-center\"><img loading=\"lazy\" decoding=\"async\" class=\"size-full wp-image-2301\" src=\"https:\/\/rgbmousepad.com\/wp-content\/uploads\/2024\/05\/476a90b3-1584-4bd6-98d3-390979d77c08.__CR00300225_PT0_SX300_V1___.jpg\" alt=\"xxxxl mouse pad\" width=\"300\" height=\"225\" \/><\/th>\n<th class=\"apm-center\"><img loading=\"lazy\" decoding=\"async\" class=\"size-full wp-image-2303\" src=\"https:\/\/rgbmousepad.com\/wp-content\/uploads\/2024\/05\/ec1dcddc-3d07-4e10-b350-1aaf0e3bbac3.__CR00300225_PT0_SX300_V1___.jpg\" alt=\"xxxxl mouse pad\" width=\"300\" height=\"225\" \/><\/th>\n<\/tr>\n<tr>\n<td class=\"apm-top\">\n<div class=\"a-section a-spacing-none column-heading\">\n<h4 class=\"aplus-h3 a-text-bold\">Superf\u00edcie resistente ao desgaste<\/h4>\n<\/div>\n<div class=\"a-section a-spacing-none column-description\">\n<p class=\"aplus-p3\">A superf\u00edcie de tecido de lycra evita arranh\u00f5es causados por objetos pontiagudos, como talheres e canetas<\/p>\n<\/div>\n<\/td>\n<td class=\"apm-top\">\n<div class=\"apm-eventhirdcol apm-floatleft\">\n<div class=\"a-section a-spacing-none column-heading\">\n<h4 class=\"aplus-h3 a-text-bold\">Resistente a rugas<\/h4>\n<\/div>\n<div class=\"a-section a-spacing-none column-description\">\n<p class=\"aplus-p3\">A base de borracha natural \u00e9 flex\u00edvel, portanto, voc\u00ea n\u00e3o precisa se preocupar com a possibilidade de o mouse pad amassar ou quebrar ap\u00f3s o uso prolongado<\/p>\n<\/div>\n<\/div>\n<\/td>\n<td class=\"apm-top\">\n<div class=\"apm-eventhirdcol apm-floatleft\">\n<div class=\"a-section a-spacing-none column-heading\">\n<h4 class=\"aplus-h3 a-text-bold\">\u00c0 prova de \u00e1gua e \u00f3leo<\/h4>\n<\/div>\n<div class=\"a-section a-spacing-none column-description\">\n<p class=\"aplus-p3\">A superf\u00edcie tem um revestimento \u00e0 prova d'\u00e1gua, que resiste facilmente \u00e0 \u00e1gua e ao \u00f3leo, e \u00e9 muito f\u00e1cil de limpar e cuidar<\/p>\n<\/div>\n<\/div>\n<\/td>\n<td class=\"apm-top\">\n<div class=\"apm-eventhirdcol apm-floatleft\">\n<div class=\"a-section a-spacing-none column-heading\">\n<h4 class=\"aplus-h3 a-text-bold\">Bordas costuradas para maior durabilidade<\/h4>\n<\/div>\n<div class=\"a-section a-spacing-none column-description\">\n<p class=\"aplus-p3\">Refor\u00e7o de costura dupla, feito para durar, evitando o desgaste e garantindo um desempenho consistente<\/p>\n<\/div>\n<\/div>\n<\/td>\n<\/tr>\n<\/tbody>\n<\/table>","protected":false},"excerpt":{"rendered":"<p>Mouse Pad grande com base de borracha antiderrapante profissional, Mouse Pad XXXL para jogos, escrit\u00f3rio e casa, Mouse Pad de mesa completo<\/p>","protected":false},"featured_media":2279,"comment_status":"open","ping_status":"closed","template":"","meta":{"_seopress_robots_primary_cat":"none","_seopress_titles_title":"","_seopress_titles_desc":"","_seopress_robots_index":""},"product_brand":[],"product_cat":[488],"product_tag":[],"class_list":{"0":"post-2298","1":"product","2":"type-product","3":"status-publish","4":"has-post-thumbnail","6":"product_cat-xxxxl-mouse-pad","8":"first","9":"instock","10":"shipping-taxable","11":"purchasable","12":"product-type-variable"},"_links":{"self":[{"href":"https:\/\/rgbmousepad.com\/pt\/wp-json\/wp\/v2\/product\/2298","targetHints":{"allow":["GET"]}}],"collection":[{"href":"https:\/\/rgbmousepad.com\/pt\/wp-json\/wp\/v2\/product"}],"about":[{"href":"https:\/\/rgbmousepad.com\/pt\/wp-json\/wp\/v2\/types\/product"}],"replies":[{"embeddable":true,"href":"https:\/\/rgbmousepad.com\/pt\/wp-json\/wp\/v2\/comments?post=2298"}],"wp:featuredmedia":[{"embeddable":true,"href":"https:\/\/rgbmousepad.com\/pt\/wp-json\/wp\/v2\/media\/2279"}],"wp:attachment":[{"href":"https:\/\/rgbmousepad.com\/pt\/wp-json\/wp\/v2\/media?parent=2298"}],"wp:term":[{"taxonomy":"product_brand","embeddable":true,"href":"https:\/\/rgbmousepad.com\/pt\/wp-json\/wp\/v2\/product_brand?post=2298"},{"taxonomy":"product_cat","embeddable":true,"href":"https:\/\/rgbmousepad.com\/pt\/wp-json\/wp\/v2\/product_cat?post=2298"},{"taxonomy":"product_tag","embeddable":true,"href":"https:\/\/rgbmousepad.com\/pt\/wp-json\/wp\/v2\/product_tag?post=2298"}],"curies":[{"name":"wp","href":"https:\/\/api.w.org\/{rel}","templated":true}]}}