{"id":2268,"date":"2024-06-13T12:09:13","date_gmt":"2024-06-13T04:09:13","guid":{"rendered":"https:\/\/rgbmousepad.com\/?post_type=product&#038;p=2268"},"modified":"2024-06-13T12:10:41","modified_gmt":"2024-06-13T04:10:41","slug":"ds20-wireless-charging-desk","status":"publish","type":"product","link":"https:\/\/rgbmousepad.com\/pt\/produto\/ds20-wireless-charging-desk\/","title":{"rendered":"Tapete de mesa para carregamento sem fio DS20 15W RGB a granel"},"content":{"rendered":"<h2>Novos recursos Tapete de mesa de carregamento sem fio de alta qualidade a granel<\/h2>\n<p>Ele pode fornecer carregamento sem fio de 15 W para a maioria dos smartphones<br \/>\nAo jogar ou trabalhar, o grande mouse pad estendido oferece uma \u00e1rea \u00fatil maior para cobrir o teclado, o mouse e outros itens na \u00e1rea de trabalho.<br \/>\nNossos mouse pads oferecem uma superf\u00edcie ultra suave, precisa e control\u00e1vel. Oferece a melhor superf\u00edcie para sensores de jogos, com menos arrasto em compara\u00e7\u00e3o com outros mouse pads. Oferece uma superf\u00edcie de rastreamento r\u00e1pida e suave para o seu mouse. Leve sua experi\u00eancia de jogo para o pr\u00f3ximo n\u00edvel<br \/>\nOs modos de ilumina\u00e7\u00e3o personalizados superbrilhantes, incluindo os modos de ilumina\u00e7\u00e3o est\u00e1tica e din\u00e2mica, proporcionam uma atmosfera \u00fanica ao jogar ou trabalhar.<br \/>\nEste mouse pad tem uma base antiderrapante que se assenta firmemente sobre a mesa e proporciona uma forte ader\u00eancia. A costura profissional das bordas evita o desgaste e garante uma vida \u00fatil mais longa. A espessura de 4 mm garante a estabilidade de sua forma (para que n\u00e3o crie ondas)<br \/>\nEspecifica\u00e7\u00f5es<br \/>\nMaterial: Borracha + tecido<br \/>\nTipo: M\/L\/XL\/XXL\/personalizado<br \/>\nEntradas: 5V, 2A\/9V, 1,67A<br \/>\nSa\u00edda: 5V, 1,0A (m\u00e1ximo) \/ 9V, 1,2A (m\u00ednimo)<br \/>\nTamanho: 600x600MM\/700x700MM<br \/>\n800x30MM\/800x40MM\/900x400MM<br \/>\nO pacote inclui:<br \/>\n1x Mouse Pad de carregamento sem fio<br \/>\n1xCabo USB<\/p>\n<figure id=\"attachment_2275\" aria-describedby=\"caption-attachment-2275\" style=\"width: 800px\" class=\"wp-caption alignnone\"><img fetchpriority=\"high\" decoding=\"async\" class=\"wp-image-2275 size-large\" src=\"https:\/\/rgbmousepad.com\/wp-content\/uploads\/2024\/05\/O1CN013BRDyI2DQgTLAb2GM_2210221638604-0-cib-1024x1024.jpg\" alt=\"wireless charging mouse pad\" width=\"800\" height=\"800\" srcset=\"https:\/\/rgbmousepad.com\/wp-content\/uploads\/2024\/05\/O1CN013BRDyI2DQgTLAb2GM_2210221638604-0-cib-1024x1024.jpg 1024w, https:\/\/rgbmousepad.com\/wp-content\/uploads\/2024\/05\/O1CN013BRDyI2DQgTLAb2GM_2210221638604-0-cib-300x300.jpg 300w, https:\/\/rgbmousepad.com\/wp-content\/uploads\/2024\/05\/O1CN013BRDyI2DQgTLAb2GM_2210221638604-0-cib-150x150.jpg 150w, https:\/\/rgbmousepad.com\/wp-content\/uploads\/2024\/05\/O1CN013BRDyI2DQgTLAb2GM_2210221638604-0-cib-768x768.jpg 768w, https:\/\/rgbmousepad.com\/wp-content\/uploads\/2024\/05\/O1CN013BRDyI2DQgTLAb2GM_2210221638604-0-cib-600x600.jpg 600w, https:\/\/rgbmousepad.com\/wp-content\/uploads\/2024\/05\/O1CN013BRDyI2DQgTLAb2GM_2210221638604-0-cib-100x100.jpg 100w, https:\/\/rgbmousepad.com\/wp-content\/uploads\/2024\/05\/O1CN013BRDyI2DQgTLAb2GM_2210221638604-0-cib.jpg 1500w\" sizes=\"(max-width: 800px) 100vw, 800px\" \/><figcaption id=\"caption-attachment-2275\" class=\"wp-caption-text\">\u00a0<\/figcaption><\/figure>\n<p><img decoding=\"async\" class=\"size-full wp-image-2274\" src=\"https:\/\/rgbmousepad.com\/wp-content\/uploads\/2024\/05\/O1CN01oAkOgh1Jfh3moYomr_2215432781056-0-cib.jpg\" alt=\"wireless charging mouse pad\" width=\"800\" height=\"800\" srcset=\"https:\/\/rgbmousepad.com\/wp-content\/uploads\/2024\/05\/O1CN01oAkOgh1Jfh3moYomr_2215432781056-0-cib.jpg 800w, https:\/\/rgbmousepad.com\/wp-content\/uploads\/2024\/05\/O1CN01oAkOgh1Jfh3moYomr_2215432781056-0-cib-300x300.jpg 300w, https:\/\/rgbmousepad.com\/wp-content\/uploads\/2024\/05\/O1CN01oAkOgh1Jfh3moYomr_2215432781056-0-cib-150x150.jpg 150w, https:\/\/rgbmousepad.com\/wp-content\/uploads\/2024\/05\/O1CN01oAkOgh1Jfh3moYomr_2215432781056-0-cib-768x768.jpg 768w, https:\/\/rgbmousepad.com\/wp-content\/uploads\/2024\/05\/O1CN01oAkOgh1Jfh3moYomr_2215432781056-0-cib-600x600.jpg 600w, https:\/\/rgbmousepad.com\/wp-content\/uploads\/2024\/05\/O1CN01oAkOgh1Jfh3moYomr_2215432781056-0-cib-100x100.jpg 100w\" sizes=\"(max-width: 800px) 100vw, 800px\" \/><\/p>\n<p><img decoding=\"async\" class=\"size-full wp-image-2273\" src=\"https:\/\/rgbmousepad.com\/wp-content\/uploads\/2024\/05\/O1CN01KngMsh2DQgTNcdFd2_2210221638604-0-cib.jpg\" alt=\"wireless charging mouse pad\" width=\"800\" height=\"800\" srcset=\"https:\/\/rgbmousepad.com\/wp-content\/uploads\/2024\/05\/O1CN01KngMsh2DQgTNcdFd2_2210221638604-0-cib.jpg 800w, https:\/\/rgbmousepad.com\/wp-content\/uploads\/2024\/05\/O1CN01KngMsh2DQgTNcdFd2_2210221638604-0-cib-300x300.jpg 300w, https:\/\/rgbmousepad.com\/wp-content\/uploads\/2024\/05\/O1CN01KngMsh2DQgTNcdFd2_2210221638604-0-cib-150x150.jpg 150w, https:\/\/rgbmousepad.com\/wp-content\/uploads\/2024\/05\/O1CN01KngMsh2DQgTNcdFd2_2210221638604-0-cib-768x768.jpg 768w, https:\/\/rgbmousepad.com\/wp-content\/uploads\/2024\/05\/O1CN01KngMsh2DQgTNcdFd2_2210221638604-0-cib-600x600.jpg 600w, https:\/\/rgbmousepad.com\/wp-content\/uploads\/2024\/05\/O1CN01KngMsh2DQgTNcdFd2_2210221638604-0-cib-100x100.jpg 100w\" sizes=\"(max-width: 800px) 100vw, 800px\" \/><\/p>\n<p><img loading=\"lazy\" decoding=\"async\" class=\"size-full wp-image-2272\" src=\"https:\/\/rgbmousepad.com\/wp-content\/uploads\/2024\/05\/O1CN01AardWn2DQgTLiLQ2K_2210221638604-0-cib.jpg\" alt=\"wireless charging mouse pad\" width=\"800\" height=\"800\" srcset=\"https:\/\/rgbmousepad.com\/wp-content\/uploads\/2024\/05\/O1CN01AardWn2DQgTLiLQ2K_2210221638604-0-cib.jpg 800w, https:\/\/rgbmousepad.com\/wp-content\/uploads\/2024\/05\/O1CN01AardWn2DQgTLiLQ2K_2210221638604-0-cib-300x300.jpg 300w, https:\/\/rgbmousepad.com\/wp-content\/uploads\/2024\/05\/O1CN01AardWn2DQgTLiLQ2K_2210221638604-0-cib-150x150.jpg 150w, https:\/\/rgbmousepad.com\/wp-content\/uploads\/2024\/05\/O1CN01AardWn2DQgTLiLQ2K_2210221638604-0-cib-768x768.jpg 768w, https:\/\/rgbmousepad.com\/wp-content\/uploads\/2024\/05\/O1CN01AardWn2DQgTLiLQ2K_2210221638604-0-cib-600x600.jpg 600w, https:\/\/rgbmousepad.com\/wp-content\/uploads\/2024\/05\/O1CN01AardWn2DQgTLiLQ2K_2210221638604-0-cib-100x100.jpg 100w\" sizes=\"(max-width: 800px) 100vw, 800px\" \/><\/p>","protected":false},"excerpt":{"rendered":"<p>Fornecedores de tapetes de mesa para carregamento sem fio de 15 W<\/p>","protected":false},"featured_media":2271,"comment_status":"open","ping_status":"closed","template":"","meta":{"_seopress_robots_primary_cat":"none","_seopress_titles_title":"DS20 15W RGB Wireless Charging Desk Mat Bulk | Suppliers","_seopress_titles_desc":"high quality mouse pad provide 15W wireless charging for most smartphones","_seopress_robots_index":""},"product_brand":[],"product_cat":[98],"product_tag":[104],"class_list":{"0":"post-2268","1":"product","2":"type-product","3":"status-publish","4":"has-post-thumbnail","6":"product_cat-wireless-charging-mousepad","7":"product_tag-wireless-charging","9":"first","10":"instock","11":"shipping-taxable","12":"purchasable","13":"product-type-variable"},"_links":{"self":[{"href":"https:\/\/rgbmousepad.com\/pt\/wp-json\/wp\/v2\/product\/2268","targetHints":{"allow":["GET"]}}],"collection":[{"href":"https:\/\/rgbmousepad.com\/pt\/wp-json\/wp\/v2\/product"}],"about":[{"href":"https:\/\/rgbmousepad.com\/pt\/wp-json\/wp\/v2\/types\/product"}],"replies":[{"embeddable":true,"href":"https:\/\/rgbmousepad.com\/pt\/wp-json\/wp\/v2\/comments?post=2268"}],"wp:featuredmedia":[{"embeddable":true,"href":"https:\/\/rgbmousepad.com\/pt\/wp-json\/wp\/v2\/media\/2271"}],"wp:attachment":[{"href":"https:\/\/rgbmousepad.com\/pt\/wp-json\/wp\/v2\/media?parent=2268"}],"wp:term":[{"taxonomy":"product_brand","embeddable":true,"href":"https:\/\/rgbmousepad.com\/pt\/wp-json\/wp\/v2\/product_brand?post=2268"},{"taxonomy":"product_cat","embeddable":true,"href":"https:\/\/rgbmousepad.com\/pt\/wp-json\/wp\/v2\/product_cat?post=2268"},{"taxonomy":"product_tag","embeddable":true,"href":"https:\/\/rgbmousepad.com\/pt\/wp-json\/wp\/v2\/product_tag?post=2268"}],"curies":[{"name":"wp","href":"https:\/\/api.w.org\/{rel}","templated":true}]}}