{"id":1859,"date":"2024-03-20T09:52:41","date_gmt":"2024-03-20T01:52:41","guid":{"rendered":"https:\/\/rgbmousepad.com\/?post_type=product&#038;p=1859"},"modified":"2025-08-18T15:45:11","modified_gmt":"2025-08-18T07:45:11","slug":"xxxxlmousepads","status":"publish","type":"product","link":"https:\/\/rgbmousepad.com\/pt\/produto\/xxxxlmousepads\/","title":{"rendered":"F\u00e1brica de mouse pad para jogos XXXXL grande por atacado"},"content":{"rendered":"<p><strong>Descri\u00e7\u00e3o do produto:<\/strong><\/p>\n<p>1. tamanho grande e extenso: esse mouse pad grande XXXXL oferece amplo espa\u00e7o para o seu teclado, mouse, laptop ou outros itens de tamanho normal na mesa. Perfeito para jogos profissionais ou trabalho de escrit\u00f3rio, ele tamb\u00e9m pode ser usado como um tapete de mesa, de escrita ou de prote\u00e7\u00e3o de plataforma, mantendo sua mesa limpa e organizada.<\/p>\n<p>2. superf\u00edcie ultra suave: Coberto por um tecido superfino, esse mouse pad estendido oferece uma superf\u00edcie macia e suave que permite um rastreamento r\u00e1pido e preciso do mouse, aprimorando sua experi\u00eancia de jogo ou de trabalho. \u00c9 f\u00e1cil de limpar com um pano \u00famido ou lavar, garantindo durabilidade e longevidade em compara\u00e7\u00e3o com outras op\u00e7\u00f5es.<\/p>\n<p>3. bordas lav\u00e1veis e costuradas: Com um revestimento resistente \u00e0 \u00e1gua, esse tapete para mouse e teclado pode resistir a derramamentos e bebidas, facilitando a limpeza com uma toalha molhada ou lavagem. As bordas com costura dupla protegem o tapete contra desgaste, deforma\u00e7\u00e3o e desgaste, garantindo o uso a longo prazo.<\/p>\n<p>4. base de borracha antiderrapante: A base inferior \u00e9 feita de borracha natural, livre de odores desagrad\u00e1veis e subst\u00e2ncias nocivas. Com uma borracha densa e texturizada, ela segura firmemente a mesa, evitando movimentos aleat\u00f3rios e proporcionando uma opera\u00e7\u00e3o est\u00e1vel para o mouse e o teclado.<\/p>\n<div class=\"aplus-v2 desktop celwidget\" data-cel-widget=\"aplus\" data-csa-c-id=\"8h9cp1-68hlzr-vzymt2-ej46l8\">\n<div class=\"celwidget aplus-module 3p-module-b aplus-standard\" data-cel-widget=\"aplus-3p-module-b\" data-csa-c-id=\"ehfx7q-38txcn-mefy72-si3se5\">\n<div class=\"aplus-module-wrapper aplus-3p-fixed-width\"><img decoding=\"async\" class=\"a-spacing-base\" src=\"https:\/\/m.media-amazon.com\/images\/S\/aplus-media-library-service-media\/a06c7eb0-c267-49e1-9c6a-4981c77d0e86.__CR0,0,970,600_PT0_SX970_V1___.jpg\" alt=\"Senetem Ultra-thin Mouse Pad\" data-src=\"https:\/\/m.media-amazon.com\/images\/S\/aplus-media-library-service-media\/a06c7eb0-c267-49e1-9c6a-4981c77d0e86.__CR0,0,970,600_PT0_SX970_V1___.jpg\" \/><\/div>\n<\/div>\n<div class=\"celwidget aplus-module 3p-module-b aplus-standard\" data-cel-widget=\"aplus-3p-module-b\" data-csa-c-id=\"838gq1-hkq06w-a9xwxc-8o5hit\">\n<div class=\"aplus-module-wrapper aplus-3p-fixed-width\"><img decoding=\"async\" class=\"a-spacing-base\" src=\"https:\/\/m.media-amazon.com\/images\/S\/aplus-media-library-service-media\/6f13fad0-732c-489d-bfd8-7172b72f76ab.__CR0,0,1600,990_PT0_SX970_V1___.jpg\" alt=\"Ultra-Smooth Surface\" data-src=\"https:\/\/m.media-amazon.com\/images\/S\/aplus-media-library-service-media\/6f13fad0-732c-489d-bfd8-7172b72f76ab.__CR0,0,1600,990_PT0_SX970_V1___.jpg\" \/><\/div>\n<\/div>\n<div class=\"celwidget aplus-module 3p-module-b aplus-standard\" data-cel-widget=\"aplus-3p-module-b\" data-csa-c-id=\"qsuxfb-a33z2i-80pkmq-37w9rc\">\n<div class=\"aplus-module-wrapper aplus-3p-fixed-width\"><img decoding=\"async\" class=\"a-spacing-base\" src=\"https:\/\/m.media-amazon.com\/images\/S\/aplus-media-library-service-media\/d156b237-8e2d-412c-ac1a-6cf6b6b40022.__CR0,0,1600,990_PT0_SX970_V1___.jpg\" alt=\"Rubber Base\" data-src=\"https:\/\/m.media-amazon.com\/images\/S\/aplus-media-library-service-media\/d156b237-8e2d-412c-ac1a-6cf6b6b40022.__CR0,0,1600,990_PT0_SX970_V1___.jpg\" \/><\/div>\n<\/div>\n<div class=\"celwidget aplus-module 3p-module-b aplus-standard\" data-cel-widget=\"aplus-3p-module-b\" data-csa-c-id=\"juy2e9-cppr9a-6nj5s4-wqayxt\">\n<div class=\"aplus-module-wrapper aplus-3p-fixed-width\"><img decoding=\"async\" class=\"a-spacing-base\" src=\"https:\/\/m.media-amazon.com\/images\/S\/aplus-media-library-service-media\/b6312620-b194-445e-b313-20fadc25590d.__CR0,0,1600,990_PT0_SX970_V1___.jpg\" alt=\"Reliable Performance\" data-src=\"https:\/\/m.media-amazon.com\/images\/S\/aplus-media-library-service-media\/b6312620-b194-445e-b313-20fadc25590d.__CR0,0,1600,990_PT0_SX970_V1___.jpg\" \/><\/div>\n<\/div>\n<div class=\"celwidget aplus-module 3p-module-b aplus-standard\" data-cel-widget=\"aplus-3p-module-b\" data-csa-c-id=\"i8anjs-xoy9np-158wah-jlifzt\">\n<div class=\"aplus-module-wrapper aplus-3p-fixed-width\"><img decoding=\"async\" class=\"a-spacing-base\" src=\"https:\/\/m.media-amazon.com\/images\/S\/aplus-media-library-service-media\/58a2fa94-55bb-4c6c-a3be-9534c51e6e08.__CR0,0,970,600_PT0_SX970_V1___.jpg\" alt=\"Size\" data-src=\"https:\/\/m.media-amazon.com\/images\/S\/aplus-media-library-service-media\/58a2fa94-55bb-4c6c-a3be-9534c51e6e08.__CR0,0,970,600_PT0_SX970_V1___.jpg\" \/><\/div>\n<\/div>\n<div class=\"celwidget aplus-module 3p-module-b aplus-standard\" data-cel-widget=\"aplus-3p-module-b\" data-csa-c-id=\"p9k15a-j708mq-b26jjp-o5ozfv\">\n<div class=\"aplus-module-wrapper aplus-3p-fixed-width\"><img decoding=\"async\" class=\"a-spacing-base\" src=\"https:\/\/m.media-amazon.com\/images\/S\/aplus-media-library-service-media\/4f8cc1f3-1359-443f-ab83-727955ffba67.__CR0,0,970,600_PT0_SX970_V1___.jpg\" alt=\"Stylish mouse pad\" data-src=\"https:\/\/m.media-amazon.com\/images\/S\/aplus-media-library-service-media\/4f8cc1f3-1359-443f-ab83-727955ffba67.__CR0,0,970,600_PT0_SX970_V1___.jpg\" \/><\/div>\n<\/div>\n<\/div>","protected":false},"excerpt":{"rendered":"<p>Mouse pad grande XXXL, mousepad para jogos ultrafino, tapete de mouse estendido, base de borracha antiderrapante para teclado<\/p>","protected":false},"featured_media":1863,"comment_status":"open","ping_status":"closed","template":"","meta":{"_seopress_robots_primary_cat":"none","_seopress_titles_title":"Wholesale XXXXL Large Gaming Mouse Pad Factory","_seopress_titles_desc":"XXXXL Large Mouse Pad with ultra-smooth surface, and non-slip rubber base,Manufacturer direct.","_seopress_robots_index":""},"product_brand":[],"product_cat":[488],"product_tag":[103,130,96],"class_list":{"0":"post-1859","1":"product","2":"type-product","3":"status-publish","4":"has-post-thumbnail","6":"product_cat-xxxxl-mouse-pad","7":"product_tag-gaming","8":"product_tag-manufacturer","9":"product_tag-natural-rubber","11":"first","12":"instock","13":"shipping-taxable","14":"purchasable","15":"product-type-variable"},"_links":{"self":[{"href":"https:\/\/rgbmousepad.com\/pt\/wp-json\/wp\/v2\/product\/1859","targetHints":{"allow":["GET"]}}],"collection":[{"href":"https:\/\/rgbmousepad.com\/pt\/wp-json\/wp\/v2\/product"}],"about":[{"href":"https:\/\/rgbmousepad.com\/pt\/wp-json\/wp\/v2\/types\/product"}],"replies":[{"embeddable":true,"href":"https:\/\/rgbmousepad.com\/pt\/wp-json\/wp\/v2\/comments?post=1859"}],"wp:featuredmedia":[{"embeddable":true,"href":"https:\/\/rgbmousepad.com\/pt\/wp-json\/wp\/v2\/media\/1863"}],"wp:attachment":[{"href":"https:\/\/rgbmousepad.com\/pt\/wp-json\/wp\/v2\/media?parent=1859"}],"wp:term":[{"taxonomy":"product_brand","embeddable":true,"href":"https:\/\/rgbmousepad.com\/pt\/wp-json\/wp\/v2\/product_brand?post=1859"},{"taxonomy":"product_cat","embeddable":true,"href":"https:\/\/rgbmousepad.com\/pt\/wp-json\/wp\/v2\/product_cat?post=1859"},{"taxonomy":"product_tag","embeddable":true,"href":"https:\/\/rgbmousepad.com\/pt\/wp-json\/wp\/v2\/product_tag?post=1859"}],"curies":[{"name":"wp","href":"https:\/\/api.w.org\/{rel}","templated":true}]}}