{"id":1384,"date":"2023-10-25T11:36:33","date_gmt":"2023-10-25T03:36:33","guid":{"rendered":"https:\/\/rgbmousepad.com\/?post_type=product&#038;p=1384"},"modified":"2023-10-25T11:36:33","modified_gmt":"2023-10-25T03:36:33","slug":"rgb-mousepad-suppliers","status":"publish","type":"product","link":"https:\/\/rgbmousepad.com\/pt\/produto\/rgb-mousepad-suppliers\/","title":{"rendered":"Fornecedor de mousepad RGB para jogos XXL estendido"},"content":{"rendered":"<table class=\"hight-light-first-column all magic-1\">\n<tbody>\n<tr>\n<td colspan=\"1\" rowspan=\"1\">\n<div class=\"magic-2\">Tipo de produto:<\/div>\n<\/td>\n<td colspan=\"1\" rowspan=\"1\">\n<div class=\"magic-3\">Mouse pad para jogos RGB grande<\/div>\n<\/td>\n<\/tr>\n<tr>\n<td colspan=\"1\" rowspan=\"1\">\n<div class=\"magic-2\">Material:<\/div>\n<\/td>\n<td colspan=\"1\" rowspan=\"1\">\n<div class=\"magic-3\">Base de borracha + tecido<\/div>\n<\/td>\n<\/tr>\n<tr>\n<td colspan=\"1\" rowspan=\"1\">\n<div class=\"magic-2\">Tamanho (padr\u00e3o):<\/div>\n<\/td>\n<td colspan=\"1\" rowspan=\"1\">\n<div class=\"magic-3\">800*300*4mm<\/div>\n<\/td>\n<\/tr>\n<tr>\n<td colspan=\"1\" rowspan=\"1\">\n<div class=\"magic-2\">Embalagem:<\/div>\n<\/td>\n<td colspan=\"1\" rowspan=\"1\">\n<div class=\"magic-3\">Caixa de papel, blister, caixa branca, caixa colorida ou personaliz\u00e1vel<\/div>\n<\/td>\n<\/tr>\n<tr>\n<td colspan=\"1\" rowspan=\"1\">\n<div class=\"magic-2\">Quantidade:<\/div>\n<\/td>\n<td colspan=\"1\" rowspan=\"1\">\n<div class=\"magic-3\">25 unidades\/CTN<\/div>\n<\/td>\n<\/tr>\n<tr>\n<td colspan=\"1\" rowspan=\"1\">\n<div class=\"magic-2\">Condi\u00e7\u00f5es de pre\u00e7o:<\/div>\n<\/td>\n<td colspan=\"1\" rowspan=\"1\">\n<div class=\"magic-3\">EXW, FOB, CIF, expresso<\/div>\n<\/td>\n<\/tr>\n<tr>\n<td colspan=\"1\" rowspan=\"1\">\n<div class=\"magic-2\">Termos de amostragem:<\/div>\n<\/td>\n<td colspan=\"1\" rowspan=\"1\">\n<div class=\"magic-3\">Gr\u00e1tis para amostra existente, 30USD\/amostra personalizada de design, a taxa de envio \u00e9 sua<\/div>\n<\/td>\n<\/tr>\n<tr>\n<td colspan=\"1\" rowspan=\"1\">\n<div class=\"magic-2\">Entrega:<\/div>\n<\/td>\n<td colspan=\"1\" rowspan=\"1\">\n<div class=\"magic-3\">20 dias ap\u00f3s a confirma\u00e7\u00e3o de todos os detalhes<\/div>\n<\/td>\n<\/tr>\n<tr>\n<td colspan=\"1\" rowspan=\"1\">\n<div class=\"magic-2\">Pagamento:<\/div>\n<\/td>\n<td colspan=\"1\" rowspan=\"1\">\n<div class=\"magic-3\" data-spm-anchor-id=\"a2700.details.0.i50.6f312544kt4mAr\">30% dep\u00f3sito adiantado, saldo pago antes do embarque ou contra o B\/L<\/div>\n<\/td>\n<\/tr>\n<\/tbody>\n<\/table>\n<p><img fetchpriority=\"high\" decoding=\"async\" class=\"alignnone size-medium wp-image-1391\" src=\"https:\/\/rgbmousepad.com\/wp-content\/uploads\/2023\/10\/6-1-300x300.jpg\" alt=\"\" width=\"300\" height=\"300\" srcset=\"https:\/\/rgbmousepad.com\/wp-content\/uploads\/2023\/10\/6-1-300x300.jpg 300w, https:\/\/rgbmousepad.com\/wp-content\/uploads\/2023\/10\/6-1-150x150.jpg 150w, https:\/\/rgbmousepad.com\/wp-content\/uploads\/2023\/10\/6-1-768x768.jpg 768w, https:\/\/rgbmousepad.com\/wp-content\/uploads\/2023\/10\/6-1-600x600.jpg 600w, https:\/\/rgbmousepad.com\/wp-content\/uploads\/2023\/10\/6-1-100x100.jpg 100w, https:\/\/rgbmousepad.com\/wp-content\/uploads\/2023\/10\/6-1.jpg 1000w\" sizes=\"(max-width: 300px) 100vw, 300px\" \/> <img decoding=\"async\" class=\"alignnone size-medium wp-image-1390\" src=\"https:\/\/rgbmousepad.com\/wp-content\/uploads\/2023\/10\/5-4-300x300.jpg\" alt=\"\" width=\"300\" height=\"300\" srcset=\"https:\/\/rgbmousepad.com\/wp-content\/uploads\/2023\/10\/5-4-300x300.jpg 300w, https:\/\/rgbmousepad.com\/wp-content\/uploads\/2023\/10\/5-4-1024x1024.jpg 1024w, https:\/\/rgbmousepad.com\/wp-content\/uploads\/2023\/10\/5-4-150x150.jpg 150w, https:\/\/rgbmousepad.com\/wp-content\/uploads\/2023\/10\/5-4-768x768.jpg 768w, https:\/\/rgbmousepad.com\/wp-content\/uploads\/2023\/10\/5-4-600x600.jpg 600w, https:\/\/rgbmousepad.com\/wp-content\/uploads\/2023\/10\/5-4-100x100.jpg 100w, https:\/\/rgbmousepad.com\/wp-content\/uploads\/2023\/10\/5-4.jpg 1500w\" sizes=\"(max-width: 300px) 100vw, 300px\" \/> <img decoding=\"async\" class=\"alignnone size-medium wp-image-1296\" src=\"https:\/\/rgbmousepad.com\/wp-content\/uploads\/2023\/10\/10-300x300.jpg\" alt=\"\" width=\"300\" height=\"300\" srcset=\"https:\/\/rgbmousepad.com\/wp-content\/uploads\/2023\/10\/10-300x300.jpg 300w, https:\/\/rgbmousepad.com\/wp-content\/uploads\/2023\/10\/10-1024x1024.jpg 1024w, https:\/\/rgbmousepad.com\/wp-content\/uploads\/2023\/10\/10-150x150.jpg 150w, https:\/\/rgbmousepad.com\/wp-content\/uploads\/2023\/10\/10-768x768.jpg 768w, https:\/\/rgbmousepad.com\/wp-content\/uploads\/2023\/10\/10-600x600.jpg 600w, https:\/\/rgbmousepad.com\/wp-content\/uploads\/2023\/10\/10-100x100.jpg 100w, https:\/\/rgbmousepad.com\/wp-content\/uploads\/2023\/10\/10.jpg 1500w\" sizes=\"(max-width: 300px) 100vw, 300px\" \/> <img loading=\"lazy\" decoding=\"async\" class=\"alignnone size-medium wp-image-1200\" src=\"https:\/\/rgbmousepad.com\/wp-content\/uploads\/2023\/10\/4-300x224.webp\" alt=\"\" width=\"300\" height=\"224\" srcset=\"https:\/\/rgbmousepad.com\/wp-content\/uploads\/2023\/10\/4-300x224.webp 300w, https:\/\/rgbmousepad.com\/wp-content\/uploads\/2023\/10\/4-768x573.webp 768w, https:\/\/rgbmousepad.com\/wp-content\/uploads\/2023\/10\/4-600x448.webp 600w, https:\/\/rgbmousepad.com\/wp-content\/uploads\/2023\/10\/4.webp 800w\" sizes=\"(max-width: 300px) 100vw, 300px\" \/> <img loading=\"lazy\" decoding=\"async\" class=\"alignnone size-medium wp-image-1199\" src=\"https:\/\/rgbmousepad.com\/wp-content\/uploads\/2023\/10\/3-300x261.webp\" alt=\"\" width=\"300\" height=\"261\" srcset=\"https:\/\/rgbmousepad.com\/wp-content\/uploads\/2023\/10\/3-300x261.webp 300w, https:\/\/rgbmousepad.com\/wp-content\/uploads\/2023\/10\/3-768x667.webp 768w, https:\/\/rgbmousepad.com\/wp-content\/uploads\/2023\/10\/3-600x521.webp 600w, https:\/\/rgbmousepad.com\/wp-content\/uploads\/2023\/10\/3.webp 800w\" sizes=\"(max-width: 300px) 100vw, 300px\" \/> <img loading=\"lazy\" decoding=\"async\" class=\"alignnone size-medium wp-image-1091\" src=\"https:\/\/rgbmousepad.com\/wp-content\/uploads\/2023\/10\/mousepad-swich-300x297.jpg\" alt=\"\" width=\"300\" height=\"297\" srcset=\"https:\/\/rgbmousepad.com\/wp-content\/uploads\/2023\/10\/mousepad-swich-300x297.jpg 300w, https:\/\/rgbmousepad.com\/wp-content\/uploads\/2023\/10\/mousepad-swich-150x150.jpg 150w, https:\/\/rgbmousepad.com\/wp-content\/uploads\/2023\/10\/mousepad-swich-768x761.jpg 768w, https:\/\/rgbmousepad.com\/wp-content\/uploads\/2023\/10\/mousepad-swich-600x595.jpg 600w, https:\/\/rgbmousepad.com\/wp-content\/uploads\/2023\/10\/mousepad-swich-100x100.jpg 100w, https:\/\/rgbmousepad.com\/wp-content\/uploads\/2023\/10\/mousepad-swich.jpg 790w\" sizes=\"(max-width: 300px) 100vw, 300px\" \/><\/p>","protected":false},"excerpt":{"rendered":"<p>Custom Glowing Led Extended XXL RGB Mouse Mat Non-Slip USB Rubber Base Computer Keyboard Pad Mat LED RGB mouse pad<\/p>","protected":false},"featured_media":1387,"comment_status":"open","ping_status":"closed","template":"","meta":{"_seopress_robots_primary_cat":"","_seopress_titles_title":"","_seopress_titles_desc":"","_seopress_robots_index":""},"product_brand":[],"product_cat":[97],"product_tag":[103,92,133],"class_list":{"0":"post-1384","1":"product","2":"type-product","3":"status-publish","4":"has-post-thumbnail","6":"product_cat-rgb-mousepad","7":"product_tag-gaming","8":"product_tag-rgb","9":"product_tag-supplier","11":"first","12":"instock","13":"shipping-taxable","14":"purchasable","15":"product-type-variable"},"_links":{"self":[{"href":"https:\/\/rgbmousepad.com\/pt\/wp-json\/wp\/v2\/product\/1384","targetHints":{"allow":["GET"]}}],"collection":[{"href":"https:\/\/rgbmousepad.com\/pt\/wp-json\/wp\/v2\/product"}],"about":[{"href":"https:\/\/rgbmousepad.com\/pt\/wp-json\/wp\/v2\/types\/product"}],"replies":[{"embeddable":true,"href":"https:\/\/rgbmousepad.com\/pt\/wp-json\/wp\/v2\/comments?post=1384"}],"wp:featuredmedia":[{"embeddable":true,"href":"https:\/\/rgbmousepad.com\/pt\/wp-json\/wp\/v2\/media\/1387"}],"wp:attachment":[{"href":"https:\/\/rgbmousepad.com\/pt\/wp-json\/wp\/v2\/media?parent=1384"}],"wp:term":[{"taxonomy":"product_brand","embeddable":true,"href":"https:\/\/rgbmousepad.com\/pt\/wp-json\/wp\/v2\/product_brand?post=1384"},{"taxonomy":"product_cat","embeddable":true,"href":"https:\/\/rgbmousepad.com\/pt\/wp-json\/wp\/v2\/product_cat?post=1384"},{"taxonomy":"product_tag","embeddable":true,"href":"https:\/\/rgbmousepad.com\/pt\/wp-json\/wp\/v2\/product_tag?post=1384"}],"curies":[{"name":"wp","href":"https:\/\/api.w.org\/{rel}","templated":true}]}}