{"id":1286,"date":"2023-10-24T11:16:32","date_gmt":"2023-10-24T03:16:32","guid":{"rendered":"https:\/\/rgbmousepad.com\/?post_type=product&#038;p=1286"},"modified":"2024-03-11T11:54:21","modified_gmt":"2024-03-11T03:54:21","slug":"new-luminous-mouse-pads","status":"publish","type":"product","link":"https:\/\/rgbmousepad.com\/pt\/produto\/new-luminous-mouse-pads\/","title":{"rendered":"Mouse Pad luminoso com padr\u00f5es personaliz\u00e1veis Fabricante"},"content":{"rendered":"<div class=\"elementor-element elementor-element-1766ea6 elementor-widget elementor-widget-heading\" data-id=\"1766ea6\" data-element_type=\"widget\" data-widget_type=\"heading.default\">\n<div class=\"elementor-widget-container\">\n<div id=\"ali-anchor-AliPostDhMb-80is8\" class=\"mceSectionContainer\" style=\"color: #000000; font-family: Arial; font-size: 12px; font-style: normal; font-weight: 400; padding-top: 8px;\" data-section=\"AliPostDhMb-80is8\" data-section-title=\"Product Description\">\n<div style=\"padding: 10px 0px;\">\n<div style=\"margin: 0px; padding: 0px; border: 0px; font-style: normal; font-weight: 400; font-size: 12px; line-height: inherit; font-family: Arial; vertical-align: baseline; color: #000000;\">\n<p>Novo modelo privado Produto de patente mais vendido na Amazon Nome do produto: Mouse Pad com ilumina\u00e7\u00e3o RGB<\/p>\n<p>Peso do produto:<\/p>\n<ul>\n<li>900<em>400<\/em>4 mm (peso 900-950 g)<\/li>\n<li>800<em>300<\/em>4 mm (peso 630-660 g)<\/li>\n<li>300<em>250<\/em>4 mm (peso de 300 a 350 g)<\/li>\n<\/ul>\n<p>Tamanho da caixa: 48*<em>48*<\/em>35cm, 25 pe\u00e7as, 17KG<\/p>\n<p>7 cores s\u00f3lidas, 14 modos: Azul, vermelho, verde, branco, roxo, ciano, amarelo Modo de respira\u00e7\u00e3o, modo de cavalo de corrida<\/p>\n<p>Fun\u00e7\u00e3o de mem\u00f3ria: Fun\u00e7\u00e3o de mem\u00f3ria de desligamento<\/p>\n<p>Interface do produto: Interface tipo C<\/p>\n<p>Fonte de alimenta\u00e7\u00e3o: 5V<\/p>\n<p>Embalagem: Caixa de cor inglesa<\/p>\n<p>Personaliz\u00e1vel: Design do logotipo, embalagem da caixa de papel, dimens\u00f5es<\/p>\n<p style=\"margin: 0px; padding: 0px; border: 0px; vertical-align: baseline;\"><span style=\"margin: 0px; padding: 0px; border: 0px; font-style: inherit; font-weight: inherit; font-size: 20px; line-height: 30px; vertical-align: baseline;\"><strong>O pacote inclui:<\/strong><\/span><span style=\"margin: 0px; padding: 0px; border: 0px; font-style: inherit; font-weight: inherit; font-size: 16px; line-height: 24px; vertical-align: baseline;\"> 1* mouse pad RGB, 1* cabo Type-C<\/span><\/p>\n<p style=\"margin: 0px; padding: 0px; border: 0px; vertical-align: baseline;\"><span style=\"margin: 0px; padding: 0px; border: 0px; font-style: inherit; font-weight: inherit; font-size: inherit; line-height: 18px; vertical-align: baseline; color: #ff0000;\"><span style=\"margin: 0px; padding: 0px; border: 0px; font-style: inherit; font-weight: inherit; font-size: 16px; line-height: 24px; vertical-align: baseline;\">nota:<\/span><\/span><\/p>\n<p style=\"margin: 0px; padding: 0px; border: 0px; vertical-align: baseline;\"><span style=\"margin: 0px; padding: 0px; border: 0px; font-style: inherit; font-weight: inherit; font-size: 16px; line-height: 24px; vertical-align: baseline; color: #ff0000;\">pressione uma vez para ligar\/ mudar de cor<\/span><\/p>\n<p style=\"margin: 0px; padding: 0px; border: 0px; vertical-align: baseline;\"><span style=\"margin: 0px; padding: 0px; border: 0px; font-style: inherit; font-weight: inherit; font-size: inherit; line-height: 18px; vertical-align: baseline; color: #ff0000;\"><span style=\"margin: 0px; padding: 0px; border: 0px; font-style: inherit; font-weight: inherit; font-size: 16px; line-height: 24px; vertical-align: baseline;\">pressione duas vezes rapidamente para ajustar o brilho<\/span><\/span><\/p>\n<div style=\"margin: 0px; padding: 0px; border: 0px; vertical-align: baseline;\"><span style=\"margin: 0px; padding: 0px; border: 0px; font-style: inherit; font-weight: inherit; font-size: inherit; line-height: 18px; vertical-align: baseline; color: #ff0000;\"><span style=\"margin: 0px; padding: 0px; border: 0px; font-style: inherit; font-weight: inherit; font-size: 16px; line-height: 24px; vertical-align: baseline;\">Pressione longamente por 3 segundos para desligar<\/span><\/span><\/div>\n<\/div>\n<\/div>\n<\/div>\n<div style=\"color: #000000; font-family: Arial; font-size: 12px; font-style: normal; font-weight: 400;\">\n<p style=\"margin: 0px; padding: 0px;\">\n<\/div>\n<\/div>\n<\/div>","protected":false},"excerpt":{"rendered":"<p>Mousepad rgb mais recente e popular da Amazon<\/p>","protected":false},"featured_media":1289,"comment_status":"open","ping_status":"closed","template":"","meta":{"_seopress_robots_primary_cat":"none","_seopress_titles_title":"","_seopress_titles_desc":"","_seopress_robots_index":""},"product_brand":[],"product_cat":[97],"product_tag":[103,130],"class_list":{"0":"post-1286","1":"product","2":"type-product","3":"status-publish","4":"has-post-thumbnail","6":"product_cat-rgb-mousepad","7":"product_tag-gaming","8":"product_tag-manufacturer","10":"first","11":"instock","12":"shipping-taxable","13":"purchasable","14":"product-type-variable"},"_links":{"self":[{"href":"https:\/\/rgbmousepad.com\/pt\/wp-json\/wp\/v2\/product\/1286","targetHints":{"allow":["GET"]}}],"collection":[{"href":"https:\/\/rgbmousepad.com\/pt\/wp-json\/wp\/v2\/product"}],"about":[{"href":"https:\/\/rgbmousepad.com\/pt\/wp-json\/wp\/v2\/types\/product"}],"replies":[{"embeddable":true,"href":"https:\/\/rgbmousepad.com\/pt\/wp-json\/wp\/v2\/comments?post=1286"}],"wp:featuredmedia":[{"embeddable":true,"href":"https:\/\/rgbmousepad.com\/pt\/wp-json\/wp\/v2\/media\/1289"}],"wp:attachment":[{"href":"https:\/\/rgbmousepad.com\/pt\/wp-json\/wp\/v2\/media?parent=1286"}],"wp:term":[{"taxonomy":"product_brand","embeddable":true,"href":"https:\/\/rgbmousepad.com\/pt\/wp-json\/wp\/v2\/product_brand?post=1286"},{"taxonomy":"product_cat","embeddable":true,"href":"https:\/\/rgbmousepad.com\/pt\/wp-json\/wp\/v2\/product_cat?post=1286"},{"taxonomy":"product_tag","embeddable":true,"href":"https:\/\/rgbmousepad.com\/pt\/wp-json\/wp\/v2\/product_tag?post=1286"}],"curies":[{"name":"wp","href":"https:\/\/api.w.org\/{rel}","templated":true}]}}