{"id":1053,"date":"2023-10-06T11:59:49","date_gmt":"2023-10-06T03:59:49","guid":{"rendered":"https:\/\/rgbmousepad.com\/?post_type=product&#038;p=1053"},"modified":"2024-06-04T11:37:23","modified_gmt":"2024-06-04T03:37:23","slug":"wrist-mousepads","status":"publish","type":"product","link":"https:\/\/rgbmousepad.com\/pt\/produto\/wrist-mousepads\/","title":{"rendered":"Descanso de pulso 3D Soft Gaming Mouse Pad"},"content":{"rendered":"<p><span data-spm-anchor-id=\"a2g0o.detail.1000023.i1.323966hf66hfUr\">Caracter\u00edsticas:<\/span><\/p>\n<div><\/div>\n<p>1. feito de material de silicone em gel, n\u00e3o t\u00f3xico e resistente a derrapagens.<\/p>\n<p><span data-spm-anchor-id=\"a2g0o.detail.1000023.i0.323966hf66hfUr\">2. design de suporte de pulso para uma opera\u00e7\u00e3o suave e confort\u00e1vel do mouse.<\/span><\/p>\n<p>3. ergonomicamente projetado para facilitar os movimentos e aliviar o estresse nas articula\u00e7\u00f5es. fornece suporte suave e redistribui os pontos de press\u00e3o para um conforto excepcional.<\/p>\n<p>4. a base de PU macia e antiderrapante segura a \u00e1rea de trabalho com firmeza. Ela evita que o mouse pad deslize sobre a mesa.<\/p>\n<div><\/div>\n<p>Especifica\u00e7\u00f5es:<\/p>\n<div><\/div>\n<p>Material: Silicone + SBR + tecido de lycra<\/p>\n<p data-spm-anchor-id=\"a2g0o.detail.1000023.i3.323966hf66hfUr\">Tamanho: Approx. 26\u00d722\u00d72.5cm\/10.24\u00d78.66\u00d70.98in<\/p>","protected":false},"excerpt":{"rendered":"<p>Mouse pad para jogos de anime sexy Descanso de pulso 3D Soft Breast Mousepad Sexy Girl Hip Kawaii Silicone Desktop Mat<\/p>","protected":false},"featured_media":1054,"comment_status":"open","ping_status":"closed","template":"","meta":{"_seopress_robots_primary_cat":"none","_seopress_titles_title":"","_seopress_titles_desc":"","_seopress_robots_index":""},"product_brand":[],"product_cat":[492],"product_tag":[107,113],"class_list":{"0":"post-1053","1":"product","2":"type-product","3":"status-publish","4":"has-post-thumbnail","6":"product_cat-boob-mouse-pad","7":"product_tag-anime","8":"product_tag-cartoon","10":"first","11":"instock","12":"shipping-taxable","13":"purchasable","14":"product-type-variable"},"_links":{"self":[{"href":"https:\/\/rgbmousepad.com\/pt\/wp-json\/wp\/v2\/product\/1053","targetHints":{"allow":["GET"]}}],"collection":[{"href":"https:\/\/rgbmousepad.com\/pt\/wp-json\/wp\/v2\/product"}],"about":[{"href":"https:\/\/rgbmousepad.com\/pt\/wp-json\/wp\/v2\/types\/product"}],"replies":[{"embeddable":true,"href":"https:\/\/rgbmousepad.com\/pt\/wp-json\/wp\/v2\/comments?post=1053"}],"wp:featuredmedia":[{"embeddable":true,"href":"https:\/\/rgbmousepad.com\/pt\/wp-json\/wp\/v2\/media\/1054"}],"wp:attachment":[{"href":"https:\/\/rgbmousepad.com\/pt\/wp-json\/wp\/v2\/media?parent=1053"}],"wp:term":[{"taxonomy":"product_brand","embeddable":true,"href":"https:\/\/rgbmousepad.com\/pt\/wp-json\/wp\/v2\/product_brand?post=1053"},{"taxonomy":"product_cat","embeddable":true,"href":"https:\/\/rgbmousepad.com\/pt\/wp-json\/wp\/v2\/product_cat?post=1053"},{"taxonomy":"product_tag","embeddable":true,"href":"https:\/\/rgbmousepad.com\/pt\/wp-json\/wp\/v2\/product_tag?post=1053"}],"curies":[{"name":"wp","href":"https:\/\/api.w.org\/{rel}","templated":true}]}}