{"id":990,"date":"2023-10-06T11:15:17","date_gmt":"2023-10-06T03:15:17","guid":{"rendered":"https:\/\/rgbmousepad.com\/?post_type=product&#038;p=990"},"modified":"2023-10-06T16:16:20","modified_gmt":"2023-10-06T08:16:20","slug":"heated-mousepads","status":"publish","type":"product","link":"https:\/\/rgbmousepad.com\/pl\/produkt\/heated-mousepads\/","title":{"rendered":"Inteligentna podgrzewana podk\u0142adka pod mysz"},"content":{"rendered":"<p><strong>Cechy:<\/strong><\/p>\n<p>* Automatyczne wy\u0142\u0105czanie po dw\u00f3ch godzinach. Inteligentne wy\u0142\u0105czanie czasowe sprawia, \u017ce korzystanie z urz\u0105dzenia jest wygodniejsze i nie musisz martwi\u0107 si\u0119 o swoje zaj\u0119te \u017cycie, kt\u00f3re b\u0119dzie Ci towarzyszy\u0107 przez ca\u0142\u0105 zim\u0119.<\/p>\n<p>* Inteligentny prze\u0142\u0105cznik, odporny na zachlapanie, brak pora\u017cenia pr\u0105dem w kontakcie z wod\u0105.<\/p>\n<p>* Antyp\u0119kaniowa strona samochodu, twardsza i trwalsza, aby zapobiec p\u0119kaniu.<\/p>\n<p>* G\u0142adki PU. Mysz jest g\u0142adka i nie zacina si\u0119.<\/p>\n<p><strong>Specyfikacja:<\/strong><\/p>\n<p>Nazwa: Wielofunkcyjna ciep\u0142a mata sto\u0142owa<\/p>\n<p>Napi\u0119cie znamionowe: 220 V<\/p>\n<p>Moc wy\u015bwietlacza cyfrowego: 125 W<\/p>\n<p>Moc przycisku: 75 W<\/p>\n<p>Temperatura: 35\u2103-50\u2103<\/p>\n<p><strong>Opakowanie w zestawie:<\/strong><\/p>\n<p>1 * Wielofunkcyjna ciep\u0142a mata sto\u0142owa<\/p>","protected":false},"excerpt":{"rendered":"<p>Elektryczna podk\u0142adka pod mysz z wy\u015bwietlaczem temperatury Du\u017ca podk\u0142adka pod mysz z wy\u015bwietlaczem temperatury Podk\u0142adka pod mysz utrzymuj\u0105ca ciep\u0142\u0105 d\u0142o\u0144 do klawiatury biurowej biurka komputerowego<\/p>","protected":false},"featured_media":991,"comment_status":"open","ping_status":"closed","template":"","meta":{"_seopress_robots_primary_cat":"","_seopress_titles_title":"","_seopress_titles_desc":"","_seopress_robots_index":""},"product_brand":[],"product_cat":[99],"product_tag":[106],"class_list":{"0":"post-990","1":"product","2":"type-product","3":"status-publish","4":"has-post-thumbnail","6":"product_cat-chair-mats","7":"product_tag-worm","9":"first","10":"instock","11":"shipping-taxable","12":"purchasable","13":"product-type-variable"},"_links":{"self":[{"href":"https:\/\/rgbmousepad.com\/pl\/wp-json\/wp\/v2\/product\/990","targetHints":{"allow":["GET"]}}],"collection":[{"href":"https:\/\/rgbmousepad.com\/pl\/wp-json\/wp\/v2\/product"}],"about":[{"href":"https:\/\/rgbmousepad.com\/pl\/wp-json\/wp\/v2\/types\/product"}],"replies":[{"embeddable":true,"href":"https:\/\/rgbmousepad.com\/pl\/wp-json\/wp\/v2\/comments?post=990"}],"wp:featuredmedia":[{"embeddable":true,"href":"https:\/\/rgbmousepad.com\/pl\/wp-json\/wp\/v2\/media\/991"}],"wp:attachment":[{"href":"https:\/\/rgbmousepad.com\/pl\/wp-json\/wp\/v2\/media?parent=990"}],"wp:term":[{"taxonomy":"product_brand","embeddable":true,"href":"https:\/\/rgbmousepad.com\/pl\/wp-json\/wp\/v2\/product_brand?post=990"},{"taxonomy":"product_cat","embeddable":true,"href":"https:\/\/rgbmousepad.com\/pl\/wp-json\/wp\/v2\/product_cat?post=990"},{"taxonomy":"product_tag","embeddable":true,"href":"https:\/\/rgbmousepad.com\/pl\/wp-json\/wp\/v2\/product_tag?post=990"}],"curies":[{"name":"wp","href":"https:\/\/api.w.org\/{rel}","templated":true}]}}