{"id":2390,"date":"2024-08-29T12:38:24","date_gmt":"2024-08-29T04:38:24","guid":{"rendered":"https:\/\/rgbmousepad.com\/?post_type=product&#038;p=2390"},"modified":"2026-05-06T01:08:51","modified_gmt":"2026-05-05T17:08:51","slug":"surface-illuminated-mouse-pad","status":"publish","type":"product","link":"https:\/\/rgbmousepad.com\/pl\/produkt\/surface-illuminated-mouse-pad\/","title":{"rendered":"Firelll RGB-03 Chasing Light E-sportowa podk\u0142adka pod mysz z pod\u015bwietleniem powierzchniowym Producenci"},"content":{"rendered":"<h3>Obja\u015bnienie kluczowych funkcji<\/h3>\n<p><strong>Cechy produktu<\/strong><\/p>\n<ul>\n<li><strong>Wprowadzenie do produktu:<\/strong> Naci\u015bnij i przytrzymaj przycisk przez 3 sekundy, aby w\u0142\u0105czy\u0107 lub wy\u0142\u0105czy\u0107 podk\u0142adk\u0119 pod mysz. Szybkie dwukrotne klikni\u0119cie wy\u0142\u0105cza animacj\u0119 podk\u0142adki pod mysz.<\/li>\n<li><strong>Projekt:<\/strong> Silna przyczepno\u015b\u0107, mocno przymocowana do biurka. Antypo\u015blizgowa tekstura w kszta\u0142cie strza\u0142ki zapewnia lepsz\u0105 przyczepno\u015b\u0107.<\/li>\n<li><strong>Zag\u0119szczona antypo\u015blizgowa guma naturalna:<\/strong> Antypo\u015blizgowa podstawa ma tekstur\u0119 w kszta\u0142cie strza\u0142ki, kt\u00f3ra zapobiega przesuwaniu si\u0119 podczas korzystania z myszy.<\/li>\n<li><strong>Po\u0142\u0105czenie USB:<\/strong> Pojedyncze klikni\u0119cie prze\u0142\u0105cza tryby pod\u015bwietlenia LED. Podk\u0142adka pozostaje nieruchomo na biurku nawet przy energicznych ruchach myszy.<\/li>\n<li><strong>Prze\u0142\u0105cznik zasilania:<\/strong> W\u0142\u0105czanie\/wy\u0142\u0105czanie jednym przyciskiem - zawsze dost\u0119pny jest odpowiedni efekt \u015bwietlny, w tym przyjazne dla oczu tryby jednokolorowe.<\/li>\n<li><strong>Prze\u0142\u0105czanie trybu:<\/strong> Tryby o\u015bwietlenia obejmuj\u0105 tryb oddychania w pe\u0142nym kolorze, tryb gradientu oddychania w pe\u0142nym kolorze oraz tryby stroboskopu i po\u015bcigu w pe\u0142nym kolorze.\n<ol>\n<li><strong>Przyjazny dla oka jednokolorowy tryb niestandardowy:<\/strong> Zielony, niebieski, czerwony, \u017c\u00f3\u0142ty, cyjan, fioletowy.<\/li>\n<li><strong>Tryb oddychania w pe\u0142nym kolorze<\/strong><\/li>\n<li><strong>Tryb gradientu oddychania w pe\u0142nym kolorze<\/strong><\/li>\n<li><strong>Pe\u0142nokolorowy tryb stroboskopowy<\/strong><\/li>\n<li><strong>Tryb po\u015bcigu ze stroboskopem w pe\u0142nym kolorze<\/strong><\/li>\n<\/ol>\n<\/li>\n<li><strong>Pami\u0119\u0107 wy\u0142\u0105czenia:<\/strong> Automatycznie zapami\u0119tuje ostatnio u\u017cywany efekt \u015bwietlny bez konieczno\u015bci ponownego ustawiania przy ka\u017cdym w\u0142\u0105czeniu.<\/li>\n<li><strong>Technologia \u017cywicy polipropylenowej:<\/strong> Konstrukcja zapewniaj\u0105ca tarcie na poziomie ultradrobnych pikseli, trwa\u0142o\u015b\u0107 i d\u0142ug\u0105 \u017cywotno\u015b\u0107, odporno\u015b\u0107 na odkszta\u0142cenia, wodoodporno\u015b\u0107, olejoodporno\u015b\u0107, odporno\u015b\u0107 na promieniowanie UV, nietoksyczno\u015b\u0107 i brak zapachu.<\/li>\n<li><strong>Ekskluzywna opatentowana technologia:<\/strong> Fala d\u017awi\u0119kowa pod\u0105\u017ca za polem d\u017awi\u0119kowym, zapewniaj\u0105c interaktywne wra\u017cenia.<\/li>\n<li><strong>Animacja LED reaguj\u0105ca na muzyk\u0119:<\/strong> Efekty d\u017awi\u0119kowe klawiszy muzycznych i klikni\u0119\u0107 mysz\u0105 wyzwalaj\u0105 animacje stroboskopowe modulowane cz\u0119stotliwo\u015bciowo.<\/li>\n<\/ul>\n<h3>Specyfikacja produktu<\/h3>\n<ul>\n<li><strong>Imi\u0119 i nazwisko:<\/strong> Podk\u0142adka pod mysz Chasing Light E-sports<\/li>\n<li><strong>Wymiary po roz\u0142o\u017ceniu:<\/strong> 350 mm<em>250 mm<\/em>6 mm<\/li>\n<li><strong>Waga:<\/strong> 450g<\/li>\n<li><strong>Wej\u015bcie modu\u0142u USB:<\/strong> 5V 150mA<\/li>\n<li><strong>Specyfikacja kabla:<\/strong> 1,8 metra<\/li>\n<li><strong>Port USB:<\/strong> TYP-C<\/li>\n<li><strong>\u015arodowisko operacyjne:<\/strong> -10\u2103 do 40\u2103<\/li>\n<\/ul>\n<p>&nbsp;<\/p>\n<div style=\"width: 800px;\" class=\"wp-video\"><video class=\"wp-video-shortcode\" id=\"video-2390-1\" width=\"800\" height=\"450\" preload=\"metadata\" controls=\"controls\"><source type=\"video\/mp4\" src=\"https:\/\/rgbmousepad.com\/wp-content\/uploads\/2024\/08\/\u65b0\u6b3e\u9f20\u6807\u57ab\u6a2a\u5c4f\u82f1\u6587.mp4?_=1\" \/><a href=\"https:\/\/rgbmousepad.com\/wp-content\/uploads\/2024\/08\/\u65b0\u6b3e\u9f20\u6807\u57ab\u6a2a\u5c4f\u82f1\u6587.mp4\">https:\/\/rgbmousepad.com\/wp-content\/uploads\/2024\/08\/\u65b0\u6b3e\u9f20\u6807\u57ab\u6a2a\u5c4f\u82f1\u6587.mp4<\/a><\/video><\/div>\n<p>&nbsp;<\/p>\n<p><img fetchpriority=\"high\" decoding=\"async\" class=\"alignnone size-full wp-image-2394\" src=\"https:\/\/rgbmousepad.com\/wp-content\/uploads\/2024\/08\/A1.jpg\" alt=\"\" width=\"970\" height=\"600\" srcset=\"https:\/\/rgbmousepad.com\/wp-content\/uploads\/2024\/08\/A1.jpg 970w, https:\/\/rgbmousepad.com\/wp-content\/uploads\/2024\/08\/A1-300x186.jpg 300w, https:\/\/rgbmousepad.com\/wp-content\/uploads\/2024\/08\/A1-768x475.jpg 768w, https:\/\/rgbmousepad.com\/wp-content\/uploads\/2024\/08\/A1-18x12.jpg 18w, https:\/\/rgbmousepad.com\/wp-content\/uploads\/2024\/08\/A1-600x371.jpg 600w\" sizes=\"(max-width: 970px) 100vw, 970px\" \/><img decoding=\"async\" class=\"alignnone size-full wp-image-2395\" src=\"https:\/\/rgbmousepad.com\/wp-content\/uploads\/2024\/08\/A2.jpg\" alt=\"\" width=\"970\" height=\"600\" srcset=\"https:\/\/rgbmousepad.com\/wp-content\/uploads\/2024\/08\/A2.jpg 970w, https:\/\/rgbmousepad.com\/wp-content\/uploads\/2024\/08\/A2-300x186.jpg 300w, https:\/\/rgbmousepad.com\/wp-content\/uploads\/2024\/08\/A2-768x475.jpg 768w, https:\/\/rgbmousepad.com\/wp-content\/uploads\/2024\/08\/A2-18x12.jpg 18w, https:\/\/rgbmousepad.com\/wp-content\/uploads\/2024\/08\/A2-600x371.jpg 600w\" sizes=\"(max-width: 970px) 100vw, 970px\" \/> <img decoding=\"async\" class=\"alignnone size-full wp-image-2396\" src=\"https:\/\/rgbmousepad.com\/wp-content\/uploads\/2024\/08\/A2-1.jpg\" alt=\"\" width=\"970\" height=\"600\" srcset=\"https:\/\/rgbmousepad.com\/wp-content\/uploads\/2024\/08\/A2-1.jpg 970w, https:\/\/rgbmousepad.com\/wp-content\/uploads\/2024\/08\/A2-1-300x186.jpg 300w, https:\/\/rgbmousepad.com\/wp-content\/uploads\/2024\/08\/A2-1-768x475.jpg 768w, https:\/\/rgbmousepad.com\/wp-content\/uploads\/2024\/08\/A2-1-18x12.jpg 18w, https:\/\/rgbmousepad.com\/wp-content\/uploads\/2024\/08\/A2-1-600x371.jpg 600w\" sizes=\"(max-width: 970px) 100vw, 970px\" \/> <img loading=\"lazy\" decoding=\"async\" class=\"alignnone size-full wp-image-2397\" src=\"https:\/\/rgbmousepad.com\/wp-content\/uploads\/2024\/08\/A3.jpg\" alt=\"\" width=\"970\" height=\"600\" srcset=\"https:\/\/rgbmousepad.com\/wp-content\/uploads\/2024\/08\/A3.jpg 970w, https:\/\/rgbmousepad.com\/wp-content\/uploads\/2024\/08\/A3-300x186.jpg 300w, https:\/\/rgbmousepad.com\/wp-content\/uploads\/2024\/08\/A3-768x475.jpg 768w, https:\/\/rgbmousepad.com\/wp-content\/uploads\/2024\/08\/A3-18x12.jpg 18w, https:\/\/rgbmousepad.com\/wp-content\/uploads\/2024\/08\/A3-600x371.jpg 600w\" sizes=\"(max-width: 970px) 100vw, 970px\" \/> <img loading=\"lazy\" decoding=\"async\" class=\"alignnone size-full wp-image-2398\" src=\"https:\/\/rgbmousepad.com\/wp-content\/uploads\/2024\/08\/A3-2.jpg\" alt=\"\" width=\"970\" height=\"600\" srcset=\"https:\/\/rgbmousepad.com\/wp-content\/uploads\/2024\/08\/A3-2.jpg 970w, https:\/\/rgbmousepad.com\/wp-content\/uploads\/2024\/08\/A3-2-300x186.jpg 300w, https:\/\/rgbmousepad.com\/wp-content\/uploads\/2024\/08\/A3-2-768x475.jpg 768w, https:\/\/rgbmousepad.com\/wp-content\/uploads\/2024\/08\/A3-2-18x12.jpg 18w, https:\/\/rgbmousepad.com\/wp-content\/uploads\/2024\/08\/A3-2-600x371.jpg 600w\" sizes=\"(max-width: 970px) 100vw, 970px\" \/> <img loading=\"lazy\" decoding=\"async\" class=\"alignnone size-full wp-image-2399\" src=\"https:\/\/rgbmousepad.com\/wp-content\/uploads\/2024\/08\/A\uff0b4.jpg\" alt=\"\" width=\"970\" height=\"600\" srcset=\"https:\/\/rgbmousepad.com\/wp-content\/uploads\/2024\/08\/A\uff0b4.jpg 970w, https:\/\/rgbmousepad.com\/wp-content\/uploads\/2024\/08\/A\uff0b4-300x186.jpg 300w, https:\/\/rgbmousepad.com\/wp-content\/uploads\/2024\/08\/A\uff0b4-768x475.jpg 768w, https:\/\/rgbmousepad.com\/wp-content\/uploads\/2024\/08\/A\uff0b4-18x12.jpg 18w, https:\/\/rgbmousepad.com\/wp-content\/uploads\/2024\/08\/A\uff0b4-600x371.jpg 600w\" sizes=\"(max-width: 970px) 100vw, 970px\" \/><\/p>","protected":false},"excerpt":{"rendered":"<p>Roz\u015bwietl swoj\u0105 rozgrywk\u0119 dzi\u0119ki naszej podk\u0142adce pod mysz Surface-Lit, w kt\u00f3rej precyzja \u0142\u0105czy si\u0119 z \u017cywym o\u015bwietleniem LED, zapewniaj\u0105c wci\u0105gaj\u0105ce wra\u017cenia, kt\u00f3re o\u015bwietlaj\u0105 ka\u017cdy ruch.<\/p>","protected":false},"featured_media":2401,"comment_status":"open","ping_status":"closed","template":"","meta":{"_seopress_robots_primary_cat":"none","_seopress_titles_title":"Firelll RGB-03 Chasing Light E-sports Surface-Illuminated Mouse Pad Manufacturers","_seopress_titles_desc":"Experience unparalleled precision with our Surface-Lit Mouse Pad. Featuring vibrant LED lighting across the fabric surface, it enhances your gameplay with stunning visuals and a seamless, responsive feel.","_seopress_robots_index":""},"product_brand":[],"product_cat":[97],"product_tag":[134,103],"class_list":{"0":"post-2390","1":"product","2":"type-product","3":"status-publish","4":"has-post-thumbnail","6":"product_cat-rgb-mousepad","7":"product_tag-factory","8":"product_tag-gaming","10":"first","11":"instock","12":"shipping-taxable","13":"purchasable","14":"product-type-simple"},"_links":{"self":[{"href":"https:\/\/rgbmousepad.com\/pl\/wp-json\/wp\/v2\/product\/2390","targetHints":{"allow":["GET"]}}],"collection":[{"href":"https:\/\/rgbmousepad.com\/pl\/wp-json\/wp\/v2\/product"}],"about":[{"href":"https:\/\/rgbmousepad.com\/pl\/wp-json\/wp\/v2\/types\/product"}],"replies":[{"embeddable":true,"href":"https:\/\/rgbmousepad.com\/pl\/wp-json\/wp\/v2\/comments?post=2390"}],"wp:featuredmedia":[{"embeddable":true,"href":"https:\/\/rgbmousepad.com\/pl\/wp-json\/wp\/v2\/media\/2401"}],"wp:attachment":[{"href":"https:\/\/rgbmousepad.com\/pl\/wp-json\/wp\/v2\/media?parent=2390"}],"wp:term":[{"taxonomy":"product_brand","embeddable":true,"href":"https:\/\/rgbmousepad.com\/pl\/wp-json\/wp\/v2\/product_brand?post=2390"},{"taxonomy":"product_cat","embeddable":true,"href":"https:\/\/rgbmousepad.com\/pl\/wp-json\/wp\/v2\/product_cat?post=2390"},{"taxonomy":"product_tag","embeddable":true,"href":"https:\/\/rgbmousepad.com\/pl\/wp-json\/wp\/v2\/product_tag?post=2390"}],"curies":[{"name":"wp","href":"https:\/\/api.w.org\/{rel}","templated":true}]}}