{"id":2298,"date":"2024-05-28T11:17:16","date_gmt":"2024-05-28T03:17:16","guid":{"rendered":"https:\/\/rgbmousepad.com\/?post_type=product&#038;p=2298"},"modified":"2024-05-28T11:27:05","modified_gmt":"2024-05-28T03:27:05","slug":"desk-mat-manufacturers","status":"publish","type":"product","link":"https:\/\/rgbmousepad.com\/pl\/produkt\/desk-mat-manufacturers\/","title":{"rendered":"Du\u017ca podk\u0142adka pod mysz do gier XXXXL Producenci podk\u0142adek na biurko"},"content":{"rendered":"<p>\u3010Profesjonalna podk\u0142adka pod mysz do gier\u3011 Jest to profesjonalna du\u017ca podk\u0142adka pod mysz do gier, nasza podk\u0142adka pod mysz do gier mo\u017ce pom\u00f3c zmaksymalizowa\u0107 p\u0142ynno\u015b\u0107 i precyzj\u0119 sterowania mysz\u0105, ultra-g\u0142adka powierzchnia profesjonalnej podk\u0142adki pod mysz do gier umo\u017cliwia przesuwanie myszy bez wysi\u0142ku w dowolnym momencie w celu precyzyjnego \u015bledzenia, dzi\u0119ki czemu wszyscy zapaleni gracze mog\u0105 mie\u0107 najlepsze wra\u017cenia z gry, u\u017cyj tej profesjonalnej du\u017cej podk\u0142adki pod mysz do gier, aby uzyska\u0107 idealny poziom gry\uff01.<br \/>\n\u3010Wysoka stabilno\u015b\u0107, trwa\u0142o\u015b\u0107 i komfort\u3011 Ta du\u017ca podk\u0142adka pod mysz do gier ma najwi\u0119ksz\u0105 stabilno\u015b\u0107, trwa\u0142o\u015b\u0107 i komfort! Rozwi\u0105zuje wszystkie problemy na rynku zwi\u0105zane z zagi\u0119tymi kraw\u0119dziami podk\u0142adki pod mysz, nisk\u0105 jako\u015bci\u0105 materia\u0142u podk\u0142adki pod mysz, nieprzyjemnym zapachem podk\u0142adki pod mysz i niewygodnym u\u017cytkowaniem podk\u0142adki pod mysz i tak dalej! Nasze podk\u0142adki pod mysz do gier by\u0142y testowane przez niezliczone godziny i niezliczon\u0105 ilo\u015b\u0107 razy, aby zapewni\u0107 najlepsze podk\u0142adki pod mysz do gier dla wszystkich graczy!<br \/>\n\u3010Najwy\u017cszej jako\u015bci materia\u0142 i najsilniejsze w\u0142a\u015bciwo\u015bci antypo\u015blizgowe\u3011 Nasza du\u017ca powierzchnia podk\u0142adki pod mysz do gier jest wykonana z najwy\u017cszej jako\u015bci, precyzyjnej tkaniny z lycry, aby zapewni\u0107, \u017ce pozostanie p\u0142aska podczas korzystania z tej podk\u0142adki pod mysz do gier. Antypo\u015blizgowa gumowa podstawa na spodzie du\u017cej podk\u0142adki pod mysz do gier mocno trzyma podk\u0142adk\u0119 w miejscu i zapewnia najsilniejsze w\u0142a\u015bciwo\u015bci antypo\u015blizgowe, a ta podk\u0142adka pod mysz do gier jest pokryta wodoodporn\u0105 pow\u0142ok\u0105, kt\u00f3ra zapobiega rozlaniu lub zabrudzeniu, jest \u0142atwa do czyszczenia i bezzapachowa. Ta du\u017ca podk\u0142adka pod mysz do gier zapewnia najlepsz\u0105 stabilno\u015b\u0107, trwa\u0142o\u015b\u0107 i komfort.<br \/>\nNasza du\u017ca podk\u0142adka pod mysz do gier, d\u0142u\u017csza i szersza ni\u017c inne podk\u0142adki pod mysz, ta du\u017ca podk\u0142adka pod mysz do gier zapewnia du\u017co miejsca na mysz i klawiatur\u0119, zapewniaj\u0105c wi\u0119ksz\u0105 g\u0142adk\u0105 i niezak\u0142\u00f3con\u0105 powierzchni\u0119 do profesjonalnych sesji gier, a ta podk\u0142adka pod mysz do gier chroni r\u00f3wnie\u017c pulpit. Dodatkowa grubo\u015b\u0107 2 mm podk\u0142adki pod mysz do gier nie tylko redukuje ha\u0142as, ale tak\u017ce zapewnia bardziej komfortowe wra\u017cenia dla d\u0142oni.<br \/>\n\u3010Wielofunkcyjna podk\u0142adka pod mysz\u3011 Nasza du\u017ca podk\u0142adka pod mysz do gier nie tylko zapewnia najlepsz\u0105 wydajno\u015b\u0107 podczas grania, ale tak\u017ce jest wielop\u0142aszczyznowym pomocnikiem w domowym biurze, gabinecie i pracy biurowej. Powi\u0119kszony i wyd\u0142u\u017cony rozmiar du\u017cej podk\u0142adki pod mysz xl zapewnia bardziej komfortow\u0105 i przestronn\u0105 przestrze\u0144 robocz\u0105, jednocze\u015bnie chroni\u0105c pulpit. Pi\u0119kny wz\u00f3r podk\u0142adki pod mysz na biurko mo\u017ce r\u00f3wnie\u017c doda\u0107 relaksuj\u0105cej atmosfery do biura, co jest praktyczn\u0105 i pi\u0119kn\u0105 wielofunkcyjn\u0105 podk\u0142adk\u0105 pod mysz.<\/p>\n<p><img fetchpriority=\"high\" decoding=\"async\" class=\"size-full wp-image-2305\" src=\"https:\/\/rgbmousepad.com\/wp-content\/uploads\/2024\/05\/Full-Desk-Mouse-Pad.jpg\" alt=\"Full Desk Mouse Pad\" width=\"1464\" height=\"600\" srcset=\"https:\/\/rgbmousepad.com\/wp-content\/uploads\/2024\/05\/Full-Desk-Mouse-Pad.jpg 1464w, https:\/\/rgbmousepad.com\/wp-content\/uploads\/2024\/05\/Full-Desk-Mouse-Pad-300x123.jpg 300w, https:\/\/rgbmousepad.com\/wp-content\/uploads\/2024\/05\/Full-Desk-Mouse-Pad-1024x420.jpg 1024w, https:\/\/rgbmousepad.com\/wp-content\/uploads\/2024\/05\/Full-Desk-Mouse-Pad-768x315.jpg 768w, https:\/\/rgbmousepad.com\/wp-content\/uploads\/2024\/05\/Full-Desk-Mouse-Pad-600x246.jpg 600w\" sizes=\"(max-width: 1464px) 100vw, 1464px\" \/><\/p>\n<table class=\"apm-fixed-width apm-eventhirdcol-table\" style=\"height: 566px;\" width=\"474\">\n<tbody>\n<tr>\n<th class=\"apm-center\"><img decoding=\"async\" class=\"size-full wp-image-2304\" src=\"https:\/\/rgbmousepad.com\/wp-content\/uploads\/2024\/05\/f0eff780-12f1-4eeb-8c09-f5c1a4c3b575.__CR00300225_PT0_SX300_V1___.jpg\" alt=\"xxxxl mouse pad\" width=\"300\" height=\"225\" \/><\/th>\n<th class=\"apm-center\"><img decoding=\"async\" class=\"size-full wp-image-2302\" src=\"https:\/\/rgbmousepad.com\/wp-content\/uploads\/2024\/05\/e5882a06-82f0-40e7-b46a-b5fd7878b0ed.__CR00300225_PT0_SX300_V1___.jpg\" alt=\"xxxxl mouse pad\" width=\"300\" height=\"225\" \/><\/th>\n<th class=\"apm-center\"><img loading=\"lazy\" decoding=\"async\" class=\"size-full wp-image-2301\" src=\"https:\/\/rgbmousepad.com\/wp-content\/uploads\/2024\/05\/476a90b3-1584-4bd6-98d3-390979d77c08.__CR00300225_PT0_SX300_V1___.jpg\" alt=\"xxxxl mouse pad\" width=\"300\" height=\"225\" \/><\/th>\n<th class=\"apm-center\"><img loading=\"lazy\" decoding=\"async\" class=\"size-full wp-image-2303\" src=\"https:\/\/rgbmousepad.com\/wp-content\/uploads\/2024\/05\/ec1dcddc-3d07-4e10-b350-1aaf0e3bbac3.__CR00300225_PT0_SX300_V1___.jpg\" alt=\"xxxxl mouse pad\" width=\"300\" height=\"225\" \/><\/th>\n<\/tr>\n<tr>\n<td class=\"apm-top\">\n<div class=\"a-section a-spacing-none column-heading\">\n<h4 class=\"aplus-h3 a-text-bold\">Powierzchnia odporna na zu\u017cycie<\/h4>\n<\/div>\n<div class=\"a-section a-spacing-none column-description\">\n<p class=\"aplus-p3\">Powierzchnia z tkaniny lycra zapobiega zarysowaniom ostrymi przedmiotami, takimi jak sztu\u0107ce i d\u0142ugopisy.<\/p>\n<\/div>\n<\/td>\n<td class=\"apm-top\">\n<div class=\"apm-eventhirdcol apm-floatleft\">\n<div class=\"a-section a-spacing-none column-heading\">\n<h4 class=\"aplus-h3 a-text-bold\">Odporno\u015b\u0107 na zmarszczki<\/h4>\n<\/div>\n<div class=\"a-section a-spacing-none column-description\">\n<p class=\"aplus-p3\">Podstawa z naturalnej gumy jest elastyczna, wi\u0119c nie musisz si\u0119 martwi\u0107, \u017ce podk\u0142adka b\u0119dzie si\u0119 marszczy\u0107 lub p\u0119ka\u0107 po d\u0142u\u017cszym u\u017cytkowaniu.<\/p>\n<\/div>\n<\/div>\n<\/td>\n<td class=\"apm-top\">\n<div class=\"apm-eventhirdcol apm-floatleft\">\n<div class=\"a-section a-spacing-none column-heading\">\n<h4 class=\"aplus-h3 a-text-bold\">Odporno\u015b\u0107 na wod\u0119 i olej<\/h4>\n<\/div>\n<div class=\"a-section a-spacing-none column-description\">\n<p class=\"aplus-p3\">Powierzchnia ma wodoodporn\u0105 pow\u0142ok\u0119, kt\u00f3ra jest odporna na wod\u0119 i olej, a tak\u017ce jest bardzo \u0142atwa w czyszczeniu i piel\u0119gnacji.<\/p>\n<\/div>\n<\/div>\n<\/td>\n<td class=\"apm-top\">\n<div class=\"apm-eventhirdcol apm-floatleft\">\n<div class=\"a-section a-spacing-none column-heading\">\n<h4 class=\"aplus-h3 a-text-bold\">Wytrzyma\u0142e zszyte kraw\u0119dzie<\/h4>\n<\/div>\n<div class=\"a-section a-spacing-none column-description\">\n<p class=\"aplus-p3\">Podw\u00f3jne szwy wzmacniaj\u0105ce, wykonane z my\u015bl\u0105 o trwa\u0142o\u015bci, zapobiegaj\u0105ce strz\u0119pieniu i zapewniaj\u0105ce sta\u0142\u0105 wydajno\u015b\u0107<\/p>\n<\/div>\n<\/div>\n<\/td>\n<\/tr>\n<\/tbody>\n<\/table>","protected":false},"excerpt":{"rendered":"<p>Profesjonalna, antypo\u015blizgowa, gumowa podk\u0142adka pod mysz, du\u017ca podk\u0142adka pod mysz XXXL do gier, biura i domu, pe\u0142na podk\u0142adka pod mysz na biurko<\/p>","protected":false},"featured_media":2279,"comment_status":"open","ping_status":"closed","template":"","meta":{"_seopress_robots_primary_cat":"none","_seopress_titles_title":"","_seopress_titles_desc":"","_seopress_robots_index":""},"product_brand":[],"product_cat":[488],"product_tag":[],"class_list":{"0":"post-2298","1":"product","2":"type-product","3":"status-publish","4":"has-post-thumbnail","6":"product_cat-xxxxl-mouse-pad","8":"first","9":"instock","10":"shipping-taxable","11":"purchasable","12":"product-type-variable"},"_links":{"self":[{"href":"https:\/\/rgbmousepad.com\/pl\/wp-json\/wp\/v2\/product\/2298","targetHints":{"allow":["GET"]}}],"collection":[{"href":"https:\/\/rgbmousepad.com\/pl\/wp-json\/wp\/v2\/product"}],"about":[{"href":"https:\/\/rgbmousepad.com\/pl\/wp-json\/wp\/v2\/types\/product"}],"replies":[{"embeddable":true,"href":"https:\/\/rgbmousepad.com\/pl\/wp-json\/wp\/v2\/comments?post=2298"}],"wp:featuredmedia":[{"embeddable":true,"href":"https:\/\/rgbmousepad.com\/pl\/wp-json\/wp\/v2\/media\/2279"}],"wp:attachment":[{"href":"https:\/\/rgbmousepad.com\/pl\/wp-json\/wp\/v2\/media?parent=2298"}],"wp:term":[{"taxonomy":"product_brand","embeddable":true,"href":"https:\/\/rgbmousepad.com\/pl\/wp-json\/wp\/v2\/product_brand?post=2298"},{"taxonomy":"product_cat","embeddable":true,"href":"https:\/\/rgbmousepad.com\/pl\/wp-json\/wp\/v2\/product_cat?post=2298"},{"taxonomy":"product_tag","embeddable":true,"href":"https:\/\/rgbmousepad.com\/pl\/wp-json\/wp\/v2\/product_tag?post=2298"}],"curies":[{"name":"wp","href":"https:\/\/api.w.org\/{rel}","templated":true}]}}