{"id":2268,"date":"2024-06-13T12:09:13","date_gmt":"2024-06-13T04:09:13","guid":{"rendered":"https:\/\/rgbmousepad.com\/?post_type=product&#038;p=2268"},"modified":"2024-06-13T12:10:41","modified_gmt":"2024-06-13T04:10:41","slug":"ds20-wireless-charging-desk","status":"publish","type":"product","link":"https:\/\/rgbmousepad.com\/pl\/produkt\/ds20-wireless-charging-desk\/","title":{"rendered":"Bezprzewodowa mata \u0142aduj\u0105ca DS20 15W RGB Bulk"},"content":{"rendered":"<h2>Nowe funkcje Wysokiej jako\u015bci bezprzewodowa mata \u0142aduj\u0105ca Bulk<\/h2>\n<p>Mo\u017ce zapewni\u0107 bezprzewodowe \u0142adowanie o mocy 15 W dla wi\u0119kszo\u015bci smartfon\u00f3w<br \/>\nPodczas grania w gry lub pracy du\u017ca, wyd\u0142u\u017cona podk\u0142adka pod mysz zapewnia wi\u0119ksz\u0105 powierzchni\u0119 u\u017cytkow\u0105, kt\u00f3ra obejmuje klawiatur\u0119, mysz i inne przedmioty na biurku.<br \/>\nNasze podk\u0142adki pod mysz zapewniaj\u0105 ultra g\u0142adk\u0105 powierzchni\u0119, precyzyjn\u0105 i \u0142atw\u0105 do kontrolowania. Zapewnia najlepsz\u0105 powierzchni\u0119 dla czujnik\u00f3w w grach, z mniejszym oporem w por\u00f3wnaniu do innych podk\u0142adek pod mysz. Zapewnia szybk\u0105 i g\u0142adk\u0105 powierzchni\u0119 \u015bledzenia myszy. Przenie\u015b swoje wra\u017cenia z gry na wy\u017cszy poziom<br \/>\nBardzo jasne, niestandardowe tryby pod\u015bwietlenia, w tym statyczne i dynamiczne, zapewniaj\u0105 wyj\u0105tkow\u0105 atmosfer\u0119 podczas grania w gry lub pracy.<br \/>\nTa podk\u0142adka pod mysz ma antypo\u015blizgow\u0105 podstaw\u0119, kt\u00f3ra mocno przylega do sto\u0142u i zapewnia pewny chwyt. Profesjonalne szwy na kraw\u0119dziach zapobiegaj\u0105 zu\u017cyciu i zapewniaj\u0105 d\u0142u\u017csz\u0105 \u017cywotno\u015b\u0107. Grubo\u015b\u0107 4 mm zapewnia stabilno\u015b\u0107 kszta\u0142tu (dzi\u0119ki czemu nie tworzy fal).<br \/>\nSpecyfikacje<br \/>\nMateria\u0142: Guma + tkanina<br \/>\nTyp: M\/L\/XL\/XXL\/niestandardowe<br \/>\nWej\u015bcie: 5V, 2A\/9V, 1.67A<br \/>\nWyj\u015bcie: 5V, 1.0A (maksimum) \/ 9V, 1.2A (minimum)<br \/>\nRozmiar: 600x600MM\/700x700MM<br \/>\n800x30MM\/800x40MM\/900x400MM<br \/>\nOpakowanie zawiera:<br \/>\n1x bezprzewodowa podk\u0142adka pod mysz<br \/>\n1x kabel USB<\/p>\n<figure id=\"attachment_2275\" aria-describedby=\"caption-attachment-2275\" style=\"width: 800px\" class=\"wp-caption alignnone\"><img fetchpriority=\"high\" decoding=\"async\" class=\"wp-image-2275 size-large\" src=\"https:\/\/rgbmousepad.com\/wp-content\/uploads\/2024\/05\/O1CN013BRDyI2DQgTLAb2GM_2210221638604-0-cib-1024x1024.jpg\" alt=\"wireless charging mouse pad\" width=\"800\" height=\"800\" srcset=\"https:\/\/rgbmousepad.com\/wp-content\/uploads\/2024\/05\/O1CN013BRDyI2DQgTLAb2GM_2210221638604-0-cib-1024x1024.jpg 1024w, https:\/\/rgbmousepad.com\/wp-content\/uploads\/2024\/05\/O1CN013BRDyI2DQgTLAb2GM_2210221638604-0-cib-300x300.jpg 300w, https:\/\/rgbmousepad.com\/wp-content\/uploads\/2024\/05\/O1CN013BRDyI2DQgTLAb2GM_2210221638604-0-cib-150x150.jpg 150w, https:\/\/rgbmousepad.com\/wp-content\/uploads\/2024\/05\/O1CN013BRDyI2DQgTLAb2GM_2210221638604-0-cib-768x768.jpg 768w, https:\/\/rgbmousepad.com\/wp-content\/uploads\/2024\/05\/O1CN013BRDyI2DQgTLAb2GM_2210221638604-0-cib-600x600.jpg 600w, https:\/\/rgbmousepad.com\/wp-content\/uploads\/2024\/05\/O1CN013BRDyI2DQgTLAb2GM_2210221638604-0-cib-100x100.jpg 100w, https:\/\/rgbmousepad.com\/wp-content\/uploads\/2024\/05\/O1CN013BRDyI2DQgTLAb2GM_2210221638604-0-cib.jpg 1500w\" sizes=\"(max-width: 800px) 100vw, 800px\" \/><figcaption id=\"caption-attachment-2275\" class=\"wp-caption-text\">\u00a0<\/figcaption><\/figure>\n<p><img decoding=\"async\" class=\"size-full wp-image-2274\" src=\"https:\/\/rgbmousepad.com\/wp-content\/uploads\/2024\/05\/O1CN01oAkOgh1Jfh3moYomr_2215432781056-0-cib.jpg\" alt=\"wireless charging mouse pad\" width=\"800\" height=\"800\" srcset=\"https:\/\/rgbmousepad.com\/wp-content\/uploads\/2024\/05\/O1CN01oAkOgh1Jfh3moYomr_2215432781056-0-cib.jpg 800w, https:\/\/rgbmousepad.com\/wp-content\/uploads\/2024\/05\/O1CN01oAkOgh1Jfh3moYomr_2215432781056-0-cib-300x300.jpg 300w, https:\/\/rgbmousepad.com\/wp-content\/uploads\/2024\/05\/O1CN01oAkOgh1Jfh3moYomr_2215432781056-0-cib-150x150.jpg 150w, https:\/\/rgbmousepad.com\/wp-content\/uploads\/2024\/05\/O1CN01oAkOgh1Jfh3moYomr_2215432781056-0-cib-768x768.jpg 768w, https:\/\/rgbmousepad.com\/wp-content\/uploads\/2024\/05\/O1CN01oAkOgh1Jfh3moYomr_2215432781056-0-cib-600x600.jpg 600w, https:\/\/rgbmousepad.com\/wp-content\/uploads\/2024\/05\/O1CN01oAkOgh1Jfh3moYomr_2215432781056-0-cib-100x100.jpg 100w\" sizes=\"(max-width: 800px) 100vw, 800px\" \/><\/p>\n<p><img decoding=\"async\" class=\"size-full wp-image-2273\" src=\"https:\/\/rgbmousepad.com\/wp-content\/uploads\/2024\/05\/O1CN01KngMsh2DQgTNcdFd2_2210221638604-0-cib.jpg\" alt=\"wireless charging mouse pad\" width=\"800\" height=\"800\" srcset=\"https:\/\/rgbmousepad.com\/wp-content\/uploads\/2024\/05\/O1CN01KngMsh2DQgTNcdFd2_2210221638604-0-cib.jpg 800w, https:\/\/rgbmousepad.com\/wp-content\/uploads\/2024\/05\/O1CN01KngMsh2DQgTNcdFd2_2210221638604-0-cib-300x300.jpg 300w, https:\/\/rgbmousepad.com\/wp-content\/uploads\/2024\/05\/O1CN01KngMsh2DQgTNcdFd2_2210221638604-0-cib-150x150.jpg 150w, https:\/\/rgbmousepad.com\/wp-content\/uploads\/2024\/05\/O1CN01KngMsh2DQgTNcdFd2_2210221638604-0-cib-768x768.jpg 768w, https:\/\/rgbmousepad.com\/wp-content\/uploads\/2024\/05\/O1CN01KngMsh2DQgTNcdFd2_2210221638604-0-cib-600x600.jpg 600w, https:\/\/rgbmousepad.com\/wp-content\/uploads\/2024\/05\/O1CN01KngMsh2DQgTNcdFd2_2210221638604-0-cib-100x100.jpg 100w\" sizes=\"(max-width: 800px) 100vw, 800px\" \/><\/p>\n<p><img loading=\"lazy\" decoding=\"async\" class=\"size-full wp-image-2272\" src=\"https:\/\/rgbmousepad.com\/wp-content\/uploads\/2024\/05\/O1CN01AardWn2DQgTLiLQ2K_2210221638604-0-cib.jpg\" alt=\"wireless charging mouse pad\" width=\"800\" height=\"800\" srcset=\"https:\/\/rgbmousepad.com\/wp-content\/uploads\/2024\/05\/O1CN01AardWn2DQgTLiLQ2K_2210221638604-0-cib.jpg 800w, https:\/\/rgbmousepad.com\/wp-content\/uploads\/2024\/05\/O1CN01AardWn2DQgTLiLQ2K_2210221638604-0-cib-300x300.jpg 300w, https:\/\/rgbmousepad.com\/wp-content\/uploads\/2024\/05\/O1CN01AardWn2DQgTLiLQ2K_2210221638604-0-cib-150x150.jpg 150w, https:\/\/rgbmousepad.com\/wp-content\/uploads\/2024\/05\/O1CN01AardWn2DQgTLiLQ2K_2210221638604-0-cib-768x768.jpg 768w, https:\/\/rgbmousepad.com\/wp-content\/uploads\/2024\/05\/O1CN01AardWn2DQgTLiLQ2K_2210221638604-0-cib-600x600.jpg 600w, https:\/\/rgbmousepad.com\/wp-content\/uploads\/2024\/05\/O1CN01AardWn2DQgTLiLQ2K_2210221638604-0-cib-100x100.jpg 100w\" sizes=\"(max-width: 800px) 100vw, 800px\" \/><\/p>","protected":false},"excerpt":{"rendered":"<p>Dostawcy bezprzewodowych mat \u0142aduj\u0105cych o mocy 15 W<\/p>","protected":false},"featured_media":2271,"comment_status":"open","ping_status":"closed","template":"","meta":{"_seopress_robots_primary_cat":"none","_seopress_titles_title":"DS20 15W RGB Wireless Charging Desk Mat Bulk | Suppliers","_seopress_titles_desc":"high quality mouse pad provide 15W wireless charging for most smartphones","_seopress_robots_index":""},"product_brand":[],"product_cat":[98],"product_tag":[104],"class_list":{"0":"post-2268","1":"product","2":"type-product","3":"status-publish","4":"has-post-thumbnail","6":"product_cat-wireless-charging-mousepad","7":"product_tag-wireless-charging","9":"first","10":"instock","11":"shipping-taxable","12":"purchasable","13":"product-type-variable"},"_links":{"self":[{"href":"https:\/\/rgbmousepad.com\/pl\/wp-json\/wp\/v2\/product\/2268","targetHints":{"allow":["GET"]}}],"collection":[{"href":"https:\/\/rgbmousepad.com\/pl\/wp-json\/wp\/v2\/product"}],"about":[{"href":"https:\/\/rgbmousepad.com\/pl\/wp-json\/wp\/v2\/types\/product"}],"replies":[{"embeddable":true,"href":"https:\/\/rgbmousepad.com\/pl\/wp-json\/wp\/v2\/comments?post=2268"}],"wp:featuredmedia":[{"embeddable":true,"href":"https:\/\/rgbmousepad.com\/pl\/wp-json\/wp\/v2\/media\/2271"}],"wp:attachment":[{"href":"https:\/\/rgbmousepad.com\/pl\/wp-json\/wp\/v2\/media?parent=2268"}],"wp:term":[{"taxonomy":"product_brand","embeddable":true,"href":"https:\/\/rgbmousepad.com\/pl\/wp-json\/wp\/v2\/product_brand?post=2268"},{"taxonomy":"product_cat","embeddable":true,"href":"https:\/\/rgbmousepad.com\/pl\/wp-json\/wp\/v2\/product_cat?post=2268"},{"taxonomy":"product_tag","embeddable":true,"href":"https:\/\/rgbmousepad.com\/pl\/wp-json\/wp\/v2\/product_tag?post=2268"}],"curies":[{"name":"wp","href":"https:\/\/api.w.org\/{rel}","templated":true}]}}