{"id":1842,"date":"2024-03-19T16:53:33","date_gmt":"2024-03-19T08:53:33","guid":{"rendered":"https:\/\/rgbmousepad.com\/?post_type=product&#038;p=1842"},"modified":"2024-05-28T09:38:55","modified_gmt":"2024-05-28T01:38:55","slug":"roundmousepad","status":"publish","type":"product","link":"https:\/\/rgbmousepad.com\/pl\/produkt\/roundmousepad\/","title":{"rendered":"Okr\u0105g\u0142a spersonalizowana podk\u0142adka pod mysz Producent"},"content":{"rendered":"<p>1. spersonalizowana podk\u0142adka pod mysz: Ta podk\u0142adka pod mysz ma wymiary 7,9 x 7,9 x 0,1 cala (200 mm x 200 mm x 3 mm), jest ma\u0142a, ale idealna do pracy i gier. Jej elegancki geometryczny kszta\u0142t i wykwintna ilustracja dodaj\u0105 osobowo\u015bci Twojemu biuru, idealna do wszystkich stylowych komputer\u00f3w stacjonarnych, biur, dom\u00f3w, komputer\u00f3w, klawiatur i myszy.<\/p>\n<p>2. g\u0142adka powierzchnia i antypo\u015blizgowa gumowa podstawa: Wykonana z wytrzyma\u0142ej, odpornej na ciep\u0142o tkaniny poliestrowej, g\u0142adka powierzchnia umo\u017cliwia dok\u0142adniejszy i szybszy ruch myszy. G\u0119sta, antypo\u015blizgowa gumowa podstawa mocno trzyma si\u0119 biurka, zapewniaj\u0105c stabiln\u0105 prac\u0119 myszy i zapobiegaj\u0105c przesuwaniu si\u0119.<\/p>\n<p>3. trwa\u0142y i wygodny materia\u0142: Wykonana z naturalnej gumy o wysokiej elastyczno\u015bci, ta mi\u0119kka podk\u0142adka pod mysz zapewnia maksymalny komfort podczas u\u017cytkowania. Zaktualizowana wersja posiada trwa\u0142e zszyte kraw\u0119dzie, dzi\u0119ki czemu nie ma ryzyka zu\u017cycia, deformacji lub oderwania.<\/p>\n<p>4. \u0142atwa konserwacja: Nadrukowany obraz jest pokryty krystalicznie czyst\u0105 emali\u0105, oferuj\u0105c \u015bwietny efekt koloru blokuj\u0105cego, kt\u00f3ry nie wyblaknie po wielokrotnym czyszczeniu. Wodoodporna pow\u0142oka skutecznie zapobiega przypadkowemu uszkodzeniu przez rozlane p\u0142yny i jest \u0142atwa do czyszczenia, zapewniaj\u0105c brak zak\u0142\u00f3ce\u0144 w pracy lub grze.<\/p>\n<p>5. doskona\u0142e akcesoria biurowe i dekoracja biurka: Mini podk\u0142adka pod mysz o artystycznym designie, zapewniaj\u0105ca idealn\u0105 r\u00f3wnowag\u0119 mi\u0119dzy estetyk\u0105 a u\u017cyteczno\u015bci\u0105. Jej pi\u0119kny design zachwyci ka\u017cdego, dzi\u0119ki czemu idealnie nadaje si\u0119 do biura, domu, szko\u0142y i podr\u00f3\u017cy.<\/p>\n<p>6. dowolny rozmiar i wz\u00f3r mo\u017cna dostosowa\u0107, wy\u015blij zapytanie, a my wy\u015blemy Ci bezp\u0142atn\u0105 pr\u00f3bk\u0119<\/p>","protected":false},"excerpt":{"rendered":"<p>Spersonalizowana podk\u0142adka pod mysz z g\u0142adk\u0105 powierzchni\u0105, antypo\u015blizgow\u0105 gumow\u0105 podstaw\u0105, trwa\u0142ym i wygodnym materia\u0142em, \u0142atwa do czyszczenia, idealna do wystroju biurka.<\/p>","protected":false},"featured_media":1845,"comment_status":"open","ping_status":"closed","template":"","meta":{"_seopress_robots_primary_cat":"none","_seopress_titles_title":"Round Cute Personalized Mouse Pad Manufacturer - darshion","_seopress_titles_desc":"Featuring a smooth surface and non-slip rubber base for comfortable and stable mouse operation. Manufactured directly from the factory.","_seopress_robots_index":""},"product_brand":[],"product_cat":[100],"product_tag":[107,113,134,103],"class_list":{"0":"post-1842","1":"product","2":"type-product","3":"status-publish","4":"has-post-thumbnail","6":"product_cat-gaming-mousepad","7":"product_tag-anime","8":"product_tag-cartoon","9":"product_tag-factory","10":"product_tag-gaming","12":"first","13":"instock","14":"shipping-taxable","15":"purchasable","16":"product-type-variable"},"_links":{"self":[{"href":"https:\/\/rgbmousepad.com\/pl\/wp-json\/wp\/v2\/product\/1842","targetHints":{"allow":["GET"]}}],"collection":[{"href":"https:\/\/rgbmousepad.com\/pl\/wp-json\/wp\/v2\/product"}],"about":[{"href":"https:\/\/rgbmousepad.com\/pl\/wp-json\/wp\/v2\/types\/product"}],"replies":[{"embeddable":true,"href":"https:\/\/rgbmousepad.com\/pl\/wp-json\/wp\/v2\/comments?post=1842"}],"wp:featuredmedia":[{"embeddable":true,"href":"https:\/\/rgbmousepad.com\/pl\/wp-json\/wp\/v2\/media\/1845"}],"wp:attachment":[{"href":"https:\/\/rgbmousepad.com\/pl\/wp-json\/wp\/v2\/media?parent=1842"}],"wp:term":[{"taxonomy":"product_brand","embeddable":true,"href":"https:\/\/rgbmousepad.com\/pl\/wp-json\/wp\/v2\/product_brand?post=1842"},{"taxonomy":"product_cat","embeddable":true,"href":"https:\/\/rgbmousepad.com\/pl\/wp-json\/wp\/v2\/product_cat?post=1842"},{"taxonomy":"product_tag","embeddable":true,"href":"https:\/\/rgbmousepad.com\/pl\/wp-json\/wp\/v2\/product_tag?post=1842"}],"curies":[{"name":"wp","href":"https:\/\/api.w.org\/{rel}","templated":true}]}}