{"id":149,"date":"2023-09-14T16:01:15","date_gmt":"2023-09-14T08:01:15","guid":{"rendered":"https:\/\/rgbmousepad.com\/?post_type=product&#038;p=149"},"modified":"2024-05-06T17:14:52","modified_gmt":"2024-05-06T09:14:52","slug":"rgb-mousepads","status":"publish","type":"product","link":"https:\/\/rgbmousepad.com\/pl\/produkt\/rgb-mousepads\/","title":{"rendered":"\u015awiec\u0105ce podk\u0142adki pod mysz RGB do gier luzem"},"content":{"rendered":"<div class=\"elementor-element elementor-element-1766ea6 elementor-widget elementor-widget-heading\" data-id=\"1766ea6\" data-element_type=\"widget\" data-widget_type=\"heading.default\">\n<div class=\"elementor-widget-container\">\n<div id=\"ali-anchor-AliPostDhMb-80is8\" class=\"mceSectionContainer\" style=\"color: #000000; font-family: Arial; font-size: 12px; font-style: normal; font-weight: 400; padding-top: 8px;\" data-section=\"AliPostDhMb-80is8\" data-section-title=\"Product Description\">\n<div style=\"padding: 10px 0px;\">\n<div style=\"margin: 0px; padding: 0px; border: 0px; font-style: normal; font-weight: 400; font-size: 12px; line-height: inherit; font-family: Arial; vertical-align: baseline; color: #000000;\">\n<table class=\"is-zebra all magic-7\">\n<tbody>\n<tr>\n<td colspan=\"1\" rowspan=\"1\">\n<div class=\"magic-8\">\n<div class=\"magic-9\" data-spm-anchor-id=\"a2700.custom-template.0.i45.5b423333IFnvem\"><b><span class=\"magic-10\">Pozycja:<\/span><\/b><\/div>\n<\/div>\n<\/td>\n<td colspan=\"1\" rowspan=\"1\">\n<div class=\"magic-11\"><b>Podk\u0142adka pod mysz RGB<\/b><\/div>\n<\/td>\n<td colspan=\"1\" rowspan=\"1\">\n<div class=\"magic-12\"><span class=\"magic-13\"><span class=\"magic-14\"><b data-spm-anchor-id=\"a2700.custom-template.0.i215.5b423333IFnvem\">MOQ:<\/b><\/span><\/span><\/div>\n<\/td>\n<td colspan=\"1\" rowspan=\"1\">\n<div class=\"magic-15\">100 sztuk<\/div>\n<\/td>\n<\/tr>\n<tr>\n<td colspan=\"1\" rowspan=\"1\">\n<div class=\"magic-8\">\n<div class=\"magic-9\" data-spm-anchor-id=\"a2700.custom-template.0.i56.5b423333IFnvem\"><b><span class=\"magic-10\">Materia\u0142:<\/span><\/b><\/div>\n<\/div>\n<\/td>\n<td colspan=\"1\" rowspan=\"1\">\n<div class=\"magic-11\">Kauczuk naturalny + jedwabna tkanina + o\u015bwietlenie RGB<\/div>\n<\/td>\n<td colspan=\"1\" rowspan=\"1\">\n<div class=\"magic-12\"><span class=\"magic-16\"><span class=\"magic-14\"><b data-spm-anchor-id=\"a2700.custom-template.0.i213.5b423333IFnvem\">Pr\u00f3bka :<\/b><\/span><\/span><\/div>\n<\/td>\n<td colspan=\"1\" rowspan=\"1\">\n<div class=\"magic-15\" data-spm-anchor-id=\"a2700.details.0.i82.454d7d05QsR4UP\">Op\u0142ata za pr\u00f3bk\u0119 mo\u017ce zosta\u0107 odliczona<\/div>\n<\/td>\n<\/tr>\n<tr>\n<td colspan=\"1\" rowspan=\"1\">\n<div class=\"magic-8\"><b data-spm-anchor-id=\"a2700.custom-template.0.i220.5b423333IFnvem\">Drukowanie<\/b><\/div>\n<\/td>\n<td colspan=\"1\" rowspan=\"1\">\n<div class=\"magic-11\"><b data-spm-anchor-id=\"a2700.custom-template.0.i305.5b423333IFnvem\">CMYK\u00a0<\/b><span data-spm-anchor-id=\"a2700.custom-template.0.i305.5b423333IFnvem\">Drukowanie<\/span>\/<b data-spm-anchor-id=\"a2700.custom-template.0.i306.5b423333IFnvem\">Cyfrowy<\/b>\u00a0Drukowanie\/<b>Jedwab<\/b>\u00a0Drukowanie<\/div>\n<\/td>\n<td colspan=\"1\" rowspan=\"1\">\n<div class=\"magic-12\"><span class=\"magic-10\"><b data-spm-anchor-id=\"a2700.custom-template.0.i207.5b423333IFnvem\">Czas pr\u00f3bkowania:<\/b><\/span><\/div>\n<\/td>\n<td colspan=\"1\" rowspan=\"1\">\n<div class=\"magic-15\">4-7 dni<\/div>\n<\/td>\n<\/tr>\n<tr>\n<td colspan=\"1\" rowspan=\"1\">\n<div class=\"magic-8\">\n<div class=\"magic-9\" data-spm-anchor-id=\"a2700.custom-template.0.i57.5b423333IFnvem\"><b><span class=\"magic-10\">Rozmiar M:<\/span><\/b><\/div>\n<\/div>\n<\/td>\n<td colspan=\"1\" rowspan=\"1\">\n<div class=\"magic-11\"><b>350*250 mm\u00a0<\/b><\/div>\n<\/td>\n<td colspan=\"1\" rowspan=\"1\">\n<div class=\"magic-12\"><span class=\"magic-10\"><b data-spm-anchor-id=\"a2700.custom-template.0.i212.5b423333IFnvem\">Czas dostawy:<\/b><\/span><\/div>\n<\/td>\n<td colspan=\"1\" rowspan=\"1\">\n<div class=\"magic-15\">7-28 dni (normalnie)<\/div>\n<\/td>\n<\/tr>\n<tr>\n<td colspan=\"1\" rowspan=\"1\">\n<div class=\"magic-8\">\n<div class=\"magic-9\" data-spm-anchor-id=\"a2700.custom-template.0.i58.5b423333IFnvem\"><b><span class=\"magic-10\">Rozmiar L:<\/span><\/b><\/div>\n<\/div>\n<\/td>\n<td colspan=\"1\" rowspan=\"1\">\n<div class=\"magic-11\"><b>800*300 mm<\/b><\/div>\n<\/td>\n<td colspan=\"1\" rowspan=\"1\">\n<div class=\"magic-12\"><b>Miejsce pochodzenia\uff1a<\/b><\/div>\n<\/td>\n<td colspan=\"1\" rowspan=\"1\">\n<div class=\"magic-15\">Dongguan, Chiny<\/div>\n<\/td>\n<\/tr>\n<tr>\n<td colspan=\"1\" rowspan=\"1\">\n<div class=\"magic-8\"><b><span class=\"magic-10\">Rozmiar XL:<\/span><\/b><\/div>\n<\/td>\n<td colspan=\"1\" rowspan=\"1\">\n<div class=\"magic-11\"><b data-spm-anchor-id=\"a2700.custom-template.0.i29.1bba3333LwM3EE\">900*400 mm<\/b><\/div>\n<\/td>\n<td colspan=\"1\" rowspan=\"1\">\n<div class=\"magic-12\"><span class=\"magic-10\"><span class=\"magic-17\" data-spm-anchor-id=\"a2700.custom-template.0.i152.5b423333IFnvem\"><b data-spm-anchor-id=\"a2700.custom-template.0.i202.5b423333IFnvem\">Certyfikat:<\/b><\/span><\/span><\/div>\n<\/td>\n<td colspan=\"1\" rowspan=\"1\">\n<div class=\"magic-15\">Sedex\/Reach\/RoHS\/EN-71\/CE\/PAHs\/FAMA<\/div>\n<\/td>\n<\/tr>\n<tr>\n<td colspan=\"1\" rowspan=\"1\">\n<div class=\"magic-8\"><b><span class=\"magic-10\">Grubo\u015b\u0107:<\/span><\/b><\/div>\n<\/td>\n<td colspan=\"1\" rowspan=\"1\">\n<div class=\"magic-11\"><b>3mm\/4mm\/5mm\/6mm<\/b><\/div>\n<\/td>\n<td colspan=\"1\" rowspan=\"1\">\n<div class=\"magic-12\"><b class=\"magic-18\" data-spm-anchor-id=\"a2700.custom-template.0.i202.5b423333IFnvem\">Termin ceny\uff1a<\/b><\/div>\n<\/td>\n<td colspan=\"1\" rowspan=\"1\">\n<div class=\"magic-15\">EXW\/FOB\/CIF\/Fedex\/DHL\/TNT\/UPS<\/div>\n<\/td>\n<\/tr>\n<tr>\n<td colspan=\"1\" rowspan=\"1\">\n<div class=\"magic-8\"><b><span class=\"magic-10\">Marka:<\/span><\/b><\/div>\n<\/td>\n<td colspan=\"1\" rowspan=\"1\">\n<div class=\"magic-11\"><b>Tigerwings lub OEM\/ODM<\/b><\/div>\n<\/td>\n<td colspan=\"1\" rowspan=\"1\">\n<div class=\"magic-12\"><b class=\"magic-19\" data-spm-anchor-id=\"a2700.custom-template.0.i202.5b423333IFnvem\">Termin p\u0142atno\u015bci\uff1a<\/b><\/div>\n<\/td>\n<td colspan=\"1\" rowspan=\"1\">\n<div class=\"magic-15\">T \/ T, Paypal, Western Union, L \/ C<\/div>\n<\/td>\n<\/tr>\n<tr>\n<td colspan=\"1\" rowspan=\"1\">\n<div class=\"magic-8\"><b><span class=\"magic-10\">Niestandardowe:<\/span><\/b><\/div>\n<\/td>\n<td colspan=\"3\" rowspan=\"1\">\n<div class=\"magic-20\" data-spm-anchor-id=\"a2700.details.0.i81.454d7d05QsR4UP\">Jeste\u015bmy\u00a0<b data-spm-anchor-id=\"a2700.custom-template.0.i291.5b423333IFnvem\">\u0179r\u00f3d\u0142o Fabryka<\/b>akceptuj\u0105c\u00a0<b data-spm-anchor-id=\"a2700.custom-template.0.i290.5b423333IFnvem\">Dostosowane\u00a0<\/b><span data-spm-anchor-id=\"a2700.custom-template.0.i290.5b423333IFnvem\"><b>MATERIA\u0141, ROZMIAR, NADRUK, LOGO, OBRZE\u017bE, OPAKOWANIE<\/b><\/span>itd.<\/div>\n<\/td>\n<\/tr>\n<\/tbody>\n<\/table>\n<p>Nowy prywatny model najlepiej sprzedaj\u0105cego si\u0119 produktu opatentowanego przez Amazon<\/p>\n<p>Nazwa produktu: Podk\u0142adka pod mysz z pod\u015bwietleniem RGB<\/p>\n<p>Waga produktu:<\/p>\n<ul>\n<li>900<em>400<\/em>4 mm (waga 900-950 g)<\/li>\n<li>800<em>300<\/em>4 mm (waga 630-660 g)<\/li>\n<li>300<em>250<\/em>4 mm (waga 300-350 g)<\/li>\n<\/ul>\n<p>Rozmiar kartonu: 48*<em>48*<\/em>35 cm, 25 sztuk, 17 kg<\/p>\n<p>7 jednolitych kolor\u00f3w, 14 tryb\u00f3w: Niebieski, Czerwony, Zielony, Bia\u0142y, Fioletowy, Cyjan, \u017b\u00f3\u0142ty Tryb oddychania, Tryb biegn\u0105cego konia<\/p>\n<p>Funkcja pami\u0119ci: Funkcja pami\u0119ci wy\u0142\u0105czenia zasilania<\/p>\n<p>Interfejs produktu: Interfejs typu C<\/p>\n<p>Zasilanie: 5V<\/p>\n<p>Opakowanie: English Color Box<\/p>\n<p>Mo\u017cliwo\u015b\u0107 dostosowania: Projekt logo, opakowanie papierowe, wymiary<\/p>\n<p style=\"margin: 0px; padding: 0px; border: 0px; vertical-align: baseline;\"><span style=\"margin: 0px; padding: 0px; border: 0px; font-style: inherit; font-weight: inherit; font-size: 20px; line-height: 30px; vertical-align: baseline;\"><strong>Opakowanie zawiera:<\/strong><\/span><span style=\"margin: 0px; padding: 0px; border: 0px; font-style: inherit; font-weight: inherit; font-size: 16px; line-height: 24px; vertical-align: baseline;\"> 1* Podk\u0142adka pod mysz RGB, 1* Kabel typu C<\/span><\/p>\n<p style=\"margin: 0px; padding: 0px; border: 0px; vertical-align: baseline;\"><span style=\"margin: 0px; padding: 0px; border: 0px; font-style: inherit; font-weight: inherit; font-size: inherit; line-height: 18px; vertical-align: baseline; color: #ff0000;\"><span style=\"margin: 0px; padding: 0px; border: 0px; font-style: inherit; font-weight: inherit; font-size: 16px; line-height: 24px; vertical-align: baseline;\">Uwaga:<\/span><\/span><\/p>\n<p style=\"margin: 0px; padding: 0px; border: 0px; vertical-align: baseline;\"><span style=\"margin: 0px; padding: 0px; border: 0px; font-style: inherit; font-weight: inherit; font-size: 16px; line-height: 24px; vertical-align: baseline; color: #ff0000;\">Naci\u015bnij raz, aby w\u0142\u0105czy\u0107\/ zmieni\u0107 kolor<\/span><\/p>\n<p style=\"margin: 0px; padding: 0px; border: 0px; vertical-align: baseline;\"><span style=\"margin: 0px; padding: 0px; border: 0px; font-style: inherit; font-weight: inherit; font-size: inherit; line-height: 18px; vertical-align: baseline; color: #ff0000;\"><span style=\"margin: 0px; padding: 0px; border: 0px; font-style: inherit; font-weight: inherit; font-size: 16px; line-height: 24px; vertical-align: baseline;\">Naci\u015bnij szybko dwa razy, aby dostosowa\u0107 jasno\u015b\u0107<\/span><\/span><\/p>\n<div style=\"margin: 0px; padding: 0px; border: 0px; vertical-align: baseline;\"><span style=\"margin: 0px; padding: 0px; border: 0px; font-style: inherit; font-weight: inherit; font-size: inherit; line-height: 18px; vertical-align: baseline; color: #ff0000;\"><span style=\"margin: 0px; padding: 0px; border: 0px; font-style: inherit; font-weight: inherit; font-size: 16px; line-height: 24px; vertical-align: baseline;\">d\u0142ugie naci\u015bni\u0119cie przez 3 sekundy, aby wy\u0142\u0105czy\u0107<\/span><\/span><\/div>\n<\/div>\n<\/div>\n<\/div>\n<div style=\"color: #000000; font-family: Arial; font-size: 12px; font-style: normal; font-weight: 400;\">\n<p style=\"margin: 0px; padding: 0px;\">\n<\/div>\n<\/div>\n<\/div>","protected":false},"excerpt":{"rendered":"<p>14 efekt\u00f3w \u015bwietlnych Podk\u0142adka pod mysz XXL RGB do gier Factory<\/p>","protected":false},"featured_media":951,"comment_status":"open","ping_status":"closed","template":"","meta":{"_seopress_robots_primary_cat":"none","_seopress_titles_title":"","_seopress_titles_desc":"","_seopress_robots_index":""},"product_brand":[],"product_cat":[97],"product_tag":[103,92],"class_list":{"0":"post-149","1":"product","2":"type-product","3":"status-publish","4":"has-post-thumbnail","6":"product_cat-rgb-mousepad","7":"product_tag-gaming","8":"product_tag-rgb","10":"first","11":"instock","12":"shipping-taxable","13":"purchasable","14":"product-type-variable"},"_links":{"self":[{"href":"https:\/\/rgbmousepad.com\/pl\/wp-json\/wp\/v2\/product\/149","targetHints":{"allow":["GET"]}}],"collection":[{"href":"https:\/\/rgbmousepad.com\/pl\/wp-json\/wp\/v2\/product"}],"about":[{"href":"https:\/\/rgbmousepad.com\/pl\/wp-json\/wp\/v2\/types\/product"}],"replies":[{"embeddable":true,"href":"https:\/\/rgbmousepad.com\/pl\/wp-json\/wp\/v2\/comments?post=149"}],"wp:featuredmedia":[{"embeddable":true,"href":"https:\/\/rgbmousepad.com\/pl\/wp-json\/wp\/v2\/media\/951"}],"wp:attachment":[{"href":"https:\/\/rgbmousepad.com\/pl\/wp-json\/wp\/v2\/media?parent=149"}],"wp:term":[{"taxonomy":"product_brand","embeddable":true,"href":"https:\/\/rgbmousepad.com\/pl\/wp-json\/wp\/v2\/product_brand?post=149"},{"taxonomy":"product_cat","embeddable":true,"href":"https:\/\/rgbmousepad.com\/pl\/wp-json\/wp\/v2\/product_cat?post=149"},{"taxonomy":"product_tag","embeddable":true,"href":"https:\/\/rgbmousepad.com\/pl\/wp-json\/wp\/v2\/product_tag?post=149"}],"curies":[{"name":"wp","href":"https:\/\/api.w.org\/{rel}","templated":true}]}}