{"id":1402,"date":"2023-10-25T12:01:40","date_gmt":"2023-10-25T04:01:40","guid":{"rendered":"https:\/\/rgbmousepad.com\/?post_type=product&#038;p=1402"},"modified":"2024-06-15T16:56:01","modified_gmt":"2024-06-15T08:56:01","slug":"custom-gaming-mouse-pads","status":"publish","type":"product","link":"https:\/\/rgbmousepad.com\/pl\/produkt\/custom-gaming-mouse-pads\/","title":{"rendered":"Niestandardowa podk\u0142adka pod mysz do gier Dostawca blokady kraw\u0119dzi"},"content":{"rendered":"<p><strong data-spm-anchor-id=\"a2g0o.detail.1000023.i0.2dba4611eeJYtX\">Cechy:<\/strong><\/p>\n<p>*Trwa\u0142e kraw\u0119dzie: Ta podk\u0142adka pod mysz ma delikatne kraw\u0119dzie, kt\u00f3re zapobiegaj\u0105 zu\u017cyciu. Zapewniaj\u0105 d\u0142ugotrwa\u0142e u\u017cytkowanie bez deformacji i odszumiania.<\/p>\n<div>*G\u0142adka powierzchnia: Tekstura jest g\u0119stsza. Mysz mo\u017cna szybko przesuwa\u0107 i dok\u0142adnie pozycjonowa\u0107, aby zapewni\u0107 p\u0142ynniejsze sterowanie mysz\u0105. Idealna do laptopa, komputera i PC.<\/div>\n<div>*Antypo\u015blizgowa gumowa podstawa: G\u0119ste cieniowanie i antypo\u015blizgowa podstawa z naturalnej gumy mog\u0105 mocno trzyma\u0107 si\u0119 biurka. Najwy\u017cszej jako\u015bci mi\u0119kki materia\u0142 zapewnia komfort i kontrol\u0119 nad mysz\u0105.<\/div>\n<div>*Zmywalna konstrukcja i ochrona przed blakni\u0119ciem: ta podk\u0142adka pod mysz jest wykonana z materia\u0142u, kt\u00f3ry ma \u015bwietny efekt blokuj\u0105cy kolor. P\u0142ynne plamy mo\u017cna czy\u015bci\u0107 wod\u0105 podczas ci\u0105g\u0142ego u\u017cytkowania. I nie wyblaknie przy wielokrotnym czyszczeniu.<\/div>\n<div>*Kolor: D\u0105\u017cymy do zapewnienia najbardziej kolorowych wydruk\u00f3w. U\u017cywamy 6 kolor\u00f3w do drukowania, podczas gdy wi\u0119kszo\u015b\u0107 konkurent\u00f3w u\u017cywa 4 kolor\u00f3w, a my u\u017cywamy zastrze\u017conej mieszanki CMYK i kolor\u00f3w neonowych, aby stworzy\u0107 najszersz\u0105 mo\u017cliw\u0105 gam\u0119 kolor\u00f3w.<br \/>\n*Proces drukowania: Nasza podk\u0142adka pod mysz jest drukowana i produkowana za pomoc\u0105 prasowania na gor\u0105co i sublimacji barwnika, kt\u00f3ra jest procesem przekszta\u0142cania cia\u0142 sta\u0142ych w gazy. Wysoka temperatura prasy drukarskiej zamienia atrament w gaz i \u0142\u0105czy si\u0119 z g\u0142adkim materia\u0142em poliestrowym, kt\u00f3ry tworzy g\u00f3rn\u0105 cz\u0119\u015b\u0107 podk\u0142adki pod mysz, dzi\u0119ki czemu nie musisz si\u0119 martwi\u0107 o z\u0142uszczanie si\u0119 lub blakni\u0119cie wzoru.<\/div>\n<div>*Szerokie zastosowanie: Dost\u0119pne dla wszystkich typ\u00f3w myszy, laserowych i optycznych. Idealny rozmiar do codziennego u\u017cytku.<\/div>\n<div><strong>Specyfikacja:<\/strong><\/div>\n<div>Materia\u0142: guma + tkanina<\/div>\n<div>Sizes : 30x60cm,30x70cm,30x80cm,40x70cm,40x80cm,40x90cm,50x100cm<\/div>\n<div>Grubo\u015b\u0107: 2\/3\/4\/5 mm<\/div>\n<div>W zestawie: 1 x podk\u0142adka pod mysz<\/div>\n<div>Uwaga: po otwarciu opakowania mo\u017ce pojawi\u0107 si\u0119 lekki zapach gumy, co jest normalne i ust\u0105pi po kilku dniach.<\/div>\n<div>Po transporcie na du\u017ce odleg\u0142o\u015bci odchylenie rozmiaru wynosi 0,5-1,5 cm, co jest normalnym zjawiskiem. Dzi\u0119kujemy za zrozumienie.<\/div>","protected":false},"excerpt":{"rendered":"<p>Spersonalizowana podk\u0142adka pod mysz do gier Art Gamer Du\u017ca podk\u0142adka pod mysz anime Gumowa kraw\u0119d\u017a blokuj\u0105ca Du\u017ca podk\u0142adka pod mysz komputerowa Mata na biurko do laptopa<\/p>","protected":false},"featured_media":1405,"comment_status":"open","ping_status":"closed","template":"","meta":{"_seopress_robots_primary_cat":"none","_seopress_titles_title":"","_seopress_titles_desc":"","_seopress_robots_index":""},"product_brand":[],"product_cat":[100],"product_tag":[107,134,103],"class_list":{"0":"post-1402","1":"product","2":"type-product","3":"status-publish","4":"has-post-thumbnail","6":"product_cat-gaming-mousepad","7":"product_tag-anime","8":"product_tag-factory","9":"product_tag-gaming","11":"first","12":"instock","13":"shipping-taxable","14":"purchasable","15":"product-type-variable"},"_links":{"self":[{"href":"https:\/\/rgbmousepad.com\/pl\/wp-json\/wp\/v2\/product\/1402","targetHints":{"allow":["GET"]}}],"collection":[{"href":"https:\/\/rgbmousepad.com\/pl\/wp-json\/wp\/v2\/product"}],"about":[{"href":"https:\/\/rgbmousepad.com\/pl\/wp-json\/wp\/v2\/types\/product"}],"replies":[{"embeddable":true,"href":"https:\/\/rgbmousepad.com\/pl\/wp-json\/wp\/v2\/comments?post=1402"}],"wp:featuredmedia":[{"embeddable":true,"href":"https:\/\/rgbmousepad.com\/pl\/wp-json\/wp\/v2\/media\/1405"}],"wp:attachment":[{"href":"https:\/\/rgbmousepad.com\/pl\/wp-json\/wp\/v2\/media?parent=1402"}],"wp:term":[{"taxonomy":"product_brand","embeddable":true,"href":"https:\/\/rgbmousepad.com\/pl\/wp-json\/wp\/v2\/product_brand?post=1402"},{"taxonomy":"product_cat","embeddable":true,"href":"https:\/\/rgbmousepad.com\/pl\/wp-json\/wp\/v2\/product_cat?post=1402"},{"taxonomy":"product_tag","embeddable":true,"href":"https:\/\/rgbmousepad.com\/pl\/wp-json\/wp\/v2\/product_tag?post=1402"}],"curies":[{"name":"wp","href":"https:\/\/api.w.org\/{rel}","templated":true}]}}