{"id":1053,"date":"2023-10-06T11:59:49","date_gmt":"2023-10-06T03:59:49","guid":{"rendered":"https:\/\/rgbmousepad.com\/?post_type=product&#038;p=1053"},"modified":"2024-06-04T11:37:23","modified_gmt":"2024-06-04T03:37:23","slug":"wrist-mousepads","status":"publish","type":"product","link":"https:\/\/rgbmousepad.com\/pl\/produkt\/wrist-mousepads\/","title":{"rendered":"Mi\u0119kka podk\u0142adka pod mysz do gier 3D z podp\u00f3rk\u0105 pod nadgarstek"},"content":{"rendered":"<p><span data-spm-anchor-id=\"a2g0o.detail.1000023.i1.323966hf66hfUr\">Cechy:<\/span><\/p>\n<div><\/div>\n<p>1. wykonane z \u017celowego materia\u0142u silikonowego, nietoksyczne, odporne na po\u015blizg.<\/p>\n<p><span data-spm-anchor-id=\"a2g0o.detail.1000023.i0.323966hf66hfUr\">2. Konstrukcja podparcia nadgarstka zapewnia p\u0142ynn\u0105 i wygodn\u0105 obs\u0142ug\u0119 myszy.<\/span><\/p>\n<p>3. ergonomicznie zaprojektowany dla u\u0142atwienia ruchu i odci\u0105\u017cenia staw\u00f3w. zapewnia koj\u0105ce wsparcie przy jednoczesnej redystrybucji punkt\u00f3w nacisku dla wyj\u0105tkowego komfortu.<\/p>\n<p>4. mi\u0119kka, antypo\u015blizgowa podstawa z PU mocno trzyma si\u0119 biurka. Dzi\u0119ki temu podk\u0142adka nie \u015blizga si\u0119 po biurku.<\/p>\n<div><\/div>\n<p>Specyfikacja:<\/p>\n<div><\/div>\n<p>Materia\u0142: Silikon + SBR + Lycra Cloth<\/p>\n<p data-spm-anchor-id=\"a2g0o.detail.1000023.i3.323966hf66hfUr\">Rozmiar: Approx. 26\u00d722\u00d72.5cm\/10.24\u00d78.66\u00d70.98in<\/p>","protected":false},"excerpt":{"rendered":"<p>Podk\u0142adka pod mysz do gier Sexy Anime Podk\u0142adka pod nadgarstek 3D Mi\u0119kka podk\u0142adka pod mysz Sexy Girl Hip Kawaii Silikonowa podk\u0142adka na biurko<\/p>","protected":false},"featured_media":1054,"comment_status":"open","ping_status":"closed","template":"","meta":{"_seopress_robots_primary_cat":"none","_seopress_titles_title":"","_seopress_titles_desc":"","_seopress_robots_index":""},"product_brand":[],"product_cat":[492],"product_tag":[107,113],"class_list":{"0":"post-1053","1":"product","2":"type-product","3":"status-publish","4":"has-post-thumbnail","6":"product_cat-boob-mouse-pad","7":"product_tag-anime","8":"product_tag-cartoon","10":"first","11":"instock","12":"shipping-taxable","13":"purchasable","14":"product-type-variable"},"_links":{"self":[{"href":"https:\/\/rgbmousepad.com\/pl\/wp-json\/wp\/v2\/product\/1053","targetHints":{"allow":["GET"]}}],"collection":[{"href":"https:\/\/rgbmousepad.com\/pl\/wp-json\/wp\/v2\/product"}],"about":[{"href":"https:\/\/rgbmousepad.com\/pl\/wp-json\/wp\/v2\/types\/product"}],"replies":[{"embeddable":true,"href":"https:\/\/rgbmousepad.com\/pl\/wp-json\/wp\/v2\/comments?post=1053"}],"wp:featuredmedia":[{"embeddable":true,"href":"https:\/\/rgbmousepad.com\/pl\/wp-json\/wp\/v2\/media\/1054"}],"wp:attachment":[{"href":"https:\/\/rgbmousepad.com\/pl\/wp-json\/wp\/v2\/media?parent=1053"}],"wp:term":[{"taxonomy":"product_brand","embeddable":true,"href":"https:\/\/rgbmousepad.com\/pl\/wp-json\/wp\/v2\/product_brand?post=1053"},{"taxonomy":"product_cat","embeddable":true,"href":"https:\/\/rgbmousepad.com\/pl\/wp-json\/wp\/v2\/product_cat?post=1053"},{"taxonomy":"product_tag","embeddable":true,"href":"https:\/\/rgbmousepad.com\/pl\/wp-json\/wp\/v2\/product_tag?post=1053"}],"curies":[{"name":"wp","href":"https:\/\/api.w.org\/{rel}","templated":true}]}}