{"id":1101,"date":"2023-10-07T10:09:57","date_gmt":"2023-10-07T02:09:57","guid":{"rendered":"https:\/\/rgbmousepad.com\/?page_id=1101"},"modified":"2023-10-07T10:09:58","modified_gmt":"2023-10-07T02:09:58","slug":"sitemap","status":"publish","type":"page","link":"https:\/\/rgbmousepad.com\/pl\/sitemap\/","title":{"rendered":"Sitemap"},"content":{"rendered":"<pre class=\"wp-block-code\"><code><\/code><\/pre>\n\n\n<div class=\"wp-block-wpseopress-sitemap\"><div class=\"wrap-html-sitemap sp-html-sitemap\"><div class=\"sp-wrap-cpt\"><h2 class=\"sp-cpt-name\">Strony<\/h2><ul class=\"sp-list-posts sp-cpt-hierarchical\"><li class=\"page_item page-item-1101\"><a href=\"https:\/\/rgbmousepad.com\/pl\/sitemap\/\">Sitemap<\/a><\/li><li class=\"page_item page-item-427\"><a href=\"https:\/\/rgbmousepad.com\/pl\/thank-you\/\">Dzi\u0119kuj\u0119<\/a><\/li><li class=\"page_item page-item-102 current_page_parent\"><a href=\"https:\/\/rgbmousepad.com\/pl\/blog\/\">BLOG<\/a><\/li><li class=\"page_item page-item-101\"><a href=\"https:\/\/rgbmousepad.com\/pl\/contact\/\">KONTAKT<\/a><\/li><li class=\"page_item page-item-100\"><a href=\"https:\/\/rgbmousepad.com\/pl\/about\/\">O<\/a><\/li><li class=\"page_item page-item-99\"><a href=\"https:\/\/rgbmousepad.com\/pl\/product\/\">PRODUKT<\/a><\/li><li class=\"page_item page-item-98\"><a href=\"https:\/\/rgbmousepad.com\/pl\/\">DOM<\/a><\/li><\/ul><\/div><div class=\"sp-wrap-cpt\"><h2 class=\"sp-cpt-name\">Wpisy<\/h2><div class=\"sp-wrap-cats\"><div class=\"sp-wrap-cat\"><h3 class=\"sp-cat-name\"><a href=\"https:\/\/rgbmousepad.com\/pl\/category\/blog\/\">Blog<\/a><\/h3><ul class=\"sp-list-posts\"><li><a href=\"https:\/\/rgbmousepad.com\/pl\/why-premium-brands-choose-poron-material-for-mouse-pads\/\">Why Premium Brands Choose Poron Material for Mouse Pads<\/a> &#8211; 3 kwietnia 2026<\/li><li><a href=\"https:\/\/rgbmousepad.com\/pl\/poron-mouse-pad-material\/\">Poron Mouse Pad vs Rubber: Which Is Better for Gaming?<\/a> &#8211; 3 kwietnia 2026<\/li><li><a href=\"https:\/\/rgbmousepad.com\/pl\/poron-mouse-pads\/\">Poron Mouse Pads: The OEM Guide to Precision, Durability, and Comfort<\/a> &#8211; 3 kwietnia 2026<\/li><li><a href=\"https:\/\/rgbmousepad.com\/pl\/mouse-pad-manufacturers\/\">Top 10 Mouse Pad Manufacturers in the World (2026)<\/a> &#8211; 1 kwietnia 2026<\/li><li><a href=\"https:\/\/rgbmousepad.com\/pl\/buying-gaming-mouse-pad-xxxxl\/\">Przewodnik zakupowy dla testu lub por\u00f3wnania podk\u0142adki pod mysz do gier XXXXL: Nasz przewodnik po osobistym zwyci\u0119zcy testu!<\/a> - 20 czerwca 2024<\/li><li><a href=\"https:\/\/rgbmousepad.com\/pl\/what-are-mouse-pads-made-of\/\">Z czego wykonane s\u0105 podk\u0142adki pod mysz? Kompleksowy przewodnik po materia\u0142ach i produkcji<\/a> - 4 czerwca 2024 r.<\/li><li><a href=\"https:\/\/rgbmousepad.com\/pl\/mouse-pad-material\/\">Gumowy materia\u0142 podk\u0142adki pod mysz - co to jest?<\/a> - 4 czerwca 2024 r.<\/li><li><a href=\"https:\/\/rgbmousepad.com\/pl\/mouse-pad-choose\/\">Jak\u0105 podk\u0142adk\u0119 pod mysz wybra\u0107?<\/a> - 21 maja 2024 r.<\/li><li><a href=\"https:\/\/rgbmousepad.com\/pl\/how-to-choose-mouse-pad\/\">Jak wybra\u0107 podk\u0142adk\u0119 pod mysz odpowiedni\u0105 do swoich potrzeb?<\/a> - 1 kwietnia 2024 r.<\/li><li><a href=\"https:\/\/rgbmousepad.com\/pl\/how-to-use-rgb\/\">\u041a\u0430\u043a \u043f\u0440\u0430\u0432\u0438\u043b\u044c\u043d\u043e \u0438\u0441\u043f\u043e\u043b\u044c\u0437\u043e\u0432\u0430\u0442\u044c \u0441\u0432\u0435\u0442\u044f\u0449\u0438\u0439\u0441\u044f \u043a\u043e\u0432\u0440\u0438\u043a \u0434\u043b\u044f \u043c\u044b\u0448\u0438?<\/a> - 11 marca 2024 r.<\/li><li><a href=\"https:\/\/rgbmousepad.com\/pl\/what-material-is-the-mouse-pad-made-of\/\">Z jakiego materia\u0142u wykonana jest podk\u0142adka pod mysz?<\/a> - 24 stycznia 2024 r.<\/li><li><a href=\"https:\/\/rgbmousepad.com\/pl\/waterproof-fabric-of-the-mouse-pad-made\/\">Jak wykonana jest wodoodporna tkanina podk\u0142adki pod mysz?<\/a> - 16 stycznia 2024 r.<\/li><li><a href=\"https:\/\/rgbmousepad.com\/pl\/the-evolution-of-mouse-pads\/\">Ewolucja podk\u0142adek pod mysz: Podr\u00f3\u017c przez histori\u0119<\/a> - 14 grudnia 2023 r.<\/li><li><a href=\"https:\/\/rgbmousepad.com\/pl\/process-of-mouse-pads\/\">Jak powstaj\u0105 podk\u0142adki pod mysz? Analiza procesu produkcji podk\u0142adek pod mysz<\/a> - 31 pa\u017adziernika 2023 r.<\/li><li><a href=\"https:\/\/rgbmousepad.com\/pl\/best-material-for-mouse-pad\/\">Wyb\u00f3r najlepszego materia\u0142u do produkcji podk\u0142adek pod mysz<\/a> - 17 pa\u017adziernika 2023 r.<\/li><li><a href=\"https:\/\/rgbmousepad.com\/pl\/how-rgb-mouse-pads-work\/\">Jak dzia\u0142aj\u0105 podk\u0142adki pod mysz RGB: pod\u015bwietlenie przestrzeni roboczej<\/a> - 16 pa\u017adziernika 2023 r.<\/li><li><a href=\"https:\/\/rgbmousepad.com\/pl\/use-rgb-mousepad\/\">Jak prawid\u0142owo u\u017cywa\u0107 \u015bwiec\u0105cej podk\u0142adki pod mysz?<\/a> - 6 pa\u017adziernika 2023 r.<\/li><\/ul><\/div><\/div><\/div><div class=\"sp-wrap-cpt\"><h2 class=\"sp-cpt-name\">Produkty<\/h2><div class=\"sp-archive-link\"><a href=\"https:\/\/rgbmousepad.com\/pl\/product\/\">Zobacz wszystko produkty<\/a><\/div><div class=\"sp-wrap-cats\"><div class=\"sp-wrap-cat\"><h3 class=\"sp-cat-name\"><a href=\"https:\/\/rgbmousepad.com\/pl\/productcategory\/wrist-mousepad\/boob-mouse-pad\/\">podk\u0142adka pod mysz z cyckiem<\/a><\/h3><ul class=\"sp-list-posts\"><li><a href=\"https:\/\/rgbmousepad.com\/pl\/produkt\/wrist-mousepads\/\">Mi\u0119kka podk\u0142adka pod mysz do gier 3D z podp\u00f3rk\u0105 pod nadgarstek<\/a> - 6 pa\u017adziernika 2023 r.<\/li><\/ul><\/div><div class=\"sp-wrap-cat\"><h3 class=\"sp-cat-name\"><a href=\"https:\/\/rgbmousepad.com\/pl\/productcategory\/chair-mats\/\">Maty na krzes\u0142a<\/a><\/h3><ul class=\"sp-list-posts\"><li><a href=\"https:\/\/rgbmousepad.com\/pl\/produkt\/chair-mats-factory\/\">Fabryka antypo\u015blizgowych okr\u0105g\u0142ych gumowych mat na krzes\u0142a do gier<\/a> - 16 maja 2024 r.<\/li><li><a href=\"https:\/\/rgbmousepad.com\/pl\/produkt\/heated-mousepads\/\">Inteligentna podgrzewana podk\u0142adka pod mysz<\/a> - 6 pa\u017adziernika 2023 r.<\/li><\/ul><\/div><div class=\"sp-wrap-cat\"><h3 class=\"sp-cat-name\"><a href=\"https:\/\/rgbmousepad.com\/pl\/productcategory\/gaming-mousepad\/\">Podk\u0142adki pod mysz dla graczy<\/a><\/h3><ul class=\"sp-list-posts\"><li><a href=\"https:\/\/rgbmousepad.com\/pl\/produkt\/desk-mat-manufacturers\/\">Du\u017ca podk\u0142adka pod mysz do gier XXXXL Producenci podk\u0142adek na biurko<\/a> - 28 maja 2024 r.<\/li><li><a href=\"https:\/\/rgbmousepad.com\/pl\/produkt\/xxxxl-gaming-mouse-pad\/\">XXXXL Podk\u0142adka pod mysz do gier Bardzo du\u017ca podk\u0142adka pod mysz Dostawcy<\/a> - 28 maja 2024 r.<\/li><li><a href=\"https:\/\/rgbmousepad.com\/pl\/produkt\/xxxxlmousepads\/\">Hurtownia du\u017cych podk\u0142adek pod mysz do gier XXXXL<\/a> - 20 marca 2024 r.<\/li><li><a href=\"https:\/\/rgbmousepad.com\/pl\/produkt\/roundmousepad\/\">Okr\u0105g\u0142a spersonalizowana podk\u0142adka pod mysz Producent<\/a> - 19 marca 2024 r.<\/li><li><a href=\"https:\/\/rgbmousepad.com\/pl\/produkt\/custom-gaming-mouse-pads\/\">Niestandardowa podk\u0142adka pod mysz do gier Dostawca blokady kraw\u0119dzi<\/a> - 25 pa\u017adziernika 2023 r.<\/li><li><a href=\"https:\/\/rgbmousepad.com\/pl\/produkt\/gaming-mousepads\/\">Podk\u0142adka pod mysz do gier z blokad\u0105 kraw\u0119dzi Dostawca niestandardowego wzoru<\/a> - 6 pa\u017adziernika 2023 r.<\/li><\/ul><\/div><div class=\"sp-wrap-cat\"><h3 class=\"sp-cat-name\"><a href=\"https:\/\/rgbmousepad.com\/pl\/productcategory\/leather-mousepad\/\">Sk\u00f3rzane podk\u0142adki pod mysz<\/a><\/h3><ul class=\"sp-list-posts\"><li><a href=\"https:\/\/rgbmousepad.com\/pl\/produkt\/leather-mousepads\/\">Producent wodoodpornych podk\u0142adek pod mysz ze sk\u00f3ry PU<\/a> - 6 pa\u017adziernika 2023 r.<\/li><\/ul><\/div><div class=\"sp-wrap-cat\"><h3 class=\"sp-cat-name\"><a href=\"https:\/\/rgbmousepad.com\/pl\/productcategory\/wrist-mousepad\/\">Podk\u0142adka pod mysz z podp\u00f3rk\u0105 pod nadgarstek<\/a><\/h3><ul class=\"sp-list-posts\"><li><a href=\"https:\/\/rgbmousepad.com\/pl\/produkt\/wrist-mousepads\/\">Mi\u0119kka podk\u0142adka pod mysz do gier 3D z podp\u00f3rk\u0105 pod nadgarstek<\/a> - 6 pa\u017adziernika 2023 r.<\/li><\/ul><\/div><div class=\"sp-wrap-cat\"><h3 class=\"sp-cat-name\"><a href=\"https:\/\/rgbmousepad.com\/pl\/productcategory\/rgb-mousepad\/\">Podk\u0142adki pod mysz RGB<\/a><\/h3><ul class=\"sp-list-posts\"><li><a href=\"https:\/\/rgbmousepad.com\/pl\/produkt\/surface-illuminated-mouse-pad\/\">Firelll RGB-03 Chasing Light E-sportowa podk\u0142adka pod mysz z pod\u015bwietleniem powierzchniowym Producenci<\/a> - 29 sierpnia 2024 r.<\/li><li><a href=\"https:\/\/rgbmousepad.com\/pl\/produkt\/rgb-mousepad-suppliers\/\">Rozszerzony dostawca podk\u0142adek pod mysz XXL Gaming RGB<\/a> - 25 pa\u017adziernika 2023 r.<\/li><li><a href=\"https:\/\/rgbmousepad.com\/pl\/produkt\/new-luminous-mouse-pads\/\">Podk\u0142adka pod mysz z mo\u017cliwo\u015bci\u0105 dostosowania wzor\u00f3w Producent<\/a> - 24 pa\u017adziernika 2023 r.<\/li><li><a href=\"https:\/\/rgbmousepad.com\/pl\/produkt\/rgb-mousepads\/\">\u015awiec\u0105ce podk\u0142adki pod mysz RGB do gier luzem<\/a> - 14 wrze\u015bnia 2023 r.<\/li><\/ul><\/div><div class=\"sp-wrap-cat\"><h3 class=\"sp-cat-name\"><a href=\"https:\/\/rgbmousepad.com\/pl\/productcategory\/wireless-charging-mousepad\/\">Podk\u0142adki pod mysz z bezprzewodowym \u0142adowaniem<\/a><\/h3><ul class=\"sp-list-posts\"><li><a href=\"https:\/\/rgbmousepad.com\/pl\/produkt\/ds20-wireless-charging-desk\/\">Bezprzewodowa mata \u0142aduj\u0105ca DS20 15W RGB Bulk<\/a> - 13 czerwca 2024 r.<\/li><li><a href=\"https:\/\/rgbmousepad.com\/pl\/produkt\/ds20-rgb-gaming-mousepad-with-wireless-charging-oem\/\">Gamingowa podk\u0142adka pod mysz DS20 RGB z bezprzewodowym \u0142adowaniem OEM<\/a> - 25 maja 2024 r.<\/li><li><a href=\"https:\/\/rgbmousepad.com\/pl\/produkt\/wireless-charging-mouse-pads\/\">Bezprzewodowa podk\u0142adka pod mysz \u0142aduj\u0105ca 10W RGB<\/a> - 6 pa\u017adziernika 2023 r.<\/li><\/ul><\/div><div class=\"sp-wrap-cat\"><h3 class=\"sp-cat-name\"><a href=\"https:\/\/rgbmousepad.com\/pl\/productcategory\/gaming-mousepad\/xxxxl-mouse-pad\/\">Podk\u0142adka pod mysz XXXXL<\/a><\/h3><ul class=\"sp-list-posts\"><li><a href=\"https:\/\/rgbmousepad.com\/pl\/produkt\/desk-mat-manufacturers\/\">Du\u017ca podk\u0142adka pod mysz do gier XXXXL Producenci podk\u0142adek na biurko<\/a> - 28 maja 2024 r.<\/li><li><a href=\"https:\/\/rgbmousepad.com\/pl\/produkt\/xxxxl-gaming-mouse-pad\/\">XXXXL Podk\u0142adka pod mysz do gier Bardzo du\u017ca podk\u0142adka pod mysz Dostawcy<\/a> - 28 maja 2024 r.<\/li><li><a href=\"https:\/\/rgbmousepad.com\/pl\/produkt\/xxxxlmousepads\/\">Hurtownia du\u017cych podk\u0142adek pod mysz do gier XXXXL<\/a> - 20 marca 2024 r.<\/li><\/ul><\/div><\/div><\/div><\/div><\/div>","protected":false},"excerpt":{"rendered":"","protected":false},"author":1,"featured_media":0,"parent":0,"menu_order":0,"comment_status":"closed","ping_status":"closed","template":"","meta":{"_seopress_robots_primary_cat":"","_seopress_titles_title":"","_seopress_titles_desc":"","_seopress_robots_index":"","footnotes":""},"class_list":["post-1101","page","type-page","status-publish","hentry"],"_links":{"self":[{"href":"https:\/\/rgbmousepad.com\/pl\/wp-json\/wp\/v2\/pages\/1101","targetHints":{"allow":["GET"]}}],"collection":[{"href":"https:\/\/rgbmousepad.com\/pl\/wp-json\/wp\/v2\/pages"}],"about":[{"href":"https:\/\/rgbmousepad.com\/pl\/wp-json\/wp\/v2\/types\/page"}],"author":[{"embeddable":true,"href":"https:\/\/rgbmousepad.com\/pl\/wp-json\/wp\/v2\/users\/1"}],"replies":[{"embeddable":true,"href":"https:\/\/rgbmousepad.com\/pl\/wp-json\/wp\/v2\/comments?post=1101"}],"version-history":[{"count":2,"href":"https:\/\/rgbmousepad.com\/pl\/wp-json\/wp\/v2\/pages\/1101\/revisions"}],"predecessor-version":[{"id":1105,"href":"https:\/\/rgbmousepad.com\/pl\/wp-json\/wp\/v2\/pages\/1101\/revisions\/1105"}],"wp:attachment":[{"href":"https:\/\/rgbmousepad.com\/pl\/wp-json\/wp\/v2\/media?parent=1101"}],"curies":[{"name":"wp","href":"https:\/\/api.w.org\/{rel}","templated":true}]}}