{"id":990,"date":"2023-10-06T11:15:17","date_gmt":"2023-10-06T03:15:17","guid":{"rendered":"https:\/\/rgbmousepad.com\/?post_type=product&#038;p=990"},"modified":"2023-10-06T16:16:20","modified_gmt":"2023-10-06T08:16:20","slug":"heated-mousepads","status":"publish","type":"product","link":"https:\/\/rgbmousepad.com\/fr\/produit\/heated-mousepads\/","title":{"rendered":"Tapis de souris chauffant intelligent"},"content":{"rendered":"<p><strong>Caract\u00e9ristiques :<\/strong><\/p>\n<p>* Arr\u00eat automatique au bout de deux heures. La temporisation intelligente de la mise hors tension rend l'utilisation plus confortable, et vous n'avez pas \u00e0 vous soucier de votre vie active, ce qui vous accompagnera tout au long de l'hiver.<\/p>\n<p>* Interrupteur intelligent, r\u00e9sistant aux \u00e9claboussures, pas de choc \u00e9lectrique en cas de contact avec l'eau.<\/p>\n<p>* Le c\u00f4t\u00e9 de la voiture est anti-fissuration, plus ferme et plus durable, afin d'\u00e9viter les fissures.<\/p>\n<p>* PU lisse. La souris est souple et ne se coince pas.<\/p>\n<p><strong>Sp\u00e9cification :<\/strong><\/p>\n<p>Nom : Tapis de table chauffant multifonctionnel<\/p>\n<p>Tension nominale : 220V<\/p>\n<p>Puissance de l'affichage num\u00e9rique : 125W<\/p>\n<p>Puissance des boutons : 75W<\/p>\n<p>Temp\u00e9rature : 35\u2103-50\u2103<\/p>\n<p><strong>Emballage inclus :<\/strong><\/p>\n<p>1 * Tapis de table chauffant multifonctionnel<\/p>","protected":false},"excerpt":{"rendered":"<p>Tapis de souris chauffant \u00e9lectrique Table Large Mat Affichage Temp\u00e9rature Tapis de souris chauffant Main Chaude Pour Bureau Ordinateur Bureau Clavier<\/p>","protected":false},"featured_media":991,"comment_status":"open","ping_status":"closed","template":"","meta":{"_seopress_robots_primary_cat":"","_seopress_titles_title":"","_seopress_titles_desc":"","_seopress_robots_index":""},"product_brand":[],"product_cat":[99],"product_tag":[106],"class_list":{"0":"post-990","1":"product","2":"type-product","3":"status-publish","4":"has-post-thumbnail","6":"product_cat-chair-mats","7":"product_tag-worm","9":"first","10":"instock","11":"shipping-taxable","12":"purchasable","13":"product-type-variable"},"_links":{"self":[{"href":"https:\/\/rgbmousepad.com\/fr\/wp-json\/wp\/v2\/product\/990","targetHints":{"allow":["GET"]}}],"collection":[{"href":"https:\/\/rgbmousepad.com\/fr\/wp-json\/wp\/v2\/product"}],"about":[{"href":"https:\/\/rgbmousepad.com\/fr\/wp-json\/wp\/v2\/types\/product"}],"replies":[{"embeddable":true,"href":"https:\/\/rgbmousepad.com\/fr\/wp-json\/wp\/v2\/comments?post=990"}],"wp:featuredmedia":[{"embeddable":true,"href":"https:\/\/rgbmousepad.com\/fr\/wp-json\/wp\/v2\/media\/991"}],"wp:attachment":[{"href":"https:\/\/rgbmousepad.com\/fr\/wp-json\/wp\/v2\/media?parent=990"}],"wp:term":[{"taxonomy":"product_brand","embeddable":true,"href":"https:\/\/rgbmousepad.com\/fr\/wp-json\/wp\/v2\/product_brand?post=990"},{"taxonomy":"product_cat","embeddable":true,"href":"https:\/\/rgbmousepad.com\/fr\/wp-json\/wp\/v2\/product_cat?post=990"},{"taxonomy":"product_tag","embeddable":true,"href":"https:\/\/rgbmousepad.com\/fr\/wp-json\/wp\/v2\/product_tag?post=990"}],"curies":[{"name":"wp","href":"https:\/\/api.w.org\/{rel}","templated":true}]}}