{"id":2390,"date":"2024-08-29T12:38:24","date_gmt":"2024-08-29T04:38:24","guid":{"rendered":"https:\/\/rgbmousepad.com\/?post_type=product&#038;p=2390"},"modified":"2026-05-06T01:08:51","modified_gmt":"2026-05-05T17:08:51","slug":"surface-illuminated-mouse-pad","status":"publish","type":"product","link":"https:\/\/rgbmousepad.com\/fr\/produit\/surface-illuminated-mouse-pad\/","title":{"rendered":"Firelll RGB-03 Chasing Light Tapis de souris \u00e9clair\u00e9 en surface pour le sport \u00e9lectronique Fabricants"},"content":{"rendered":"<h3>Explication des fonctions cl\u00e9s<\/h3>\n<p><strong>Caract\u00e9ristiques du produit<\/strong><\/p>\n<ul>\n<li><strong>Pr\u00e9sentation du produit :<\/strong> Appuyez longuement sur le bouton pendant 3 secondes pour activer ou d\u00e9sactiver le tapis de souris. Double-cliquez rapidement pour d\u00e9sactiver l'animation du tapis de souris.<\/li>\n<li><strong>Conception :<\/strong> Forte adh\u00e9rence, fixation solide sur le bureau. La texture antid\u00e9rapante en forme de fl\u00e8che am\u00e9liore la prise en main.<\/li>\n<li><strong>Caoutchouc naturel \u00e9paissi et antid\u00e9rapant :<\/strong> La base antid\u00e9rapante pr\u00e9sente une texture en forme de fl\u00e8che pour \u00e9viter tout mouvement lors de l'utilisation de la souris.<\/li>\n<li><strong>Connexion USB :<\/strong> Un simple clic permet de passer d'un mode d'\u00e9clairage \u00e0 l'autre. Le tapis de souris reste fix\u00e9 sur le bureau m\u00eame en cas de mouvements vigoureux de la souris.<\/li>\n<li><strong>Interrupteur d'alimentation :<\/strong> Activation\/d\u00e9sactivation par un seul bouton - il y a toujours un effet d'\u00e9clairage qui vous convient, y compris des modes unicolores agr\u00e9ables \u00e0 l'\u0153il.<\/li>\n<li><strong>Changement de mode :<\/strong> Les modes d'\u00e9clairage comprennent le mode de respiration en couleur, le mode de gradient de respiration en couleur et les modes stroboscopiques et de poursuite en couleur.\n<ol>\n<li><strong>Mode personnalis\u00e9 unicolore agr\u00e9able \u00e0 l'\u0153il :<\/strong> Vert, bleu, rouge, jaune, cyan, violet.<\/li>\n<li><strong>Mode de respiration en couleurs<\/strong><\/li>\n<li><strong>Mode d\u00e9grad\u00e9 respiratoire pleine couleur<\/strong><\/li>\n<li><strong>Mode stroboscopique pleine couleur<\/strong><\/li>\n<li><strong>Mode poursuite stroboscopique avec respiration en couleur<\/strong><\/li>\n<\/ol>\n<\/li>\n<li><strong>M\u00e9moire de mise hors tension :<\/strong> M\u00e9morise automatiquement le dernier effet d'\u00e9clairage utilis\u00e9 sans qu'il soit n\u00e9cessaire de le r\u00e9ajuster \u00e0 chaque fois que vous l'allumez.<\/li>\n<li><strong>Polypropyl\u00e8ne Technologie de la r\u00e9sine :<\/strong> Conception de la friction au niveau du pixel des particules ultrafines, durable avec une longue dur\u00e9e de vie, r\u00e9sistant \u00e0 la d\u00e9formation, imperm\u00e9able \u00e0 l'eau et \u00e0 l'huile, r\u00e9sistant aux UV, non toxique et inodore.<\/li>\n<li><strong>Technologie exclusive brevet\u00e9e :<\/strong> La poursuite des ondes sonores suit le champ sonore pour une exp\u00e9rience interactive.<\/li>\n<li><strong>Musique Animation LED r\u00e9active :<\/strong> Les effets sonores des touches musicales et des clics de souris d\u00e9clenchent des animations stroboscopiques modul\u00e9es en fr\u00e9quence.<\/li>\n<\/ul>\n<h3>Sp\u00e9cifications des produits<\/h3>\n<ul>\n<li><strong>Nom :<\/strong> Tapis de souris E-sports Chasing Light<\/li>\n<li><strong>Dimensions d\u00e9pli\u00e9es :<\/strong> 350 mm<em>250mm<\/em>6 mm<\/li>\n<li><strong>Poids :<\/strong> 450g<\/li>\n<li><strong>Module USB Entr\u00e9e :<\/strong> 5V 150mA<\/li>\n<li><strong>Sp\u00e9cifications du c\u00e2ble :<\/strong> 1,8 m\u00e8tre<\/li>\n<li><strong>Port USB :<\/strong> TYPE-C<\/li>\n<li><strong>Environnement d'exploitation :<\/strong> -10\u2103 \u00e0 40\u2103<\/li>\n<\/ul>\n<p>&nbsp;<\/p>\n<div style=\"width: 800px;\" class=\"wp-video\"><video class=\"wp-video-shortcode\" id=\"video-2390-1\" width=\"800\" height=\"450\" preload=\"metadata\" controls=\"controls\"><source type=\"video\/mp4\" src=\"https:\/\/rgbmousepad.com\/wp-content\/uploads\/2024\/08\/\u65b0\u6b3e\u9f20\u6807\u57ab\u6a2a\u5c4f\u82f1\u6587.mp4?_=1\" \/><a href=\"https:\/\/rgbmousepad.com\/wp-content\/uploads\/2024\/08\/\u65b0\u6b3e\u9f20\u6807\u57ab\u6a2a\u5c4f\u82f1\u6587.mp4\">https:\/\/rgbmousepad.com\/wp-content\/uploads\/2024\/08\/\u65b0\u6b3e\u9f20\u6807\u57ab\u6a2a\u5c4f\u82f1\u6587.mp4<\/a><\/video><\/div>\n<p>&nbsp;<\/p>\n<p><img fetchpriority=\"high\" decoding=\"async\" class=\"alignnone size-full wp-image-2394\" src=\"https:\/\/rgbmousepad.com\/wp-content\/uploads\/2024\/08\/A1.jpg\" alt=\"\" width=\"970\" height=\"600\" srcset=\"https:\/\/rgbmousepad.com\/wp-content\/uploads\/2024\/08\/A1.jpg 970w, https:\/\/rgbmousepad.com\/wp-content\/uploads\/2024\/08\/A1-300x186.jpg 300w, https:\/\/rgbmousepad.com\/wp-content\/uploads\/2024\/08\/A1-768x475.jpg 768w, https:\/\/rgbmousepad.com\/wp-content\/uploads\/2024\/08\/A1-18x12.jpg 18w, https:\/\/rgbmousepad.com\/wp-content\/uploads\/2024\/08\/A1-600x371.jpg 600w\" sizes=\"(max-width: 970px) 100vw, 970px\" \/><img decoding=\"async\" class=\"alignnone size-full wp-image-2395\" src=\"https:\/\/rgbmousepad.com\/wp-content\/uploads\/2024\/08\/A2.jpg\" alt=\"\" width=\"970\" height=\"600\" srcset=\"https:\/\/rgbmousepad.com\/wp-content\/uploads\/2024\/08\/A2.jpg 970w, https:\/\/rgbmousepad.com\/wp-content\/uploads\/2024\/08\/A2-300x186.jpg 300w, https:\/\/rgbmousepad.com\/wp-content\/uploads\/2024\/08\/A2-768x475.jpg 768w, https:\/\/rgbmousepad.com\/wp-content\/uploads\/2024\/08\/A2-18x12.jpg 18w, https:\/\/rgbmousepad.com\/wp-content\/uploads\/2024\/08\/A2-600x371.jpg 600w\" sizes=\"(max-width: 970px) 100vw, 970px\" \/> <img decoding=\"async\" class=\"alignnone size-full wp-image-2396\" src=\"https:\/\/rgbmousepad.com\/wp-content\/uploads\/2024\/08\/A2-1.jpg\" alt=\"\" width=\"970\" height=\"600\" srcset=\"https:\/\/rgbmousepad.com\/wp-content\/uploads\/2024\/08\/A2-1.jpg 970w, https:\/\/rgbmousepad.com\/wp-content\/uploads\/2024\/08\/A2-1-300x186.jpg 300w, https:\/\/rgbmousepad.com\/wp-content\/uploads\/2024\/08\/A2-1-768x475.jpg 768w, https:\/\/rgbmousepad.com\/wp-content\/uploads\/2024\/08\/A2-1-18x12.jpg 18w, https:\/\/rgbmousepad.com\/wp-content\/uploads\/2024\/08\/A2-1-600x371.jpg 600w\" sizes=\"(max-width: 970px) 100vw, 970px\" \/> <img loading=\"lazy\" decoding=\"async\" class=\"alignnone size-full wp-image-2397\" src=\"https:\/\/rgbmousepad.com\/wp-content\/uploads\/2024\/08\/A3.jpg\" alt=\"\" width=\"970\" height=\"600\" srcset=\"https:\/\/rgbmousepad.com\/wp-content\/uploads\/2024\/08\/A3.jpg 970w, https:\/\/rgbmousepad.com\/wp-content\/uploads\/2024\/08\/A3-300x186.jpg 300w, https:\/\/rgbmousepad.com\/wp-content\/uploads\/2024\/08\/A3-768x475.jpg 768w, https:\/\/rgbmousepad.com\/wp-content\/uploads\/2024\/08\/A3-18x12.jpg 18w, https:\/\/rgbmousepad.com\/wp-content\/uploads\/2024\/08\/A3-600x371.jpg 600w\" sizes=\"(max-width: 970px) 100vw, 970px\" \/> <img loading=\"lazy\" decoding=\"async\" class=\"alignnone size-full wp-image-2398\" src=\"https:\/\/rgbmousepad.com\/wp-content\/uploads\/2024\/08\/A3-2.jpg\" alt=\"\" width=\"970\" height=\"600\" srcset=\"https:\/\/rgbmousepad.com\/wp-content\/uploads\/2024\/08\/A3-2.jpg 970w, https:\/\/rgbmousepad.com\/wp-content\/uploads\/2024\/08\/A3-2-300x186.jpg 300w, https:\/\/rgbmousepad.com\/wp-content\/uploads\/2024\/08\/A3-2-768x475.jpg 768w, https:\/\/rgbmousepad.com\/wp-content\/uploads\/2024\/08\/A3-2-18x12.jpg 18w, https:\/\/rgbmousepad.com\/wp-content\/uploads\/2024\/08\/A3-2-600x371.jpg 600w\" sizes=\"(max-width: 970px) 100vw, 970px\" \/> <img loading=\"lazy\" decoding=\"async\" class=\"alignnone size-full wp-image-2399\" src=\"https:\/\/rgbmousepad.com\/wp-content\/uploads\/2024\/08\/A\uff0b4.jpg\" alt=\"\" width=\"970\" height=\"600\" srcset=\"https:\/\/rgbmousepad.com\/wp-content\/uploads\/2024\/08\/A\uff0b4.jpg 970w, https:\/\/rgbmousepad.com\/wp-content\/uploads\/2024\/08\/A\uff0b4-300x186.jpg 300w, https:\/\/rgbmousepad.com\/wp-content\/uploads\/2024\/08\/A\uff0b4-768x475.jpg 768w, https:\/\/rgbmousepad.com\/wp-content\/uploads\/2024\/08\/A\uff0b4-18x12.jpg 18w, https:\/\/rgbmousepad.com\/wp-content\/uploads\/2024\/08\/A\uff0b4-600x371.jpg 600w\" sizes=\"(max-width: 970px) 100vw, 970px\" \/><\/p>","protected":false},"excerpt":{"rendered":"<p>Illuminez votre jeu avec notre tapis de souris Surface-Lit, o\u00f9 la pr\u00e9cision rencontre un \u00e9clairage LED vibrant pour une exp\u00e9rience immersive qui illumine chaque mouvement.<\/p>","protected":false},"featured_media":2401,"comment_status":"open","ping_status":"closed","template":"","meta":{"_seopress_robots_primary_cat":"none","_seopress_titles_title":"Firelll RGB-03 Chasing Light E-sports Surface-Illuminated Mouse Pad Manufacturers","_seopress_titles_desc":"Experience unparalleled precision with our Surface-Lit Mouse Pad. Featuring vibrant LED lighting across the fabric surface, it enhances your gameplay with stunning visuals and a seamless, responsive feel.","_seopress_robots_index":""},"product_brand":[],"product_cat":[97],"product_tag":[134,103],"class_list":{"0":"post-2390","1":"product","2":"type-product","3":"status-publish","4":"has-post-thumbnail","6":"product_cat-rgb-mousepad","7":"product_tag-factory","8":"product_tag-gaming","10":"first","11":"instock","12":"shipping-taxable","13":"purchasable","14":"product-type-simple"},"_links":{"self":[{"href":"https:\/\/rgbmousepad.com\/fr\/wp-json\/wp\/v2\/product\/2390","targetHints":{"allow":["GET"]}}],"collection":[{"href":"https:\/\/rgbmousepad.com\/fr\/wp-json\/wp\/v2\/product"}],"about":[{"href":"https:\/\/rgbmousepad.com\/fr\/wp-json\/wp\/v2\/types\/product"}],"replies":[{"embeddable":true,"href":"https:\/\/rgbmousepad.com\/fr\/wp-json\/wp\/v2\/comments?post=2390"}],"wp:featuredmedia":[{"embeddable":true,"href":"https:\/\/rgbmousepad.com\/fr\/wp-json\/wp\/v2\/media\/2401"}],"wp:attachment":[{"href":"https:\/\/rgbmousepad.com\/fr\/wp-json\/wp\/v2\/media?parent=2390"}],"wp:term":[{"taxonomy":"product_brand","embeddable":true,"href":"https:\/\/rgbmousepad.com\/fr\/wp-json\/wp\/v2\/product_brand?post=2390"},{"taxonomy":"product_cat","embeddable":true,"href":"https:\/\/rgbmousepad.com\/fr\/wp-json\/wp\/v2\/product_cat?post=2390"},{"taxonomy":"product_tag","embeddable":true,"href":"https:\/\/rgbmousepad.com\/fr\/wp-json\/wp\/v2\/product_tag?post=2390"}],"curies":[{"name":"wp","href":"https:\/\/api.w.org\/{rel}","templated":true}]}}