{"id":2298,"date":"2024-05-28T11:17:16","date_gmt":"2024-05-28T03:17:16","guid":{"rendered":"https:\/\/rgbmousepad.com\/?post_type=product&#038;p=2298"},"modified":"2024-05-28T11:27:05","modified_gmt":"2024-05-28T03:27:05","slug":"desk-mat-manufacturers","status":"publish","type":"product","link":"https:\/\/rgbmousepad.com\/fr\/produit\/desk-mat-manufacturers\/","title":{"rendered":"Tapis de souris pour jeux XXXXL Tapis de bureau Fabricants"},"content":{"rendered":"<p>\u3010Professional Gaming Mouse Pad\u3011Il s'agit d'un grand tapis de souris gaming professionnel, notre tapis de souris gaming peut vous aider \u00e0 maximiser la fluidit\u00e9 et la pr\u00e9cision du contr\u00f4le de votre souris, la surface ultra lisse du tapis de souris gaming professionnel vous permet de d\u00e9placer la souris sans effort \u00e0 tout moment pour un suivi pr\u00e9cis, afin que tous les joueurs passionn\u00e9s puissent avoir la meilleure exp\u00e9rience de jeu, utilisez ce grand tapis de souris gaming professionnel pour faire ressortir votre niveau de jeu parfait\uff01.<br \/>\n\u3010Haute stabilit\u00e9, durabilit\u00e9 et confort\u3011Ce grand tapis de souris de jeu a la stabilit\u00e9 la plus puissante, la durabilit\u00e9 et le confort ! R\u00e9soudre tous les probl\u00e8mes sur le march\u00e9 des bords pli\u00e9s du tapis de souris, du mat\u00e9riel de tapis de souris de mauvaise qualit\u00e9, de l'odeur du tapis de souris et de l'utilisation inconfortable du tapis de souris et ainsi de suite ! Nos tapis de souris ont \u00e9t\u00e9 test\u00e9s pendant d'innombrables heures et d'innombrables fois afin de fournir les meilleurs tapis de souris \u00e0 tous les joueurs !<br \/>\n\u3010Best Quality Material &amp; Strongest Anti-slip Performance\u3011Notre grande surface de tapis de souris de jeu est enti\u00e8rement faite de tissu lycra de haute pr\u00e9cision de la meilleure qualit\u00e9 pour s'assurer qu'il reste plat lorsque vous utilisez ce tapis de souris de jeu. La base antid\u00e9rapante en caoutchouc sur le fond du tapis de souris gaming maintient le tapis de souris fermement en place et fournit la performance antid\u00e9rapante la plus forte, et ce tapis de souris gaming est recouvert d'un rev\u00eatement imperm\u00e9able \u00e0 l'eau qui emp\u00eache les d\u00e9versements ou les salissures, est facile \u00e0 nettoyer et est sans odeur. Ce tapis de souris gaming de grande taille vous offrira une stabilit\u00e9, une durabilit\u00e9 et un confort optimaux.<br \/>\n\u3010Extra Large Extended XXXL Size Gaming Mouse Pad\u3011Notre grand tapis de souris gaming , plus long et plus large que les autres tapis de souris, ce grand tapis de souris gaming offre beaucoup d'espace pour votre souris et votre clavier, fournissant une plus grande surface lisse et sans obstruction pour les sessions de jeu professionnelles, et ce tapis de souris gaming prot\u00e8ge \u00e9galement votre bureau. L'\u00e9paisseur de 2 mm du tapis de souris gaming permet non seulement de r\u00e9duire le bruit, mais aussi d'assurer une exp\u00e9rience plus confortable pour vos mains.<br \/>\n\u3010Multifunctional Mouse Pad\u3011Notre grand tapis de souris de jeu ne vous donne pas seulement la meilleure performance lors du jeu, ce tapis de souris est \u00e9galement un assistant \u00e0 multiples facettes pour votre bureau \u00e0 domicile, l'\u00e9tude et le travail de bureau. La taille agrandie et allong\u00e9e du grand tapis de souris xl offre un espace d'activit\u00e9 plus confortable et plus spacieux tout en prot\u00e9geant votre bureau. Le beau motif du tapis de souris de bureau peut \u00e9galement ajouter une atmosph\u00e8re relaxante \u00e0 votre bureau. Il s'agit d'un tapis de souris multifonctionnel \u00e0 la fois pratique et beau.<\/p>\n<p><img fetchpriority=\"high\" decoding=\"async\" class=\"size-full wp-image-2305\" src=\"https:\/\/rgbmousepad.com\/wp-content\/uploads\/2024\/05\/Full-Desk-Mouse-Pad.jpg\" alt=\"Full Desk Mouse Pad\" width=\"1464\" height=\"600\" srcset=\"https:\/\/rgbmousepad.com\/wp-content\/uploads\/2024\/05\/Full-Desk-Mouse-Pad.jpg 1464w, https:\/\/rgbmousepad.com\/wp-content\/uploads\/2024\/05\/Full-Desk-Mouse-Pad-300x123.jpg 300w, https:\/\/rgbmousepad.com\/wp-content\/uploads\/2024\/05\/Full-Desk-Mouse-Pad-1024x420.jpg 1024w, https:\/\/rgbmousepad.com\/wp-content\/uploads\/2024\/05\/Full-Desk-Mouse-Pad-768x315.jpg 768w, https:\/\/rgbmousepad.com\/wp-content\/uploads\/2024\/05\/Full-Desk-Mouse-Pad-600x246.jpg 600w\" sizes=\"(max-width: 1464px) 100vw, 1464px\" \/><\/p>\n<table class=\"apm-fixed-width apm-eventhirdcol-table\" style=\"height: 566px;\" width=\"474\">\n<tbody>\n<tr>\n<th class=\"apm-center\"><img decoding=\"async\" class=\"size-full wp-image-2304\" src=\"https:\/\/rgbmousepad.com\/wp-content\/uploads\/2024\/05\/f0eff780-12f1-4eeb-8c09-f5c1a4c3b575.__CR00300225_PT0_SX300_V1___.jpg\" alt=\"xxxxl mouse pad\" width=\"300\" height=\"225\" \/><\/th>\n<th class=\"apm-center\"><img decoding=\"async\" class=\"size-full wp-image-2302\" src=\"https:\/\/rgbmousepad.com\/wp-content\/uploads\/2024\/05\/e5882a06-82f0-40e7-b46a-b5fd7878b0ed.__CR00300225_PT0_SX300_V1___.jpg\" alt=\"xxxxl mouse pad\" width=\"300\" height=\"225\" \/><\/th>\n<th class=\"apm-center\"><img loading=\"lazy\" decoding=\"async\" class=\"size-full wp-image-2301\" src=\"https:\/\/rgbmousepad.com\/wp-content\/uploads\/2024\/05\/476a90b3-1584-4bd6-98d3-390979d77c08.__CR00300225_PT0_SX300_V1___.jpg\" alt=\"xxxxl mouse pad\" width=\"300\" height=\"225\" \/><\/th>\n<th class=\"apm-center\"><img loading=\"lazy\" decoding=\"async\" class=\"size-full wp-image-2303\" src=\"https:\/\/rgbmousepad.com\/wp-content\/uploads\/2024\/05\/ec1dcddc-3d07-4e10-b350-1aaf0e3bbac3.__CR00300225_PT0_SX300_V1___.jpg\" alt=\"xxxxl mouse pad\" width=\"300\" height=\"225\" \/><\/th>\n<\/tr>\n<tr>\n<td class=\"apm-top\">\n<div class=\"a-section a-spacing-none column-heading\">\n<h4 class=\"aplus-h3 a-text-bold\">Surface r\u00e9sistante \u00e0 l'usure<\/h4>\n<\/div>\n<div class=\"a-section a-spacing-none column-description\">\n<p class=\"aplus-p3\">La surface en tissu lycra emp\u00eache les rayures dues aux objets pointus tels que les couverts et les stylos.<\/p>\n<\/div>\n<\/td>\n<td class=\"apm-top\">\n<div class=\"apm-eventhirdcol apm-floatleft\">\n<div class=\"a-section a-spacing-none column-heading\">\n<h4 class=\"aplus-h3 a-text-bold\">R\u00e9sistant aux plis<\/h4>\n<\/div>\n<div class=\"a-section a-spacing-none column-description\">\n<p class=\"aplus-p3\">La base en caoutchouc naturel est flexible, de sorte que vous n'avez pas \u00e0 craindre que votre tapis de souris se froisse ou se brise apr\u00e8s une utilisation prolong\u00e9e.<\/p>\n<\/div>\n<\/div>\n<\/td>\n<td class=\"apm-top\">\n<div class=\"apm-eventhirdcol apm-floatleft\">\n<div class=\"a-section a-spacing-none column-heading\">\n<h4 class=\"aplus-h3 a-text-bold\">R\u00e9sistant \u00e0 l'eau et \u00e0 l'huile<\/h4>\n<\/div>\n<div class=\"a-section a-spacing-none column-description\">\n<p class=\"aplus-p3\">La surface est recouverte d'un rev\u00eatement imperm\u00e9able, qui r\u00e9siste facilement \u00e0 l'eau et \u00e0 l'huile, et qui est tr\u00e8s facile \u00e0 nettoyer et \u00e0 entretenir.<\/p>\n<\/div>\n<\/div>\n<\/td>\n<td class=\"apm-top\">\n<div class=\"apm-eventhirdcol apm-floatleft\">\n<div class=\"a-section a-spacing-none column-heading\">\n<h4 class=\"aplus-h3 a-text-bold\">Durabilit\u00e9 Bords cousus<\/h4>\n<\/div>\n<div class=\"a-section a-spacing-none column-description\">\n<p class=\"aplus-p3\">Renforcement par double couture, con\u00e7u pour durer, emp\u00eachant l'effilochage et garantissant des performances constantes.<\/p>\n<\/div>\n<\/div>\n<\/td>\n<\/tr>\n<\/tbody>\n<\/table>","protected":false},"excerpt":{"rendered":"<p>Tapis de souris professionnel antid\u00e9rapant, Tapis de souris XXXL pour le jeu, le bureau et la maison, Tapis de souris de bureau complet<\/p>","protected":false},"featured_media":2279,"comment_status":"open","ping_status":"closed","template":"","meta":{"_seopress_robots_primary_cat":"none","_seopress_titles_title":"","_seopress_titles_desc":"","_seopress_robots_index":""},"product_brand":[],"product_cat":[488],"product_tag":[],"class_list":{"0":"post-2298","1":"product","2":"type-product","3":"status-publish","4":"has-post-thumbnail","6":"product_cat-xxxxl-mouse-pad","8":"first","9":"instock","10":"shipping-taxable","11":"purchasable","12":"product-type-variable"},"_links":{"self":[{"href":"https:\/\/rgbmousepad.com\/fr\/wp-json\/wp\/v2\/product\/2298","targetHints":{"allow":["GET"]}}],"collection":[{"href":"https:\/\/rgbmousepad.com\/fr\/wp-json\/wp\/v2\/product"}],"about":[{"href":"https:\/\/rgbmousepad.com\/fr\/wp-json\/wp\/v2\/types\/product"}],"replies":[{"embeddable":true,"href":"https:\/\/rgbmousepad.com\/fr\/wp-json\/wp\/v2\/comments?post=2298"}],"wp:featuredmedia":[{"embeddable":true,"href":"https:\/\/rgbmousepad.com\/fr\/wp-json\/wp\/v2\/media\/2279"}],"wp:attachment":[{"href":"https:\/\/rgbmousepad.com\/fr\/wp-json\/wp\/v2\/media?parent=2298"}],"wp:term":[{"taxonomy":"product_brand","embeddable":true,"href":"https:\/\/rgbmousepad.com\/fr\/wp-json\/wp\/v2\/product_brand?post=2298"},{"taxonomy":"product_cat","embeddable":true,"href":"https:\/\/rgbmousepad.com\/fr\/wp-json\/wp\/v2\/product_cat?post=2298"},{"taxonomy":"product_tag","embeddable":true,"href":"https:\/\/rgbmousepad.com\/fr\/wp-json\/wp\/v2\/product_tag?post=2298"}],"curies":[{"name":"wp","href":"https:\/\/api.w.org\/{rel}","templated":true}]}}