{"id":1101,"date":"2023-10-07T10:09:57","date_gmt":"2023-10-07T02:09:57","guid":{"rendered":"https:\/\/rgbmousepad.com\/?page_id=1101"},"modified":"2023-10-07T10:09:58","modified_gmt":"2023-10-07T02:09:58","slug":"sitemap","status":"publish","type":"page","link":"https:\/\/rgbmousepad.com\/fr\/sitemap\/","title":{"rendered":"Plan du site"},"content":{"rendered":"<pre class=\"wp-block-code\"><code><\/code><\/pre>\n\n\n<div class=\"wp-block-wpseopress-sitemap\"><div class=\"wrap-html-sitemap sp-html-sitemap\"><div class=\"sp-wrap-cpt\"><h2 class=\"sp-cpt-name\">Pages<\/h2><ul class=\"sp-list-posts sp-cpt-hierarchical\"><li class=\"page_item page-item-1101\"><a href=\"https:\/\/rgbmousepad.com\/fr\/sitemap\/\">Plan du site<\/a><\/li><li class=\"page_item page-item-427\"><a href=\"https:\/\/rgbmousepad.com\/fr\/thank-you\/\">Merci de votre attention<\/a><\/li><li class=\"page_item page-item-102 current_page_parent\"><a href=\"https:\/\/rgbmousepad.com\/fr\/blog\/\">BLOG<\/a><\/li><li class=\"page_item page-item-101\"><a href=\"https:\/\/rgbmousepad.com\/fr\/contact\/\">CONTACT<\/a><\/li><li class=\"page_item page-item-100\"><a href=\"https:\/\/rgbmousepad.com\/fr\/about\/\">\u00c0 PROPOS<\/a><\/li><li class=\"page_item page-item-99\"><a href=\"https:\/\/rgbmousepad.com\/fr\/product\/\">PRODUIT<\/a><\/li><li class=\"page_item page-item-98\"><a href=\"https:\/\/rgbmousepad.com\/fr\/\">ACCUEIL<\/a><\/li><\/ul><\/div><div class=\"sp-wrap-cpt\"><h2 class=\"sp-cpt-name\">Articles<\/h2><div class=\"sp-wrap-cats\"><div class=\"sp-wrap-cat\"><h3 class=\"sp-cat-name\"><a href=\"https:\/\/rgbmousepad.com\/fr\/category\/blog\/\">Blog<\/a><\/h3><ul class=\"sp-list-posts\"><li><a href=\"https:\/\/rgbmousepad.com\/fr\/why-premium-brands-choose-poron-material-for-mouse-pads\/\">Why Premium Brands Choose Poron Material for Mouse Pads<\/a> &#8211; 3 avril 2026<\/li><li><a href=\"https:\/\/rgbmousepad.com\/fr\/poron-mouse-pad-material\/\">Poron Mouse Pad vs Rubber: Which Is Better for Gaming?<\/a> &#8211; 3 avril 2026<\/li><li><a href=\"https:\/\/rgbmousepad.com\/fr\/poron-mouse-pads\/\">Poron Mouse Pads: The OEM Guide to Precision, Durability, and Comfort<\/a> &#8211; 3 avril 2026<\/li><li><a href=\"https:\/\/rgbmousepad.com\/fr\/mouse-pad-manufacturers\/\">Top 10 Mouse Pad Manufacturers in the World (2026)<\/a> &#8211; 1 avril 2026<\/li><li><a href=\"https:\/\/rgbmousepad.com\/fr\/buying-gaming-mouse-pad-xxxxl\/\">Guide d'achat pour Le tapis de souris de jeu XXXXL Test ou comparaison : Notre guide pour gagner votre test personnel !<\/a> - 20 juin 2024<\/li><li><a href=\"https:\/\/rgbmousepad.com\/fr\/what-are-mouse-pads-made-of\/\">De quoi sont faits les tapis de souris ? Guide complet des mat\u00e9riaux et de la production<\/a> - 4 juin 2024<\/li><li><a href=\"https:\/\/rgbmousepad.com\/fr\/mouse-pad-material\/\">Tapis de souris en caoutchouc - Qu'est-ce que c'est ?<\/a> - 4 juin 2024<\/li><li><a href=\"https:\/\/rgbmousepad.com\/fr\/mouse-pad-choose\/\">Quel tapis de souris choisir ?<\/a> - 21 mai 2024<\/li><li><a href=\"https:\/\/rgbmousepad.com\/fr\/how-to-choose-mouse-pad\/\">Comment choisir le tapis de souris adapt\u00e9 \u00e0 vos besoins<\/a> - 1er avril 2024<\/li><li><a href=\"https:\/\/rgbmousepad.com\/fr\/how-to-use-rgb\/\">\u041a\u0430\u043a \u043f\u0440\u0430\u0432\u0438\u043b\u044c\u043d\u043e \u0438\u0441\u043f\u043e\u043b\u044c\u0437\u043e\u0432\u0430\u0442\u044c \u0441\u0432\u0435\u0442\u044f\u0449\u0438\u0439\u0441\u044f \u043a\u043e\u0432\u0440\u0438\u043a \u0434\u043b\u044f \u043c\u044b\u0448\u0438 ?<\/a> - 11 mars 2024<\/li><li><a href=\"https:\/\/rgbmousepad.com\/fr\/what-material-is-the-mouse-pad-made-of\/\">Quel est le mat\u00e9riau du tapis de souris ?<\/a> - 24 janvier 2024<\/li><li><a href=\"https:\/\/rgbmousepad.com\/fr\/waterproof-fabric-of-the-mouse-pad-made\/\">Comment le tissu imperm\u00e9able du tapis de souris est-il fabriqu\u00e9 ?<\/a> - 16 janvier 2024<\/li><li><a href=\"https:\/\/rgbmousepad.com\/fr\/the-evolution-of-mouse-pads\/\">L'\u00e9volution des tapis de souris : Un voyage \u00e0 travers l'histoire<\/a> - 14 d\u00e9cembre 2023<\/li><li><a href=\"https:\/\/rgbmousepad.com\/fr\/process-of-mouse-pads\/\">Comment les tapis de souris sont-ils fabriqu\u00e9s ? Analyse du processus de fabrication des tapis de souris<\/a> - 31 octobre 2023<\/li><li><a href=\"https:\/\/rgbmousepad.com\/fr\/best-material-for-mouse-pad\/\">Choisir le meilleur mat\u00e9riau pour la production de tapis de souris<\/a> - 17 octobre 2023<\/li><li><a href=\"https:\/\/rgbmousepad.com\/fr\/how-rgb-mouse-pads-work\/\">Fonctionnement des tapis de souris RVB : illuminer votre espace de travail<\/a> - 16 octobre 2023<\/li><li><a href=\"https:\/\/rgbmousepad.com\/fr\/use-rgb-mousepad\/\">Comment utiliser correctement le tapis de souris lumineux ?<\/a> - 6 octobre 2023<\/li><\/ul><\/div><\/div><\/div><div class=\"sp-wrap-cpt\"><h2 class=\"sp-cpt-name\">Produits<\/h2><div class=\"sp-archive-link\"><a href=\"https:\/\/rgbmousepad.com\/fr\/product\/\">Voir tous les produits<\/a><\/div><div class=\"sp-wrap-cats\"><div class=\"sp-wrap-cat\"><h3 class=\"sp-cat-name\"><a href=\"https:\/\/rgbmousepad.com\/fr\/productcategory\/wrist-mousepad\/boob-mouse-pad\/\">tapis de souris pour seins<\/a><\/h3><ul class=\"sp-list-posts\"><li><a href=\"https:\/\/rgbmousepad.com\/fr\/produit\/wrist-mousepads\/\">Repose-poignets Tapis de souris de jeu souple 3D<\/a> - 6 octobre 2023<\/li><\/ul><\/div><div class=\"sp-wrap-cat\"><h3 class=\"sp-cat-name\"><a href=\"https:\/\/rgbmousepad.com\/fr\/productcategory\/chair-mats\/\">Tapis de chaise<\/a><\/h3><ul class=\"sp-list-posts\"><li><a href=\"https:\/\/rgbmousepad.com\/fr\/produit\/chair-mats-factory\/\">Tapis de chaise de jeu antid\u00e9rapant en caoutchouc rond Factory<\/a> - 16 mai 2024<\/li><li><a href=\"https:\/\/rgbmousepad.com\/fr\/produit\/heated-mousepads\/\">Tapis de souris chauffant intelligent<\/a> - 6 octobre 2023<\/li><\/ul><\/div><div class=\"sp-wrap-cat\"><h3 class=\"sp-cat-name\"><a href=\"https:\/\/rgbmousepad.com\/fr\/productcategory\/gaming-mousepad\/\">Tapis de souris de jeu<\/a><\/h3><ul class=\"sp-list-posts\"><li><a href=\"https:\/\/rgbmousepad.com\/fr\/produit\/desk-mat-manufacturers\/\">Tapis de souris pour jeux XXXXL Tapis de bureau Fabricants<\/a> - 28 mai 2024<\/li><li><a href=\"https:\/\/rgbmousepad.com\/fr\/produit\/xxxxl-gaming-mouse-pad\/\">XXXXL Gaming Mouse Pad Extra Large Mouse Mat Suppliers<\/a> - 28 mai 2024<\/li><li><a href=\"https:\/\/rgbmousepad.com\/fr\/produit\/xxxxlmousepads\/\">Grossiste Tapis de souris de jeu XXXXL grand Factory<\/a> - 20 mars 2024<\/li><li><a href=\"https:\/\/rgbmousepad.com\/fr\/produit\/roundmousepad\/\">Tapis de souris rond et mignon personnalis\u00e9 Fabricant<\/a> - 19 mars 2024<\/li><li><a href=\"https:\/\/rgbmousepad.com\/fr\/produit\/custom-gaming-mouse-pads\/\">Tapis de souris de jeu personnalis\u00e9 Lock edge Supplier<\/a> - 25 octobre 2023<\/li><li><a href=\"https:\/\/rgbmousepad.com\/fr\/produit\/gaming-mousepads\/\">Tapis de souris de jeu \u00e0 bords verrouill\u00e9s Fournisseur de motifs personnalis\u00e9s<\/a> - 6 octobre 2023<\/li><\/ul><\/div><div class=\"sp-wrap-cat\"><h3 class=\"sp-cat-name\"><a href=\"https:\/\/rgbmousepad.com\/fr\/productcategory\/leather-mousepad\/\">Tapis de souris en cuir<\/a><\/h3><ul class=\"sp-list-posts\"><li><a href=\"https:\/\/rgbmousepad.com\/fr\/produit\/leather-mousepads\/\">Tapis de souris en cuir PU imperm\u00e9able Fabricant<\/a> - 6 octobre 2023<\/li><\/ul><\/div><div class=\"sp-wrap-cat\"><h3 class=\"sp-cat-name\"><a href=\"https:\/\/rgbmousepad.com\/fr\/productcategory\/wrist-mousepad\/\">Tapis de souris avec repose-poignets<\/a><\/h3><ul class=\"sp-list-posts\"><li><a href=\"https:\/\/rgbmousepad.com\/fr\/produit\/wrist-mousepads\/\">Repose-poignets Tapis de souris de jeu souple 3D<\/a> - 6 octobre 2023<\/li><\/ul><\/div><div class=\"sp-wrap-cat\"><h3 class=\"sp-cat-name\"><a href=\"https:\/\/rgbmousepad.com\/fr\/productcategory\/rgb-mousepad\/\">Tapis de souris RVB<\/a><\/h3><ul class=\"sp-list-posts\"><li><a href=\"https:\/\/rgbmousepad.com\/fr\/produit\/surface-illuminated-mouse-pad\/\">Firelll RGB-03 Chasing Light Tapis de souris \u00e9clair\u00e9 en surface pour le sport \u00e9lectronique Fabricants<\/a> - 29 ao\u00fbt 2024<\/li><li><a href=\"https:\/\/rgbmousepad.com\/fr\/produit\/rgb-mousepad-suppliers\/\">Extended XXL Gaming RGB Mousepad Supplier<\/a> - 25 octobre 2023<\/li><li><a href=\"https:\/\/rgbmousepad.com\/fr\/produit\/new-luminous-mouse-pads\/\">Tapis de souris lumineux \u00e0 motifs personnalisables Fabricant<\/a> - 24 octobre 2023<\/li><li><a href=\"https:\/\/rgbmousepad.com\/fr\/produit\/rgb-mousepads\/\">Tapis de souris de jeu RGB lumineux en vrac<\/a> - 14 septembre 2023<\/li><\/ul><\/div><div class=\"sp-wrap-cat\"><h3 class=\"sp-cat-name\"><a href=\"https:\/\/rgbmousepad.com\/fr\/productcategory\/wireless-charging-mousepad\/\">Tapis de souris \u00e0 chargement sans fil<\/a><\/h3><ul class=\"sp-list-posts\"><li><a href=\"https:\/\/rgbmousepad.com\/fr\/produit\/ds20-wireless-charging-desk\/\">DS20 15W RGB Wireless Charging Mat Bulk (tapis de bureau sans fil)<\/a> - 13 juin 2024<\/li><li><a href=\"https:\/\/rgbmousepad.com\/fr\/produit\/ds20-rgb-gaming-mousepad-with-wireless-charging-oem\/\">Tapis de souris de jeu DS20 RGB avec chargeur sans fil OEM<\/a> - 25 mai 2024<\/li><li><a href=\"https:\/\/rgbmousepad.com\/fr\/produit\/wireless-charging-mouse-pads\/\">Tapis de souris \u00e0 charge sans fil RVB 10W<\/a> - 6 octobre 2023<\/li><\/ul><\/div><div class=\"sp-wrap-cat\"><h3 class=\"sp-cat-name\"><a href=\"https:\/\/rgbmousepad.com\/fr\/productcategory\/gaming-mousepad\/xxxxl-mouse-pad\/\">Tapis de souris XXXXL<\/a><\/h3><ul class=\"sp-list-posts\"><li><a href=\"https:\/\/rgbmousepad.com\/fr\/produit\/desk-mat-manufacturers\/\">Tapis de souris pour jeux XXXXL Tapis de bureau Fabricants<\/a> - 28 mai 2024<\/li><li><a href=\"https:\/\/rgbmousepad.com\/fr\/produit\/xxxxl-gaming-mouse-pad\/\">XXXXL Gaming Mouse Pad Extra Large Mouse Mat Suppliers<\/a> - 28 mai 2024<\/li><li><a href=\"https:\/\/rgbmousepad.com\/fr\/produit\/xxxxlmousepads\/\">Grossiste Tapis de souris de jeu XXXXL grand Factory<\/a> - 20 mars 2024<\/li><\/ul><\/div><\/div><\/div><\/div><\/div>","protected":false},"excerpt":{"rendered":"","protected":false},"author":1,"featured_media":0,"parent":0,"menu_order":0,"comment_status":"closed","ping_status":"closed","template":"","meta":{"_seopress_robots_primary_cat":"","_seopress_titles_title":"","_seopress_titles_desc":"","_seopress_robots_index":"","footnotes":""},"class_list":["post-1101","page","type-page","status-publish","hentry"],"_links":{"self":[{"href":"https:\/\/rgbmousepad.com\/fr\/wp-json\/wp\/v2\/pages\/1101","targetHints":{"allow":["GET"]}}],"collection":[{"href":"https:\/\/rgbmousepad.com\/fr\/wp-json\/wp\/v2\/pages"}],"about":[{"href":"https:\/\/rgbmousepad.com\/fr\/wp-json\/wp\/v2\/types\/page"}],"author":[{"embeddable":true,"href":"https:\/\/rgbmousepad.com\/fr\/wp-json\/wp\/v2\/users\/1"}],"replies":[{"embeddable":true,"href":"https:\/\/rgbmousepad.com\/fr\/wp-json\/wp\/v2\/comments?post=1101"}],"version-history":[{"count":2,"href":"https:\/\/rgbmousepad.com\/fr\/wp-json\/wp\/v2\/pages\/1101\/revisions"}],"predecessor-version":[{"id":1105,"href":"https:\/\/rgbmousepad.com\/fr\/wp-json\/wp\/v2\/pages\/1101\/revisions\/1105"}],"wp:attachment":[{"href":"https:\/\/rgbmousepad.com\/fr\/wp-json\/wp\/v2\/media?parent=1101"}],"curies":[{"name":"wp","href":"https:\/\/api.w.org\/{rel}","templated":true}]}}