{"id":990,"date":"2023-10-06T11:15:17","date_gmt":"2023-10-06T03:15:17","guid":{"rendered":"https:\/\/rgbmousepad.com\/?post_type=product&#038;p=990"},"modified":"2023-10-06T16:16:20","modified_gmt":"2023-10-06T08:16:20","slug":"heated-mousepads","status":"publish","type":"product","link":"https:\/\/rgbmousepad.com\/es\/producto\/heated-mousepads\/","title":{"rendered":"Alfombrilla de rat\u00f3n calefactada inteligente"},"content":{"rendered":"<p><strong>Caracter\u00edsticas:<\/strong><\/p>\n<p>* Apagado autom\u00e1tico en dos horas. El apagado temporizado inteligente le hace m\u00e1s c\u00f3modo de usar, y no hay necesidad de preocuparse por su ajetreada vida, que le acompa\u00f1ar\u00e1 durante todo el invierno.<\/p>\n<p>* Interruptor inteligente, a prueba de salpicaduras, sin descargas el\u00e9ctricas en contacto con el agua.<\/p>\n<p>* Lado del coche antifisuras, m\u00e1s firme y duradero, para evitar que se agriete.<\/p>\n<p>* PU liso. El rat\u00f3n es suave sin atascos.<\/p>\n<p><strong>Especificaci\u00f3n:<\/strong><\/p>\n<p>Nombre: Salvamanteles caliente multifuncional<\/p>\n<p>Tensi\u00f3n nominal: 220 V<\/p>\n<p>Potencia de la pantalla digital: 125 W<\/p>\n<p>Potencia de los botones: 75 W<\/p>\n<p>Temperatura: 35\u2103-50\u2103<\/p>\n<p><strong>Embalaje incluido:<\/strong><\/p>\n<p>1 * Salvamanteles caliente multifuncional<\/p>","protected":false},"excerpt":{"rendered":"<p>El\u00e9ctrico de calor Alfombrilla de rat\u00f3n de mesa de gran tama\u00f1o de visualizaci\u00f3n de temperatura de calefacci\u00f3n Alfombrilla de rat\u00f3n mantener la mano caliente para la oficina de escritorio de ordenador teclado<\/p>","protected":false},"featured_media":991,"comment_status":"open","ping_status":"closed","template":"","meta":{"_seopress_robots_primary_cat":"","_seopress_titles_title":"","_seopress_titles_desc":"","_seopress_robots_index":""},"product_brand":[],"product_cat":[99],"product_tag":[106],"class_list":{"0":"post-990","1":"product","2":"type-product","3":"status-publish","4":"has-post-thumbnail","6":"product_cat-chair-mats","7":"product_tag-worm","9":"first","10":"instock","11":"shipping-taxable","12":"purchasable","13":"product-type-variable"},"_links":{"self":[{"href":"https:\/\/rgbmousepad.com\/es\/wp-json\/wp\/v2\/product\/990","targetHints":{"allow":["GET"]}}],"collection":[{"href":"https:\/\/rgbmousepad.com\/es\/wp-json\/wp\/v2\/product"}],"about":[{"href":"https:\/\/rgbmousepad.com\/es\/wp-json\/wp\/v2\/types\/product"}],"replies":[{"embeddable":true,"href":"https:\/\/rgbmousepad.com\/es\/wp-json\/wp\/v2\/comments?post=990"}],"wp:featuredmedia":[{"embeddable":true,"href":"https:\/\/rgbmousepad.com\/es\/wp-json\/wp\/v2\/media\/991"}],"wp:attachment":[{"href":"https:\/\/rgbmousepad.com\/es\/wp-json\/wp\/v2\/media?parent=990"}],"wp:term":[{"taxonomy":"product_brand","embeddable":true,"href":"https:\/\/rgbmousepad.com\/es\/wp-json\/wp\/v2\/product_brand?post=990"},{"taxonomy":"product_cat","embeddable":true,"href":"https:\/\/rgbmousepad.com\/es\/wp-json\/wp\/v2\/product_cat?post=990"},{"taxonomy":"product_tag","embeddable":true,"href":"https:\/\/rgbmousepad.com\/es\/wp-json\/wp\/v2\/product_tag?post=990"}],"curies":[{"name":"wp","href":"https:\/\/api.w.org\/{rel}","templated":true}]}}