{"id":973,"date":"2023-10-06T10:35:39","date_gmt":"2023-10-06T02:35:39","guid":{"rendered":"https:\/\/rgbmousepad.com\/?post_type=product&#038;p=973"},"modified":"2023-10-06T10:37:30","modified_gmt":"2023-10-06T02:37:30","slug":"wireless-charging-mouse-pads","status":"publish","type":"product","link":"https:\/\/rgbmousepad.com\/es\/producto\/wireless-charging-mouse-pads\/","title":{"rendered":"Alfombrilla de rat\u00f3n de carga inal\u00e1mbrica RGB de 10 W"},"content":{"rendered":"<table>\n<tbody>\n<tr>\n<td colspan=\"1\" rowspan=\"1\">\n<div>nombre del producto<\/div>\n<\/td>\n<td colspan=\"1\" rowspan=\"1\">\n<div>alfombrilla de rat\u00f3n antideslizante waterpfoof rgb light<\/div>\n<\/td>\n<\/tr>\n<tr>\n<td colspan=\"1\" rowspan=\"1\">\n<div>Entrada<\/div>\n<\/td>\n<td colspan=\"1\" rowspan=\"1\">\n<div>5V, 2A\/9V, 1,67A<\/div>\n<\/td>\n<\/tr>\n<tr>\n<td colspan=\"1\" rowspan=\"1\">\n<div>Salida<\/div>\n<\/td>\n<td colspan=\"1\" rowspan=\"1\">\n<div>5V, 1,0A (m\u00e1x)\/9V, 1,2A (m\u00ednimo)<\/div>\n<\/td>\n<\/tr>\n<tr>\n<td colspan=\"1\" rowspan=\"1\">\n<div>Distancia de transmisi\u00f3n<\/div>\n<\/td>\n<td colspan=\"1\" rowspan=\"1\">\n<div>2-8 mm<\/div>\n<\/td>\n<\/tr>\n<tr>\n<td colspan=\"1\" rowspan=\"1\">\n<div>Tasa de conversi\u00f3n de carga inal\u00e1mbrica<\/div>\n<\/td>\n<td colspan=\"1\" rowspan=\"1\">\n<div>70%<\/div>\n<\/td>\n<\/tr>\n<tr>\n<td colspan=\"1\" rowspan=\"1\">\n<div>Frecuencia de carga<\/div>\n<\/td>\n<td colspan=\"1\" rowspan=\"1\">\n<div>110-250KHZ<\/div>\n<\/td>\n<\/tr>\n<tr>\n<td colspan=\"1\" rowspan=\"1\">\n<div>Potencia de carga<\/div>\n<\/td>\n<td colspan=\"1\" rowspan=\"1\">\n<div>10W<\/div>\n<\/td>\n<\/tr>\n<tr>\n<td colspan=\"1\" rowspan=\"1\">\n<div>Cable de carga<\/div>\n<\/td>\n<td colspan=\"1\" rowspan=\"1\">\n<div>1.8m<\/div>\n<\/td>\n<\/tr>\n<tr>\n<td colspan=\"1\" rowspan=\"1\">\n<div>Puerto<\/div>\n<\/td>\n<td colspan=\"1\" rowspan=\"1\">\n<div>USB<\/div>\n<\/td>\n<\/tr>\n<tr>\n<td colspan=\"1\" rowspan=\"1\">\n<div>Peso<\/div>\n<\/td>\n<td colspan=\"1\" rowspan=\"1\">\n<div>763g<\/div>\n<\/td>\n<\/tr>\n<tr>\n<td colspan=\"1\" rowspan=\"1\">\n<div>Tama\u00f1o del producto<\/div>\n<\/td>\n<td colspan=\"1\" rowspan=\"1\">\n<div data-spm-anchor-id=\"a2700.wholesale.0.i80.6325490do25Wo2\">300 x 800 x 4 mm<\/div>\n<\/td>\n<\/tr>\n<\/tbody>\n<\/table>","protected":false},"excerpt":{"rendered":"<p>10W antideslizante de goma inferior LED Gaming alfombrilla de rat\u00f3n con carga inal\u00e1mbrica pa\u00f1o RGB inal\u00e1mbrico de carga alfombrilla de rat\u00f3n oem<\/p>","protected":false},"featured_media":974,"comment_status":"open","ping_status":"closed","template":"","meta":{"_seopress_robots_primary_cat":"","_seopress_titles_title":"","_seopress_titles_desc":"","_seopress_robots_index":""},"product_brand":[],"product_cat":[98],"product_tag":[105,104],"class_list":{"0":"post-973","1":"product","2":"type-product","3":"status-publish","4":"has-post-thumbnail","6":"product_cat-wireless-charging-mousepad","7":"product_tag-qi","8":"product_tag-wireless-charging","10":"first","11":"instock","12":"shipping-taxable","13":"purchasable","14":"product-type-variable"},"_links":{"self":[{"href":"https:\/\/rgbmousepad.com\/es\/wp-json\/wp\/v2\/product\/973","targetHints":{"allow":["GET"]}}],"collection":[{"href":"https:\/\/rgbmousepad.com\/es\/wp-json\/wp\/v2\/product"}],"about":[{"href":"https:\/\/rgbmousepad.com\/es\/wp-json\/wp\/v2\/types\/product"}],"replies":[{"embeddable":true,"href":"https:\/\/rgbmousepad.com\/es\/wp-json\/wp\/v2\/comments?post=973"}],"wp:featuredmedia":[{"embeddable":true,"href":"https:\/\/rgbmousepad.com\/es\/wp-json\/wp\/v2\/media\/974"}],"wp:attachment":[{"href":"https:\/\/rgbmousepad.com\/es\/wp-json\/wp\/v2\/media?parent=973"}],"wp:term":[{"taxonomy":"product_brand","embeddable":true,"href":"https:\/\/rgbmousepad.com\/es\/wp-json\/wp\/v2\/product_brand?post=973"},{"taxonomy":"product_cat","embeddable":true,"href":"https:\/\/rgbmousepad.com\/es\/wp-json\/wp\/v2\/product_cat?post=973"},{"taxonomy":"product_tag","embeddable":true,"href":"https:\/\/rgbmousepad.com\/es\/wp-json\/wp\/v2\/product_tag?post=973"}],"curies":[{"name":"wp","href":"https:\/\/api.w.org\/{rel}","templated":true}]}}