{"id":2390,"date":"2024-08-29T12:38:24","date_gmt":"2024-08-29T04:38:24","guid":{"rendered":"https:\/\/rgbmousepad.com\/?post_type=product&#038;p=2390"},"modified":"2026-05-06T01:08:51","modified_gmt":"2026-05-05T17:08:51","slug":"surface-illuminated-mouse-pad","status":"publish","type":"product","link":"https:\/\/rgbmousepad.com\/es\/producto\/surface-illuminated-mouse-pad\/","title":{"rendered":"Firelll RGB-03 Chasing Light E-sports Surface-Illuminated Mouse Pad Fabricantes"},"content":{"rendered":"<h3>Explicaci\u00f3n de las funciones clave<\/h3>\n<p><strong>Caracter\u00edsticas del producto<\/strong><\/p>\n<ul>\n<li><strong>Introducci\u00f3n del producto:<\/strong> Pulsa prolongadamente el bot\u00f3n durante 3 segundos para activar o desactivar la alfombrilla del rat\u00f3n. Haga doble clic r\u00e1pidamente para desactivar la animaci\u00f3n de la alfombrilla del rat\u00f3n.<\/li>\n<li><strong>Dise\u00f1o:<\/strong> Fuerte adherencia, se fija firmemente al escritorio. La textura antideslizante en forma de flecha mejora el agarre.<\/li>\n<li><strong>Caucho natural antideslizante espesado:<\/strong> La base antideslizante presenta una textura en forma de flecha para evitar que se mueva mientras se utiliza el rat\u00f3n.<\/li>\n<li><strong>Conexi\u00f3n USB:<\/strong> Un solo clic para cambiar entre los modos de iluminaci\u00f3n LED. La alfombrilla permanece fija en el escritorio incluso con movimientos en\u00e9rgicos del rat\u00f3n.<\/li>\n<li><strong>Interruptor de encendido:<\/strong> Encendido\/apagado con un solo bot\u00f3n: siempre hay un efecto de iluminaci\u00f3n que se adapta a ti, incluidos los modos monocolor de f\u00e1cil visionado.<\/li>\n<li><strong>Cambio de modo:<\/strong> Los modos de iluminaci\u00f3n incluyen el modo de respiraci\u00f3n a todo color, el modo de gradiente de respiraci\u00f3n a todo color y los modos estrobosc\u00f3pico y de persecuci\u00f3n a todo color.\n<ol>\n<li><strong>Modo personalizado de un solo color:<\/strong> Verde, azul, rojo, amarillo, cian, morado.<\/li>\n<li><strong>Modo de respiraci\u00f3n a todo color<\/strong><\/li>\n<li><strong>Modo degradado de respiraci\u00f3n a todo color<\/strong><\/li>\n<li><strong>Modo estrobosc\u00f3pico a todo color<\/strong><\/li>\n<li><strong>Modo Chase Estrobosc\u00f3pico de Respiraci\u00f3n a Todo Color<\/strong><\/li>\n<\/ol>\n<\/li>\n<li><strong>Memoria de apagado:<\/strong> Recuerda autom\u00e1ticamente el \u00faltimo efecto de iluminaci\u00f3n utilizado sin necesidad de reajustarlo cada vez que lo enciendas.<\/li>\n<li><strong>Tecnolog\u00eda de resina de polipropileno:<\/strong> Dise\u00f1o de fricci\u00f3n a nivel de p\u00edxel de part\u00edculas ultrafinas, duradero con una larga vida \u00fatil, resistente a la deformaci\u00f3n, impermeable, a prueba de aceite, resistente a los rayos UV, no t\u00f3xico e inodoro.<\/li>\n<li><strong>Tecnolog\u00eda patentada exclusiva:<\/strong> La persecuci\u00f3n de ondas sonoras sigue el campo sonoro para una experiencia interactiva.<\/li>\n<li><strong>Animaci\u00f3n LED reactiva a la m\u00fasica:<\/strong> Los efectos de sonido de las teclas musicales y los clics del rat\u00f3n activan animaciones estrobosc\u00f3picas moduladas por frecuencia.<\/li>\n<\/ul>\n<h3>Especificaciones del producto<\/h3>\n<ul>\n<li><strong>Nombre:<\/strong> Alfombrilla de rat\u00f3n Chasing Light E-sports<\/li>\n<li><strong>Dimensiones sin plegar:<\/strong> 350 mm<em>250 mm<\/em>6 mm<\/li>\n<li><strong>Peso:<\/strong> 450g<\/li>\n<li><strong>M\u00f3dulo USB Entrada:<\/strong> 5V 150mA<\/li>\n<li><strong>Especificaciones del cable:<\/strong> 1,8 metros<\/li>\n<li><strong>Puerto USB:<\/strong> TIPO-C<\/li>\n<li><strong>Entorno operativo:<\/strong> -10\u2103 a 40\u2103<\/li>\n<\/ul>\n<p>&nbsp;<\/p>\n<div style=\"width: 800px;\" class=\"wp-video\"><video class=\"wp-video-shortcode\" id=\"video-2390-1\" width=\"800\" height=\"450\" preload=\"metadata\" controls=\"controls\"><source type=\"video\/mp4\" src=\"https:\/\/rgbmousepad.com\/wp-content\/uploads\/2024\/08\/\u65b0\u6b3e\u9f20\u6807\u57ab\u6a2a\u5c4f\u82f1\u6587.mp4?_=1\" \/><a href=\"https:\/\/rgbmousepad.com\/wp-content\/uploads\/2024\/08\/\u65b0\u6b3e\u9f20\u6807\u57ab\u6a2a\u5c4f\u82f1\u6587.mp4\">https:\/\/rgbmousepad.com\/wp-content\/uploads\/2024\/08\/\u65b0\u6b3e\u9f20\u6807\u57ab\u6a2a\u5c4f\u82f1\u6587.mp4<\/a><\/video><\/div>\n<p>&nbsp;<\/p>\n<p><img fetchpriority=\"high\" decoding=\"async\" class=\"alignnone size-full wp-image-2394\" src=\"https:\/\/rgbmousepad.com\/wp-content\/uploads\/2024\/08\/A1.jpg\" alt=\"\" width=\"970\" height=\"600\" srcset=\"https:\/\/rgbmousepad.com\/wp-content\/uploads\/2024\/08\/A1.jpg 970w, https:\/\/rgbmousepad.com\/wp-content\/uploads\/2024\/08\/A1-300x186.jpg 300w, https:\/\/rgbmousepad.com\/wp-content\/uploads\/2024\/08\/A1-768x475.jpg 768w, https:\/\/rgbmousepad.com\/wp-content\/uploads\/2024\/08\/A1-18x12.jpg 18w, https:\/\/rgbmousepad.com\/wp-content\/uploads\/2024\/08\/A1-600x371.jpg 600w\" sizes=\"(max-width: 970px) 100vw, 970px\" \/><img decoding=\"async\" class=\"alignnone size-full wp-image-2395\" src=\"https:\/\/rgbmousepad.com\/wp-content\/uploads\/2024\/08\/A2.jpg\" alt=\"\" width=\"970\" height=\"600\" srcset=\"https:\/\/rgbmousepad.com\/wp-content\/uploads\/2024\/08\/A2.jpg 970w, https:\/\/rgbmousepad.com\/wp-content\/uploads\/2024\/08\/A2-300x186.jpg 300w, https:\/\/rgbmousepad.com\/wp-content\/uploads\/2024\/08\/A2-768x475.jpg 768w, https:\/\/rgbmousepad.com\/wp-content\/uploads\/2024\/08\/A2-18x12.jpg 18w, https:\/\/rgbmousepad.com\/wp-content\/uploads\/2024\/08\/A2-600x371.jpg 600w\" sizes=\"(max-width: 970px) 100vw, 970px\" \/> <img decoding=\"async\" class=\"alignnone size-full wp-image-2396\" src=\"https:\/\/rgbmousepad.com\/wp-content\/uploads\/2024\/08\/A2-1.jpg\" alt=\"\" width=\"970\" height=\"600\" srcset=\"https:\/\/rgbmousepad.com\/wp-content\/uploads\/2024\/08\/A2-1.jpg 970w, https:\/\/rgbmousepad.com\/wp-content\/uploads\/2024\/08\/A2-1-300x186.jpg 300w, https:\/\/rgbmousepad.com\/wp-content\/uploads\/2024\/08\/A2-1-768x475.jpg 768w, https:\/\/rgbmousepad.com\/wp-content\/uploads\/2024\/08\/A2-1-18x12.jpg 18w, https:\/\/rgbmousepad.com\/wp-content\/uploads\/2024\/08\/A2-1-600x371.jpg 600w\" sizes=\"(max-width: 970px) 100vw, 970px\" \/> <img loading=\"lazy\" decoding=\"async\" class=\"alignnone size-full wp-image-2397\" src=\"https:\/\/rgbmousepad.com\/wp-content\/uploads\/2024\/08\/A3.jpg\" alt=\"\" width=\"970\" height=\"600\" srcset=\"https:\/\/rgbmousepad.com\/wp-content\/uploads\/2024\/08\/A3.jpg 970w, https:\/\/rgbmousepad.com\/wp-content\/uploads\/2024\/08\/A3-300x186.jpg 300w, https:\/\/rgbmousepad.com\/wp-content\/uploads\/2024\/08\/A3-768x475.jpg 768w, https:\/\/rgbmousepad.com\/wp-content\/uploads\/2024\/08\/A3-18x12.jpg 18w, https:\/\/rgbmousepad.com\/wp-content\/uploads\/2024\/08\/A3-600x371.jpg 600w\" sizes=\"(max-width: 970px) 100vw, 970px\" \/> <img loading=\"lazy\" decoding=\"async\" class=\"alignnone size-full wp-image-2398\" src=\"https:\/\/rgbmousepad.com\/wp-content\/uploads\/2024\/08\/A3-2.jpg\" alt=\"\" width=\"970\" height=\"600\" srcset=\"https:\/\/rgbmousepad.com\/wp-content\/uploads\/2024\/08\/A3-2.jpg 970w, https:\/\/rgbmousepad.com\/wp-content\/uploads\/2024\/08\/A3-2-300x186.jpg 300w, https:\/\/rgbmousepad.com\/wp-content\/uploads\/2024\/08\/A3-2-768x475.jpg 768w, https:\/\/rgbmousepad.com\/wp-content\/uploads\/2024\/08\/A3-2-18x12.jpg 18w, https:\/\/rgbmousepad.com\/wp-content\/uploads\/2024\/08\/A3-2-600x371.jpg 600w\" sizes=\"(max-width: 970px) 100vw, 970px\" \/> <img loading=\"lazy\" decoding=\"async\" class=\"alignnone size-full wp-image-2399\" src=\"https:\/\/rgbmousepad.com\/wp-content\/uploads\/2024\/08\/A\uff0b4.jpg\" alt=\"\" width=\"970\" height=\"600\" srcset=\"https:\/\/rgbmousepad.com\/wp-content\/uploads\/2024\/08\/A\uff0b4.jpg 970w, https:\/\/rgbmousepad.com\/wp-content\/uploads\/2024\/08\/A\uff0b4-300x186.jpg 300w, https:\/\/rgbmousepad.com\/wp-content\/uploads\/2024\/08\/A\uff0b4-768x475.jpg 768w, https:\/\/rgbmousepad.com\/wp-content\/uploads\/2024\/08\/A\uff0b4-18x12.jpg 18w, https:\/\/rgbmousepad.com\/wp-content\/uploads\/2024\/08\/A\uff0b4-600x371.jpg 600w\" sizes=\"(max-width: 970px) 100vw, 970px\" \/><\/p>","protected":false},"excerpt":{"rendered":"<p>Ilumine su juego con nuestra alfombrilla de rat\u00f3n Surface-Lit, donde la precisi\u00f3n se combina con una vibrante iluminaci\u00f3n LED para una experiencia envolvente que ilumina cada movimiento.<\/p>","protected":false},"featured_media":2401,"comment_status":"open","ping_status":"closed","template":"","meta":{"_seopress_robots_primary_cat":"none","_seopress_titles_title":"Firelll RGB-03 Chasing Light E-sports Surface-Illuminated Mouse Pad Manufacturers","_seopress_titles_desc":"Experience unparalleled precision with our Surface-Lit Mouse Pad. Featuring vibrant LED lighting across the fabric surface, it enhances your gameplay with stunning visuals and a seamless, responsive feel.","_seopress_robots_index":""},"product_brand":[],"product_cat":[97],"product_tag":[134,103],"class_list":{"0":"post-2390","1":"product","2":"type-product","3":"status-publish","4":"has-post-thumbnail","6":"product_cat-rgb-mousepad","7":"product_tag-factory","8":"product_tag-gaming","10":"first","11":"instock","12":"shipping-taxable","13":"purchasable","14":"product-type-simple"},"_links":{"self":[{"href":"https:\/\/rgbmousepad.com\/es\/wp-json\/wp\/v2\/product\/2390","targetHints":{"allow":["GET"]}}],"collection":[{"href":"https:\/\/rgbmousepad.com\/es\/wp-json\/wp\/v2\/product"}],"about":[{"href":"https:\/\/rgbmousepad.com\/es\/wp-json\/wp\/v2\/types\/product"}],"replies":[{"embeddable":true,"href":"https:\/\/rgbmousepad.com\/es\/wp-json\/wp\/v2\/comments?post=2390"}],"wp:featuredmedia":[{"embeddable":true,"href":"https:\/\/rgbmousepad.com\/es\/wp-json\/wp\/v2\/media\/2401"}],"wp:attachment":[{"href":"https:\/\/rgbmousepad.com\/es\/wp-json\/wp\/v2\/media?parent=2390"}],"wp:term":[{"taxonomy":"product_brand","embeddable":true,"href":"https:\/\/rgbmousepad.com\/es\/wp-json\/wp\/v2\/product_brand?post=2390"},{"taxonomy":"product_cat","embeddable":true,"href":"https:\/\/rgbmousepad.com\/es\/wp-json\/wp\/v2\/product_cat?post=2390"},{"taxonomy":"product_tag","embeddable":true,"href":"https:\/\/rgbmousepad.com\/es\/wp-json\/wp\/v2\/product_tag?post=2390"}],"curies":[{"name":"wp","href":"https:\/\/api.w.org\/{rel}","templated":true}]}}