{"id":2268,"date":"2024-06-13T12:09:13","date_gmt":"2024-06-13T04:09:13","guid":{"rendered":"https:\/\/rgbmousepad.com\/?post_type=product&#038;p=2268"},"modified":"2024-06-13T12:10:41","modified_gmt":"2024-06-13T04:10:41","slug":"ds20-wireless-charging-desk","status":"publish","type":"product","link":"https:\/\/rgbmousepad.com\/es\/producto\/ds20-wireless-charging-desk\/","title":{"rendered":"DS20 15W RGB Alfombrilla de escritorio de carga inal\u00e1mbrica a granel"},"content":{"rendered":"<h2>Novedades Alfombrilla de escritorio de carga inal\u00e1mbrica de alta calidad a granel<\/h2>\n<p>Puede proporcionar una carga inal\u00e1mbrica de 15 W para la mayor\u00eda de los smartphones<br \/>\nCuando juegue o trabaje, la gran alfombrilla de rat\u00f3n extendida proporciona una mayor superficie \u00fatil para cubrir el teclado, el rat\u00f3n y otros elementos del escritorio.<br \/>\nNuestras alfombrillas de rat\u00f3n proporcionan una superficie ultrasuave, precisa y controlable. Proporciona la mejor superficie para los sensores de juego, con menos arrastre en comparaci\u00f3n con otras alfombrillas de rat\u00f3n. Proporciona una superficie de seguimiento r\u00e1pida y suave para su rat\u00f3n. Lleve su experiencia de juego al siguiente nivel<br \/>\nLos modos de iluminaci\u00f3n personalizados superbrillantes, incluidos los modos de iluminaci\u00f3n est\u00e1tica y din\u00e1mica, proporcionan una atm\u00f3sfera \u00fanica al jugar o trabajar.<br \/>\nEsta alfombrilla de rat\u00f3n tiene una base antideslizante que se asienta firmemente sobre la mesa y proporciona un gran agarre. Las costuras profesionales de los bordes evitan el desgaste y garantizan una mayor vida \u00fatil. El grosor de 4 mm garantiza la estabilidad de su forma (por lo que no crea ondas).<br \/>\nEspecificaciones<br \/>\nMaterial: Goma + tejido<br \/>\nTipo: M\/L\/XL\/XXL\/personalizado<br \/>\nEntrada: 5V, 2A\/9V, 1,67A<br \/>\nSalida: 5 V, 1,0 A (m\u00e1ximo) \/ 9 V, 1,2 A (m\u00ednimo)<br \/>\nTama\u00f1o: 600x600MM\/700x700MM<br \/>\n800x30MM\/800x40MM\/900x400MM<br \/>\nEl paquete incluye:<br \/>\n1x Alfombrilla de rat\u00f3n de carga inal\u00e1mbrica<br \/>\n1xcable USB<\/p>\n<figure id=\"attachment_2275\" aria-describedby=\"caption-attachment-2275\" style=\"width: 800px\" class=\"wp-caption alignnone\"><img fetchpriority=\"high\" decoding=\"async\" class=\"wp-image-2275 size-large\" src=\"https:\/\/rgbmousepad.com\/wp-content\/uploads\/2024\/05\/O1CN013BRDyI2DQgTLAb2GM_2210221638604-0-cib-1024x1024.jpg\" alt=\"wireless charging mouse pad\" width=\"800\" height=\"800\" srcset=\"https:\/\/rgbmousepad.com\/wp-content\/uploads\/2024\/05\/O1CN013BRDyI2DQgTLAb2GM_2210221638604-0-cib-1024x1024.jpg 1024w, https:\/\/rgbmousepad.com\/wp-content\/uploads\/2024\/05\/O1CN013BRDyI2DQgTLAb2GM_2210221638604-0-cib-300x300.jpg 300w, https:\/\/rgbmousepad.com\/wp-content\/uploads\/2024\/05\/O1CN013BRDyI2DQgTLAb2GM_2210221638604-0-cib-150x150.jpg 150w, https:\/\/rgbmousepad.com\/wp-content\/uploads\/2024\/05\/O1CN013BRDyI2DQgTLAb2GM_2210221638604-0-cib-768x768.jpg 768w, https:\/\/rgbmousepad.com\/wp-content\/uploads\/2024\/05\/O1CN013BRDyI2DQgTLAb2GM_2210221638604-0-cib-600x600.jpg 600w, https:\/\/rgbmousepad.com\/wp-content\/uploads\/2024\/05\/O1CN013BRDyI2DQgTLAb2GM_2210221638604-0-cib-100x100.jpg 100w, https:\/\/rgbmousepad.com\/wp-content\/uploads\/2024\/05\/O1CN013BRDyI2DQgTLAb2GM_2210221638604-0-cib.jpg 1500w\" sizes=\"(max-width: 800px) 100vw, 800px\" \/><figcaption id=\"caption-attachment-2275\" class=\"wp-caption-text\">\u00a0<\/figcaption><\/figure>\n<p><img decoding=\"async\" class=\"size-full wp-image-2274\" src=\"https:\/\/rgbmousepad.com\/wp-content\/uploads\/2024\/05\/O1CN01oAkOgh1Jfh3moYomr_2215432781056-0-cib.jpg\" alt=\"wireless charging mouse pad\" width=\"800\" height=\"800\" srcset=\"https:\/\/rgbmousepad.com\/wp-content\/uploads\/2024\/05\/O1CN01oAkOgh1Jfh3moYomr_2215432781056-0-cib.jpg 800w, https:\/\/rgbmousepad.com\/wp-content\/uploads\/2024\/05\/O1CN01oAkOgh1Jfh3moYomr_2215432781056-0-cib-300x300.jpg 300w, https:\/\/rgbmousepad.com\/wp-content\/uploads\/2024\/05\/O1CN01oAkOgh1Jfh3moYomr_2215432781056-0-cib-150x150.jpg 150w, https:\/\/rgbmousepad.com\/wp-content\/uploads\/2024\/05\/O1CN01oAkOgh1Jfh3moYomr_2215432781056-0-cib-768x768.jpg 768w, https:\/\/rgbmousepad.com\/wp-content\/uploads\/2024\/05\/O1CN01oAkOgh1Jfh3moYomr_2215432781056-0-cib-600x600.jpg 600w, https:\/\/rgbmousepad.com\/wp-content\/uploads\/2024\/05\/O1CN01oAkOgh1Jfh3moYomr_2215432781056-0-cib-100x100.jpg 100w\" sizes=\"(max-width: 800px) 100vw, 800px\" \/><\/p>\n<p><img decoding=\"async\" class=\"size-full wp-image-2273\" src=\"https:\/\/rgbmousepad.com\/wp-content\/uploads\/2024\/05\/O1CN01KngMsh2DQgTNcdFd2_2210221638604-0-cib.jpg\" alt=\"wireless charging mouse pad\" width=\"800\" height=\"800\" srcset=\"https:\/\/rgbmousepad.com\/wp-content\/uploads\/2024\/05\/O1CN01KngMsh2DQgTNcdFd2_2210221638604-0-cib.jpg 800w, https:\/\/rgbmousepad.com\/wp-content\/uploads\/2024\/05\/O1CN01KngMsh2DQgTNcdFd2_2210221638604-0-cib-300x300.jpg 300w, https:\/\/rgbmousepad.com\/wp-content\/uploads\/2024\/05\/O1CN01KngMsh2DQgTNcdFd2_2210221638604-0-cib-150x150.jpg 150w, https:\/\/rgbmousepad.com\/wp-content\/uploads\/2024\/05\/O1CN01KngMsh2DQgTNcdFd2_2210221638604-0-cib-768x768.jpg 768w, https:\/\/rgbmousepad.com\/wp-content\/uploads\/2024\/05\/O1CN01KngMsh2DQgTNcdFd2_2210221638604-0-cib-600x600.jpg 600w, https:\/\/rgbmousepad.com\/wp-content\/uploads\/2024\/05\/O1CN01KngMsh2DQgTNcdFd2_2210221638604-0-cib-100x100.jpg 100w\" sizes=\"(max-width: 800px) 100vw, 800px\" \/><\/p>\n<p><img loading=\"lazy\" decoding=\"async\" class=\"size-full wp-image-2272\" src=\"https:\/\/rgbmousepad.com\/wp-content\/uploads\/2024\/05\/O1CN01AardWn2DQgTLiLQ2K_2210221638604-0-cib.jpg\" alt=\"wireless charging mouse pad\" width=\"800\" height=\"800\" srcset=\"https:\/\/rgbmousepad.com\/wp-content\/uploads\/2024\/05\/O1CN01AardWn2DQgTLiLQ2K_2210221638604-0-cib.jpg 800w, https:\/\/rgbmousepad.com\/wp-content\/uploads\/2024\/05\/O1CN01AardWn2DQgTLiLQ2K_2210221638604-0-cib-300x300.jpg 300w, https:\/\/rgbmousepad.com\/wp-content\/uploads\/2024\/05\/O1CN01AardWn2DQgTLiLQ2K_2210221638604-0-cib-150x150.jpg 150w, https:\/\/rgbmousepad.com\/wp-content\/uploads\/2024\/05\/O1CN01AardWn2DQgTLiLQ2K_2210221638604-0-cib-768x768.jpg 768w, https:\/\/rgbmousepad.com\/wp-content\/uploads\/2024\/05\/O1CN01AardWn2DQgTLiLQ2K_2210221638604-0-cib-600x600.jpg 600w, https:\/\/rgbmousepad.com\/wp-content\/uploads\/2024\/05\/O1CN01AardWn2DQgTLiLQ2K_2210221638604-0-cib-100x100.jpg 100w\" sizes=\"(max-width: 800px) 100vw, 800px\" \/><\/p>","protected":false},"excerpt":{"rendered":"<p>Alfombrilla de carga inal\u00e1mbrica de 15 W Proveedores<\/p>","protected":false},"featured_media":2271,"comment_status":"open","ping_status":"closed","template":"","meta":{"_seopress_robots_primary_cat":"none","_seopress_titles_title":"DS20 15W RGB Wireless Charging Desk Mat Bulk | Suppliers","_seopress_titles_desc":"high quality mouse pad provide 15W wireless charging for most smartphones","_seopress_robots_index":""},"product_brand":[],"product_cat":[98],"product_tag":[104],"class_list":{"0":"post-2268","1":"product","2":"type-product","3":"status-publish","4":"has-post-thumbnail","6":"product_cat-wireless-charging-mousepad","7":"product_tag-wireless-charging","9":"first","10":"instock","11":"shipping-taxable","12":"purchasable","13":"product-type-variable"},"_links":{"self":[{"href":"https:\/\/rgbmousepad.com\/es\/wp-json\/wp\/v2\/product\/2268","targetHints":{"allow":["GET"]}}],"collection":[{"href":"https:\/\/rgbmousepad.com\/es\/wp-json\/wp\/v2\/product"}],"about":[{"href":"https:\/\/rgbmousepad.com\/es\/wp-json\/wp\/v2\/types\/product"}],"replies":[{"embeddable":true,"href":"https:\/\/rgbmousepad.com\/es\/wp-json\/wp\/v2\/comments?post=2268"}],"wp:featuredmedia":[{"embeddable":true,"href":"https:\/\/rgbmousepad.com\/es\/wp-json\/wp\/v2\/media\/2271"}],"wp:attachment":[{"href":"https:\/\/rgbmousepad.com\/es\/wp-json\/wp\/v2\/media?parent=2268"}],"wp:term":[{"taxonomy":"product_brand","embeddable":true,"href":"https:\/\/rgbmousepad.com\/es\/wp-json\/wp\/v2\/product_brand?post=2268"},{"taxonomy":"product_cat","embeddable":true,"href":"https:\/\/rgbmousepad.com\/es\/wp-json\/wp\/v2\/product_cat?post=2268"},{"taxonomy":"product_tag","embeddable":true,"href":"https:\/\/rgbmousepad.com\/es\/wp-json\/wp\/v2\/product_tag?post=2268"}],"curies":[{"name":"wp","href":"https:\/\/api.w.org\/{rel}","templated":true}]}}