{"id":1859,"date":"2024-03-20T09:52:41","date_gmt":"2024-03-20T01:52:41","guid":{"rendered":"https:\/\/rgbmousepad.com\/?post_type=product&#038;p=1859"},"modified":"2025-08-18T15:45:11","modified_gmt":"2025-08-18T07:45:11","slug":"xxxxlmousepads","status":"publish","type":"product","link":"https:\/\/rgbmousepad.com\/es\/producto\/xxxxlmousepads\/","title":{"rendered":"Venta al por mayor XXXXL Gran Gaming Mouse Pad F\u00e1brica"},"content":{"rendered":"<p><strong>Descripci\u00f3n del producto:<\/strong><\/p>\n<p>1.Tama\u00f1o grande y extendido: esta alfombrilla de rat\u00f3n grande XXXXL proporciona un amplio espacio para su teclado de tama\u00f1o completo, rat\u00f3n, ordenador port\u00e1til u otros art\u00edculos en el escritorio. Perfecta para juegos profesionales o trabajos de oficina, tambi\u00e9n puede servir como alfombrilla de escritorio, bloc de notas o alfombrilla protectora de plataformas, manteniendo tu escritorio limpio y organizado.<\/p>\n<p>2.Superficie ultrasuave: Cubierta por un tejido superfino, esta alfombrilla de rat\u00f3n extendida ofrece una superficie suave y lisa que permite un seguimiento r\u00e1pido y preciso del rat\u00f3n, mejorando tu experiencia de juego o de trabajo. Es f\u00e1cil de limpiar con un trapo h\u00famedo o lav\u00e1ndola, lo que garantiza su durabilidad y longevidad en comparaci\u00f3n con otras opciones.<\/p>\n<p>3.Lavable y con bordes cosidos: Con un revestimiento resistente al agua, esta alfombrilla para rat\u00f3n y teclado puede soportar derrames y bebidas, por lo que es f\u00e1cil de limpiar con una toalla h\u00fameda o lav\u00e1ndola. Los bordes con doble costura protegen la alfombrilla del desgaste, la deformaci\u00f3n y el deshilachado, garantizando un uso prolongado.<\/p>\n<p>4.Base de goma antideslizante: La base inferior est\u00e1 hecha de caucho natural, libre de olores desagradables y sustancias nocivas. Con una densa textura de caucho, se agarra firmemente a su escritorio, evitando movimientos aleatorios y proporcionando un funcionamiento estable para el rat\u00f3n y el teclado.<\/p>\n<div class=\"aplus-v2 desktop celwidget\" data-cel-widget=\"aplus\" data-csa-c-id=\"8h9cp1-68hlzr-vzymt2-ej46l8\">\n<div class=\"celwidget aplus-module 3p-module-b aplus-standard\" data-cel-widget=\"aplus-3p-module-b\" data-csa-c-id=\"ehfx7q-38txcn-mefy72-si3se5\">\n<div class=\"aplus-module-wrapper aplus-3p-fixed-width\"><img decoding=\"async\" class=\"a-spacing-base\" src=\"https:\/\/m.media-amazon.com\/images\/S\/aplus-media-library-service-media\/a06c7eb0-c267-49e1-9c6a-4981c77d0e86.__CR0,0,970,600_PT0_SX970_V1___.jpg\" alt=\"Senetem Ultra-thin Mouse Pad\" data-src=\"https:\/\/m.media-amazon.com\/images\/S\/aplus-media-library-service-media\/a06c7eb0-c267-49e1-9c6a-4981c77d0e86.__CR0,0,970,600_PT0_SX970_V1___.jpg\" \/><\/div>\n<\/div>\n<div class=\"celwidget aplus-module 3p-module-b aplus-standard\" data-cel-widget=\"aplus-3p-module-b\" data-csa-c-id=\"838gq1-hkq06w-a9xwxc-8o5hit\">\n<div class=\"aplus-module-wrapper aplus-3p-fixed-width\"><img decoding=\"async\" class=\"a-spacing-base\" src=\"https:\/\/m.media-amazon.com\/images\/S\/aplus-media-library-service-media\/6f13fad0-732c-489d-bfd8-7172b72f76ab.__CR0,0,1600,990_PT0_SX970_V1___.jpg\" alt=\"Ultra-Smooth Surface\" data-src=\"https:\/\/m.media-amazon.com\/images\/S\/aplus-media-library-service-media\/6f13fad0-732c-489d-bfd8-7172b72f76ab.__CR0,0,1600,990_PT0_SX970_V1___.jpg\" \/><\/div>\n<\/div>\n<div class=\"celwidget aplus-module 3p-module-b aplus-standard\" data-cel-widget=\"aplus-3p-module-b\" data-csa-c-id=\"qsuxfb-a33z2i-80pkmq-37w9rc\">\n<div class=\"aplus-module-wrapper aplus-3p-fixed-width\"><img decoding=\"async\" class=\"a-spacing-base\" src=\"https:\/\/m.media-amazon.com\/images\/S\/aplus-media-library-service-media\/d156b237-8e2d-412c-ac1a-6cf6b6b40022.__CR0,0,1600,990_PT0_SX970_V1___.jpg\" alt=\"Rubber Base\" data-src=\"https:\/\/m.media-amazon.com\/images\/S\/aplus-media-library-service-media\/d156b237-8e2d-412c-ac1a-6cf6b6b40022.__CR0,0,1600,990_PT0_SX970_V1___.jpg\" \/><\/div>\n<\/div>\n<div class=\"celwidget aplus-module 3p-module-b aplus-standard\" data-cel-widget=\"aplus-3p-module-b\" data-csa-c-id=\"juy2e9-cppr9a-6nj5s4-wqayxt\">\n<div class=\"aplus-module-wrapper aplus-3p-fixed-width\"><img decoding=\"async\" class=\"a-spacing-base\" src=\"https:\/\/m.media-amazon.com\/images\/S\/aplus-media-library-service-media\/b6312620-b194-445e-b313-20fadc25590d.__CR0,0,1600,990_PT0_SX970_V1___.jpg\" alt=\"Reliable Performance\" data-src=\"https:\/\/m.media-amazon.com\/images\/S\/aplus-media-library-service-media\/b6312620-b194-445e-b313-20fadc25590d.__CR0,0,1600,990_PT0_SX970_V1___.jpg\" \/><\/div>\n<\/div>\n<div class=\"celwidget aplus-module 3p-module-b aplus-standard\" data-cel-widget=\"aplus-3p-module-b\" data-csa-c-id=\"i8anjs-xoy9np-158wah-jlifzt\">\n<div class=\"aplus-module-wrapper aplus-3p-fixed-width\"><img decoding=\"async\" class=\"a-spacing-base\" src=\"https:\/\/m.media-amazon.com\/images\/S\/aplus-media-library-service-media\/58a2fa94-55bb-4c6c-a3be-9534c51e6e08.__CR0,0,970,600_PT0_SX970_V1___.jpg\" alt=\"Size\" data-src=\"https:\/\/m.media-amazon.com\/images\/S\/aplus-media-library-service-media\/58a2fa94-55bb-4c6c-a3be-9534c51e6e08.__CR0,0,970,600_PT0_SX970_V1___.jpg\" \/><\/div>\n<\/div>\n<div class=\"celwidget aplus-module 3p-module-b aplus-standard\" data-cel-widget=\"aplus-3p-module-b\" data-csa-c-id=\"p9k15a-j708mq-b26jjp-o5ozfv\">\n<div class=\"aplus-module-wrapper aplus-3p-fixed-width\"><img decoding=\"async\" class=\"a-spacing-base\" src=\"https:\/\/m.media-amazon.com\/images\/S\/aplus-media-library-service-media\/4f8cc1f3-1359-443f-ab83-727955ffba67.__CR0,0,970,600_PT0_SX970_V1___.jpg\" alt=\"Stylish mouse pad\" data-src=\"https:\/\/m.media-amazon.com\/images\/S\/aplus-media-library-service-media\/4f8cc1f3-1359-443f-ab83-727955ffba67.__CR0,0,970,600_PT0_SX970_V1___.jpg\" \/><\/div>\n<\/div>\n<\/div>","protected":false},"excerpt":{"rendered":"<p>Alfombrilla de rat\u00f3n grande XXXL, alfombrilla de rat\u00f3n ultrafina para juegos, alfombrilla de rat\u00f3n alargada, base de goma antideslizante para teclado<\/p>","protected":false},"featured_media":1863,"comment_status":"open","ping_status":"closed","template":"","meta":{"_seopress_robots_primary_cat":"none","_seopress_titles_title":"Wholesale XXXXL Large Gaming Mouse Pad Factory","_seopress_titles_desc":"XXXXL Large Mouse Pad with ultra-smooth surface, and non-slip rubber base,Manufacturer direct.","_seopress_robots_index":""},"product_brand":[],"product_cat":[488],"product_tag":[103,130,96],"class_list":{"0":"post-1859","1":"product","2":"type-product","3":"status-publish","4":"has-post-thumbnail","6":"product_cat-xxxxl-mouse-pad","7":"product_tag-gaming","8":"product_tag-manufacturer","9":"product_tag-natural-rubber","11":"first","12":"instock","13":"shipping-taxable","14":"purchasable","15":"product-type-variable"},"_links":{"self":[{"href":"https:\/\/rgbmousepad.com\/es\/wp-json\/wp\/v2\/product\/1859","targetHints":{"allow":["GET"]}}],"collection":[{"href":"https:\/\/rgbmousepad.com\/es\/wp-json\/wp\/v2\/product"}],"about":[{"href":"https:\/\/rgbmousepad.com\/es\/wp-json\/wp\/v2\/types\/product"}],"replies":[{"embeddable":true,"href":"https:\/\/rgbmousepad.com\/es\/wp-json\/wp\/v2\/comments?post=1859"}],"wp:featuredmedia":[{"embeddable":true,"href":"https:\/\/rgbmousepad.com\/es\/wp-json\/wp\/v2\/media\/1863"}],"wp:attachment":[{"href":"https:\/\/rgbmousepad.com\/es\/wp-json\/wp\/v2\/media?parent=1859"}],"wp:term":[{"taxonomy":"product_brand","embeddable":true,"href":"https:\/\/rgbmousepad.com\/es\/wp-json\/wp\/v2\/product_brand?post=1859"},{"taxonomy":"product_cat","embeddable":true,"href":"https:\/\/rgbmousepad.com\/es\/wp-json\/wp\/v2\/product_cat?post=1859"},{"taxonomy":"product_tag","embeddable":true,"href":"https:\/\/rgbmousepad.com\/es\/wp-json\/wp\/v2\/product_tag?post=1859"}],"curies":[{"name":"wp","href":"https:\/\/api.w.org\/{rel}","templated":true}]}}