{"id":1402,"date":"2023-10-25T12:01:40","date_gmt":"2023-10-25T04:01:40","guid":{"rendered":"https:\/\/rgbmousepad.com\/?post_type=product&#038;p=1402"},"modified":"2024-06-15T16:56:01","modified_gmt":"2024-06-15T08:56:01","slug":"custom-gaming-mouse-pads","status":"publish","type":"product","link":"https:\/\/rgbmousepad.com\/es\/producto\/custom-gaming-mouse-pads\/","title":{"rendered":"Custom Gaming Mouse pad Lock borde Proveedor"},"content":{"rendered":"<p><strong data-spm-anchor-id=\"a2g0o.detail.1000023.i0.2dba4611eeJYtX\">Caracter\u00edsticas:<\/strong><\/p>\n<p>*Bordes cosidos duraderos: Esta alfombrilla de rat\u00f3n tiene bordes delicados que pueden evitar el desgaste. Garantiza un uso prolongado sin deformarse ni desgomarse.<\/p>\n<div>*Superficie lisa : La textura es m\u00e1s densa. El rat\u00f3n se puede mover r\u00e1pidamente y se coloca con precisi\u00f3n para garantizar un control m\u00e1s suave del rat\u00f3n . Perfecto para su ordenador port\u00e1til, ordenador y PC.<\/div>\n<div>*Base de goma antideslizante : La base de goma natural antideslizante y de sombreado denso puede agarrarse firmemente al escritorio. Material suave de primera calidad para su comodidad y control del rat\u00f3n.<\/div>\n<div>*Dise\u00f1o lavable y previene la decoloraci\u00f3n : Esta alfombrilla de rat\u00f3n est\u00e1 hecha de lo que tiene un gran efecto de bloqueo-color. Las manchas de l\u00edquido se pueden limpiar con agua para un uso continuo. Y no se desvanecer\u00e1 con la limpieza repetida.<\/div>\n<div>*Color : Nos esforzamos por ofrecer las impresiones m\u00e1s coloridas. Utilizamos 6 colores para la impresi\u00f3n, mientras que la mayor\u00eda de los competidores utilizan 4 colores, y utilizamos una mezcla patentada de CMYK y colores de ne\u00f3n para crear la gama de colores m\u00e1s amplia posible.<br \/>\n*Proceso de impresi\u00f3n: Nuestra alfombrilla de rat\u00f3n se imprime y produce con la ayuda del prensado en caliente y la sublimaci\u00f3n de tinta, que es el proceso de convertir s\u00f3lidos en gases. La alta temperatura de la prensa de impresi\u00f3n convierte la tinta en gas y se une con el material de poli\u00e9ster liso que forma la parte superior de la alfombrilla de rat\u00f3n, por lo que no tiene que preocuparse de que el dise\u00f1o se despegue o se decolore.<\/div>\n<div>*Aplicabilidad amplia : Disponible para todo tipo de ratones, l\u00e1ser y \u00f3pticos. Tama\u00f1o ideal para el uso diario.<\/div>\n<div><strong>Especificaciones:<\/strong><\/div>\n<div>Material : Goma+ tela<\/div>\n<div>Sizes : 30x60cm,30x70cm,30x80cm,40x70cm,40x80cm,40x90cm,50x100cm<\/div>\n<div>Grosor : 2\/3\/4\/5mm<\/div>\n<div>Contenido del paquete: 1 alfombrilla de rat\u00f3n<\/div>\n<div>Nota : Al abrir el paquete, a veces se percibe un ligero olor a goma, lo cual es normal, y desaparecer\u00e1 en unos d\u00edas.<\/div>\n<div>Tras el transporte a larga distancia, la desviaci\u00f3n del tama\u00f1o es de 0,5-1,5 cm, que es un fen\u00f3meno normal.Gracias por su comprensi\u00f3n.<\/div>","protected":false},"excerpt":{"rendered":"<p>Personalizada Arte Gaming Alfombrilla de rat\u00f3n Gamer Gran tapis de souris anime Caucho Borde de bloqueo Gran ordenador alfombrilla de rat\u00f3n Alfombrilla de escritorio del ordenador port\u00e1til<\/p>","protected":false},"featured_media":1405,"comment_status":"open","ping_status":"closed","template":"","meta":{"_seopress_robots_primary_cat":"none","_seopress_titles_title":"","_seopress_titles_desc":"","_seopress_robots_index":""},"product_brand":[],"product_cat":[100],"product_tag":[107,134,103],"class_list":{"0":"post-1402","1":"product","2":"type-product","3":"status-publish","4":"has-post-thumbnail","6":"product_cat-gaming-mousepad","7":"product_tag-anime","8":"product_tag-factory","9":"product_tag-gaming","11":"first","12":"instock","13":"shipping-taxable","14":"purchasable","15":"product-type-variable"},"_links":{"self":[{"href":"https:\/\/rgbmousepad.com\/es\/wp-json\/wp\/v2\/product\/1402","targetHints":{"allow":["GET"]}}],"collection":[{"href":"https:\/\/rgbmousepad.com\/es\/wp-json\/wp\/v2\/product"}],"about":[{"href":"https:\/\/rgbmousepad.com\/es\/wp-json\/wp\/v2\/types\/product"}],"replies":[{"embeddable":true,"href":"https:\/\/rgbmousepad.com\/es\/wp-json\/wp\/v2\/comments?post=1402"}],"wp:featuredmedia":[{"embeddable":true,"href":"https:\/\/rgbmousepad.com\/es\/wp-json\/wp\/v2\/media\/1405"}],"wp:attachment":[{"href":"https:\/\/rgbmousepad.com\/es\/wp-json\/wp\/v2\/media?parent=1402"}],"wp:term":[{"taxonomy":"product_brand","embeddable":true,"href":"https:\/\/rgbmousepad.com\/es\/wp-json\/wp\/v2\/product_brand?post=1402"},{"taxonomy":"product_cat","embeddable":true,"href":"https:\/\/rgbmousepad.com\/es\/wp-json\/wp\/v2\/product_cat?post=1402"},{"taxonomy":"product_tag","embeddable":true,"href":"https:\/\/rgbmousepad.com\/es\/wp-json\/wp\/v2\/product_tag?post=1402"}],"curies":[{"name":"wp","href":"https:\/\/api.w.org\/{rel}","templated":true}]}}