{"id":1053,"date":"2023-10-06T11:59:49","date_gmt":"2023-10-06T03:59:49","guid":{"rendered":"https:\/\/rgbmousepad.com\/?post_type=product&#038;p=1053"},"modified":"2024-06-04T11:37:23","modified_gmt":"2024-06-04T03:37:23","slug":"wrist-mousepads","status":"publish","type":"product","link":"https:\/\/rgbmousepad.com\/es\/producto\/wrist-mousepads\/","title":{"rendered":"Reposamu\u00f1ecas 3D Soft Gaming Mouse Pad"},"content":{"rendered":"<p><span data-spm-anchor-id=\"a2g0o.detail.1000023.i1.323966hf66hfUr\">Caracter\u00edsticas:<\/span><\/p>\n<div><\/div>\n<p>1.Hecho de material de gel de silicona, no t\u00f3xico, antideslizante.<\/p>\n<p><span data-spm-anchor-id=\"a2g0o.detail.1000023.i0.323966hf66hfUr\">2.Dise\u00f1o de soporte de mu\u00f1eca para un manejo suave y c\u00f3modo del rat\u00f3n.<\/span><\/p>\n<p>3.Dise\u00f1ado ergon\u00f3micamente para facilitar el movimiento y aliviar la tensi\u00f3n articular.Proporciona un apoyo calmante a la vez que redistribuye los puntos de presi\u00f3n para un confort excepcional.<\/p>\n<p>4.La suave base antideslizante de PU se agarra firmemente al escritorio. Evita que la alfombrilla del rat\u00f3n se deslice sobre el escritorio.<\/p>\n<div><\/div>\n<p>Especificaciones:<\/p>\n<div><\/div>\n<p>Material: Silicona + SBR + Tejido Lycra<\/p>\n<p data-spm-anchor-id=\"a2g0o.detail.1000023.i3.323966hf66hfUr\">Tama\u00f1o: Approx. 26\u00d722\u00d72.5cm\/10.24\u00d78.66\u00d70.98in<\/p>","protected":false},"excerpt":{"rendered":"<p>Sexy Anime Gaming Mouse Pad Reposamu\u00f1ecas 3D Soft Breast Mousepad Sexy Girl Hip Kawaii Silicone Desktop Mat<\/p>","protected":false},"featured_media":1054,"comment_status":"open","ping_status":"closed","template":"","meta":{"_seopress_robots_primary_cat":"none","_seopress_titles_title":"","_seopress_titles_desc":"","_seopress_robots_index":""},"product_brand":[],"product_cat":[492],"product_tag":[107,113],"class_list":{"0":"post-1053","1":"product","2":"type-product","3":"status-publish","4":"has-post-thumbnail","6":"product_cat-boob-mouse-pad","7":"product_tag-anime","8":"product_tag-cartoon","10":"first","11":"instock","12":"shipping-taxable","13":"purchasable","14":"product-type-variable"},"_links":{"self":[{"href":"https:\/\/rgbmousepad.com\/es\/wp-json\/wp\/v2\/product\/1053","targetHints":{"allow":["GET"]}}],"collection":[{"href":"https:\/\/rgbmousepad.com\/es\/wp-json\/wp\/v2\/product"}],"about":[{"href":"https:\/\/rgbmousepad.com\/es\/wp-json\/wp\/v2\/types\/product"}],"replies":[{"embeddable":true,"href":"https:\/\/rgbmousepad.com\/es\/wp-json\/wp\/v2\/comments?post=1053"}],"wp:featuredmedia":[{"embeddable":true,"href":"https:\/\/rgbmousepad.com\/es\/wp-json\/wp\/v2\/media\/1054"}],"wp:attachment":[{"href":"https:\/\/rgbmousepad.com\/es\/wp-json\/wp\/v2\/media?parent=1053"}],"wp:term":[{"taxonomy":"product_brand","embeddable":true,"href":"https:\/\/rgbmousepad.com\/es\/wp-json\/wp\/v2\/product_brand?post=1053"},{"taxonomy":"product_cat","embeddable":true,"href":"https:\/\/rgbmousepad.com\/es\/wp-json\/wp\/v2\/product_cat?post=1053"},{"taxonomy":"product_tag","embeddable":true,"href":"https:\/\/rgbmousepad.com\/es\/wp-json\/wp\/v2\/product_tag?post=1053"}],"curies":[{"name":"wp","href":"https:\/\/api.w.org\/{rel}","templated":true}]}}