{"id":1101,"date":"2023-10-07T10:09:57","date_gmt":"2023-10-07T02:09:57","guid":{"rendered":"https:\/\/rgbmousepad.com\/?page_id=1101"},"modified":"2023-10-07T10:09:58","modified_gmt":"2023-10-07T02:09:58","slug":"sitemap","status":"publish","type":"page","link":"https:\/\/rgbmousepad.com\/es\/sitemap\/","title":{"rendered":"Mapa del sitio"},"content":{"rendered":"<pre class=\"wp-block-code\"><code><\/code><\/pre>\n\n\n<div class=\"wp-block-wpseopress-sitemap\"><div class=\"wrap-html-sitemap sp-html-sitemap\"><div class=\"sp-wrap-cpt\"><h2 class=\"sp-cpt-name\">P\u00e1ginas<\/h2><ul class=\"sp-list-posts sp-cpt-hierarchical\"><li class=\"page_item page-item-1101\"><a href=\"https:\/\/rgbmousepad.com\/es\/sitemap\/\">Mapa del sitio<\/a><\/li><li class=\"page_item page-item-427\"><a href=\"https:\/\/rgbmousepad.com\/es\/thank-you\/\">Gracias<\/a><\/li><li class=\"page_item page-item-102 current_page_parent\"><a href=\"https:\/\/rgbmousepad.com\/es\/blog\/\">BLOG<\/a><\/li><li class=\"page_item page-item-101\"><a href=\"https:\/\/rgbmousepad.com\/es\/contact\/\">CONTACTO<\/a><\/li><li class=\"page_item page-item-100\"><a href=\"https:\/\/rgbmousepad.com\/es\/about\/\">ACERCA DE<\/a><\/li><li class=\"page_item page-item-99\"><a href=\"https:\/\/rgbmousepad.com\/es\/product\/\">PRODUCTO<\/a><\/li><li class=\"page_item page-item-98\"><a href=\"https:\/\/rgbmousepad.com\/es\/\">INICIO<\/a><\/li><\/ul><\/div><div class=\"sp-wrap-cpt\"><h2 class=\"sp-cpt-name\">Entradas<\/h2><div class=\"sp-wrap-cats\"><div class=\"sp-wrap-cat\"><h3 class=\"sp-cat-name\"><a href=\"https:\/\/rgbmousepad.com\/es\/category\/blog\/\">Blog<\/a><\/h3><ul class=\"sp-list-posts\"><li><a href=\"https:\/\/rgbmousepad.com\/es\/why-premium-brands-choose-poron-material-for-mouse-pads\/\">Why Premium Brands Choose Poron Material for Mouse Pads<\/a> &#8211; 3 abril 2026<\/li><li><a href=\"https:\/\/rgbmousepad.com\/es\/poron-mouse-pad-material\/\">Poron Mouse Pad vs Rubber: Which Is Better for Gaming?<\/a> &#8211; 3 abril 2026<\/li><li><a href=\"https:\/\/rgbmousepad.com\/es\/poron-mouse-pads\/\">Poron Mouse Pads: The OEM Guide to Precision, Durability, and Comfort<\/a> &#8211; 3 abril 2026<\/li><li><a href=\"https:\/\/rgbmousepad.com\/es\/mouse-pad-manufacturers\/\">Top 10 Mouse Pad Manufacturers in the World (2026)<\/a> &#8211; 1 abril 2026<\/li><li><a href=\"https:\/\/rgbmousepad.com\/es\/buying-gaming-mouse-pad-xxxxl\/\">Gu\u00eda de compra para la prueba o comparaci\u00f3n de la alfombrilla de rat\u00f3n para juegos XXXXL: Nuestra Gu\u00eda para su Prueba Personal \u00a1Ganadora!<\/a> - 20 de junio de 2024<\/li><li><a href=\"https:\/\/rgbmousepad.com\/es\/what-are-mouse-pads-made-of\/\">\u00bfDe qu\u00e9 est\u00e1n hechas las alfombrillas de rat\u00f3n? Gu\u00eda completa de materiales y fabricaci\u00f3n<\/a> - 4 de junio de 2024<\/li><li><a href=\"https:\/\/rgbmousepad.com\/es\/mouse-pad-material\/\">Alfombrilla de rat\u00f3n Material Caucho - \u00bfQu\u00e9 es?<\/a> - 4 de junio de 2024<\/li><li><a href=\"https:\/\/rgbmousepad.com\/es\/mouse-pad-choose\/\">\u00bfQu\u00e9 alfombrilla de rat\u00f3n elegir?<\/a> - 21 mayo 2024<\/li><li><a href=\"https:\/\/rgbmousepad.com\/es\/how-to-choose-mouse-pad\/\">C\u00f3mo elegir la alfombrilla de rat\u00f3n adecuada a sus necesidades<\/a> - 1 abril 2024<\/li><li><a href=\"https:\/\/rgbmousepad.com\/es\/how-to-use-rgb\/\">\u041a\u0430\u043a \u043f\u0440\u0430\u0432\u0438\u043b\u044c\u043d\u043e \u0438\u0441\u043f\u043e\u043b\u044c\u0437\u043e\u0432\u0430\u0442\u044c \u0441\u0432\u0435\u0442\u044f\u0449\u0438\u0439\u0441\u044f \u043a\u043e\u0432\u0440\u0438\u043a \u0434\u043b\u044f\u044f \u043c\u044b\u0448\u0438?<\/a> - 11 de marzo de 2024<\/li><li><a href=\"https:\/\/rgbmousepad.com\/es\/what-material-is-the-mouse-pad-made-of\/\">\u00bfDe qu\u00e9 material est\u00e1 hecha la alfombrilla?<\/a> - 24 enero 2024<\/li><li><a href=\"https:\/\/rgbmousepad.com\/es\/waterproof-fabric-of-the-mouse-pad-made\/\">\u00bfC\u00f3mo se fabrica el tejido impermeable de la alfombrilla?<\/a> - 16 enero 2024<\/li><li><a href=\"https:\/\/rgbmousepad.com\/es\/the-evolution-of-mouse-pads\/\">La evoluci\u00f3n de las alfombrillas de rat\u00f3n: Un viaje a trav\u00e9s de la historia<\/a> - 14 diciembre 2023<\/li><li><a href=\"https:\/\/rgbmousepad.com\/es\/process-of-mouse-pads\/\">\u00bfC\u00f3mo se fabrican las alfombrillas de rat\u00f3n? An\u00e1lisis del proceso de fabricaci\u00f3n de las alfombrillas de rat\u00f3n<\/a> - 31 octubre 2023<\/li><li><a href=\"https:\/\/rgbmousepad.com\/es\/best-material-for-mouse-pad\/\">Elegir el mejor material para fabricar alfombrillas de rat\u00f3n<\/a> - 17 octubre 2023<\/li><li><a href=\"https:\/\/rgbmousepad.com\/es\/how-rgb-mouse-pads-work\/\">C\u00f3mo funcionan las alfombrillas de rat\u00f3n RGB: ilumine su espacio de trabajo<\/a> - 16 octubre 2023<\/li><li><a href=\"https:\/\/rgbmousepad.com\/es\/use-rgb-mousepad\/\">\u00bfC\u00f3mo utilizar correctamente una alfombrilla de rat\u00f3n luminosa?<\/a> - 6 octubre 2023<\/li><\/ul><\/div><\/div><\/div><div class=\"sp-wrap-cpt\"><h2 class=\"sp-cpt-name\">Productos<\/h2><div class=\"sp-archive-link\"><a href=\"https:\/\/rgbmousepad.com\/es\/product\/\">Ver todas las productos<\/a><\/div><div class=\"sp-wrap-cats\"><div class=\"sp-wrap-cat\"><h3 class=\"sp-cat-name\"><a href=\"https:\/\/rgbmousepad.com\/es\/productcategory\/wrist-mousepad\/boob-mouse-pad\/\">alfombrilla de rat\u00f3n boob<\/a><\/h3><ul class=\"sp-list-posts\"><li><a href=\"https:\/\/rgbmousepad.com\/es\/producto\/wrist-mousepads\/\">Reposamu\u00f1ecas 3D Soft Gaming Mouse Pad<\/a> - 6 octubre 2023<\/li><\/ul><\/div><div class=\"sp-wrap-cat\"><h3 class=\"sp-cat-name\"><a href=\"https:\/\/rgbmousepad.com\/es\/productcategory\/chair-mats\/\">Silla Mats<\/a><\/h3><ul class=\"sp-list-posts\"><li><a href=\"https:\/\/rgbmousepad.com\/es\/producto\/chair-mats-factory\/\">Antideslizante Redondo De Caucho Gaming Silla Esteras F\u00e1brica<\/a> - 16 mayo 2024<\/li><li><a href=\"https:\/\/rgbmousepad.com\/es\/producto\/heated-mousepads\/\">Alfombrilla de rat\u00f3n calefactada inteligente<\/a> - 6 octubre 2023<\/li><\/ul><\/div><div class=\"sp-wrap-cat\"><h3 class=\"sp-cat-name\"><a href=\"https:\/\/rgbmousepad.com\/es\/productcategory\/gaming-mousepad\/\">Alfombrillas de rat\u00f3n para juegos<\/a><\/h3><ul class=\"sp-list-posts\"><li><a href=\"https:\/\/rgbmousepad.com\/es\/producto\/desk-mat-manufacturers\/\">Alfombrilla de rat\u00f3n grande para juegos XXXXL Desk Mat Fabricantes<\/a> - 28 mayo 2024<\/li><li><a href=\"https:\/\/rgbmousepad.com\/es\/producto\/xxxxl-gaming-mouse-pad\/\">XXXXL Gaming Mouse Pad Extra Large Mouse Mat Proveedores<\/a> - 28 mayo 2024<\/li><li><a href=\"https:\/\/rgbmousepad.com\/es\/producto\/xxxxlmousepads\/\">Venta al por mayor XXXXL Gran Gaming Mouse Pad F\u00e1brica<\/a> - 20 de marzo de 2024<\/li><li><a href=\"https:\/\/rgbmousepad.com\/es\/producto\/roundmousepad\/\">Alfombrilla de rat\u00f3n personalizada Fabricantes<\/a> - 19 de marzo de 2024<\/li><li><a href=\"https:\/\/rgbmousepad.com\/es\/producto\/custom-gaming-mouse-pads\/\">Custom Gaming Mouse pad Lock borde Proveedor<\/a> - 25 octubre 2023<\/li><li><a href=\"https:\/\/rgbmousepad.com\/es\/producto\/gaming-mousepads\/\">Locking Edge Gaming Mousepad Custom Pattern Proveedor<\/a> - 6 octubre 2023<\/li><\/ul><\/div><div class=\"sp-wrap-cat\"><h3 class=\"sp-cat-name\"><a href=\"https:\/\/rgbmousepad.com\/es\/productcategory\/leather-mousepad\/\">Alfombrillas de rat\u00f3n de cuero<\/a><\/h3><ul class=\"sp-list-posts\"><li><a href=\"https:\/\/rgbmousepad.com\/es\/producto\/leather-mousepads\/\">Alfombrilla de rat\u00f3n impermeable de cuero PU Fabricantes<\/a> - 6 octubre 2023<\/li><\/ul><\/div><div class=\"sp-wrap-cat\"><h3 class=\"sp-cat-name\"><a href=\"https:\/\/rgbmousepad.com\/es\/productcategory\/wrist-mousepad\/\">Alfombrilla de rat\u00f3n con reposamu\u00f1ecas<\/a><\/h3><ul class=\"sp-list-posts\"><li><a href=\"https:\/\/rgbmousepad.com\/es\/producto\/wrist-mousepads\/\">Reposamu\u00f1ecas 3D Soft Gaming Mouse Pad<\/a> - 6 octubre 2023<\/li><\/ul><\/div><div class=\"sp-wrap-cat\"><h3 class=\"sp-cat-name\"><a href=\"https:\/\/rgbmousepad.com\/es\/productcategory\/rgb-mousepad\/\">Alfombrillas de rat\u00f3n RGB<\/a><\/h3><ul class=\"sp-list-posts\"><li><a href=\"https:\/\/rgbmousepad.com\/es\/producto\/surface-illuminated-mouse-pad\/\">Firelll RGB-03 Chasing Light E-sports Surface-Illuminated Mouse Pad Fabricantes<\/a> - 29 agosto 2024<\/li><li><a href=\"https:\/\/rgbmousepad.com\/es\/producto\/rgb-mousepad-suppliers\/\">Extended XXL Gaming RGB Mousepad Proveedor<\/a> - 25 octubre 2023<\/li><li><a href=\"https:\/\/rgbmousepad.com\/es\/producto\/new-luminous-mouse-pads\/\">Alfombrilla de rat\u00f3n luminosa Patrones personalizables Fabricante<\/a> - 24 octubre 2023<\/li><li><a href=\"https:\/\/rgbmousepad.com\/es\/producto\/rgb-mousepads\/\">Alfombrillas de rat\u00f3n luminosas RGB para juegos a granel<\/a> - 14 septiembre 2023<\/li><\/ul><\/div><div class=\"sp-wrap-cat\"><h3 class=\"sp-cat-name\"><a href=\"https:\/\/rgbmousepad.com\/es\/productcategory\/wireless-charging-mousepad\/\">Alfombrillas de rat\u00f3n con carga inal\u00e1mbrica<\/a><\/h3><ul class=\"sp-list-posts\"><li><a href=\"https:\/\/rgbmousepad.com\/es\/producto\/ds20-wireless-charging-desk\/\">DS20 15W RGB Alfombrilla de escritorio de carga inal\u00e1mbrica a granel<\/a> - 13 junio 2024<\/li><li><a href=\"https:\/\/rgbmousepad.com\/es\/producto\/ds20-rgb-gaming-mousepad-with-wireless-charging-oem\/\">DS20 RGB Gaming Mousepad con carga inal\u00e1mbrica OEM<\/a> - 25 mayo 2024<\/li><li><a href=\"https:\/\/rgbmousepad.com\/es\/producto\/wireless-charging-mouse-pads\/\">Alfombrilla de rat\u00f3n de carga inal\u00e1mbrica RGB de 10 W<\/a> - 6 octubre 2023<\/li><\/ul><\/div><div class=\"sp-wrap-cat\"><h3 class=\"sp-cat-name\"><a href=\"https:\/\/rgbmousepad.com\/es\/productcategory\/gaming-mousepad\/xxxxl-mouse-pad\/\">Alfombrilla de rat\u00f3n XXXXL<\/a><\/h3><ul class=\"sp-list-posts\"><li><a href=\"https:\/\/rgbmousepad.com\/es\/producto\/desk-mat-manufacturers\/\">Alfombrilla de rat\u00f3n grande para juegos XXXXL Desk Mat Fabricantes<\/a> - 28 mayo 2024<\/li><li><a href=\"https:\/\/rgbmousepad.com\/es\/producto\/xxxxl-gaming-mouse-pad\/\">XXXXL Gaming Mouse Pad Extra Large Mouse Mat Proveedores<\/a> - 28 mayo 2024<\/li><li><a href=\"https:\/\/rgbmousepad.com\/es\/producto\/xxxxlmousepads\/\">Venta al por mayor XXXXL Gran Gaming Mouse Pad F\u00e1brica<\/a> - 20 de marzo de 2024<\/li><\/ul><\/div><\/div><\/div><\/div><\/div>","protected":false},"excerpt":{"rendered":"","protected":false},"author":1,"featured_media":0,"parent":0,"menu_order":0,"comment_status":"closed","ping_status":"closed","template":"","meta":{"_seopress_robots_primary_cat":"","_seopress_titles_title":"","_seopress_titles_desc":"","_seopress_robots_index":"","footnotes":""},"class_list":["post-1101","page","type-page","status-publish","hentry"],"_links":{"self":[{"href":"https:\/\/rgbmousepad.com\/es\/wp-json\/wp\/v2\/pages\/1101","targetHints":{"allow":["GET"]}}],"collection":[{"href":"https:\/\/rgbmousepad.com\/es\/wp-json\/wp\/v2\/pages"}],"about":[{"href":"https:\/\/rgbmousepad.com\/es\/wp-json\/wp\/v2\/types\/page"}],"author":[{"embeddable":true,"href":"https:\/\/rgbmousepad.com\/es\/wp-json\/wp\/v2\/users\/1"}],"replies":[{"embeddable":true,"href":"https:\/\/rgbmousepad.com\/es\/wp-json\/wp\/v2\/comments?post=1101"}],"version-history":[{"count":2,"href":"https:\/\/rgbmousepad.com\/es\/wp-json\/wp\/v2\/pages\/1101\/revisions"}],"predecessor-version":[{"id":1105,"href":"https:\/\/rgbmousepad.com\/es\/wp-json\/wp\/v2\/pages\/1101\/revisions\/1105"}],"wp:attachment":[{"href":"https:\/\/rgbmousepad.com\/es\/wp-json\/wp\/v2\/media?parent=1101"}],"curies":[{"name":"wp","href":"https:\/\/api.w.org\/{rel}","templated":true}]}}