{"id":2298,"date":"2024-05-28T11:17:16","date_gmt":"2024-05-28T03:17:16","guid":{"rendered":"https:\/\/rgbmousepad.com\/?post_type=product&#038;p=2298"},"modified":"2024-05-28T11:27:05","modified_gmt":"2024-05-28T03:27:05","slug":"desk-mat-manufacturers","status":"publish","type":"product","link":"https:\/\/rgbmousepad.com\/de\/produkt\/desk-mat-manufacturers\/","title":{"rendered":"Gro\u00dfe Mauspad f\u00fcr Gaming XXXXL Desk Mat Hersteller"},"content":{"rendered":"<p>\u3010Professionelles Gaming-Mauspad\u3011Dies ist ein professionelles gro\u00dfes Gaming-Mauspad, unser Mauspad Gaming kann Ihnen helfen, die Gl\u00e4tte und Pr\u00e4zision Ihrer Maussteuerung zu maximieren, die ultra-glatte Oberfl\u00e4che des professionellen Gaming-Mauspads erm\u00f6glicht es Ihnen, die Maus m\u00fchelos jederzeit f\u00fcr pr\u00e4zises Tracking zu bewegen, so dass alle begeisterten Spieler die beste Gaming-Erfahrung haben k\u00f6nnen, verwenden Sie dieses professionelle gro\u00dfe Gaming-Mauspad, um Ihr perfektes Gaming-Niveau herauszubringen\uff01<br \/>\n\u3010Hohe Stabilit\u00e4t, Haltbarkeit &amp; Komfort\u3011Dieses gro\u00dfe Gaming-Mauspad hat die st\u00e4rkste Stabilit\u00e4t, Haltbarkeit und Komfort! L\u00f6sen Sie alle Probleme auf dem Markt der Maus-Pad gefalteten Kanten, schlechte Qualit\u00e4t Maus-Pad-Material, Maus-Pad Geruch und unbequeme Nutzung der Maus-Pad und so weiter! Unsere Gaming-Mauspads wurden unz\u00e4hlige Stunden und unz\u00e4hlige Male getestet, um die besten Gaming-Mauspads f\u00fcr alle Gamer zu bieten!<br \/>\n\u3010Bestes Qualit\u00e4tsmaterial &amp; st\u00e4rkste Anti-Rutsch-Performance\u3011Unsere gro\u00dfe Gaming-Mauspad-Oberfl\u00e4che ist aus dem besten Qualit\u00e4ts-Hochpr\u00e4zisions-Lycra-Gewebe hergestellt, um sicherzustellen, dass es flach bleibt, wenn Sie dieses Gaming-Mauspad verwenden. Die rutschfeste Gummibasis an der Unterseite des gro\u00dfen Gaming-Mauspads h\u00e4lt das Mauspad fest an Ort und Stelle und liefert die st\u00e4rkste Anti-Rutsch-Leistung, und dieses Mauspad Gaming ist mit einer wasserdichten Beschichtung beschichtet, die Versch\u00fcttungen oder Verschmutzungen verhindert, ist leicht zu reinigen und ist geruchlos. Diese gro\u00dfe Gaming-Mauspad wird Ihnen die beste Stabilit\u00e4t, Haltbarkeit und Komfort.<br \/>\n\u3010Extra Large Extended XXXL Size Gaming Mouse Pad\u3011Unser gro\u00dfes Gaming-Mauspad, l\u00e4nger und breiter als andere Mauspads, dieses gro\u00dfe Gaming-Mauspad bietet viel Platz f\u00fcr Ihre Maus und Tastatur, bietet eine gr\u00f6\u00dfere glatte und ungehinderte Oberfl\u00e4che f\u00fcr professionelle Gaming-Sessions, und dieses Mauspad Gaming sch\u00fctzt auch Ihren Desktop. Die extra dicke 2mm Dicke des Mauspads Gaming reduziert nicht nur L\u00e4rm, sondern sorgt auch f\u00fcr eine komfortable Erfahrung f\u00fcr Ihre H\u00e4nde.<br \/>\n\u3010Multifunktionales Mauspad\u3011Unser gro\u00dfes Gaming-Mauspad bietet Ihnen nicht nur die beste Leistung beim Spielen, dieses Mauspad ist auch ein vielseitiger Helfer f\u00fcr Ihr Heimb\u00fcro, Studium und B\u00fcroarbeit. Die vergr\u00f6\u00dferte und verl\u00e4ngerte Gr\u00f6\u00dfe des gro\u00dfen Mauspads xl bietet einen bequemeren und ger\u00e4umigeren Aktivit\u00e4tsraum und sch\u00fctzt gleichzeitig Ihren Schreibtisch. Das sch\u00f6ne Muster der Schreibtisch-Mausunterlage kann auch eine entspannende Atmosph\u00e4re zu Ihrem B\u00fcro, die eine praktische und sch\u00f6ne multifunktionale Mausunterlage ist hinzuzuf\u00fcgen.<\/p>\n<p><img fetchpriority=\"high\" decoding=\"async\" class=\"size-full wp-image-2305\" src=\"https:\/\/rgbmousepad.com\/wp-content\/uploads\/2024\/05\/Full-Desk-Mouse-Pad.jpg\" alt=\"Full Desk Mouse Pad\" width=\"1464\" height=\"600\" srcset=\"https:\/\/rgbmousepad.com\/wp-content\/uploads\/2024\/05\/Full-Desk-Mouse-Pad.jpg 1464w, https:\/\/rgbmousepad.com\/wp-content\/uploads\/2024\/05\/Full-Desk-Mouse-Pad-300x123.jpg 300w, https:\/\/rgbmousepad.com\/wp-content\/uploads\/2024\/05\/Full-Desk-Mouse-Pad-1024x420.jpg 1024w, https:\/\/rgbmousepad.com\/wp-content\/uploads\/2024\/05\/Full-Desk-Mouse-Pad-768x315.jpg 768w, https:\/\/rgbmousepad.com\/wp-content\/uploads\/2024\/05\/Full-Desk-Mouse-Pad-600x246.jpg 600w\" sizes=\"(max-width: 1464px) 100vw, 1464px\" \/><\/p>\n<table class=\"apm-fixed-width apm-eventhirdcol-table\" style=\"height: 566px;\" width=\"474\">\n<tbody>\n<tr>\n<th class=\"apm-center\"><img decoding=\"async\" class=\"size-full wp-image-2304\" src=\"https:\/\/rgbmousepad.com\/wp-content\/uploads\/2024\/05\/f0eff780-12f1-4eeb-8c09-f5c1a4c3b575.__CR00300225_PT0_SX300_V1___.jpg\" alt=\"xxxxl mouse pad\" width=\"300\" height=\"225\" \/><\/th>\n<th class=\"apm-center\"><img decoding=\"async\" class=\"size-full wp-image-2302\" src=\"https:\/\/rgbmousepad.com\/wp-content\/uploads\/2024\/05\/e5882a06-82f0-40e7-b46a-b5fd7878b0ed.__CR00300225_PT0_SX300_V1___.jpg\" alt=\"xxxxl mouse pad\" width=\"300\" height=\"225\" \/><\/th>\n<th class=\"apm-center\"><img loading=\"lazy\" decoding=\"async\" class=\"size-full wp-image-2301\" src=\"https:\/\/rgbmousepad.com\/wp-content\/uploads\/2024\/05\/476a90b3-1584-4bd6-98d3-390979d77c08.__CR00300225_PT0_SX300_V1___.jpg\" alt=\"xxxxl mouse pad\" width=\"300\" height=\"225\" \/><\/th>\n<th class=\"apm-center\"><img loading=\"lazy\" decoding=\"async\" class=\"size-full wp-image-2303\" src=\"https:\/\/rgbmousepad.com\/wp-content\/uploads\/2024\/05\/ec1dcddc-3d07-4e10-b350-1aaf0e3bbac3.__CR00300225_PT0_SX300_V1___.jpg\" alt=\"xxxxl mouse pad\" width=\"300\" height=\"225\" \/><\/th>\n<\/tr>\n<tr>\n<td class=\"apm-top\">\n<div class=\"a-section a-spacing-none column-heading\">\n<h4 class=\"aplus-h3 a-text-bold\">Abnutzungsresistente Oberfl\u00e4che<\/h4>\n<\/div>\n<div class=\"a-section a-spacing-none column-description\">\n<p class=\"aplus-p3\">Die Stoffoberfl\u00e4che aus Lycra-Gewebe verhindert Kratzer durch scharfe Gegenst\u00e4nde wie Besteck und Stifte<\/p>\n<\/div>\n<\/td>\n<td class=\"apm-top\">\n<div class=\"apm-eventhirdcol apm-floatleft\">\n<div class=\"a-section a-spacing-none column-heading\">\n<h4 class=\"aplus-h3 a-text-bold\">Faltenresistent<\/h4>\n<\/div>\n<div class=\"a-section a-spacing-none column-description\">\n<p class=\"aplus-p3\">Die Unterlage aus Naturkautschuk ist flexibel, so dass Sie sich keine Sorgen machen m\u00fcssen, dass Ihr Mauspad nach l\u00e4ngerem Gebrauch knittert oder bricht.<\/p>\n<\/div>\n<\/div>\n<\/td>\n<td class=\"apm-top\">\n<div class=\"apm-eventhirdcol apm-floatleft\">\n<div class=\"a-section a-spacing-none column-heading\">\n<h4 class=\"aplus-h3 a-text-bold\">Wasser- und \u00f6lbest\u00e4ndig<\/h4>\n<\/div>\n<div class=\"a-section a-spacing-none column-description\">\n<p class=\"aplus-p3\">Die Oberfl\u00e4che ist mit einer wasserfesten Beschichtung versehen, die problemlos Wasser und \u00d6l widersteht und sehr leicht zu reinigen und zu pflegen ist.<\/p>\n<\/div>\n<\/div>\n<\/td>\n<td class=\"apm-top\">\n<div class=\"apm-eventhirdcol apm-floatleft\">\n<div class=\"a-section a-spacing-none column-heading\">\n<h4 class=\"aplus-h3 a-text-bold\">Langlebigkeit Gen\u00e4hte Kanten<\/h4>\n<\/div>\n<div class=\"a-section a-spacing-none column-description\">\n<p class=\"aplus-p3\">Doppelte Nahtverst\u00e4rkung, die f\u00fcr Langlebigkeit sorgt, Ausfransen verhindert und gleichbleibende Leistung gew\u00e4hrleistet<\/p>\n<\/div>\n<\/div>\n<\/td>\n<\/tr>\n<\/tbody>\n<\/table>","protected":false},"excerpt":{"rendered":"<p>Professionelle Anti-Rutsch-Gummi-Basis gro\u00dfe Mauspad, Mauspad XXXL f\u00fcr Gaming &amp; B\u00fcro &amp; Haus, Full Desk Mouse Pad<\/p>","protected":false},"featured_media":2279,"comment_status":"open","ping_status":"closed","template":"","meta":{"_seopress_robots_primary_cat":"none","_seopress_titles_title":"","_seopress_titles_desc":"","_seopress_robots_index":""},"product_brand":[],"product_cat":[488],"product_tag":[],"class_list":{"0":"post-2298","1":"product","2":"type-product","3":"status-publish","4":"has-post-thumbnail","6":"product_cat-xxxxl-mouse-pad","8":"first","9":"instock","10":"shipping-taxable","11":"purchasable","12":"product-type-variable"},"_links":{"self":[{"href":"https:\/\/rgbmousepad.com\/de\/wp-json\/wp\/v2\/product\/2298","targetHints":{"allow":["GET"]}}],"collection":[{"href":"https:\/\/rgbmousepad.com\/de\/wp-json\/wp\/v2\/product"}],"about":[{"href":"https:\/\/rgbmousepad.com\/de\/wp-json\/wp\/v2\/types\/product"}],"replies":[{"embeddable":true,"href":"https:\/\/rgbmousepad.com\/de\/wp-json\/wp\/v2\/comments?post=2298"}],"wp:featuredmedia":[{"embeddable":true,"href":"https:\/\/rgbmousepad.com\/de\/wp-json\/wp\/v2\/media\/2279"}],"wp:attachment":[{"href":"https:\/\/rgbmousepad.com\/de\/wp-json\/wp\/v2\/media?parent=2298"}],"wp:term":[{"taxonomy":"product_brand","embeddable":true,"href":"https:\/\/rgbmousepad.com\/de\/wp-json\/wp\/v2\/product_brand?post=2298"},{"taxonomy":"product_cat","embeddable":true,"href":"https:\/\/rgbmousepad.com\/de\/wp-json\/wp\/v2\/product_cat?post=2298"},{"taxonomy":"product_tag","embeddable":true,"href":"https:\/\/rgbmousepad.com\/de\/wp-json\/wp\/v2\/product_tag?post=2298"}],"curies":[{"name":"wp","href":"https:\/\/api.w.org\/{rel}","templated":true}]}}