{"id":2185,"date":"2024-05-16T16:57:11","date_gmt":"2024-05-16T08:57:11","guid":{"rendered":"https:\/\/rgbmousepad.com\/?post_type=product&#038;p=2185"},"modified":"2024-05-17T10:14:28","modified_gmt":"2024-05-17T02:14:28","slug":"chair-mats-factory","status":"publish","type":"product","link":"https:\/\/rgbmousepad.com\/de\/produkt\/chair-mats-factory\/","title":{"rendered":"Rutschfeste runde Gummimatten f\u00fcr Gaming-St\u00fchle Fabrik"},"content":{"rendered":"<div class=\"celwidget aplus-module 3p-module-b aplus-standard\" data-csa-c-id=\"ix3dej-x4kscu-p3udkf-htlicl\" data-cel-widget=\"aplus-3p-module-b\">\n<div class=\"aplus-module-wrapper aplus-3p-fixed-width\">\n<h3 class=\"a-spacing-mini\">\u00a0Anti-Rutsch-Stuhlmatte f\u00fcr Hartholzboden<\/h3>\n<p>\u3010Custom Size Round Gaming Chair Mats Factory\u3011\uff1a2mm dicke Computer-Stuhl-Pads sind so konzipiert, dass sie f\u00fcr Gaming-R\u00e4ume k\u00fchl sind, gro\u00dfe benutzerdefinierte Gr\u00f6\u00dfe und glatte Polyester-Mikrofaser-Gewebe-Oberfl\u00e4che erm\u00f6glicht es den R\u00e4dern des Computer-Stuhls, frei zu gleiten.<br \/>\n\u3010Anti-Slip Rubber Chair Mats Factory for Hardwood\u3011\uff1a Runde Spiel Computer Stuhlmatte ist aus Naturkautschuk und Polyester-Mikrofaser-Gewebe, Gummiboden-Design bietet Stabilit\u00e4t und h\u00e4lt die Bodenmatte fest an Ort und Stelle-Sicherheitsschutz.<br \/>\n\u3010Game Controller Design Stuhlmatten Factory\u3011: Cool Game Controller Design f\u00fcgen Sie Spa\u00df zu Ihrem Spielzimmer und Dieser harte Boden Stuhl Matte ist f\u00fcr Ihre Gaming-Stuhl entworfen, um Ihre harten B\u00f6den von allen Arten von Kratzern oder Beulen durch Stuhl R\u00e4der verursacht zu sch\u00fctzen und helfen, den L\u00e4rm von harten Boden surface.Making Ihre Gaming-Erlebnis mehr Spa\u00df wunderbar.<br \/>\n\u3010Durable Protective Desk Chair Mats Factory\u3011:Weiches und hochwertiges Material und Musterdesign machen diese runde Bodenmatte flexibel an verschiedene Lebensszenarien, wie B\u00fcro, Spielzimmer, Fitnessstudio, Wohnzimmer, Schlafzimmer, k\u00f6nnen Sie auch VR-Gaming-Matten, Yoga-Matten, Kinder spielen Matte, Kinderzimmer Dekor Teppich, Haustier-Matten, gro\u00dfes Geschenk f\u00fcr Gamer, Kinder.<br \/>\n\u3010Schnelle Probe\u3011: Wir k\u00f6nnen Proben am selben Tag so schnell wie m\u00f6glich arrangieren.<\/p>\n<p><img fetchpriority=\"high\" decoding=\"async\" class=\"size-full wp-image-2230\" src=\"https:\/\/rgbmousepad.com\/wp-content\/uploads\/2024\/05\/aio7j-wgimi.webp\" alt=\"Chair Mats Factory\" width=\"970\" height=\"600\" srcset=\"https:\/\/rgbmousepad.com\/wp-content\/uploads\/2024\/05\/aio7j-wgimi.webp 970w, https:\/\/rgbmousepad.com\/wp-content\/uploads\/2024\/05\/aio7j-wgimi-300x186.webp 300w, https:\/\/rgbmousepad.com\/wp-content\/uploads\/2024\/05\/aio7j-wgimi-768x475.webp 768w, https:\/\/rgbmousepad.com\/wp-content\/uploads\/2024\/05\/aio7j-wgimi-600x371.webp 600w\" sizes=\"(max-width: 970px) 100vw, 970px\" \/><\/p>\n<\/div>\n<\/div>\n<div class=\"celwidget aplus-module module-2 aplus-standard\" data-csa-c-id=\"fzxhh3-588f6e-mylyb9-23ld9s\" data-cel-widget=\"aplus-module-2\">\n<div class=\"aplus-module-wrapper apm-floatnone apm-fixed-width\">\n<div class=\"apm-sidemodule apm-spacing\">\n<div class=\"apm-sidemodule-imageleft\"><img decoding=\"async\" class=\"alignleft\" src=\"https:\/\/m.media-amazon.com\/images\/S\/aplus-media-library-service-media\/c49fade5-5406-45b3-b202-35b7aa69c0d5.__CR0,0,600,600_PT0_SX300_V1___.jpg\" alt=\"Chair Mat\" data-src=\"https:\/\/m.media-amazon.com\/images\/S\/aplus-media-library-service-media\/c49fade5-5406-45b3-b202-35b7aa69c0d5.__CR0,0,600,600_PT0_SX300_V1___.jpg\" data-wp-editing=\"1\" \/><\/div>\n<div class=\"apm-sidemodule-textright\">\n<h3 class=\"a-spacing-mini\">SPEZIFIKATION<\/h3>\n<p>&nbsp;<\/p>\n<p><span class=\"a-list-item\">Gr\u00f6\u00dfe: 47\u00d747 Zoll<\/span><\/p>\n<ul class=\"a-unordered-list a-vertical\">\n<li><span class=\"a-list-item\">Material: Polyester-Mikrofasergewebe+Gummiunterlage<\/span><\/li>\n<li><span class=\"a-list-item\">Farbe : Bunt<\/span><\/li>\n<li><span class=\"a-list-item\">Stil : Gaming Zone<\/span><\/li>\n<li><span class=\"a-list-item\">Art: Niederflorig 2mm<\/span><\/li>\n<li><span class=\"a-list-item\">Pflegehinweise: Regelm\u00e4\u00dfige Reinigung mit dem Staubsauger<\/span><\/li>\n<li><span class=\"a-list-item\">Vielseitige Verwendung: Hervorragend geeignet f\u00fcr Spielzimmer, B\u00fcro, Fitnessstudio, Wohnzimmer, Schlafzimmer, Sie k\u00f6nnen auch VR-Gaming-Matten, Yoga-Matten, Kinder spielen Matte, Kinderzimmer Dekor Teppich, Haustier Matten, gro\u00dfes Geschenk f\u00fcr Gamer, Kinder.<\/span><\/li>\n<li><span class=\"a-list-item\"><span class=\"a-text-bold\">Anmerkung:<\/span>\u00a0<span class=\"a-text-bold\"><span class=\"a-text-italic\">Es kann Falten auf der Matte aufgrund der gefalteten Paket, keine Sorge und legen Sie es einfach flach geduldig f\u00fcr 1 bis 2 Tage zu entfernen Falten<\/span><\/span><\/span><\/li>\n<\/ul>\n<p>&nbsp;<\/p>\n<\/div>\n<\/div>\n<\/div>\n<div><\/div>\n<\/div>\n<div class=\"celwidget aplus-module 3p-module-b aplus-standard\" data-csa-c-id=\"dqcm5z-9pxn3f-kpstrl-nsx20o\" data-cel-widget=\"aplus-3p-module-b\">\n<div class=\"aplus-module-wrapper aplus-3p-fixed-width\">\n<p><img decoding=\"async\" class=\"size-full wp-image-2231\" src=\"https:\/\/rgbmousepad.com\/wp-content\/uploads\/2024\/05\/a3fy4-6tz9o.webp\" alt=\"Chair Mats Factory\" width=\"970\" height=\"600\" srcset=\"https:\/\/rgbmousepad.com\/wp-content\/uploads\/2024\/05\/a3fy4-6tz9o.webp 970w, https:\/\/rgbmousepad.com\/wp-content\/uploads\/2024\/05\/a3fy4-6tz9o-300x186.webp 300w, https:\/\/rgbmousepad.com\/wp-content\/uploads\/2024\/05\/a3fy4-6tz9o-768x475.webp 768w, https:\/\/rgbmousepad.com\/wp-content\/uploads\/2024\/05\/a3fy4-6tz9o-600x371.webp 600w\" sizes=\"(max-width: 970px) 100vw, 970px\" \/><\/p>\n<\/div>\n<\/div>\n<div class=\"celwidget aplus-module module-9 aplus-standard\" data-csa-c-id=\"l56t9i-od38gu-ishykx-b5z7nc\" data-cel-widget=\"aplus-module-9\">\n<div class=\"aplus-module-wrapper apm-fixed-width\">\n<div class=\"apm-spacing apm-fixed-width\">\n<h3 class=\"a-spacing-small\">Gummiunterlage Computerstuhlmatte Bodenschutz<\/h3>\n<table class=\"apm-fixed-width apm-eventhirdcol-table\">\n<tbody>\n<tr>\n<th class=\"apm-center\">\n<div class=\"apm-eventhirdcol apm-floatleft\">\n<p><img decoding=\"async\" class=\"a-spacing-mini\" src=\"https:\/\/m.media-amazon.com\/images\/S\/aplus-media-library-service-media\/9cdc6082-9052-4bef-992f-4c00b545d5fa.__CR0,0,600,600_PT0_SX300_V1___.jpg\" alt=\"Chair Mat\" data-src=\"https:\/\/m.media-amazon.com\/images\/S\/aplus-media-library-service-media\/9cdc6082-9052-4bef-992f-4c00b545d5fa.__CR0,0,600,600_PT0_SX300_V1___.jpg\" \/><\/p>\n<\/div>\n<\/th>\n<th class=\"apm-center\">\n<div class=\"apm-eventhirdcol apm-floatleft\">\n<p><img decoding=\"async\" class=\"a-spacing-mini\" src=\"https:\/\/m.media-amazon.com\/images\/S\/aplus-media-library-service-media\/344fd103-480a-4eff-8082-348a15b882fc.__CR0,0,600,600_PT0_SX300_V1___.jpg\" alt=\"Non Slip Chair Mat\" data-src=\"https:\/\/m.media-amazon.com\/images\/S\/aplus-media-library-service-media\/344fd103-480a-4eff-8082-348a15b882fc.__CR0,0,600,600_PT0_SX300_V1___.jpg\" \/><\/p>\n<\/div>\n<\/th>\n<th class=\"apm-center\">\n<div class=\"apm-eventhirdcol apm-floatleft\">\n<p><img decoding=\"async\" class=\"a-spacing-mini\" src=\"https:\/\/m.media-amazon.com\/images\/S\/aplus-media-library-service-media\/5e9dd705-8dd7-4651-aa82-678ef9bb6588.__CR0,0,600,600_PT0_SX300_V1___.jpg\" alt=\"chair mat\" data-src=\"https:\/\/m.media-amazon.com\/images\/S\/aplus-media-library-service-media\/5e9dd705-8dd7-4651-aa82-678ef9bb6588.__CR0,0,600,600_PT0_SX300_V1___.jpg\" \/><\/p>\n<\/div>\n<\/th>\n<\/tr>\n<tr>\n<td class=\"apm-top\">\n<div class=\"apm-eventhirdcol apm-floatleft\">\n<h4 class=\"a-spacing-mini\">Glatte Oberfl\u00e4che<\/h4>\n<p>&nbsp;<\/p>\n<ul class=\"a-unordered-list a-vertical\">\n<li><span class=\"a-list-item\">Sanfter und leiser<\/span><\/li>\n<li><span class=\"a-list-item\">2mm Niedrigflorausf\u00fchrung<\/span><\/li>\n<li><span class=\"a-list-item\">Doppelt ges\u00e4umtes Design<\/span><\/li>\n<li><span class=\"a-list-item\">Kratzfest<\/span><\/li>\n<\/ul>\n<p>&nbsp;<\/p>\n<\/div>\n<\/td>\n<td class=\"apm-top\">\n<div class=\"apm-eventhirdcol apm-floatleft\">\n<h4 class=\"a-spacing-mini\">Rutschfeste Gummiunterlage<\/h4>\n<p>&nbsp;<\/p>\n<ul class=\"a-unordered-list a-vertical\">\n<li><span class=\"a-list-item\">Rutschfeste Unterlage<\/span><\/li>\n<li><span class=\"a-list-item\">Bringen Sie gen\u00fcgend Griffe auf den Boden<\/span><\/li>\n<li><span class=\"a-list-item\">Geeignet f\u00fcr Hartholz-, Marmor- und Fliesenb\u00f6den.<\/span><\/li>\n<\/ul>\n<p>&nbsp;<\/p>\n<\/div>\n<\/td>\n<td class=\"apm-top\">\n<div class=\"apm-eventhirdcol apm-floatleft\">\n<h4 class=\"a-spacing-mini\">Leicht zu reinigen<\/h4>\n<p>&nbsp;<\/p>\n<ul class=\"a-unordered-list a-vertical\">\n<li><span class=\"a-list-item\">Regelm\u00e4\u00dfige Reinigung mit dem Staubsauger<\/span><\/li>\n<li><span class=\"a-list-item\">Mit einem feuchten Tuch abwischen<\/span><\/li>\n<\/ul>\n<p>&nbsp;<\/p>\n<\/div>\n<\/td>\n<\/tr>\n<\/tbody>\n<\/table>\n<\/div>\n<\/div>\n<div><\/div>\n<\/div>\n<div class=\"celwidget aplus-module module-9 aplus-standard\" data-csa-c-id=\"z9yuvq-j25pux-ucjnf7-sql50e\" data-cel-widget=\"aplus-module-9\">\n<div class=\"aplus-module-wrapper apm-fixed-width\">\n<div class=\"apm-spacing apm-fixed-width\">\n<h3 class=\"a-spacing-small\">Yincimar Gaming Stuhl Matte f\u00fcr Home Office Gaming Zimmer VR Gaming Matte<\/h3>\n<table class=\"apm-fixed-width apm-eventhirdcol-table\">\n<tbody>\n<tr>\n<th class=\"apm-center\">\n<div class=\"apm-eventhirdcol apm-floatleft\">\n<p><img decoding=\"async\" class=\"a-spacing-mini\" src=\"https:\/\/m.media-amazon.com\/images\/S\/aplus-media-library-service-media\/411a0f84-f836-4b33-907f-40102cd961c2.__CR0,0,600,600_PT0_SX300_V1___.jpg\" alt=\"Gaming Chair Mat\" data-src=\"https:\/\/m.media-amazon.com\/images\/S\/aplus-media-library-service-media\/411a0f84-f836-4b33-907f-40102cd961c2.__CR0,0,600,600_PT0_SX300_V1___.jpg\" \/><\/p>\n<\/div>\n<\/th>\n<th class=\"apm-center\">\n<div class=\"apm-eventhirdcol apm-floatleft\">\n<p><img decoding=\"async\" class=\"a-spacing-mini\" src=\"https:\/\/m.media-amazon.com\/images\/S\/aplus-media-library-service-media\/12f4a4f1-da13-4bf7-937a-a77f4ab73704.__CR0,0,600,600_PT0_SX300_V1___.jpg\" alt=\"Home Office Decor\" data-src=\"https:\/\/m.media-amazon.com\/images\/S\/aplus-media-library-service-media\/12f4a4f1-da13-4bf7-937a-a77f4ab73704.__CR0,0,600,600_PT0_SX300_V1___.jpg\" \/><\/p>\n<\/div>\n<\/th>\n<th class=\"apm-center\">\n<div class=\"apm-eventhirdcol apm-floatleft\">\n<p><img decoding=\"async\" class=\"a-spacing-mini\" src=\"https:\/\/m.media-amazon.com\/images\/S\/aplus-media-library-service-media\/6c036462-88c6-4880-a2b6-d4c52616bb2e.__CR0,0,600,600_PT0_SX300_V1___.jpg\" alt=\"RV Gaming Mat\" data-src=\"https:\/\/m.media-amazon.com\/images\/S\/aplus-media-library-service-media\/6c036462-88c6-4880-a2b6-d4c52616bb2e.__CR0,0,600,600_PT0_SX300_V1___.jpg\" \/><\/p>\n<\/div>\n<\/th>\n<\/tr>\n<tr>\n<td class=\"apm-top\">\n<div class=\"apm-eventhirdcol apm-floatleft\">\n<h4 class=\"a-spacing-mini\">Gaming Stuhl Matte<\/h4>\n<p>&nbsp;<\/p>\n<ul class=\"a-unordered-list a-vertical\">\n<li><span class=\"a-list-item\">Gro\u00dfartige Erg\u00e4nzung f\u00fcr Ihr Spielzimmer und Cool Game Controller Design f\u00fcgen Spa\u00df zu Ihrem Spielzimmer.<\/span><\/li>\n<\/ul>\n<p>&nbsp;<\/p>\n<\/div>\n<\/td>\n<td class=\"apm-top\">\n<div class=\"apm-eventhirdcol apm-floatleft\">\n<h4 class=\"a-spacing-mini\">Home Office Computer Stuhl Matte<\/h4>\n<p>&nbsp;<\/p>\n<ul class=\"a-unordered-list a-vertical\">\n<li><span class=\"a-list-item\">Sch\u00fctzt Ihre Hartb\u00f6den vor allen Arten von Kratzern oder Dellen, die durch Stuhlrollen verursacht werden, und hilft, den L\u00e4rm von Hartb\u00f6den zu reduzieren<\/span><\/li>\n<\/ul>\n<p>&nbsp;<\/p>\n<\/div>\n<\/td>\n<td class=\"apm-top\">\n<div class=\"apm-eventhirdcol apm-floatleft\">\n<h4 class=\"a-spacing-mini\">VR Gaming Spielmatte<\/h4>\n<p>&nbsp;<\/p>\n<ul class=\"a-unordered-list a-vertical\">\n<li><span class=\"a-list-item\">Durch das weiche und hochwertige Material und das Musterdesign passt sich diese runde Bodenmatte flexibel an verschiedene Lebenssituationen an.<\/span><\/li>\n<\/ul>\n<\/div>\n<\/td>\n<\/tr>\n<\/tbody>\n<\/table>\n<\/div>\n<\/div>\n<\/div>","protected":false},"excerpt":{"rendered":"<p>Gummi Gaming Stuhl Matten Fabrik<\/p>","protected":false},"featured_media":2188,"comment_status":"open","ping_status":"closed","template":"","meta":{"_seopress_robots_primary_cat":"none","_seopress_titles_title":"","_seopress_titles_desc":"","_seopress_robots_index":""},"product_brand":[],"product_cat":[99],"product_tag":[],"class_list":{"0":"post-2185","1":"product","2":"type-product","3":"status-publish","4":"has-post-thumbnail","6":"product_cat-chair-mats","8":"first","9":"instock","10":"shipping-taxable","11":"purchasable","12":"product-type-variable"},"_links":{"self":[{"href":"https:\/\/rgbmousepad.com\/de\/wp-json\/wp\/v2\/product\/2185","targetHints":{"allow":["GET"]}}],"collection":[{"href":"https:\/\/rgbmousepad.com\/de\/wp-json\/wp\/v2\/product"}],"about":[{"href":"https:\/\/rgbmousepad.com\/de\/wp-json\/wp\/v2\/types\/product"}],"replies":[{"embeddable":true,"href":"https:\/\/rgbmousepad.com\/de\/wp-json\/wp\/v2\/comments?post=2185"}],"wp:featuredmedia":[{"embeddable":true,"href":"https:\/\/rgbmousepad.com\/de\/wp-json\/wp\/v2\/media\/2188"}],"wp:attachment":[{"href":"https:\/\/rgbmousepad.com\/de\/wp-json\/wp\/v2\/media?parent=2185"}],"wp:term":[{"taxonomy":"product_brand","embeddable":true,"href":"https:\/\/rgbmousepad.com\/de\/wp-json\/wp\/v2\/product_brand?post=2185"},{"taxonomy":"product_cat","embeddable":true,"href":"https:\/\/rgbmousepad.com\/de\/wp-json\/wp\/v2\/product_cat?post=2185"},{"taxonomy":"product_tag","embeddable":true,"href":"https:\/\/rgbmousepad.com\/de\/wp-json\/wp\/v2\/product_tag?post=2185"}],"curies":[{"name":"wp","href":"https:\/\/api.w.org\/{rel}","templated":true}]}}