{"id":1063,"date":"2023-10-06T16:09:28","date_gmt":"2023-10-06T08:09:28","guid":{"rendered":"https:\/\/rgbmousepad.com\/?post_type=product&#038;p=1063"},"modified":"2024-05-18T11:52:29","modified_gmt":"2024-05-18T03:52:29","slug":"leather-mousepads","status":"publish","type":"product","link":"https:\/\/rgbmousepad.com\/de\/produkt\/leather-mousepads\/","title":{"rendered":"PU Leder Wasserdichtes Mauspad Hersteller"},"content":{"rendered":"<h2>Bulk Leder Mauspads Gro\u00dfhandel<\/h2>\n<div class=\"aplus-v2 desktop celwidget\" data-csa-c-id=\"buydj7-tvddbq-k3wm84-wsjsff\" data-cel-widget=\"aplus\">\n<div class=\"celwidget aplus-module module-11 aplus-standard\" data-csa-c-id=\"lyqns2-w0bgk6-a9efo0-udeuev\" data-cel-widget=\"aplus-module-11\">\n<div class=\"aplus-module-wrapper apm-spacing apm-floatnone apm-fixed-width\">\n<div class=\"apm-sidemodule aplus-module-content\">\n<div class=\"apm-hero-image\">\n<p><img fetchpriority=\"high\" decoding=\"async\" class=\"size-full wp-image-2238\" src=\"https:\/\/rgbmousepad.com\/wp-content\/uploads\/2024\/05\/aerbh-3rggz.webp\" alt=\"mouse pads wholesale\" width=\"970\" height=\"300\" srcset=\"https:\/\/rgbmousepad.com\/wp-content\/uploads\/2024\/05\/aerbh-3rggz.webp 970w, https:\/\/rgbmousepad.com\/wp-content\/uploads\/2024\/05\/aerbh-3rggz-300x93.webp 300w, https:\/\/rgbmousepad.com\/wp-content\/uploads\/2024\/05\/aerbh-3rggz-768x238.webp 768w, https:\/\/rgbmousepad.com\/wp-content\/uploads\/2024\/05\/aerbh-3rggz-600x186.webp 600w\" sizes=\"(max-width: 970px) 100vw, 970px\" \/><\/p>\n<\/div>\n<\/div>\n<\/div>\n<\/div>\n<div class=\"celwidget aplus-module module-3 aplus-standard\" data-csa-c-id=\"5f5y2d-rk39rw-ey84ga-1esz8a\" data-cel-widget=\"aplus-module-3\">\n<div class=\"aplus-module-wrapper apm-floatnone apm-fixed-width\">\n<div class=\"apm-sidemodule apm-spacing\">\n<div class=\"apm-sidemodule-imageright\">\n<p><img decoding=\"async\" class=\"wp-image-2240 alignleft\" src=\"https:\/\/rgbmousepad.com\/wp-content\/uploads\/2024\/05\/ak536-7q96m.webp\" alt=\"mouse pads wholesale\" width=\"363\" height=\"363\" srcset=\"https:\/\/rgbmousepad.com\/wp-content\/uploads\/2024\/05\/ak536-7q96m.webp 300w, https:\/\/rgbmousepad.com\/wp-content\/uploads\/2024\/05\/ak536-7q96m-150x150.webp 150w, https:\/\/rgbmousepad.com\/wp-content\/uploads\/2024\/05\/ak536-7q96m-100x100.webp 100w\" sizes=\"(max-width: 363px) 100vw, 363px\" \/><\/p>\n<\/div>\n<div class=\"apm-sidemodule-textleft\">\n<h3><\/h3>\n<h3><\/h3>\n<h3 class=\"a-spacing-mini\" style=\"text-align: center;\">Gro\u00dfes Mauspad<\/h3>\n<p><span class=\"a-text-bold\">Towwi Schreibtischunterlage<\/span> ist erstklassig strukturiert und hat eine gro\u00dffl\u00e4chige Oberfl\u00e4che, die volle Beweglichkeit und genaue Positionierung gew\u00e4hrleistet. Die Maus kann sich schnell und reibungslos bewegen. Funktioniert effektiv mit jeder Maus und bietet ein reibungsloses Erlebnis.<\/p>\n<\/div>\n<\/div>\n<\/div>\n<\/div>\n<\/div>\n<div class=\"aplus-v2 desktop celwidget\" data-csa-c-id=\"buydj7-tvddbq-k3wm84-wsjsff\" data-cel-widget=\"aplus\">\n<div class=\"celwidget aplus-module module-9 aplus-standard\" data-csa-c-id=\"tkdkch-1w3yyv-t6v4s6-fkqoxb\" data-cel-widget=\"aplus-module-9\">\n<div class=\"aplus-module-wrapper apm-fixed-width\">\n<div class=\"apm-spacing apm-fixed-width\">\n<p>&nbsp;<\/p>\n<p>&nbsp;<\/p>\n<p>&nbsp;<\/p>\n<p>&nbsp;<\/p>\n<p>&nbsp;<\/p>\n<p>&nbsp;<\/p>\n<table class=\"apm-fixed-width apm-eventhirdcol-table\">\n<tbody>\n<tr>\n<th class=\"apm-center\">\n<div class=\"apm-eventhirdcol apm-floatleft\">\n<p><img decoding=\"async\" class=\"size-full wp-image-2244\" src=\"https:\/\/rgbmousepad.com\/wp-content\/uploads\/2024\/05\/a8tm5-iuqqh.webp\" alt=\"mouse pads wholesale\" width=\"300\" height=\"300\" srcset=\"https:\/\/rgbmousepad.com\/wp-content\/uploads\/2024\/05\/a8tm5-iuqqh.webp 300w, https:\/\/rgbmousepad.com\/wp-content\/uploads\/2024\/05\/a8tm5-iuqqh-150x150.webp 150w, https:\/\/rgbmousepad.com\/wp-content\/uploads\/2024\/05\/a8tm5-iuqqh-100x100.webp 100w\" sizes=\"(max-width: 300px) 100vw, 300px\" \/><\/p>\n<\/div>\n<\/th>\n<th class=\"apm-center\">\n<div class=\"apm-eventhirdcol apm-floatleft\">\n<p><img loading=\"lazy\" decoding=\"async\" class=\"size-full wp-image-2245\" src=\"https:\/\/rgbmousepad.com\/wp-content\/uploads\/2024\/05\/aor2f-y8brp.webp\" alt=\"mouse pads wholesale\" width=\"300\" height=\"300\" srcset=\"https:\/\/rgbmousepad.com\/wp-content\/uploads\/2024\/05\/aor2f-y8brp.webp 300w, https:\/\/rgbmousepad.com\/wp-content\/uploads\/2024\/05\/aor2f-y8brp-150x150.webp 150w, https:\/\/rgbmousepad.com\/wp-content\/uploads\/2024\/05\/aor2f-y8brp-100x100.webp 100w\" sizes=\"(max-width: 300px) 100vw, 300px\" \/><\/p>\n<\/div>\n<\/th>\n<th class=\"apm-center\">\n<div class=\"apm-eventhirdcol apm-floatleft\">\n<p><img loading=\"lazy\" decoding=\"async\" class=\"size-full wp-image-2246\" src=\"https:\/\/rgbmousepad.com\/wp-content\/uploads\/2024\/05\/a64i5-9gjan.webp\" alt=\"mouse pads wholesale\" width=\"300\" height=\"300\" srcset=\"https:\/\/rgbmousepad.com\/wp-content\/uploads\/2024\/05\/a64i5-9gjan.webp 300w, https:\/\/rgbmousepad.com\/wp-content\/uploads\/2024\/05\/a64i5-9gjan-150x150.webp 150w, https:\/\/rgbmousepad.com\/wp-content\/uploads\/2024\/05\/a64i5-9gjan-100x100.webp 100w\" sizes=\"(max-width: 300px) 100vw, 300px\" \/><\/p>\n<\/div>\n<\/th>\n<\/tr>\n<tr>\n<td class=\"apm-top\">\n<div class=\"apm-eventhirdcol apm-floatleft\">\n<h4 class=\"a-spacing-mini\">Leicht zu reinigen<\/h4>\n<p>Die Oberfl\u00e4che ist wasserdicht und \u00f6lbest\u00e4ndig, leicht zu reinigen, wenn Sie versehentlich Wasser darauf spritzen, verwenden Sie einfach ein Tuch, um es abzuwischen, ein feuchtes Tuch w\u00e4re vorzuziehen, wenn es zu viel Schmutz in der Matte gibt.<\/p>\n<\/div>\n<\/td>\n<td class=\"apm-top\">\n<div class=\"apm-eventhirdcol apm-floatleft\">\n<h4 class=\"a-spacing-mini\">Tragbares Design<\/h4>\n<p>Aufgerollt und leicht flach zu machen. Paket mit einer Krawatte, k\u00f6nnen Sie rollen und tragen die Schreibtischunterlage Matte zur Arbeit oder auf Gesch\u00e4ftsreise \u00fcberall.<\/p>\n<\/div>\n<\/td>\n<td class=\"apm-top\">\n<div class=\"apm-eventhirdcol apm-floatleft\">\n<h4 class=\"a-spacing-mini\">Perfekte Schreibfl\u00e4che<\/h4>\n<p>Auf der Towwi-Schreibtischunterlage k\u00f6nnen Sie Ihre H\u00e4nde bequem ausruhen und m\u00fchelos schreiben. Sch\u00fctzen Sie Ihren Schreibtisch vor Kratzern und bringen Sie etwas Farbe in Ihr B\u00fcro<\/p>\n<\/div>\n<\/td>\n<\/tr>\n<\/tbody>\n<\/table>\n<\/div>\n<\/div>\n<\/div>\n<\/div>\n<div><\/div>\n<h3>Gesundheitsfreundlicher Schreibtischbezug:<\/h3>\n<div>\u00a0Wir legen Wert auf Ihre Gesundheit, Towwi Desk Pad ist aus hochwertigen umweltfreundlichen Materialien - PU-Leder (kein echtes Leder) &amp; Wildleder. Alle sind sichere und umweltfreundliche Materialien.<\/div>\n<div><\/div>\n<div>\n<p><img loading=\"lazy\" decoding=\"async\" class=\"size-full wp-image-2241\" src=\"https:\/\/rgbmousepad.com\/wp-content\/uploads\/2024\/05\/a9ps3-efhch.webp\" alt=\"mouse pads wholesale\" width=\"970\" height=\"398\" srcset=\"https:\/\/rgbmousepad.com\/wp-content\/uploads\/2024\/05\/a9ps3-efhch.webp 970w, https:\/\/rgbmousepad.com\/wp-content\/uploads\/2024\/05\/a9ps3-efhch-300x123.webp 300w, https:\/\/rgbmousepad.com\/wp-content\/uploads\/2024\/05\/a9ps3-efhch-768x315.webp 768w, https:\/\/rgbmousepad.com\/wp-content\/uploads\/2024\/05\/a9ps3-efhch-600x246.webp 600w\" sizes=\"(max-width: 970px) 100vw, 970px\" \/><\/p>\n<\/div>\n<h3><\/h3>\n<h3>Sch\u00fctzen Sie Ihren Schreibtisch und Ihre Augen:<\/h3>\n<div>Die PU-Lederseite ist wasser- und \u00f6lfest und sch\u00fctzt Ihren Schreibtisch vor Kratzern, Flecken und Spritzern. Verwenden Sie einfach ein feuchtes Tuch zum Abwischen, sehr einfach zu reinigen. Die Textur der Oberfl\u00e4che verhindert Augenreizungen durch Lichtreflexionen und beugt Augenerm\u00fcdung vor.<\/div>\n<div><\/div>\n<div>\n<p><img loading=\"lazy\" decoding=\"async\" class=\"size-full wp-image-2239\" src=\"https:\/\/rgbmousepad.com\/wp-content\/uploads\/2024\/05\/a1crw-73ul3.webp\" alt=\"mouse pads wholesale\" width=\"970\" height=\"300\" srcset=\"https:\/\/rgbmousepad.com\/wp-content\/uploads\/2024\/05\/a1crw-73ul3.webp 970w, https:\/\/rgbmousepad.com\/wp-content\/uploads\/2024\/05\/a1crw-73ul3-300x93.webp 300w, https:\/\/rgbmousepad.com\/wp-content\/uploads\/2024\/05\/a1crw-73ul3-768x238.webp 768w, https:\/\/rgbmousepad.com\/wp-content\/uploads\/2024\/05\/a1crw-73ul3-600x186.webp 600w\" sizes=\"(max-width: 970px) 100vw, 970px\" \/><\/p>\n<\/div>\n<h3><\/h3>\n<h3>Wasserdichte Oberfl\u00e4che und rutschfeste R\u00fcckseite:<\/h3>\n<div>Verschiedene Seiten aus unterschiedlichem Material; die PU-Lederseite ist glatt und wasserdicht und kann als Mauspad und Schreibunterlage verwendet werden. Die Wildlederr\u00fcckseite ist rutschfest und f\u00fchlt sich weich an. Bitte beachten Sie, dass die R\u00fcckseite nicht v\u00f6llig wasserdicht ist.<\/div>\n<div><\/div>\n<div>\n<p><img loading=\"lazy\" decoding=\"async\" class=\"size-full wp-image-2243\" src=\"https:\/\/rgbmousepad.com\/wp-content\/uploads\/2024\/05\/a7qkj-pc6s9.webp\" alt=\"mouse pads wholesale\" width=\"970\" height=\"398\" srcset=\"https:\/\/rgbmousepad.com\/wp-content\/uploads\/2024\/05\/a7qkj-pc6s9.webp 970w, https:\/\/rgbmousepad.com\/wp-content\/uploads\/2024\/05\/a7qkj-pc6s9-300x123.webp 300w, https:\/\/rgbmousepad.com\/wp-content\/uploads\/2024\/05\/a7qkj-pc6s9-768x315.webp 768w, https:\/\/rgbmousepad.com\/wp-content\/uploads\/2024\/05\/a7qkj-pc6s9-600x246.webp 600w\" sizes=\"(max-width: 970px) 100vw, 970px\" \/><\/p>\n<\/div>\n<h3><\/h3>\n<h3>Tragbares Design:<\/h3>\n<div>Das Pad ist weich und d\u00fcnn. Wenn Sie es aufbewahren oder mitnehmen m\u00f6chten, rollen Sie es einfach mit dem Gurt zusammen. Der Zweck ist, Platz zu sparen und es einfach zu tragen.<\/div>\n<div><\/div>\n<div class=\"aplus-v2 desktop celwidget\" data-csa-c-id=\"buydj7-tvddbq-k3wm84-wsjsff\" data-cel-widget=\"aplus\">\n<div class=\"celwidget aplus-module module-12 aplus-standard\" data-csa-c-id=\"exs0mw-2b73ec-ctf10a-osgidd\" data-cel-widget=\"aplus-module-12\">\n<div class=\"aplus-module-wrapper apm-spacing apm-floatnone apm-fixed-width\">\n<div class=\"apm-sidemodule aplus-module-content\">\n<div class=\"apm-hero-image\">\n<p><img loading=\"lazy\" decoding=\"async\" class=\"size-full wp-image-2242\" src=\"https:\/\/rgbmousepad.com\/wp-content\/uploads\/2024\/05\/a3opa-t0oi1.webp\" alt=\"mouse pads wholesale\" width=\"970\" height=\"398\" srcset=\"https:\/\/rgbmousepad.com\/wp-content\/uploads\/2024\/05\/a3opa-t0oi1.webp 970w, https:\/\/rgbmousepad.com\/wp-content\/uploads\/2024\/05\/a3opa-t0oi1-300x123.webp 300w, https:\/\/rgbmousepad.com\/wp-content\/uploads\/2024\/05\/a3opa-t0oi1-768x315.webp 768w, https:\/\/rgbmousepad.com\/wp-content\/uploads\/2024\/05\/a3opa-t0oi1-600x246.webp 600w\" sizes=\"(max-width: 970px) 100vw, 970px\" \/><\/p>\n<\/div>\n<\/div>\n<\/div>\n<\/div>\n<\/div>","protected":false},"excerpt":{"rendered":"<p>Fabrik benutzerdefinierte Gr\u00f6\u00dfe drucken rutschfeste PU Leder Schreibtisch Pad Gaming Protector B\u00fcro Tisch Matte Mauspad<\/p>","protected":false},"featured_media":1067,"comment_status":"open","ping_status":"closed","template":"","meta":{"_seopress_robots_primary_cat":"none","_seopress_titles_title":"","_seopress_titles_desc":"","_seopress_robots_index":""},"product_brand":[],"product_cat":[102],"product_tag":[95,112],"class_list":{"0":"post-1063","1":"product","2":"type-product","3":"status-publish","4":"has-post-thumbnail","6":"product_cat-leather-mousepad","7":"product_tag-leather","8":"product_tag-office","10":"first","11":"instock","12":"shipping-taxable","13":"purchasable","14":"product-type-variable"},"_links":{"self":[{"href":"https:\/\/rgbmousepad.com\/de\/wp-json\/wp\/v2\/product\/1063","targetHints":{"allow":["GET"]}}],"collection":[{"href":"https:\/\/rgbmousepad.com\/de\/wp-json\/wp\/v2\/product"}],"about":[{"href":"https:\/\/rgbmousepad.com\/de\/wp-json\/wp\/v2\/types\/product"}],"replies":[{"embeddable":true,"href":"https:\/\/rgbmousepad.com\/de\/wp-json\/wp\/v2\/comments?post=1063"}],"wp:featuredmedia":[{"embeddable":true,"href":"https:\/\/rgbmousepad.com\/de\/wp-json\/wp\/v2\/media\/1067"}],"wp:attachment":[{"href":"https:\/\/rgbmousepad.com\/de\/wp-json\/wp\/v2\/media?parent=1063"}],"wp:term":[{"taxonomy":"product_brand","embeddable":true,"href":"https:\/\/rgbmousepad.com\/de\/wp-json\/wp\/v2\/product_brand?post=1063"},{"taxonomy":"product_cat","embeddable":true,"href":"https:\/\/rgbmousepad.com\/de\/wp-json\/wp\/v2\/product_cat?post=1063"},{"taxonomy":"product_tag","embeddable":true,"href":"https:\/\/rgbmousepad.com\/de\/wp-json\/wp\/v2\/product_tag?post=1063"}],"curies":[{"name":"wp","href":"https:\/\/api.w.org\/{rel}","templated":true}]}}