{"id":1101,"date":"2023-10-07T10:09:57","date_gmt":"2023-10-07T02:09:57","guid":{"rendered":"https:\/\/rgbmousepad.com\/?page_id=1101"},"modified":"2023-10-07T10:09:58","modified_gmt":"2023-10-07T02:09:58","slug":"sitemap","status":"publish","type":"page","link":"https:\/\/rgbmousepad.com\/de\/sitemap\/","title":{"rendered":"Inhaltsverzeichnis"},"content":{"rendered":"<pre class=\"wp-block-code\"><code><\/code><\/pre>\n\n\n<div class=\"wp-block-wpseopress-sitemap\"><div class=\"wrap-html-sitemap sp-html-sitemap\"><div class=\"sp-wrap-cpt\"><h2 class=\"sp-cpt-name\">Seiten<\/h2><ul class=\"sp-list-posts sp-cpt-hierarchical\"><li class=\"page_item page-item-1101\"><a href=\"https:\/\/rgbmousepad.com\/de\/sitemap\/\">Inhaltsverzeichnis<\/a><\/li><li class=\"page_item page-item-427\"><a href=\"https:\/\/rgbmousepad.com\/de\/thank-you\/\">Dankesch\u00f6n<\/a><\/li><li class=\"page_item page-item-102 current_page_parent\"><a href=\"https:\/\/rgbmousepad.com\/de\/blog\/\">BLOG<\/a><\/li><li class=\"page_item page-item-101\"><a href=\"https:\/\/rgbmousepad.com\/de\/contact\/\">KONTAKT<\/a><\/li><li class=\"page_item page-item-100\"><a href=\"https:\/\/rgbmousepad.com\/de\/about\/\">\u00dcBER<\/a><\/li><li class=\"page_item page-item-99\"><a href=\"https:\/\/rgbmousepad.com\/de\/product\/\">PRODUKT<\/a><\/li><li class=\"page_item page-item-98\"><a href=\"https:\/\/rgbmousepad.com\/de\/\">HOME<\/a><\/li><\/ul><\/div><div class=\"sp-wrap-cpt\"><h2 class=\"sp-cpt-name\">Beitr\u00e4ge<\/h2><div class=\"sp-wrap-cats\"><div class=\"sp-wrap-cat\"><h3 class=\"sp-cat-name\"><a href=\"https:\/\/rgbmousepad.com\/de\/category\/blog\/\">Blog<\/a><\/h3><ul class=\"sp-list-posts\"><li><a href=\"https:\/\/rgbmousepad.com\/de\/why-premium-brands-choose-poron-material-for-mouse-pads\/\">Why Premium Brands Choose Poron Material for Mouse Pads<\/a> &#8211; 3 April 2026<\/li><li><a href=\"https:\/\/rgbmousepad.com\/de\/poron-mouse-pad-material\/\">Poron Mouse Pad vs Rubber: Which Is Better for Gaming?<\/a> &#8211; 3 April 2026<\/li><li><a href=\"https:\/\/rgbmousepad.com\/de\/poron-mouse-pads\/\">Poron Mouse Pads: The OEM Guide to Precision, Durability, and Comfort<\/a> &#8211; 3 April 2026<\/li><li><a href=\"https:\/\/rgbmousepad.com\/de\/mouse-pad-manufacturers\/\">Top 10 Mouse Pad Manufacturers in the World (2026)<\/a> &#8211; 1 April 2026<\/li><li><a href=\"https:\/\/rgbmousepad.com\/de\/buying-gaming-mouse-pad-xxxxl\/\">Kaufberatung f\u00fcr das Gaming Mauspad XXXXL Test oder Vergleich: Unser Leitfaden f\u00fcr Ihren pers\u00f6nlichen Testsieger!<\/a> - 20 Juni 2024<\/li><li><a href=\"https:\/\/rgbmousepad.com\/de\/what-are-mouse-pads-made-of\/\">Woraus sind Mauspads hergestellt? Ein umfassender Leitfaden zu Materialien und Produktion<\/a> - 4. Juni 2024<\/li><li><a href=\"https:\/\/rgbmousepad.com\/de\/mouse-pad-material\/\">Mauspad-Material Gummi - Was ist das?<\/a> - 4. Juni 2024<\/li><li><a href=\"https:\/\/rgbmousepad.com\/de\/mouse-pad-choose\/\">Welches Mauspad sollten Sie w\u00e4hlen?<\/a> - 21 Mai 2024<\/li><li><a href=\"https:\/\/rgbmousepad.com\/de\/how-to-choose-mouse-pad\/\">Wie Sie das richtige Mauspad f\u00fcr Ihre Bed\u00fcrfnisse ausw\u00e4hlen<\/a> - 1. April 2024<\/li><li><a href=\"https:\/\/rgbmousepad.com\/de\/how-to-use-rgb\/\">\u041a\u0430\u043a \u043f\u0440\u0430\u0432\u0438\u043b\u044c\u043d\u043e \u0438\u0441\u043f\u043e\u043b\u044c\u0437\u043e\u0432\u0430\u0442\u044c \u0441\u0432\u0435\u0442\u044f\u0449\u0438\u0439\u0441\u044f \u043a\u043e\u0432\u0440\u0438\u043a \u0434\u043b\u044f \u043c\u044b\u0448\u0438?<\/a> - 11. M\u00e4rz 2024<\/li><li><a href=\"https:\/\/rgbmousepad.com\/de\/what-material-is-the-mouse-pad-made-of\/\">Aus welchem Material ist das Mauspad hergestellt?<\/a> - 24. Januar 2024<\/li><li><a href=\"https:\/\/rgbmousepad.com\/de\/waterproof-fabric-of-the-mouse-pad-made\/\">Wie wird der wasserdichte Stoff des Mauspads hergestellt?<\/a> - 16. Januar 2024<\/li><li><a href=\"https:\/\/rgbmousepad.com\/de\/the-evolution-of-mouse-pads\/\">Die Entwicklung der Mauspads: Eine Reise durch die Geschichte<\/a> - 14. Dezember 2023<\/li><li><a href=\"https:\/\/rgbmousepad.com\/de\/process-of-mouse-pads\/\">Wie werden Mauspads hergestellt? Analyse des Herstellungsprozesses von Mauspads<\/a> - 31. Oktober 2023<\/li><li><a href=\"https:\/\/rgbmousepad.com\/de\/best-material-for-mouse-pad\/\">Auswahl des besten Materials f\u00fcr die Herstellung von Mauspads<\/a> - 17. Oktober 2023<\/li><li><a href=\"https:\/\/rgbmousepad.com\/de\/how-rgb-mouse-pads-work\/\">Wie RGB-Mauspads funktionieren: Beleuchtung Ihres Arbeitsbereichs<\/a> - 16. Oktober 2023<\/li><li><a href=\"https:\/\/rgbmousepad.com\/de\/use-rgb-mousepad\/\">Wie verwendet man ein leuchtendes Mauspad richtig?<\/a> - 6. Oktober 2023<\/li><\/ul><\/div><\/div><\/div><div class=\"sp-wrap-cpt\"><h2 class=\"sp-cpt-name\">Produkte<\/h2><div class=\"sp-archive-link\"><a href=\"https:\/\/rgbmousepad.com\/de\/product\/\">Zeige alle produkte<\/a><\/div><div class=\"sp-wrap-cats\"><div class=\"sp-wrap-cat\"><h3 class=\"sp-cat-name\"><a href=\"https:\/\/rgbmousepad.com\/de\/productcategory\/wrist-mousepad\/boob-mouse-pad\/\">Titten-Mauspad<\/a><\/h3><ul class=\"sp-list-posts\"><li><a href=\"https:\/\/rgbmousepad.com\/de\/produkt\/wrist-mousepads\/\">Handgelenkst\u00fctze 3D Soft Gaming Mauspad<\/a> - 6. Oktober 2023<\/li><\/ul><\/div><div class=\"sp-wrap-cat\"><h3 class=\"sp-cat-name\"><a href=\"https:\/\/rgbmousepad.com\/de\/productcategory\/chair-mats\/\">Stuhl Matten<\/a><\/h3><ul class=\"sp-list-posts\"><li><a href=\"https:\/\/rgbmousepad.com\/de\/produkt\/chair-mats-factory\/\">Rutschfeste runde Gummimatten f\u00fcr Gaming-St\u00fchle Fabrik<\/a> - 16 Mai 2024<\/li><li><a href=\"https:\/\/rgbmousepad.com\/de\/produkt\/heated-mousepads\/\">Intelligentes beheiztes Mauspad<\/a> - 6. Oktober 2023<\/li><\/ul><\/div><div class=\"sp-wrap-cat\"><h3 class=\"sp-cat-name\"><a href=\"https:\/\/rgbmousepad.com\/de\/productcategory\/gaming-mousepad\/\">Mauspads f\u00fcr Spiele<\/a><\/h3><ul class=\"sp-list-posts\"><li><a href=\"https:\/\/rgbmousepad.com\/de\/produkt\/desk-mat-manufacturers\/\">Gro\u00dfe Mauspad f\u00fcr Gaming XXXXL Desk Mat Hersteller<\/a> - 28 Mai 2024<\/li><li><a href=\"https:\/\/rgbmousepad.com\/de\/produkt\/xxxxl-gaming-mouse-pad\/\">XXXXL Gaming Mauspad Extra gro\u00dfe Mausmatte Lieferanten<\/a> - 28 Mai 2024<\/li><li><a href=\"https:\/\/rgbmousepad.com\/de\/produkt\/xxxxlmousepads\/\">Gro\u00dfhandel XXXXL gro\u00dfe Gaming Mauspad Fabrik<\/a> - 20. M\u00e4rz 2024<\/li><li><a href=\"https:\/\/rgbmousepad.com\/de\/produkt\/roundmousepad\/\">Runde niedliche personalisierte Mauspad Hersteller<\/a> - 19. M\u00e4rz 2024<\/li><li><a href=\"https:\/\/rgbmousepad.com\/de\/produkt\/custom-gaming-mouse-pads\/\">Benutzerdefinierte Gaming-Mauspad Sperre Rand Lieferant<\/a> - 25. Oktober 2023<\/li><li><a href=\"https:\/\/rgbmousepad.com\/de\/produkt\/gaming-mousepads\/\">Verriegelung Rand Gaming Mousepad benutzerdefinierte Muster Lieferant<\/a> - 6. Oktober 2023<\/li><\/ul><\/div><div class=\"sp-wrap-cat\"><h3 class=\"sp-cat-name\"><a href=\"https:\/\/rgbmousepad.com\/de\/productcategory\/leather-mousepad\/\">Leder-Mauspads<\/a><\/h3><ul class=\"sp-list-posts\"><li><a href=\"https:\/\/rgbmousepad.com\/de\/produkt\/leather-mousepads\/\">PU Leder Wasserdichtes Mauspad Hersteller<\/a> - 6. Oktober 2023<\/li><\/ul><\/div><div class=\"sp-wrap-cat\"><h3 class=\"sp-cat-name\"><a href=\"https:\/\/rgbmousepad.com\/de\/productcategory\/wrist-mousepad\/\">Mauspad mit Handgelenkst\u00fctze<\/a><\/h3><ul class=\"sp-list-posts\"><li><a href=\"https:\/\/rgbmousepad.com\/de\/produkt\/wrist-mousepads\/\">Handgelenkst\u00fctze 3D Soft Gaming Mauspad<\/a> - 6. Oktober 2023<\/li><\/ul><\/div><div class=\"sp-wrap-cat\"><h3 class=\"sp-cat-name\"><a href=\"https:\/\/rgbmousepad.com\/de\/productcategory\/rgb-mousepad\/\">RGB-Mauspads<\/a><\/h3><ul class=\"sp-list-posts\"><li><a href=\"https:\/\/rgbmousepad.com\/de\/produkt\/surface-illuminated-mouse-pad\/\">Firelll RGB-03 Lauflicht E-Sport Oberfl\u00e4chenbeleuchtete Mauspad Hersteller<\/a> - 29. August 2024<\/li><li><a href=\"https:\/\/rgbmousepad.com\/de\/produkt\/rgb-mousepad-suppliers\/\">Erweiterte XXL Gaming RGB Mousepad Lieferant<\/a> - 25. Oktober 2023<\/li><li><a href=\"https:\/\/rgbmousepad.com\/de\/produkt\/new-luminous-mouse-pads\/\">Leuchtendes Mauspad Anpassbare Muster Hersteller<\/a> - 24. Oktober 2023<\/li><li><a href=\"https:\/\/rgbmousepad.com\/de\/produkt\/rgb-mousepads\/\">Leuchtende Gaming-RGB-Mauspads in gro\u00dfen Mengen<\/a> - 14. September 2023<\/li><\/ul><\/div><div class=\"sp-wrap-cat\"><h3 class=\"sp-cat-name\"><a href=\"https:\/\/rgbmousepad.com\/de\/productcategory\/wireless-charging-mousepad\/\">Kabellos aufladbare Mauspads<\/a><\/h3><ul class=\"sp-list-posts\"><li><a href=\"https:\/\/rgbmousepad.com\/de\/produkt\/ds20-wireless-charging-desk\/\">DS20 15W RGB Wireless Charging Desk Mat Bulk<\/a> - 13 Juni 2024<\/li><li><a href=\"https:\/\/rgbmousepad.com\/de\/produkt\/ds20-rgb-gaming-mousepad-with-wireless-charging-oem\/\">DS20 RGB-Gaming-Mauspad mit drahtloser Aufladung OEM<\/a> - 25 Mai 2024<\/li><li><a href=\"https:\/\/rgbmousepad.com\/de\/produkt\/wireless-charging-mouse-pads\/\">10W RGB Wireless Charging Mauspad<\/a> - 6. Oktober 2023<\/li><\/ul><\/div><div class=\"sp-wrap-cat\"><h3 class=\"sp-cat-name\"><a href=\"https:\/\/rgbmousepad.com\/de\/productcategory\/gaming-mousepad\/xxxxl-mouse-pad\/\">XXXXL Mauspad<\/a><\/h3><ul class=\"sp-list-posts\"><li><a href=\"https:\/\/rgbmousepad.com\/de\/produkt\/desk-mat-manufacturers\/\">Gro\u00dfe Mauspad f\u00fcr Gaming XXXXL Desk Mat Hersteller<\/a> - 28 Mai 2024<\/li><li><a href=\"https:\/\/rgbmousepad.com\/de\/produkt\/xxxxl-gaming-mouse-pad\/\">XXXXL Gaming Mauspad Extra gro\u00dfe Mausmatte Lieferanten<\/a> - 28 Mai 2024<\/li><li><a href=\"https:\/\/rgbmousepad.com\/de\/produkt\/xxxxlmousepads\/\">Gro\u00dfhandel XXXXL gro\u00dfe Gaming Mauspad Fabrik<\/a> - 20. M\u00e4rz 2024<\/li><\/ul><\/div><\/div><\/div><\/div><\/div>","protected":false},"excerpt":{"rendered":"","protected":false},"author":1,"featured_media":0,"parent":0,"menu_order":0,"comment_status":"closed","ping_status":"closed","template":"","meta":{"_seopress_robots_primary_cat":"","_seopress_titles_title":"","_seopress_titles_desc":"","_seopress_robots_index":"","footnotes":""},"class_list":["post-1101","page","type-page","status-publish","hentry"],"_links":{"self":[{"href":"https:\/\/rgbmousepad.com\/de\/wp-json\/wp\/v2\/pages\/1101","targetHints":{"allow":["GET"]}}],"collection":[{"href":"https:\/\/rgbmousepad.com\/de\/wp-json\/wp\/v2\/pages"}],"about":[{"href":"https:\/\/rgbmousepad.com\/de\/wp-json\/wp\/v2\/types\/page"}],"author":[{"embeddable":true,"href":"https:\/\/rgbmousepad.com\/de\/wp-json\/wp\/v2\/users\/1"}],"replies":[{"embeddable":true,"href":"https:\/\/rgbmousepad.com\/de\/wp-json\/wp\/v2\/comments?post=1101"}],"version-history":[{"count":2,"href":"https:\/\/rgbmousepad.com\/de\/wp-json\/wp\/v2\/pages\/1101\/revisions"}],"predecessor-version":[{"id":1105,"href":"https:\/\/rgbmousepad.com\/de\/wp-json\/wp\/v2\/pages\/1101\/revisions\/1105"}],"wp:attachment":[{"href":"https:\/\/rgbmousepad.com\/de\/wp-json\/wp\/v2\/media?parent=1101"}],"curies":[{"name":"wp","href":"https:\/\/api.w.org\/{rel}","templated":true}]}}